{"id":50037,"date":"2024-09-24T19:31:37","date_gmt":"2024-09-24T19:31:37","guid":{"rendered":"https:\/\/www.inthemoodfortea.se\/?page_id=50037"},"modified":"2026-02-17T08:17:13","modified_gmt":"2026-02-17T08:17:13","slug":"agb","status":"publish","type":"page","link":"https:\/\/www.inthemoodfortea.se\/de\/kopvillkor\/","title":{"rendered":"Einkaufsbedingungen"},"content":{"rendered":"<h4 class=\"wp-block-heading\" id=\"h-k-pvillkor\">Einkaufsbedingungen<\/h4>\n\n\n\n<p>1. Unternehmensinformationen<br>In the Mood for Tea ist eine Marke von J &amp; J Almberg HB (Registrierungsnummer 969711-8892). Informationen und Bilder auf der Website sind Eigentum des Unternehmens und d\u00fcrfen nicht ohne Genehmigung kopiert werden.<br>Unsere Gesch\u00e4ftsadresse lautet In the Mood for Tea, Norrtullsgatan 9, 11329 Stockholm.<\/p>\n\n\n\n<p>2. Preise<br>Jeder Artikel wird inklusive Mehrwertsteuer in schwedischen Kronen angegeben. Im Warenkorb sehen Sie den Gesamtpreis inklusive Mehrwertsteuer.<\/p>\n\n\n\n<p>3.1 Zahlung<br>Die Bezahlung erfolgt \u00fcber die an der Kasse ausgew\u00e4hlte Zahlungsart. Die Zahlungsmethode wird von Svea ekonomi bereitgestellt.<\/p>\n\n\n\n<p>3.2 Kartenzahlung<br>Kartenzahlung mit Visa und MasterCard wird akzeptiert. <\/p>\n\n\n\n<p>3.3 Rechnung<br>Bei der Zahlung per Rechnung arbeiten wir mit der Svea Bank AB zusammen. Um gegen Rechnung einzukaufen, m\u00fcssen Sie<br>Geben Sie Ihre Sozialversicherungsnummer oder Organisationsnummer ein. Voraussetzung f\u00fcr den Handel gegen Rechnung ist<br>unter anderem, dass Sie im Einwohnermelderegister in Schweden eingetragen und \u00fcber 18 Jahre alt sind. Das darfst du nicht haben<br>einige Zahlungsbelege. Alle Rechnungen werden vom GESCH\u00c4FTSNAMEN an die Svea Bank \u00fcbergeben<br>AB.<br>Die \u00fcbliche Bonit\u00e4tspr\u00fcfung erfolgt nach Hinterlegung der pers\u00f6nlichen Daten an der Kasse, in manchen F\u00e4llen auch<br>Dies bedeutet, dass eine Bonit\u00e4tsauskunft erstellt wird. In diesem Fall wird eine Kopie der Bonit\u00e4tsauskunft nach Hause geschickt<br>Du.<br>Die Zahlungsfrist der Rechnung betr\u00e4gt 14 Tage. Bei Zahlungsverzug verf\u00e4llt das vereinbarte und gesetzliche Honorar<br>Mahngeb\u00fchr. Es werden Verzugszinsen in H\u00f6he von 2 % pro Monat berechnet. Bei Nichtzahlung wird es ausgeh\u00e4ndigt<br>die Rechnung zum Inkasso<\/p>\n\n\n\n<p>3.4 Firmenrechnung<br>Bonit\u00e4tspr\u00fcfung: Bei der Beantragung der Zahlung per Firmenrechnung erfolgt eine handels\u00fcbliche Bonit\u00e4tspr\u00fcfung, die ggf. die Einholung einer Bonit\u00e4tsauskunft zur Folge haben kann.<\/p>\n\n\n\n<p>Zahlungsbedingungen: F\u00e4lligkeitsdatum und andere Bedingungen f\u00fcr Firmenrechnungen sind auf der Rechnung angegeben. Bei Zahlung auf Rechnung muss die Zahlung sp\u00e4testens 30 Tage nach Rechnungsdatum eingegangen sein. Bei Zahlungsverzug fallen vom F\u00e4lligkeitsdatum bis zur vollst\u00e4ndigen Zahlung eine Mahngeb\u00fchr in H\u00f6he von 60 SEK und Verzugszinsen in H\u00f6he von 2% pro Monat an.<\/p>\n\n\n\n<p>\u00dcbertragung: Alle Rechnungen des Unternehmens werden an Svea Bank AB, 556158-7634 (\u201eSvea Bank\u201c) \u00fcbertragen. Alle aufgrund der Rechnung f\u00e4lligen Zahlungen m\u00fcssen an die Svea Bank erfolgen.<\/p>\n\n\n\n<p>DSGVO: Bei Zahlung per Firmenrechnung wird die Rechnung an die Svea Bank AB \u00fcbergeben und wir geben dann die personenbezogenen Daten des Firmenkunden an die Svea Bank weiter. Die Svea Bank ist der Verantwortliche f\u00fcr die personenbezogenen Daten der Forderungen, die wir an die Svea Bank \u00fcbertragen haben. F\u00fcr detaillierte Informationen zur Verarbeitung personenbezogener Daten durch die Svea Bank lesen Sie bitte weiter in den Datenschutzinformationen von Svea, die unter https:\/\/www.svea.com\/dataskydd verf\u00fcgbar sind, oder kontaktieren Sie Svea per E-Mail unter 169 81 Solna, Telefon 08 \u2013 514 931 13 oder swp@svea.com. Der Datenschutzbeauftragte ist unter Privacy@svea.com erreichbar.<\/p>\n\n\n\n<p>4. Versand &amp; Versandarten<br>Innerhalb Schwedens betragen die Versandkosten unabh\u00e4ngig vom Gewicht 39 SEK. F\u00fcr Sendungen au\u00dferhalb Schwedens wird der Preis nach Gewicht berechnet, und Sie k\u00f6nnen sehen, wie hoch die Versandkosten sein werden, bevor Sie sich f\u00fcr die Zahlung entscheiden.<\/p>\n\n\n\n<p>4.2 Lieferungen<br>Unser Ziel ist es, Bestellungen innerhalb von 1-3 Werktagen zu versenden, sofern bei der Bestellung nichts anderes angegeben ist. Die Lieferung erfolgt an die von Ihnen bei der Bestellung angegebene Adresse.<\/p>\n\n\n\n<p>4.3 Nicht abgeholte Bestellung<br>Es liegt in Ihrer Verantwortung, die Sendung innerhalb der in der Benachrichtigung, die Sie erhalten haben, angegebenen Zeit am Lieferort einzul\u00f6sen. F\u00fcr den Fall, dass Sie die Zustellung an eine andere Person w\u00fcnschen, sind Sie f\u00fcr die Angabe einer g\u00fcltigen Mobiltelefonnummer oder g\u00fcltigen E-Mail-Adresse verantwortlich, unter der die Benachrichtigung erfolgen soll, und die Person, die die Benachrichtigung dann erh\u00e4lt, ist f\u00fcr die Einl\u00f6sung der Sendung verantwortlich . Es kann sinnvoll sein, den Empf\u00e4nger der Bestellung zu benachrichtigen, damit dieser die Sendung bei Bedarf einl\u00f6sen kann. Wenn das Paket bei der Lieferung nicht entgegengenommen werden kann oder nicht am Lieferort abgeholt wird, wird es an uns zur\u00fcckgeschickt und wir k\u00f6nnen dann einen angemessenen Betrag f\u00fcr Versand- und Verwaltungskosten in Rechnung stellen. Werden diese Kosten nicht beglichen, wird die Forderung dem Inkasso \u00fcbergeben. Soll die Lieferung im Gesch\u00e4ft abgeholt werden, muss die Abholung innerhalb von drei Wochen erfolgen, um eine Stornierung der Bestellung zu vermeiden.<\/p>\n\n\n\n<p>4.4 Besch\u00e4digte Ware und Reklamationen<br>Bei Erhalt Ihrer Ware ist es wichtig, dass Sie sofort pr\u00fcfen, ob die Ware besch\u00e4digt oder fehlerhaft ist. Sollte der Artikel falsch oder besch\u00e4digt sein, kontaktieren Sie uns bitte schnellstm\u00f6glich per E-Mail. Schreiben Sie an die Adresse request@inthemoodfortea.se und Sie erhalten weitere Anweisungen. Nach schwedischem Recht haben Sie ein dreij\u00e4hriges Beschwerderecht.<\/p>\n\n\n\n<p>5. Widerrufsrecht und Offenkauf<br>Als Kunde haben Sie das Recht, Ihren Kauf innerhalb von 14 Tagen nach Erhalt der Ware zu widerrufen. Das Widerrufsrecht kann nur ausge\u00fcbt werden, wenn das Produkt in der Originalverpackung zur\u00fcckgegeben werden kann und sich im Wesentlichen in unver\u00e4ndertem Zustand befindet. Sie haben das Recht, die Verpackung zu \u00f6ffnen und das Produkt auszuprobieren, eine dar\u00fcber hinausgehende Nutzung ist jedoch nicht gestattet. Bei Aus\u00fcbung des Widerrufsrechts\/Offenkaufs ist der Kunde f\u00fcr den R\u00fcckversand verantwortlich. Das Widerrufsrecht besteht nicht bei Lebensmitteln (z. B. loser Tee), mit Ausnahme versiegelter Verpackungen (z. B. unser Matcha ist versiegelt). Wenn Sie mit Ihrem bei uns gekauften Tee nicht zufrieden sind, k\u00f6nnen Sie sich gerne an uns wenden und wir k\u00f6nnen eine L\u00f6sung finden, denn wir freuen uns, dass Sie als Kunde zufrieden sind.<\/p>\n\n\n\n<p>6. R\u00fcckzahlungspflicht<br>Wenn Sie von Ihrem Widerrufsrecht Gebrauch machen, m\u00fcssen wir den gesamten Warenbetrag so schnell wie m\u00f6glich, sp\u00e4testens jedoch innerhalb von 30 Tagen ab dem Tag, an dem wir die Ware erhalten haben, zur\u00fcckerstatten.<br>Siehe auch die schwedische Verbraucheragentur oder das Fernhandelsgesetz.<\/p>\n\n\n\n<p>7. Vertraulichkeit, Sicherheit und personenbezogene Daten<br>Im Zusammenhang mit Ihrer Bestellung erkl\u00e4ren Sie sich damit einverstanden, dass In the Mood for Tea Ihre Daten speichert und nutzt. Wir tun dies, um unsere Verpflichtungen Ihnen gegen\u00fcber erf\u00fcllen zu k\u00f6nnen. Dar\u00fcber hinaus dokumentieren wir die gesamte Kommunikation mit Ihnen per E-Mail, um Ihnen den Service bieten zu k\u00f6nnen, den Sie von uns erwarten. In the Mood for Tea gibt Ihre pers\u00f6nlichen Daten nicht an Dritte weiter. Gem\u00e4\u00df dem Datenschutzgesetz haben Sie auf Anfrage einmal im Jahr das Recht, die von uns \u00fcber Sie registrierten Informationen zu erhalten. Wir behalten uns das Recht vor, Ihre E-Mails f\u00fcr Konditionsmarketing und Newsletter zu verwenden<\/p>\n\n\n\n<p>8. Kontakt &amp; Kundenservice<br>Hier finden Sie Kontaktinformationen zu uns&nbsp;<a href=\"https:\/\/www.inthemoodfortea.se\/index.php?route=information\/contact\">HIER<\/a><\/p>\n\n\n\n<p>9. Cookies<br>Ein Cookie ist eine Textdatei, die von einer Webseite an Ihren Computer gesendet wird, wo sie entweder im Speicher (Sitzungscookies) oder als kleine Textdatei (textbasierte Cookies) gespeichert wird. Cookies werden verwendet, um z.B. Anmeldeinformationen oder Ihr Warenkorb, wenn Sie verschiedene Websites durchsuchen. Wenn Ihr Browser so eingestellt ist, dass er keine Cookies akzeptiert, k\u00f6nnen Sie auf unserer Website keine Bestellung aufgeben. Sie k\u00f6nnen dies ganz einfach in den Einstellungen Ihres Browsers \u00e4ndern. Bitte beachten Sie, dass wir keine Cookies verwenden, um pers\u00f6nliche Informationen \u00fcber Sie zu speichern<\/p>\n\n\n\n<p>10.1 H\u00f6here Gewalt<br>H\u00f6here Gewalt wie Krieg, ausgedehnter Arbeitskampf, Blockade, Feuer, Umweltkatastrophe, schwere Infektionsausbreitung oder ein anderes Ausma\u00df, das au\u00dferhalb der Kontrolle der Partei liegt und die Partei an der Erf\u00fcllung ihrer Verpflichtungen hindert und die Partei davon entbindet. Eine solche Befreiung gilt unter der Voraussetzung, dass das Gesch\u00e4ft auch unter diesen Voraussetzungen nicht betrieben werden kann. Die andere Partei muss unverz\u00fcglich \u00fcber Umst\u00e4nde informiert werden, die diese Bestimmung zur Anwendung bringen k\u00f6nnten<\/p>\n\n\n\n<p>10.2 \u00c4nderung der Vertragsbedingungen<br>Nachdem der Kunde einen Kauf abgeschlossen hat, ist die Vertriebsgesellschaft nicht berechtigt, die Bedingungen des aktuellen Kaufs zu \u00e4ndern, sofern nichts anderes vereinbart wurde<\/p>\n\n\n\n<p>10.3 Beschwerden<br>Wenn der Kunde Beschwerden hat, kann er diese \u00fcber unsere Kontaktm\u00f6glichkeiten vorbringen, die Sie finden&nbsp;<a href=\"https:\/\/www.inthemoodfortea.se\/index.php?route=information\/contact\">HIER<\/a><\/p>\n\n\n\n<p>10.4 Streitigkeiten und Gesetze<br>F\u00fcr alle Eink\u00e4ufe gem\u00e4\u00df diesen Gesch\u00e4ftsbedingungen gilt schwedisches Recht. Streitigkeiten \u00fcber K\u00e4ufe gem\u00e4\u00df diesen Gesch\u00e4ftsbedingungen werden ausschlie\u00dflich vom schwedischen Gericht verhandelt<\/p>","protected":false},"excerpt":{"rendered":"<p>K\u00f6pvillkor 1. F\u00f6retagsinformationIn the Mood for Tea \u00e4r ett varum\u00e4rke som \u00e4gs av J &amp; J Almberg HB (orgnr. 969711-8892).&nbsp; Information &amp; bilder p\u00e5 hemsidan \u00e4gs av f\u00f6retaget och f\u00e5r inte kopieras utan till\u00e5telse.V\u00e5r butiks-adress \u00e4r In the Mood for Tea, Norrtullsgatan 9, 11329 Stockholm. 2. PriserVarje vara anges inklusive moms i svenska kronor. I [&hellip;]<\/p>\n","protected":false},"author":1,"featured_media":0,"parent":0,"menu_order":0,"comment_status":"closed","ping_status":"closed","template":"","meta":{"footnotes":""},"class_list":["post-50037","page","type-page","status-publish","hentry","_wholesalex wsx-wholesalex-product"],"blocksy_meta":[],"_links":{"self":[{"href":"https:\/\/www.inthemoodfortea.se\/de\/wp-json\/wp\/v2\/pages\/50037","targetHints":{"allow":["GET"]}}],"collection":[{"href":"https:\/\/www.inthemoodfortea.se\/de\/wp-json\/wp\/v2\/pages"}],"about":[{"href":"https:\/\/www.inthemoodfortea.se\/de\/wp-json\/wp\/v2\/types\/page"}],"author":[{"embeddable":true,"href":"https:\/\/www.inthemoodfortea.se\/de\/wp-json\/wp\/v2\/users\/1"}],"replies":[{"embeddable":true,"href":"https:\/\/www.inthemoodfortea.se\/de\/wp-json\/wp\/v2\/comments?post=50037"}],"version-history":[{"count":0,"href":"https:\/\/www.inthemoodfortea.se\/de\/wp-json\/wp\/v2\/pages\/50037\/revisions"}],"wp:attachment":[{"href":"https:\/\/www.inthemoodfortea.se\/de\/wp-json\/wp\/v2\/media?parent=50037"}],"curies":[{"name":"wp","href":"https:\/\/api.w.org\/{rel}","templated":true}]}}