{"id":13752,"date":"2019-09-04T05:15:40","date_gmt":"2019-09-04T05:15:40","guid":{"rendered":"https:\/\/www.inthemoodfortea.se\/?post_type=product&#038;p=13752"},"modified":"2026-03-31T18:05:02","modified_gmt":"2026-03-31T18:05:02","slug":"earl-grey-four-seasons","status":"publish","type":"product","link":"https:\/\/www.inthemoodfortea.se\/de\/earl-grey-four-seasons\/","title":{"rendered":"Earl Grey Four Seasons"},"content":{"rendered":"<p>N\u00e4r de flesta av dagens Earl Grey g\u00f6rs med l\u00e5gkvalitativt svart te och dofts\u00e4tts med syntetiska arom\u00e4mnen, har vi kompromissl\u00f6st skapat ett Earl Grey d\u00e4r r\u00e5varorna st\u00e5r i centrum. V\u00e5rt Earl Grey Four Seasons \u00e4r en noggrant sammansatt blandning. I denna unika blandning anv\u00e4nds fylliga h\u00f6gh\u00f6jdsteer fr\u00e5n Yunnan, Nepal och Darjeeling, som alla bidrar med sina distinkta egenskaper och smaker. Teet fr\u00e5n Darjeeling \u00e4r ett friskt first flush som ger en klar och livfull bas som balanserar de andra teerna i denna uts\u00f6kta blend. Denna typ av te, sk\u00f6rdat tidigt p\u00e5 s\u00e4songen, har en ljus och blommig karakt\u00e4r som verkligen framh\u00e4ver teets subtila smaker. I kontrast till detta kommer de andra teerna, som \u00e4r utvalda fr\u00e5n sommar-, h\u00f6st- och vintersk\u00f6rdar, och bidrar med sina egna unika nyanser. Dessa fylliga teer har en djupare och mer robust smakprofil som kompletterar den ljusare tonen fr\u00e5n Darjeeling, vilket skapar en harmonisk och v\u00e4ldefinierad smakupplevelse. I v\u00e5r str\u00e4van att bevara kvalitet och autenticitet anv\u00e4nder vi inga syntetiska arom\u00e4mnen, utan f\u00f6rlitar oss ist\u00e4llet p\u00e5 naturliga ingredienser och traditionella metoder f\u00f6r att inf\u00f6ra bergamottens citrustoner. Denna \u00e4kta bergamot, som kommer fr\u00e5n kalabrien i Italien, ger en frisk och aromatisk karakt\u00e4r som lyfter hela blandningen.<br \/>\nIngredienser: Svart te, bergamottolja<br \/>\n    \n    <style>\n        @media (max-width: 768px) {\n            .infusion-guide ul {\n                text-align: left !important;\n                margin-left: 20px !important;\n                padding-left: 0 !important;\n            }\n            \n            .infusion-guide li {\n                text-align: left !important;\n            }\n        }\n        \n        .dropcap-wrapper {\n            overflow: hidden;\n        }\n        \n        .dropcap {\n            float: left;\n            font-size: 3.0em;\n            line-height: 0.8;\n            margin-right: 6px;\n            font-weight: 400;\n            color: #333333;\n            font-family: 'Cinzel Decorative', Georgia, serif;\n        }\n        \n        \/* Mobil - \u00f6kad marginal till kanterna *\/\n        @media (max-width: 768px) {\n            .brewing-container {\n                max-width: calc(100% - 30px) !important; \/* \u00d6kad marginal *\/\n                margin-left: 15px !important;\n                margin-right: 15px !important;\n                padding: 12px !important;\n                width: calc(100% - 30px) !important;\n                border: 1px solid #cccccc; \/* Beh\u00e5ller ramen *\/\n            }\n            \n            .brewing-header {\n                margin-bottom: 8px;\n                padding-bottom: 4px;\n            }\n            \n            .brewing-title {\n                font-size: 20px;\n            }\n            \n            .brewing-measurement,\n            .brewing-temperature,\n            .brewing-time {\n                padding: 3px 0;\n            }\n            \n            .brewing-label img {\n                width: 16px;\n                height: 16px;\n                margin-right: 5px !important;\n            }\n            \n            .dropcap {\n                font-size: 3em;\n                margin-right: 3px;\n            }\n            \n            [style*=\"background-color: #f9f9f9\"] {\n                padding: 8px 10px !important;\n                margin-top: 8px !important;\n            }\n            \n            [style*=\"border-top: 1px solid #dddddd\"] {\n                margin-top: 12px !important;\n                padding-top: 6px !important;\n            }\n        }\n        \n        \/* Desktop - lite mindre marginal *\/\n        @media (min-width: 769px) {\n            .brewing-container {\n                padding: 14px 16px;\n            }\n            \n            [style*=\"background-color: #f9f9f9\"] {\n                padding: 12px !important;\n            }\n        }\n    <\/style>\n    \n    <div style=\"width: 100%; margin-top: 60px;\">\n        <div class=\"brewing-container\" style=\"margin-left: auto; margin-right: auto;\">\n            <div class=\"brewing-header\">\n                <h2 class=\"brewing-title\">Infusion<\/h2>\n            <\/div>\n            \n            <div class=\"brewing-method\">\n                                <div class=\"brewing-measurement\">\n                    <span class=\"brewing-label\">\n                        <img decoding=\"async\" src=\"https:\/\/www.inthemoodfortea.se\/wp-content\/uploads\/2026\/02\/leaf-solid-full.svg\" alt=\"Dosering\" width=\"20\" height=\"20\" style=\"margin-right: 8px; display: inline-block; vertical-align: middle;\" title=\"\">\n                        M\u00e4ngd \/ 250 ml                    <\/span>\n                    <span class=\"brewing-value\">2,5-3 g<\/span>\n                <\/div>\n                                \n                                <div class=\"brewing-temperature\">\n                    <span class=\"brewing-label\">\n                        <img decoding=\"async\" src=\"https:\/\/www.inthemoodfortea.se\/wp-content\/uploads\/2026\/02\/temperature-low-solid-full.svg\" alt=\"Temperatur\" width=\"20\" height=\"20\" style=\"margin-right: 8px; display: inline-block; vertical-align: middle;\" title=\"\">\n                        Temperatur                    <\/span>\n                    <span class=\"brewing-value\">90-95\u00b0C<\/span>\n                <\/div>\n                                \n                                <div class=\"brewing-time\">\n                    <span class=\"brewing-label\">\n                        <img decoding=\"async\" src=\"https:\/\/www.inthemoodfortea.se\/wp-content\/uploads\/2026\/02\/bell-solid-full.svg\" alt=\"Infusion 1\" width=\"20\" height=\"20\" style=\"margin-right: 8px; display: inline-block; vertical-align: middle;\" title=\"\">\n                        Infusion                    <\/span>\n                    <span class=\"brewing-value\">3-5 minuter<\/span>\n                <\/div>\n                            <\/div>\n            \n                    <\/div>\n    <\/div>\n    \n    <style>\n        .brewing-container {\n            max-width: 500px;\n            border: 1px solid #cccccc;\n            border-radius: 8px;\n            padding: 16px 18px;\n            font-family: ct_font_contax-regular, sans-serif;\n            background-color: transparent;\n            margin-bottom: 20px;\n        }\n        \n        .brewing-header {\n            margin-bottom: 12px;\n            padding-bottom: 6px;\n            border-bottom: 1px solid #dddddd;\n        }\n        \n        .brewing-title {\n            margin: 0;\n            font-size: 24px;\n            color: #333333;\n            text-align: center;\n            letter-spacing: 0.4px;\n            font-weight: 400;\n            line-height: 1.3;\n            word-wrap: break-word;\n        }\n        \n        .brewing-measurement,\n        .brewing-temperature,\n        .brewing-time {\n            display: flex;\n            justify-content: space-between;\n            align-items: center;\n            padding: 5px 0;\n            border-bottom: 1px solid #dddddd;\n        }\n        \n        .brewing-time:last-child {\n            border-bottom: none;\n        }\n        \n        .brewing-label {\n            color: #333333;\n            font-weight: 500;\n            display: flex;\n            align-items: center;\n        }\n        \n        .brewing-value {\n            font-weight: normal;\n            color: #000000;\n        }\n    <\/style>\n    \n    <\/p>\n","protected":false},"excerpt":{"rendered":"<p>N\u00e4r de flesta av dagens Earl Grey g\u00f6rs med l\u00e5gkvalitativt svart te och dofts\u00e4tts med syntetiska arom\u00e4mnen, har vi kompromissl\u00f6st skapat ett Earl Grey d\u00e4r r\u00e5varorna st\u00e5r i centrum. V\u00e5rt Earl Grey Four Seasons \u00e4r en noggrant sammansatt blandning. I denna unika blandning anv\u00e4nds fylliga h\u00f6gh\u00f6jdsteer fr\u00e5n Yunnan, Nepal och Darjeeling, som alla bidrar med [&hellip;]<\/p>\n","protected":false},"featured_media":51247,"template":"","meta":[],"product_brand":[],"product_cat":[137,135,131],"product_tag":[],"class_list":{"0":"post-13752","1":"product","2":"type-product","3":"status-publish","4":"has-post-thumbnail","6":"product_cat-earl-grey","7":"product_cat-smaksatt-te","8":"product_cat-svart-te","9":"_wholesalex wsx-wholesalex-product","11":"first","12":"instock","13":"taxable","14":"shipping-taxable","15":"product-type-variable"},"_links":{"self":[{"href":"https:\/\/www.inthemoodfortea.se\/de\/wp-json\/wp\/v2\/product\/13752","targetHints":{"allow":["GET"]}}],"collection":[{"href":"https:\/\/www.inthemoodfortea.se\/de\/wp-json\/wp\/v2\/product"}],"about":[{"href":"https:\/\/www.inthemoodfortea.se\/de\/wp-json\/wp\/v2\/types\/product"}],"wp:featuredmedia":[{"embeddable":true,"href":"https:\/\/www.inthemoodfortea.se\/de\/wp-json\/wp\/v2\/media\/51247"}],"wp:attachment":[{"href":"https:\/\/www.inthemoodfortea.se\/de\/wp-json\/wp\/v2\/media?parent=13752"}],"wp:term":[{"taxonomy":"product_brand","embeddable":true,"href":"https:\/\/www.inthemoodfortea.se\/de\/wp-json\/wp\/v2\/product_brand?post=13752"},{"taxonomy":"product_cat","embeddable":true,"href":"https:\/\/www.inthemoodfortea.se\/de\/wp-json\/wp\/v2\/product_cat?post=13752"},{"taxonomy":"product_tag","embeddable":true,"href":"https:\/\/www.inthemoodfortea.se\/de\/wp-json\/wp\/v2\/product_tag?post=13752"}],"curies":[{"name":"wp","href":"https:\/\/api.w.org\/{rel}","templated":true}]}}