{"id":13758,"date":"2019-09-04T05:29:39","date_gmt":"2019-09-04T05:29:39","guid":{"rendered":"https:\/\/www.inthemoodfortea.se\/?post_type=product&#038;p=13758"},"modified":"2026-04-29T20:00:37","modified_gmt":"2026-04-29T20:00:37","slug":"limone-black","status":"publish","type":"product","link":"https:\/\/www.inthemoodfortea.se\/de\/limone-black\/","title":{"rendered":"Zitronenschwarz"},"content":{"rendered":"<p>Limone Black \u00e4r ett ekologiskt svart te som kombinerar h\u00f6gh\u00f6jdsteer fr\u00e5n Kina, Indien och Nepal, noggrant smaksatt med utvald citronolja fr\u00e5n Kalabrien i Italien samt ekologiskt citronskal. Denna unika blandning skapar ett te med en sofistikerad balans av fyllighet och elegans. Citronens skarpa och uppfriskande toner harmonierar med det m\u00f6rka teets djup, vilket ger en ren och upplyftande smakupplevelse. Limone Black \u00e4r idealiskt b\u00e5de som en smakfull start p\u00e5 dagen eller en lugn paus n\u00e4r som helst \u2013 ett te som hyllar naturliga ingredienser och klassiska smaker med en frisk twist av italiensk citron.<br \/>\nIngredienser: Svart te*, citronskal*, citronolja. *Fr\u00e5n kontrollerade ekologiska odlingar.<br \/>\n    \n    <style>\n        @media (max-width: 768px) {\n            .infusion-guide ul {\n                text-align: left !important;\n                margin-left: 20px !important;\n                padding-left: 0 !important;\n            }\n            \n            .infusion-guide li {\n                text-align: left !important;\n            }\n        }\n        \n        .dropcap-wrapper {\n            overflow: hidden;\n        }\n        \n        .dropcap {\n            float: left;\n            font-size: 3.0em;\n            line-height: 0.8;\n            margin-right: 6px;\n            font-weight: 400;\n            color: #333333;\n            font-family: 'Cinzel Decorative', Georgia, serif;\n        }\n        \n        \/* Mobil - \u00f6kad marginal till kanterna *\/\n        @media (max-width: 768px) {\n            .brewing-container {\n                max-width: calc(100% - 30px) !important; \/* \u00d6kad marginal *\/\n                margin-left: 15px !important;\n                margin-right: 15px !important;\n                padding: 12px !important;\n                width: calc(100% - 30px) !important;\n                border: 1px solid #cccccc; \/* Beh\u00e5ller ramen *\/\n            }\n            \n            .brewing-header {\n                margin-bottom: 8px;\n                padding-bottom: 4px;\n            }\n            \n            .brewing-title {\n                font-size: 20px;\n            }\n            \n            .brewing-measurement,\n            .brewing-temperature,\n            .brewing-time {\n                padding: 3px 0;\n            }\n            \n            .brewing-label img {\n                width: 16px;\n                height: 16px;\n                margin-right: 5px !important;\n            }\n            \n            .dropcap {\n                font-size: 3em;\n                margin-right: 3px;\n            }\n            \n            [style*=\"background-color: #f9f9f9\"] {\n                padding: 8px 10px !important;\n                margin-top: 8px !important;\n            }\n            \n            [style*=\"border-top: 1px solid #dddddd\"] {\n                margin-top: 12px !important;\n                padding-top: 6px !important;\n            }\n        }\n        \n        \/* Desktop - lite mindre marginal *\/\n        @media (min-width: 769px) {\n            .brewing-container {\n                padding: 14px 16px;\n            }\n            \n            [style*=\"background-color: #f9f9f9\"] {\n                padding: 12px !important;\n            }\n        }\n    <\/style>\n    \n    <div style=\"width: 100%; margin-top: 60px;\">\n        <div class=\"brewing-container\" style=\"margin-left: auto; margin-right: auto;\">\n            <div class=\"brewing-header\">\n                <h2 class=\"brewing-title\">Infusion<\/h2>\n            <\/div>\n            \n            <div class=\"brewing-method\">\n                                <div class=\"brewing-measurement\">\n                    <span class=\"brewing-label\">\n                        <img decoding=\"async\" src=\"https:\/\/www.inthemoodfortea.se\/wp-content\/uploads\/2026\/02\/leaf-solid-full.svg\" alt=\"Dosering\" width=\"20\" height=\"20\" style=\"margin-right: 8px; display: inline-block; vertical-align: middle;\" title=\"\">\n                        M\u00e4ngd \/ 250 ml                    <\/span>\n                    <span class=\"brewing-value\">2,5-3 g<\/span>\n                <\/div>\n                                \n                                <div class=\"brewing-temperature\">\n                    <span class=\"brewing-label\">\n                        <img decoding=\"async\" src=\"https:\/\/www.inthemoodfortea.se\/wp-content\/uploads\/2026\/02\/temperature-low-solid-full.svg\" alt=\"Temperatur\" width=\"20\" height=\"20\" style=\"margin-right: 8px; display: inline-block; vertical-align: middle;\" title=\"\">\n                        Temperatur                    <\/span>\n                    <span class=\"brewing-value\">90-95\u00b0C<\/span>\n                <\/div>\n                                \n                                <div class=\"brewing-time\">\n                    <span class=\"brewing-label\">\n                        <img decoding=\"async\" src=\"https:\/\/www.inthemoodfortea.se\/wp-content\/uploads\/2026\/02\/bell-solid-full.svg\" alt=\"Infusion 1\" width=\"20\" height=\"20\" style=\"margin-right: 8px; display: inline-block; vertical-align: middle;\" title=\"\">\n                        Infusion                    <\/span>\n                    <span class=\"brewing-value\">3-5 minuter<\/span>\n                <\/div>\n                            <\/div>\n            \n                    <\/div>\n    <\/div>\n    \n    <style>\n        .brewing-container {\n            max-width: 500px;\n            border: 1px solid #cccccc;\n            border-radius: 8px;\n            padding: 16px 18px;\n            font-family: ct_font_contax-regular, sans-serif;\n            background-color: transparent;\n            margin-bottom: 20px;\n        }\n        \n        .brewing-header {\n            margin-bottom: 12px;\n            padding-bottom: 6px;\n            border-bottom: 1px solid #dddddd;\n        }\n        \n        .brewing-title {\n            margin: 0;\n            font-size: 24px;\n            color: #333333;\n            text-align: center;\n            letter-spacing: 0.4px;\n            font-weight: 400;\n            line-height: 1.3;\n            word-wrap: break-word;\n        }\n        \n        .brewing-measurement,\n        .brewing-temperature,\n        .brewing-time {\n            display: flex;\n            justify-content: space-between;\n            align-items: center;\n            padding: 5px 0;\n            border-bottom: 1px solid #dddddd;\n        }\n        \n        .brewing-time:last-child {\n            border-bottom: none;\n        }\n        \n        .brewing-label {\n            color: #333333;\n            font-weight: 500;\n            display: flex;\n            align-items: center;\n        }\n        \n        .brewing-value {\n            font-weight: normal;\n            color: #000000;\n        }\n    <\/style>\n    \n    <\/p>\n","protected":false},"excerpt":{"rendered":"<p>Limone Black \u00e4r ett ekologiskt svart te som kombinerar h\u00f6gh\u00f6jdsteer fr\u00e5n Kina, Indien och Nepal, noggrant smaksatt med utvald citronolja fr\u00e5n Kalabrien i Italien samt ekologiskt citronskal. Denna unika blandning skapar ett te med en sofistikerad balans av fyllighet och elegans. Citronens skarpa och uppfriskande toner harmonierar med det m\u00f6rka teets djup, vilket ger en [&hellip;]<\/p>\n","protected":false},"featured_media":14252,"template":"","meta":[],"product_brand":[],"product_cat":[141,153,135,131],"product_tag":[],"class_list":{"0":"post-13758","1":"product","2":"type-product","3":"status-publish","4":"has-post-thumbnail","6":"product_cat-ekologiskt-te","7":"product_cat-kinesiskt-te","8":"product_cat-smaksatt-te","9":"product_cat-svart-te","10":"_wholesalex wsx-wholesalex-product","12":"first","13":"instock","14":"taxable","15":"shipping-taxable","16":"purchasable","17":"product-type-variable"},"_links":{"self":[{"href":"https:\/\/www.inthemoodfortea.se\/de\/wp-json\/wp\/v2\/product\/13758","targetHints":{"allow":["GET"]}}],"collection":[{"href":"https:\/\/www.inthemoodfortea.se\/de\/wp-json\/wp\/v2\/product"}],"about":[{"href":"https:\/\/www.inthemoodfortea.se\/de\/wp-json\/wp\/v2\/types\/product"}],"wp:featuredmedia":[{"embeddable":true,"href":"https:\/\/www.inthemoodfortea.se\/de\/wp-json\/wp\/v2\/media\/14252"}],"wp:attachment":[{"href":"https:\/\/www.inthemoodfortea.se\/de\/wp-json\/wp\/v2\/media?parent=13758"}],"wp:term":[{"taxonomy":"product_brand","embeddable":true,"href":"https:\/\/www.inthemoodfortea.se\/de\/wp-json\/wp\/v2\/product_brand?post=13758"},{"taxonomy":"product_cat","embeddable":true,"href":"https:\/\/www.inthemoodfortea.se\/de\/wp-json\/wp\/v2\/product_cat?post=13758"},{"taxonomy":"product_tag","embeddable":true,"href":"https:\/\/www.inthemoodfortea.se\/de\/wp-json\/wp\/v2\/product_tag?post=13758"}],"curies":[{"name":"wp","href":"https:\/\/api.w.org\/{rel}","templated":true}]}}