{"id":40079,"date":"2021-11-03T07:58:13","date_gmt":"2021-11-03T07:58:13","guid":{"rendered":"https:\/\/www.inthemoodfortea.se\/?post_type=product&#038;p=40079"},"modified":"2026-03-14T18:35:55","modified_gmt":"2026-03-14T18:35:55","slug":"jasmine-silver-needle","status":"publish","type":"product","link":"https:\/\/www.inthemoodfortea.se\/de\/jasmine-silver-needle\/","title":{"rendered":"Jasmine Silver Needle"},"content":{"rendered":"<p>I Jasmine Silver Needle paras ett uts\u00f6kt ekologiskt kinesiskt te best\u00e5ende av endast knoppar med doften fr\u00e5n jasminblommor och resulterar i ett delikat, sammetslent, uppfriskande och elegant jasminte.\u00a0 Plockningen sker under tidig v\u00e5r och endast de eftertraktade knopparna anv\u00e4nds f\u00f6r att tillverka detta te. Dofts\u00e4ttningen under sommaren och g\u00f6rs genom att de silvriga, fjuniga knopparna f\u00e5r vila tillsammans med f\u00e4rska jasminblommor. Denna process upprepas flera g\u00e5nger, varje g\u00e5ng med nya omg\u00e5ngar av f\u00e4rska blommor, och inneb\u00e4r att teet m\u00e4ttas med ljuvliga jasminaromer. Detta \u00e4r ett exceptionellt jasminte med en sammetslen rond\u00f6r, klar och ren smak och en ljuvlig blommighet som bibeh\u00e5lls under m\u00e5nga infusioner.<br \/>\n    \n    <style>\n        @media (max-width: 768px) {\n            .infusion-guide ul {\n                text-align: left !important;\n                margin-left: 20px !important;\n                padding-left: 0 !important;\n            }\n            \n            .infusion-guide li {\n                text-align: left !important;\n            }\n        }\n        \n        .dropcap-wrapper {\n            overflow: hidden;\n        }\n        \n        .dropcap {\n            float: left;\n            font-size: 3.0em;\n            line-height: 0.8;\n            margin-right: 6px;\n            font-weight: 400;\n            color: #333333;\n            font-family: 'Cinzel Decorative', Georgia, serif;\n        }\n        \n        \/* Mobil - \u00f6kad marginal till kanterna *\/\n        @media (max-width: 768px) {\n            .brewing-container {\n                max-width: calc(100% - 30px) !important; \/* \u00d6kad marginal *\/\n                margin-left: 15px !important;\n                margin-right: 15px !important;\n                padding: 12px !important;\n                width: calc(100% - 30px) !important;\n                border: 1px solid #cccccc; \/* Beh\u00e5ller ramen *\/\n            }\n            \n            .brewing-header {\n                margin-bottom: 8px;\n                padding-bottom: 4px;\n            }\n            \n            .brewing-title {\n                font-size: 20px;\n            }\n            \n            .brewing-measurement,\n            .brewing-temperature,\n            .brewing-time {\n                padding: 3px 0;\n            }\n            \n            .brewing-label img {\n                width: 16px;\n                height: 16px;\n                margin-right: 5px !important;\n            }\n            \n            .dropcap {\n                font-size: 3em;\n                margin-right: 3px;\n            }\n            \n            [style*=\"background-color: #f9f9f9\"] {\n                padding: 8px 10px !important;\n                margin-top: 8px !important;\n            }\n            \n            [style*=\"border-top: 1px solid #dddddd\"] {\n                margin-top: 12px !important;\n                padding-top: 6px !important;\n            }\n        }\n        \n        \/* Desktop - lite mindre marginal *\/\n        @media (min-width: 769px) {\n            .brewing-container {\n                padding: 14px 16px;\n            }\n            \n            [style*=\"background-color: #f9f9f9\"] {\n                padding: 12px !important;\n            }\n        }\n    <\/style>\n    \n    <div style=\"width: 100%; margin-top: 60px;\">\n        <div class=\"brewing-container\" style=\"margin-left: auto; margin-right: auto;\">\n            <div class=\"brewing-header\">\n                <h2 class=\"brewing-title\">Infusion<\/h2>\n            <\/div>\n            \n            <div class=\"brewing-method\">\n                                <div class=\"brewing-measurement\">\n                    <span class=\"brewing-label\">\n                        <img decoding=\"async\" src=\"https:\/\/www.inthemoodfortea.se\/wp-content\/uploads\/2026\/02\/leaf-solid-full.svg\" alt=\"Dosering\" width=\"20\" height=\"20\" style=\"margin-right: 8px; display: inline-block; vertical-align: middle;\" title=\"\">\n                        M\u00e4ngd \/ 250 ml                    <\/span>\n                    <span class=\"brewing-value\">2,5-3 g<\/span>\n                <\/div>\n                                \n                                <div class=\"brewing-temperature\">\n                    <span class=\"brewing-label\">\n                        <img decoding=\"async\" src=\"https:\/\/www.inthemoodfortea.se\/wp-content\/uploads\/2026\/02\/temperature-low-solid-full.svg\" alt=\"Temperatur\" width=\"20\" height=\"20\" style=\"margin-right: 8px; display: inline-block; vertical-align: middle;\" title=\"\">\n                        Temperatur                    <\/span>\n                    <span class=\"brewing-value\">70-80\u00b0C<\/span>\n                <\/div>\n                                \n                                <div class=\"brewing-time\">\n                    <span class=\"brewing-label\">\n                        <img decoding=\"async\" src=\"https:\/\/www.inthemoodfortea.se\/wp-content\/uploads\/2026\/02\/bell-solid-full.svg\" alt=\"Infusion 1\" width=\"20\" height=\"20\" style=\"margin-right: 8px; display: inline-block; vertical-align: middle;\" title=\"\">\n                        Infusion                    <\/span>\n                    <span class=\"brewing-value\">2-3 minuter<\/span>\n                <\/div>\n                            <\/div>\n            \n                    <\/div>\n    <\/div>\n    \n    <style>\n        .brewing-container {\n            max-width: 500px;\n            border: 1px solid #cccccc;\n            border-radius: 8px;\n            padding: 16px 18px;\n            font-family: ct_font_contax-regular, sans-serif;\n            background-color: transparent;\n            margin-bottom: 20px;\n        }\n        \n        .brewing-header {\n            margin-bottom: 12px;\n            padding-bottom: 6px;\n            border-bottom: 1px solid #dddddd;\n        }\n        \n        .brewing-title {\n            margin: 0;\n            font-size: 24px;\n            color: #333333;\n            text-align: center;\n            letter-spacing: 0.4px;\n            font-weight: 400;\n            line-height: 1.3;\n            word-wrap: break-word;\n        }\n        \n        .brewing-measurement,\n        .brewing-temperature,\n        .brewing-time {\n            display: flex;\n            justify-content: space-between;\n            align-items: center;\n            padding: 5px 0;\n            border-bottom: 1px solid #dddddd;\n        }\n        \n        .brewing-time:last-child {\n            border-bottom: none;\n        }\n        \n        .brewing-label {\n            color: #333333;\n            font-weight: 500;\n            display: flex;\n            align-items: center;\n        }\n        \n        .brewing-value {\n            font-weight: normal;\n            color: #000000;\n        }\n    <\/style>\n    \n    <\/p>\n","protected":false},"excerpt":{"rendered":"<p>I Jasmine Silver Needle paras ett uts\u00f6kt ekologiskt kinesiskt te best\u00e5ende av endast knoppar med doften fr\u00e5n jasminblommor och resulterar i ett delikat, sammetslent, uppfriskande och elegant jasminte.\u00a0 Plockningen sker under tidig v\u00e5r och endast de eftertraktade knopparna anv\u00e4nds f\u00f6r att tillverka detta te. Dofts\u00e4ttningen under sommaren och g\u00f6rs genom att de silvriga, fjuniga knopparna [&hellip;]<\/p>\n","protected":false},"featured_media":49632,"template":"","meta":[],"product_brand":[],"product_cat":[153,141,143,135,140],"product_tag":[],"class_list":{"0":"post-40079","1":"product","2":"type-product","3":"status-publish","4":"has-post-thumbnail","6":"product_cat-kinesiskt-te","7":"product_cat-ekologiskt-te","8":"product_cat-jasminte","9":"product_cat-smaksatt-te","10":"product_cat-vitt-te","11":"_wholesalex wsx-wholesalex-product","13":"first","14":"outofstock","15":"taxable","16":"shipping-taxable","17":"product-type-variable"},"_links":{"self":[{"href":"https:\/\/www.inthemoodfortea.se\/de\/wp-json\/wp\/v2\/product\/40079","targetHints":{"allow":["GET"]}}],"collection":[{"href":"https:\/\/www.inthemoodfortea.se\/de\/wp-json\/wp\/v2\/product"}],"about":[{"href":"https:\/\/www.inthemoodfortea.se\/de\/wp-json\/wp\/v2\/types\/product"}],"wp:featuredmedia":[{"embeddable":true,"href":"https:\/\/www.inthemoodfortea.se\/de\/wp-json\/wp\/v2\/media\/49632"}],"wp:attachment":[{"href":"https:\/\/www.inthemoodfortea.se\/de\/wp-json\/wp\/v2\/media?parent=40079"}],"wp:term":[{"taxonomy":"product_brand","embeddable":true,"href":"https:\/\/www.inthemoodfortea.se\/de\/wp-json\/wp\/v2\/product_brand?post=40079"},{"taxonomy":"product_cat","embeddable":true,"href":"https:\/\/www.inthemoodfortea.se\/de\/wp-json\/wp\/v2\/product_cat?post=40079"},{"taxonomy":"product_tag","embeddable":true,"href":"https:\/\/www.inthemoodfortea.se\/de\/wp-json\/wp\/v2\/product_tag?post=40079"}],"curies":[{"name":"wp","href":"https:\/\/api.w.org\/{rel}","templated":true}]}}