{"id":41125,"date":"2022-02-18T16:00:26","date_gmt":"2022-02-18T16:00:26","guid":{"rendered":"https:\/\/www.inthemoodfortea.se\/?post_type=product&#038;p=41125"},"modified":"2026-05-13T22:57:21","modified_gmt":"2026-05-13T22:57:21","slug":"traditional-tie-guanyin","status":"publish","type":"product","link":"https:\/\/www.inthemoodfortea.se\/de\/traditional-tie-guanyin\/","title":{"rendered":"Traditionelles Tie Guanyin"},"content":{"rendered":"<p>Unser traditioneller Tie Guanyin ist eine fantastische Version eines der beliebtesten und ber\u00fchmtesten Oolong-Tees Chinas. Die Teestr\u00e4ucher werden in der \u00fcppigen Region Anxi tief in der Provinz Fujian angebaut und d\u00fcrfen in einer unber\u00fchrten und kristallklaren Umgebung in gro\u00dfer H\u00f6he wachsen. Diese Erhebungen verleihen dem Tee durch k\u00fchlere Temperaturen und nat\u00fcrlichen Nebel seinen einzigartigen Charakter, sodass die Bl\u00e4tter langsam reifen und ein tiefes Geschmacksprofil entwickeln k\u00f6nnen. Die Teebl\u00e4tter werden sorgf\u00e4ltig von Hand gepfl\u00fcckt, eine Arbeit, die mit gro\u00dfer Sorgfalt und traditioneller Handwerkskunst ausgef\u00fchrt wird.<\/p>\n<p>Im Herstellungsprozess durchl\u00e4uft der traditionelle Tie Guanyin eine sorgf\u00e4ltig durchgef\u00fchrte und langsame R\u00f6stung, bei der die Teebl\u00e4tter in mehreren Schritten ger\u00f6stet werden, um ihre volle Geschmackstiefe zu entfalten. Diese zeitaufw\u00e4ndige Methode verleiht dem Tee sein charakteristisches, vollmundiges Aroma und unterstreicht sowohl seine runde, buttrige Textur als auch die frischen gr\u00fcnen Untert\u00f6ne. In der Tasse bietet Traditional Tie Guanyin eine milde Butternote, frisches Gr\u00fcn und eine leichte Fliedernote, ein Geschmacksprofil, das sowohl komplex als auch ausgewogen ist. Der Nachgeschmack ist lang, weich und klar, was bedeutet, dass er ein langanhaltendes Erlebnis bietet.<\/p>\n<p>Die Teefarm hinter unserem Tie Guanyin verfolgt eine starke Philosophie der nachhaltigen Landwirtschaft, bei der ihnen der Schutz sowohl der Umwelt als auch des Geschmacks ihres Tees am Herzen liegt. Der Anbau erfolgt komplett ohne Pestizide und Kunstd\u00fcnger und arbeitet stattdessen mit nat\u00fcrlichen Methoden, die die Gesundheit des Bodens und die nat\u00fcrliche Widerstandskraft der Teestr\u00e4ucher st\u00e4rken. .<\/p>\n<p>Andere Namen: Eiserne G\u00f6ttin der Barmherzigkeit, Ti Kuan Yin, Tie Guan Yin. Herkunft: Anxi, China. Sorte: Tie Guanyin.<\/p>\n<p>    <style>\n        @keyframes teaSpinIn {\n            0% { opacity: 0; transform: translateY(30px) rotateX(-20deg) rotateY(10deg); }\n            100% { opacity: 1; transform: translateY(0) rotateX(0) rotateY(0); }\n        }\n        .tea-info-wrapper { \n            display: flex; flex-wrap: wrap; align-items: flex-start; margin: 50px auto 30px auto; \n            max-width: 450px; font-family: ct_font_contax-regular, sans-serif;\n            perspective: 1200px;\n        }\n        .tea-params-column { \n            flex: 1; min-width: 280px; padding: 0 25px 0 0; box-sizing: border-box; \n            animation: teaSpinIn 0.8s cubic-bezier(0.2, 0.8, 0.2, 1) forwards;\n        }\n        .tea-chart-column { \n            flex: 0 0 350px; max-width: 350px; padding: 0; box-sizing: border-box; \n            margin-top: -40px; margin-left: 20px; \n            animation: teaSpinIn 1s cubic-bezier(0.2, 0.8, 0.2, 1) 0.2s forwards; opacity: 0;\n        }\n        .tea-top-divider { width: 100%; height: 1px; background-color: #eeeeee; margin-bottom: 25px; }\n        .tea-divider { width: 1px; align-self: stretch; background-color: #eeeeee; margin: 0 0 20px 0; flex-shrink: 0; }\n        .brewing-row { display: flex; justify-content: space-between; align-items: center; padding: 12px 0; border-bottom: 1px solid #eeeeee; }\n        .brewing-label { color: #333333; font-weight: 500; display: flex; align-items: center; font-size: 0.92em; }\n        .brewing-value { font-weight: normal; color: #000000; font-size: 0.92em; text-align: right; margin-left: 15px; text-transform: none !important; }\n        .infusion-text-box { margin-top: 20px; background-color: #f9f9f9; padding: 22px 0; border-radius: 4px; width: 100%; }\n        .dropcap-wrapper { padding: 0; line-height: 1.6; }\n        .dropcap { float: left; font-size: 3.2em; line-height: 0.8; margin-right: 12px; color: #333; font-family: 'Cinzel Decorative', Georgia, serif; }\n        @media (max-width: 768px) { \n            .tea-info-wrapper { flex-direction: column; align-items: center; max-width: 100%; margin-top: 30px; } \n            .tea-params-column { width: 100%; padding: 0; order: 1; animation-delay: 0s; } \n            .tea-divider { display: none; } \n            .tea-chart-column { width: 100%; max-width: 320px; padding: 30px 0 0 0; order: 3; margin: 0 auto; animation-delay: 0.1s; } \n        }\n    <\/style>\n\n    <div class=\"tea-info-wrapper\">\n        <div class=\"tea-top-divider\"><\/div>\n        <div class=\"tea-params-column\">\n            <div class=\"brewing-method\">\n                                <div class=\"brewing-row\">\n                    <span class=\"brewing-label\">\n                        <img decoding=\"async\" src=\"\/wp-content\/uploads\/2026\/02\/leaf-solid-full.svg\" width=\"19\" height=\"19\" style=\"margin-right: 10px;\" alt=\"\" title=\"\">\n                        Dosierung \/ 250 ml                    <\/span>\n                    <span class=\"brewing-value\">2,5-3 g<\/span>\n                <\/div>\n                                                <div class=\"brewing-row\">\n                    <span class=\"brewing-label\">\n                        <img decoding=\"async\" src=\"\/wp-content\/uploads\/2026\/02\/temperature-low-solid-full.svg\" width=\"19\" height=\"19\" style=\"margin-right: 10px;\" alt=\"\" title=\"\">\n                        Temperatur                    <\/span>\n                    <span class=\"brewing-value\">90-95\u00b0C<\/span>\n                <\/div>\n                                                <div class=\"brewing-row\">\n                    <span class=\"brewing-label\">\n                        <img decoding=\"async\" src=\"\/wp-content\/uploads\/2026\/02\/bell-solid-full.svg\" width=\"19\" height=\"19\" style=\"margin-right: 10px;\" alt=\"\" title=\"\">\n                        Infusion                    <\/span>\n                    <span class=\"brewing-value\">2-3 Minuten<\/span>\n                <\/div>\n                                            <\/div>\n\n                        <div class=\"infusion-text-box\">\n                <div class=\"dropcap-wrapper\">\n                    <span class=\"dropcap\">T<\/span>\n                    <span style=\"color: #444444; font-size: 0.92em; display: block;\">\n                        raditional Tie Guanyin l\u00e4mpar sig v\u00e4l f\u00f6r flera infusioner. Den andra bryggningen h\u00e5lls med f\u00f6rdel kort, d\u00e5 bladen redan har b\u00f6rjat \u00f6ppna sig och frig\u00f6ra sina aromer.                    <\/span>\n                <\/div>\n            <\/div>\n                    <\/div>\n\n            <\/div>\n    <br \/>\n    \n    <div class=\"prick-container\" style=\"max-width: 500px; margin-left: auto; margin-right: auto; width: 100%; margin-bottom: 15px; padding: 0 10px; box-sizing: border-box;\">\n        <div style=\"display: flex; justify-content: space-between; align-items: center; width: 100%;\">\n            <span style=\"font-size: 20px; color: #cccccc;\">\u2022<\/span>\n            <span style=\"font-size: 20px; color: #cccccc;\">\u2022<\/span>\n            <span style=\"font-size: 20px; color: #cccccc;\">\u2022<\/span>\n            <span style=\"font-size: 20px; color: #cccccc;\">\u2022<\/span>\n            <span style=\"font-size: 20px; color: #cccccc;\">\u2022<\/span>\n            <span style=\"font-size: 20px; color: #cccccc;\">\u2022<\/span>\n            <span style=\"font-size: 20px; color: #cccccc;\">\u2022<\/span>\n            <span style=\"font-size: 20px; color: #cccccc;\">\u2022<\/span>\n        <\/div>\n    <\/div>\n    \n    <div class=\"gongfu-container\">\n        <div class=\"gongfu-header\">\n            <h2 class=\"gongfu-title\">DIE GONGFU-METHODE<\/h2>\n        <\/div>\n        \n        <div class=\"gongfu-method\">\n            <div class=\"gongfu-measurement\">\n                <span class=\"gongfu-label\">\n                    <img decoding=\"async\" src=\"https:\/\/www.inthemoodfortea.se\/wp-content\/uploads\/2026\/02\/leaf-solid-full.svg\" alt=\"Dosierung\" width=\"20\" height=\"20\" style=\"margin-right: 8px; display: inline-block; vertical-align: middle;\" title=\"\">\n                    Menge \/ 100 ml Gaiwan\n                <\/span>\n                <span class=\"gongfu-value\">5-7 Gramm<\/span>\n            <\/div>\n            \n            <div class=\"gongfu-temperature\">\n                <span class=\"gongfu-label\">\n                    <img decoding=\"async\" src=\"https:\/\/www.inthemoodfortea.se\/wp-content\/uploads\/2026\/02\/temperature-low-solid-full.svg\" alt=\"Temperatur\" width=\"20\" height=\"20\" style=\"margin-right: 8px; display: inline-block; vertical-align: middle;\" title=\"\">\n                    Wassertemperatur\n                <\/span>\n                <span class=\"gongfu-value\">90-95 \u00b0C<\/span>\n            <\/div>\n            \n            <div class=\"gongfu-rinse\">\n                <span class=\"gongfu-label\">\n                    Erste Sp\u00fclung\n                <\/span>\n                <span class=\"gongfu-value\">5-10 Sek. (wegsch\u00fctten)<\/span>\n            <\/div>\n            \n            <div class=\"gongfu-times\">\n                <div class=\"gongfu-time-row\">\n                    <span class=\"gongfu-time-label\">Aufguss 1<\/span>\n                    <span class=\"gongfu-time-value\">10-15 Sekunden<\/span>\n                <\/div>\n                \n                <div class=\"gongfu-time-row\">\n                    <span class=\"gongfu-time-label\">Aufguss 2<\/span>\n                    <span class=\"gongfu-time-value\">5-10 Sekunden<\/span>\n                <\/div>\n                \n                <div class=\"gongfu-time-row\">\n                    <span class=\"gongfu-time-label\">Aufguss 3<\/span>\n                    <span class=\"gongfu-time-value\">10-15 Sekunden<\/span>\n                <\/div>\n                \n                <div class=\"gongfu-time-row\">\n                    <span class=\"gongfu-time-label\">Aufguss 4<\/span>\n                    <span class=\"gongfu-time-value\">15-20 Sekunden<\/span>\n                <\/div>\n                \n                <div class=\"gongfu-time-row\">\n                    <span class=\"gongfu-time-label\">Aufguss 5<\/span>\n                    <span class=\"gongfu-time-value\">20-30 Sekunden<\/span>\n                <\/div>\n                \n                <div class=\"gongfu-time-row\">\n                    <span class=\"gongfu-time-label\">Aufguss 6+<\/span>\n                    <span class=\"gongfu-time-value\">+10 Sekunden pro zus\u00e4tzlichen Aufguss<\/span>\n                <\/div>\n            <\/div>\n            \n            <div class=\"gongfu-notes\">\n                <p class=\"gongfu-notes-text\">\n                    Die Gongfu-Methode erlaubt viele kurze Aufg\u00fcsse.\n                    Steigern Sie die Zeit mit der Zeit. Besonders geeignet sind Oolong-Tees und Pu Erh.\n                <\/p>\n            <\/div>\n\n        <\/div>\n    <\/div>\n    \n    <style>\n        .gongfu-container {\n            max-width: 500px;\n            border: 1px solid #cccccc;\n            border-radius: 8px;\n            padding: 20px;\n            font-family: ct_font_contax-regular, sans-serif;\n            background-color: transparent;\n            margin-left: auto;\n            margin-right: auto;\n        }\n        \n        .gongfu-header {\n            margin-bottom: 20px;\n            padding-bottom: 10px;\n            border-bottom: 1px solid #dddddd;\n        }\n        \n        .gongfu-title {\n            margin: 0;\n            font-size: 24px;\n            color: #333333;\n            text-align: center;\n            letter-spacing: 1px;\n        }\n        \n        .gongfu-measurement,\n        .gongfu-temperature,\n        .gongfu-rinse {\n            display: flex;\n            justify-content: space-between;\n            align-items: center;\n            padding: 8px 0;\n            border-bottom: 1px solid #dddddd;\n        }\n        \n        .gongfu-label {\n            color: #333333;\n            font-weight: 500;\n            display: flex;\n            align-items: center;\n        }\n        \n        .gongfu-value {\n            font-weight: normal;\n            color: #000000;\n        }\n        \n        .gongfu-times {\n            margin: 15px 0;\n            padding: 10px 0;\n            border-bottom: 1px solid #dddddd;\n        }\n        \n        .gongfu-time-row {\n            display: flex;\n            justify-content: space-between;\n            align-items: center;\n            padding: 6px 0;\n        }\n        \n        .gongfu-time-label {\n            color: #333333;\n            font-weight: 500;\n        }\n        \n        .gongfu-time-value {\n            font-weight: normal;\n            color: #000000;\n        }\n        \n        .gongfu-notes {\n            margin-top: 15px;\n            padding: 10px;\n            background-color: #f9f9f9;\n            border-radius: 4px;\n        }\n        \n        .gongfu-notes-text {\n            margin: 0;\n            color: #333333;\n            font-size: 14px;\n            line-height: 1.5;\n        }\n        \n        .gongfu-notes-text strong {\n            color: #000000;\n        }\n        \n        .gongfu-notes-text:first-letter {\n            font-family: 'Cinzel Decorative', Georgia, serif;\n            font-size: 2em;\n            font-weight: 700;\n            color: #333333;\n            float: left;\n            line-height: 1;\n            margin-right: 5px;\n        }\n        \n        \/* Media query f\u00f6r mobil - 4px marginal och centrerad *\/\n        @media (max-width: 768px) {\n            .prick-container {\n                display: none !important;\n            }\n            \n            .gongfu-container {\n                max-width: calc(100% - 8px);\n                margin-left: auto !important;\n                margin-right: auto !important;\n                padding: 15px;\n                width: calc(100% - 8px);\n                left: 0;\n                right: 0;\n                position: relative;\n            }\n            \n            .gongfu-title {\n                font-size: 22px;\n            }\n            \n            .gongfu-measurement,\n            .gongfu-temperature,\n            .gongfu-rinse,\n            .gongfu-time-row {\n                padding: 6px 0;\n            }\n            \n            .gongfu-notes {\n                padding: 8px;\n            }\n            \n            .gongfu-notes-text {\n                font-size: 13px;\n            }\n        }\n    <\/style>\n    \n    <\/p>","protected":false},"excerpt":{"rendered":"<p>V\u00e5rt Traditional Tie Guanyin \u00e4r en fantastisk version av ett av Kinas mest \u00e4lskade och ber\u00f6mda oolong-teer. Odlat i den frodiga regionen Anxi, djupt inne i Fujianprovinsen, f\u00e5r tebuskarna v\u00e4xa i en or\u00f6rd och kristallklar milj\u00f6 p\u00e5 h\u00f6g h\u00f6jd. Dessa h\u00f6jder ger teet dess unika karakt\u00e4r genom svalare temperaturer och naturlig dimma, vilket l\u00e5ter bladen [&hellip;]<\/p>\n","protected":false},"featured_media":63127,"template":"","meta":[],"product_brand":[],"product_cat":[133,153,132],"product_tag":[],"class_list":{"0":"post-41125","1":"product","2":"type-product","3":"status-publish","4":"has-post-thumbnail","6":"product_cat-kombucha","7":"product_cat-kinesiskt-te","8":"product_cat-oolong","9":"_wholesalex wsx-wholesalex-product","11":"first","12":"instock","13":"taxable","14":"shipping-taxable","15":"purchasable","16":"product-type-variable"},"_links":{"self":[{"href":"https:\/\/www.inthemoodfortea.se\/de\/wp-json\/wp\/v2\/product\/41125","targetHints":{"allow":["GET"]}}],"collection":[{"href":"https:\/\/www.inthemoodfortea.se\/de\/wp-json\/wp\/v2\/product"}],"about":[{"href":"https:\/\/www.inthemoodfortea.se\/de\/wp-json\/wp\/v2\/types\/product"}],"wp:featuredmedia":[{"embeddable":true,"href":"https:\/\/www.inthemoodfortea.se\/de\/wp-json\/wp\/v2\/media\/63127"}],"wp:attachment":[{"href":"https:\/\/www.inthemoodfortea.se\/de\/wp-json\/wp\/v2\/media?parent=41125"}],"wp:term":[{"taxonomy":"product_brand","embeddable":true,"href":"https:\/\/www.inthemoodfortea.se\/de\/wp-json\/wp\/v2\/product_brand?post=41125"},{"taxonomy":"product_cat","embeddable":true,"href":"https:\/\/www.inthemoodfortea.se\/de\/wp-json\/wp\/v2\/product_cat?post=41125"},{"taxonomy":"product_tag","embeddable":true,"href":"https:\/\/www.inthemoodfortea.se\/de\/wp-json\/wp\/v2\/product_tag?post=41125"}],"curies":[{"name":"wp","href":"https:\/\/api.w.org\/{rel}","templated":true}]}}