{"id":45532,"date":"2023-08-25T13:58:58","date_gmt":"2023-08-25T13:58:58","guid":{"rendered":"https:\/\/www.inthemoodfortea.se\/?post_type=product&#038;p=45532"},"modified":"2026-03-14T16:16:44","modified_gmt":"2026-03-14T16:16:44","slug":"darjeeling-samabeong-golden-musk","status":"publish","type":"product","link":"https:\/\/www.inthemoodfortea.se\/de\/darjeeling-samabeong-golden-musk\/","title":{"rendered":"Darjeeling Samabeong Goldener Moschus"},"content":{"rendered":"<p>Dieser biologische Darjeeling Second Flush stammt aus Samabeong, einem der h\u00f6chstgelegenen Teeplantagen in Darjeeling, dessen Plantagen sich \u00fcber 2000 Meter \u00fcber dem Meeresspiegel erstrecken. Die Farm liegt im abgelegenen Distrikt Kalimpong im Nordosten von Darjeeling und profitiert stark vom milden und feuchten Mikroklima, das in der Region vorherrscht. Dieses Klima ist perfekt f\u00fcr die Entwicklung der komplexen und nuancierten Aromen, f\u00fcr die Darjeeling auf der ganzen Welt so ber\u00fchmt ist. Samabeong Estate hat eine reiche Geschichte und wurde bereits 1882 in der Region Kalimpong gegr\u00fcndet. Der Teegarten betreibt seit vielen Jahren biologischen Anbau, der daf\u00fcr sorgt, dass die produzierten Tees nachhaltig und von h\u00f6chster Qualit\u00e4t sind. Dieser besondere Darjeeling Second Flush hat die klassischen und begehrten Noten der Muskattraube und verleiht dem Tee einen s\u00fc\u00dfen und aromatischen Charakter. Der Geschmack endet mit einem langen und klaren Nachgeschmack, der durch einen vollen und gut entwickelten K\u00f6rper ausgeglichen wird, was ihn zu einem idealen Getr\u00e4nk f\u00fcr alle macht, die ein elegantes und raffiniertes Geschmackserlebnis suchen. Samabeongs Tees repr\u00e4sentieren das Beste aus Darjeelings Erbe und Handwerkskunst, und jede Tasse spiegelt das einzigartige Terroir der Region wider.<\/p>\n    <style>\n        .tea-section-header { width: 100%; margin-bottom: 15px; text-align: center; }\n        .tea-section-header h2 { font-family: 'Cinzel', serif; font-size: 1.3em; margin: 0; color: #333; text-transform: uppercase; letter-spacing: 2px; }\n        .tea-section-header::after { content: \"\"; display: block; width: 80%; height: 1px; background-color: #eeeeee; margin: 8px auto 0 auto; }\n        \n        .tea-info-wrapper { display: flex; flex-wrap: wrap; align-items: flex-start; margin: 0 auto 30px auto; max-width: 500px; font-family: ct_font_contax-regular, sans-serif; }\n        .tea-params-column { flex: 1; min-width: 300px; padding: 0 30px 20px 0; box-sizing: border-box; }\n        .tea-divider { width: 1px; align-self: stretch; background-color: #eeeeee; margin: 0 0 20px 0; flex-shrink: 0; }\n        \n        .tea-chart-column { \n            flex: 0 0 340px; \n            max-width: 340px; \n            padding: 0; \n            box-sizing: border-box; \n            margin-top: -25px; \n            margin-left: 25px; \n        }\n        \n        .brewing-measurement, .brewing-temperature, .brewing-time { display: flex; justify-content: space-between; align-items: center; padding: 12px 0; border-bottom: 1px solid #eeeeee; }\n        .brewing-label { color: #333333; font-weight: 500; display: flex; align-items: center; }\n        .brewing-value { font-weight: normal; color: #000000; }\n        .infusion-text-box { margin-top: 20px; background-color: #f9f9f9; padding: 20px 0; border-radius: 4px; }\n        .dropcap-wrapper { padding: 0 2px; line-height: 1.6; }\n        .dropcap { float: left; font-size: 3.0em; line-height: 0.8; margin-right: 10px; color: #333; font-family: 'Cinzel Decorative', Georgia, serif; }\n        \n        @media (max-width: 768px) { \n            .tea-info-wrapper { flex-direction: column; align-items: center; } \n            .tea-params-column { width: 100%; padding: 15px; order: 1; } \n            .tea-divider { display: none; } \/* Tar bort linjen helt i mobill\u00e4ge *\/\n            .tea-chart-column { \n                width: 100%; \n                max-width: 340px; \n                flex: 0 0 auto;\n                padding: 0; \n                order: 3; \n                margin: 0 auto; \/* Centrerar horisontellt *\/\n                display: flex;\n                justify-content: center;\n                align-items: center;\n            } \n            canvas { max-width: 100% !important; height: auto !important; margin: 0 auto; }\n        }\n    <\/style>\n    \n    <div class=\"tea-section-header\">\n        <h2>Bryggning<\/h2>\n    <\/div>\n\n    <div class=\"tea-info-wrapper\">\n        <div class=\"tea-params-column\">\n            <div class=\"brewing-method\">\n                                <div class=\"brewing-measurement\">\n                    <span class=\"brewing-label\">\n                        <img decoding=\"async\" src=\"https:\/\/www.inthemoodfortea.se\/wp-content\/uploads\/2026\/02\/leaf-solid-full.svg\" width=\"20\" height=\"20\" style=\"margin-right: 10px;\" alt=\"\" title=\"\">\n                        Menge \/ 250 ml                    <\/span>\n                    <span class=\"brewing-value\">2,5-3 g<\/span>\n                <\/div>\n                                \n                                <div class=\"brewing-temperature\">\n                    <span class=\"brewing-label\">\n                        <img decoding=\"async\" src=\"https:\/\/www.inthemoodfortea.se\/wp-content\/uploads\/2026\/02\/temperature-low-solid-full.svg\" width=\"20\" height=\"20\" style=\"margin-right: 10px;\" alt=\"\" title=\"\">\n                        Temperatur                    <\/span>\n                    <span class=\"brewing-value\">90-95\u00b0C<\/span>\n                <\/div>\n                                \n                                <div class=\"brewing-time\">\n                    <span class=\"brewing-label\">\n                        <img decoding=\"async\" src=\"https:\/\/www.inthemoodfortea.se\/wp-content\/uploads\/2026\/02\/bell-solid-full.svg\" width=\"20\" height=\"20\" style=\"margin-right: 10px;\" alt=\"\" title=\"\">\n                        Br\u00fchzeit                    <\/span>\n                    <span class=\"brewing-value\">3-4 Minuten<\/span>\n                <\/div>\n                            <\/div>\n\n                        <div class=\"infusion-text-box\">\n                <div class=\"dropcap-wrapper\">\n                    <span class=\"dropcap\">D<\/span>\n                    <span style=\"color: #444444; font-size: 0.95em; display: block;\">\n                        Der Arjeeling Samabeong Golden Musk eignet sich gut f\u00fcr mehrere Aufg\u00fcsse. Der zweite Aufguss sollte kurz gehalten werden, da sich die Bl\u00e4tter bereits ge\u00f6ffnet haben und ihre Aromen freisetzen.                    <\/span>\n                <\/div>\n            <\/div>\n                    <\/div>\n\n            <\/div>","protected":false},"excerpt":{"rendered":"<p>Detta ekologiska Darjeeling Second Flush kommer fr\u00e5n Samabeong, en av de h\u00f6gst bel\u00e4gna teg\u00e5rdarna i Darjeeling, med sina odlingar som str\u00e4cker sig \u00f6ver 2000 meters h\u00f6jd \u00f6ver havet. G\u00e5rden \u00e4r bel\u00e4gen i det avl\u00e4gsna distriktet Kalimpong, i den nord\u00f6stra delen av Darjeeling, och drar stor nytta av det milda och fuktiga mikroklimatet som r\u00e5der i [&hellip;]<\/p>\n","protected":false},"featured_media":5177,"template":"","meta":[],"product_brand":[],"product_cat":[149,141,151,131],"product_tag":[],"class_list":{"0":"post-45532","1":"product","2":"type-product","3":"status-publish","4":"has-post-thumbnail","6":"product_cat-darjeeling","7":"product_cat-ekologiskt-te","8":"product_cat-indiskt-te","9":"product_cat-svart-te","10":"_wholesalex wsx-wholesalex-product","12":"first","13":"outofstock","14":"taxable","15":"shipping-taxable","16":"purchasable","17":"product-type-variable"},"_links":{"self":[{"href":"https:\/\/www.inthemoodfortea.se\/de\/wp-json\/wp\/v2\/product\/45532","targetHints":{"allow":["GET"]}}],"collection":[{"href":"https:\/\/www.inthemoodfortea.se\/de\/wp-json\/wp\/v2\/product"}],"about":[{"href":"https:\/\/www.inthemoodfortea.se\/de\/wp-json\/wp\/v2\/types\/product"}],"wp:featuredmedia":[{"embeddable":true,"href":"https:\/\/www.inthemoodfortea.se\/de\/wp-json\/wp\/v2\/media\/5177"}],"wp:attachment":[{"href":"https:\/\/www.inthemoodfortea.se\/de\/wp-json\/wp\/v2\/media?parent=45532"}],"wp:term":[{"taxonomy":"product_brand","embeddable":true,"href":"https:\/\/www.inthemoodfortea.se\/de\/wp-json\/wp\/v2\/product_brand?post=45532"},{"taxonomy":"product_cat","embeddable":true,"href":"https:\/\/www.inthemoodfortea.se\/de\/wp-json\/wp\/v2\/product_cat?post=45532"},{"taxonomy":"product_tag","embeddable":true,"href":"https:\/\/www.inthemoodfortea.se\/de\/wp-json\/wp\/v2\/product_tag?post=45532"}],"curies":[{"name":"wp","href":"https:\/\/api.w.org\/{rel}","templated":true}]}}