{"id":5209,"date":"2018-03-12T10:20:54","date_gmt":"2018-03-12T10:20:54","guid":{"rendered":"https:\/\/itmft.flywheelsites.com\/?post_type=product&#038;p=5209"},"modified":"2026-04-01T05:19:35","modified_gmt":"2026-04-01T05:19:35","slug":"earl-grey-south-of-the-clouds","status":"publish","type":"product","link":"https:\/\/www.inthemoodfortea.se\/de\/earl-grey-south-of-the-clouds\/","title":{"rendered":"Earl Grey s\u00fcdlich der Wolken"},"content":{"rendered":"<p>I en tid d\u00e4r m\u00e5nga Earl Grey-sorter framst\u00e4lls med l\u00e5gkvalitativt svart te och konstgjorda arom\u00e4mnen, erbjuder v\u00e5rt Earl Grey South of the Clouds en kompromissl\u00f6s upplevelse av \u00e4kta kvalitet och hantverk. H\u00e4r st\u00e5r r\u00e5varornas \u00e4kthet och noga utvalda ursprung i centrum. Detta Earl Grey baseras p\u00e5 ett fylligt svart te fr\u00e5n Yunnan-provinsen i Kina, k\u00e4nt f\u00f6r sin mjuka, komplexa smakprofil och naturligt rika karakt\u00e4r. Yunnan-teet bidrar med en djup, jordig ton som p\u00e5 ett harmoniskt s\u00e4tt balanserar de friska och citruslika noterna fr\u00e5n den f\u00e4rska bergamotten.<br \/>\nBergamottoljan i v\u00e5rt te kommer fr\u00e5n Kalabrien i Italien, d\u00e4r f\u00f6ruts\u00e4ttningarna f\u00f6r odling \u00e4r optimala. Kalabrien anses vara den region d\u00e4r v\u00e4rldens finaste bergamott odlas, vilket s\u00e4kerst\u00e4ller att varje kopp te b\u00e4r den unika, rena citrusdoft som k\u00e4nnetecknar \u00e4kta bergamott. Detta g\u00f6r att v\u00e5rt Earl Grey South of the Clouds f\u00e5r en distinkt friskhet och en aromatisk profil som p\u00e5minner om Medelhavets varma klimat och friska havsbris.<br \/>\nTeet har ocks\u00e5 en subtil visuell elegans, d\u00e5 det \u00e4r varsamt dekorerat med bl\u00e5klintsblommor.<br \/>\nUrsprung: Yunnan, Kina; Kalabrien, Italien.<br \/>\nIngredienser: Svart te, bl\u00e5klint, bergamottolja<br \/>\n    \n    <style>\n        @media (max-width: 768px) {\n            .infusion-guide ul {\n                text-align: left !important;\n                margin-left: 20px !important;\n                padding-left: 0 !important;\n            }\n            \n            .infusion-guide li {\n                text-align: left !important;\n            }\n        }\n        \n        .dropcap-wrapper {\n            overflow: hidden;\n        }\n        \n        .dropcap {\n            float: left;\n            font-size: 3.0em;\n            line-height: 0.8;\n            margin-right: 6px;\n            font-weight: 400;\n            color: #333333;\n            font-family: 'Cinzel Decorative', Georgia, serif;\n        }\n        \n        \/* Mobil - \u00f6kad marginal till kanterna *\/\n        @media (max-width: 768px) {\n            .brewing-container {\n                max-width: calc(100% - 30px) !important; \/* \u00d6kad marginal *\/\n                margin-left: 15px !important;\n                margin-right: 15px !important;\n                padding: 12px !important;\n                width: calc(100% - 30px) !important;\n                border: 1px solid #cccccc; \/* Beh\u00e5ller ramen *\/\n            }\n            \n            .brewing-header {\n                margin-bottom: 8px;\n                padding-bottom: 4px;\n            }\n            \n            .brewing-title {\n                font-size: 20px;\n            }\n            \n            .brewing-measurement,\n            .brewing-temperature,\n            .brewing-time {\n                padding: 3px 0;\n            }\n            \n            .brewing-label img {\n                width: 16px;\n                height: 16px;\n                margin-right: 5px !important;\n            }\n            \n            .dropcap {\n                font-size: 3em;\n                margin-right: 3px;\n            }\n            \n            [style*=\"background-color: #f9f9f9\"] {\n                padding: 8px 10px !important;\n                margin-top: 8px !important;\n            }\n            \n            [style*=\"border-top: 1px solid #dddddd\"] {\n                margin-top: 12px !important;\n                padding-top: 6px !important;\n            }\n        }\n        \n        \/* Desktop - lite mindre marginal *\/\n        @media (min-width: 769px) {\n            .brewing-container {\n                padding: 14px 16px;\n            }\n            \n            [style*=\"background-color: #f9f9f9\"] {\n                padding: 12px !important;\n            }\n        }\n    <\/style>\n    \n    <div style=\"width: 100%; margin-top: 60px;\">\n        <div class=\"brewing-container\" style=\"margin-left: auto; margin-right: auto;\">\n            <div class=\"brewing-header\">\n                <h2 class=\"brewing-title\">Infusion<\/h2>\n            <\/div>\n            \n            <div class=\"brewing-method\">\n                                <div class=\"brewing-measurement\">\n                    <span class=\"brewing-label\">\n                        <img decoding=\"async\" src=\"https:\/\/www.inthemoodfortea.se\/wp-content\/uploads\/2026\/02\/leaf-solid-full.svg\" alt=\"Dosering\" width=\"20\" height=\"20\" style=\"margin-right: 8px; display: inline-block; vertical-align: middle;\" title=\"\">\n                        M\u00e4ngd \/ 250 ml                    <\/span>\n                    <span class=\"brewing-value\">2,5-3 g<\/span>\n                <\/div>\n                                \n                                <div class=\"brewing-temperature\">\n                    <span class=\"brewing-label\">\n                        <img decoding=\"async\" src=\"https:\/\/www.inthemoodfortea.se\/wp-content\/uploads\/2026\/02\/temperature-low-solid-full.svg\" alt=\"Temperatur\" width=\"20\" height=\"20\" style=\"margin-right: 8px; display: inline-block; vertical-align: middle;\" title=\"\">\n                        Temperatur                    <\/span>\n                    <span class=\"brewing-value\">90-95\u00b0C<\/span>\n                <\/div>\n                                \n                                <div class=\"brewing-time\">\n                    <span class=\"brewing-label\">\n                        <img decoding=\"async\" src=\"https:\/\/www.inthemoodfortea.se\/wp-content\/uploads\/2026\/02\/bell-solid-full.svg\" alt=\"Infusion 1\" width=\"20\" height=\"20\" style=\"margin-right: 8px; display: inline-block; vertical-align: middle;\" title=\"\">\n                        Infusion                    <\/span>\n                    <span class=\"brewing-value\">3-5 minuter<\/span>\n                <\/div>\n                            <\/div>\n            \n                    <\/div>\n    <\/div>\n    \n    <style>\n        .brewing-container {\n            max-width: 500px;\n            border: 1px solid #cccccc;\n            border-radius: 8px;\n            padding: 16px 18px;\n            font-family: ct_font_contax-regular, sans-serif;\n            background-color: transparent;\n            margin-bottom: 20px;\n        }\n        \n        .brewing-header {\n            margin-bottom: 12px;\n            padding-bottom: 6px;\n            border-bottom: 1px solid #dddddd;\n        }\n        \n        .brewing-title {\n            margin: 0;\n            font-size: 24px;\n            color: #333333;\n            text-align: center;\n            letter-spacing: 0.4px;\n            font-weight: 400;\n            line-height: 1.3;\n            word-wrap: break-word;\n        }\n        \n        .brewing-measurement,\n        .brewing-temperature,\n        .brewing-time {\n            display: flex;\n            justify-content: space-between;\n            align-items: center;\n            padding: 5px 0;\n            border-bottom: 1px solid #dddddd;\n        }\n        \n        .brewing-time:last-child {\n            border-bottom: none;\n        }\n        \n        .brewing-label {\n            color: #333333;\n            font-weight: 500;\n            display: flex;\n            align-items: center;\n        }\n        \n        .brewing-value {\n            font-weight: normal;\n            color: #000000;\n        }\n    <\/style>\n    \n    <\/p>\n","protected":false},"excerpt":{"rendered":"<p>I en tid d\u00e4r m\u00e5nga Earl Grey-sorter framst\u00e4lls med l\u00e5gkvalitativt svart te och konstgjorda arom\u00e4mnen, erbjuder v\u00e5rt Earl Grey South of the Clouds en kompromissl\u00f6s upplevelse av \u00e4kta kvalitet och hantverk. H\u00e4r st\u00e5r r\u00e5varornas \u00e4kthet och noga utvalda ursprung i centrum. Detta Earl Grey baseras p\u00e5 ett fylligt svart te fr\u00e5n Yunnan-provinsen i Kina, k\u00e4nt [&hellip;]<\/p>\n","protected":false},"featured_media":43372,"template":"","meta":[],"product_brand":[],"product_cat":[137,153,135,131],"product_tag":[],"class_list":{"0":"post-5209","1":"product","2":"type-product","3":"status-publish","4":"has-post-thumbnail","6":"product_cat-earl-grey","7":"product_cat-kinesiskt-te","8":"product_cat-smaksatt-te","9":"product_cat-svart-te","10":"_wholesalex wsx-wholesalex-product","12":"first","13":"instock","14":"taxable","15":"shipping-taxable","16":"product-type-variable"},"_links":{"self":[{"href":"https:\/\/www.inthemoodfortea.se\/de\/wp-json\/wp\/v2\/product\/5209","targetHints":{"allow":["GET"]}}],"collection":[{"href":"https:\/\/www.inthemoodfortea.se\/de\/wp-json\/wp\/v2\/product"}],"about":[{"href":"https:\/\/www.inthemoodfortea.se\/de\/wp-json\/wp\/v2\/types\/product"}],"wp:featuredmedia":[{"embeddable":true,"href":"https:\/\/www.inthemoodfortea.se\/de\/wp-json\/wp\/v2\/media\/43372"}],"wp:attachment":[{"href":"https:\/\/www.inthemoodfortea.se\/de\/wp-json\/wp\/v2\/media?parent=5209"}],"wp:term":[{"taxonomy":"product_brand","embeddable":true,"href":"https:\/\/www.inthemoodfortea.se\/de\/wp-json\/wp\/v2\/product_brand?post=5209"},{"taxonomy":"product_cat","embeddable":true,"href":"https:\/\/www.inthemoodfortea.se\/de\/wp-json\/wp\/v2\/product_cat?post=5209"},{"taxonomy":"product_tag","embeddable":true,"href":"https:\/\/www.inthemoodfortea.se\/de\/wp-json\/wp\/v2\/product_tag?post=5209"}],"curies":[{"name":"wp","href":"https:\/\/api.w.org\/{rel}","templated":true}]}}