{"id":5301,"date":"2018-03-13T08:40:28","date_gmt":"2018-03-13T08:40:28","guid":{"rendered":"https:\/\/itmft.flywheelsites.com\/?post_type=product&#038;p=5301"},"modified":"2026-05-07T11:07:24","modified_gmt":"2026-05-07T11:07:24","slug":"jasmine-silver-tips","status":"publish","type":"product","link":"https:\/\/www.inthemoodfortea.se\/de\/jasmine-silver-tips\/","title":{"rendered":"Jasmine Silver Tipps"},"content":{"rendered":"<p>Jasmine Silver Tips ist ein gr\u00fcner Tee, der den zarten, leicht grasigen Geschmack von Tee mit dem subtilen, s\u00fc\u00dfen Duft von Jasminbl\u00fcten verbindet. Diese delikate Mischung wird in einem sorgf\u00e4ltigen Verfahren hergestellt, bei dem die silbrigen, federartigen Knospen und Bl\u00e4tter zusammen mit frischen Jasminbl\u00fcten ruhen. Durch mehrmaliges Wiederholen dieses Prozesses, jedes Mal mit einer neuen Charge frisch gepfl\u00fcckter Bl\u00fcten, wird der Tee mit einem reichen, nat\u00fcrlichen Jasminaroma ges\u00e4ttigt, das tief in die Bl\u00e4tter eindringt. Diese Methode sorgt daf\u00fcr, dass jede Tasse mit dem authentischen und verf\u00fchrerischen Duft des Jasmins gef\u00fcllt wird, ohne dabei \u00fcberw\u00e4ltigend zu wirken.<br \/>\nDer Geschmack von Jasmine Silver Tips ist zugleich zart und elegant, wobei die nat\u00fcrliche Frische und milde Gr\u00fcnnote des Tees durch einen weichen und klaren Blumenduft erg\u00e4nzt werden. Der Nachgeschmack ist langanhaltend und angenehm, was bedeutet, dass die sch\u00f6nen Jasminaromen \u00fcber mehrere Aufg\u00fcsse hinweg erhalten bleiben und Sie immer wieder das gleiche k\u00f6stliche Geschmackserlebnis genie\u00dfen k\u00f6nnen. Dies macht den Tee zu einer ausgezeichneten Wahl f\u00fcr alle, die einen Tee suchen, der sowohl aromatisch als auch erfrischend, aber gleichzeitig nicht zu schwer ist.<br \/>\n    <style>\n        .tea-info-wrapper { display: flex; flex-wrap: wrap; align-items: flex-start; margin: 40px 0; max-width: 500px; font-family: ct_font_contax-regular, sans-serif; }\n        .tea-params-column { flex: 1; min-width: 300px; padding: 0 30px 30px 0; box-sizing: border-box; }\n        .tea-divider { width: 1px; align-self: stretch; background-color: #eeeeee; margin: 20px 0; flex-shrink: 0; }\n        .tea-chart-column { flex: 0 0 380px; max-width: 380px; padding: 20px; box-sizing: border-box; }\n        .brewing-measurement, .brewing-temperature, .brewing-time { display: flex; justify-content: space-between; align-items: center; padding: 12px 0; border-bottom: 1px solid #eeeeee; }\n        .brewing-label { color: #333333; font-weight: 500; display: flex; align-items: center; }\n        .brewing-value { font-weight: normal; color: #000000; }\n        .infusion-text-box { margin-top: 25px; background-color: #f9f9f9; padding: 20px 0; border-radius: 4px; }\n        .dropcap-wrapper { padding: 0 2px; line-height: 1.6; }\n        .dropcap { float: left; font-size: 3.0em; line-height: 0.8; margin-right: 10px; color: #333; font-family: 'Cinzel Decorative', Georgia, serif; }\n        .tp-hidden-dictionary { display: none !important; visibility: hidden; }\n        @media (max-width: 768px) { .tea-info-wrapper { flex-direction: column; max-width: 100% !important; } .tea-params-column { width: 100%; padding: 20px; order: 1; } .tea-divider { width: 80%; height: 1px; margin: 10px auto; background-color: #eeeeee; order: 2; } .tea-chart-column { width: 100%; max-width: 360px; padding: 10px; order: 3; } }\n    <\/style>\n    \n    <div class=\"tea-info-wrapper\">\n        <div class=\"tp-hidden-dictionary\">\n                            <span>70-80\u00b0C<\/span>\n                            <span>2-3 Minuten<\/span>\n                            <span>2,5-3 g<\/span>\n                            <span>250 ml<\/span>\n                    <\/div>\n\n        <div class=\"tea-params-column\">\n            <div class=\"brewing-method\">\n                                <div class=\"brewing-measurement\">\n                    <span class=\"brewing-label\">\n                        <img decoding=\"async\" src=\"https:\/\/www.inthemoodfortea.se\/wp-content\/uploads\/2026\/02\/leaf-solid-full.svg\" width=\"20\" height=\"20\" style=\"margin-right: 10px;\" alt=\"\" title=\"\">\n                        Menge \/ 250 ml                    <\/span>\n                    <span class=\"brewing-value\">2,5-3 g<\/span>\n                <\/div>\n                                \n                                <div class=\"brewing-temperature\">\n                    <span class=\"brewing-label\">\n                        <img decoding=\"async\" src=\"https:\/\/www.inthemoodfortea.se\/wp-content\/uploads\/2026\/02\/temperature-low-solid-full.svg\" width=\"20\" height=\"20\" style=\"margin-right: 10px;\" alt=\"\" title=\"\">\n                        Temperatur                    <\/span>\n                    <span class=\"brewing-value\">70-80\u00b0C<\/span>\n                <\/div>\n                                \n                                <div class=\"brewing-time\">\n                    <span class=\"brewing-label\">\n                        <img decoding=\"async\" src=\"https:\/\/www.inthemoodfortea.se\/wp-content\/uploads\/2026\/02\/bell-solid-full.svg\" width=\"20\" height=\"20\" style=\"margin-right: 10px;\" alt=\"\" title=\"\">\n                        Br\u00fchzeit                    <\/span>\n                    <span class=\"brewing-value\">2-3 Minuten<\/span>\n                <\/div>\n                            <\/div>\n            \n                    <\/div>\n\n            <\/div>\n    <\/p>","protected":false},"excerpt":{"rendered":"<p>Jasmine Silver Tips \u00e4r ett gr\u00f6nt te som f\u00f6renar det fina, l\u00e4tt gr\u00e4siga teet med den subtila, ljuvliga doften av jasminblommor. Denna delikata blandning skapas genom en noggrann process d\u00e4r de silvriga, fjuniga knopparna och bladen f\u00e5r vila tillsammans med f\u00e4rska jasminblommor. Genom att upprepa denna process flera g\u00e5nger, varje g\u00e5ng med en ny omg\u00e5ng [&hellip;]<\/p>\n","protected":false},"featured_media":5303,"template":"","meta":[],"product_brand":[],"product_cat":[138,143,153,135],"product_tag":[],"class_list":{"0":"post-5301","1":"product","2":"type-product","3":"status-publish","4":"has-post-thumbnail","6":"product_cat-gront-te","7":"product_cat-jasminte","8":"product_cat-kinesiskt-te","9":"product_cat-smaksatt-te","10":"_wholesalex wsx-wholesalex-product","12":"first","13":"instock","14":"taxable","15":"shipping-taxable","16":"purchasable","17":"product-type-variable"},"_links":{"self":[{"href":"https:\/\/www.inthemoodfortea.se\/de\/wp-json\/wp\/v2\/product\/5301","targetHints":{"allow":["GET"]}}],"collection":[{"href":"https:\/\/www.inthemoodfortea.se\/de\/wp-json\/wp\/v2\/product"}],"about":[{"href":"https:\/\/www.inthemoodfortea.se\/de\/wp-json\/wp\/v2\/types\/product"}],"wp:featuredmedia":[{"embeddable":true,"href":"https:\/\/www.inthemoodfortea.se\/de\/wp-json\/wp\/v2\/media\/5303"}],"wp:attachment":[{"href":"https:\/\/www.inthemoodfortea.se\/de\/wp-json\/wp\/v2\/media?parent=5301"}],"wp:term":[{"taxonomy":"product_brand","embeddable":true,"href":"https:\/\/www.inthemoodfortea.se\/de\/wp-json\/wp\/v2\/product_brand?post=5301"},{"taxonomy":"product_cat","embeddable":true,"href":"https:\/\/www.inthemoodfortea.se\/de\/wp-json\/wp\/v2\/product_cat?post=5301"},{"taxonomy":"product_tag","embeddable":true,"href":"https:\/\/www.inthemoodfortea.se\/de\/wp-json\/wp\/v2\/product_tag?post=5301"}],"curies":[{"name":"wp","href":"https:\/\/api.w.org\/{rel}","templated":true}]}}