{"id":5306,"date":"2018-03-13T08:44:37","date_gmt":"2018-03-13T08:44:37","guid":{"rendered":"https:\/\/itmft.flywheelsites.com\/?post_type=product&#038;p=5306"},"modified":"2026-05-12T08:20:03","modified_gmt":"2026-05-12T08:20:03","slug":"jjun-chiyabari-himalayan-black","status":"publish","type":"product","link":"https:\/\/www.inthemoodfortea.se\/de\/jun-chiyabari-himalayan-black\/","title":{"rendered":"Himalaya-Schwarz"},"content":{"rendered":"<p>Himalayan Black ist ein hochwertiges Beispiel einer Mikroproduktion, die aus einer sorgf\u00e4ltig ausgew\u00e4hlten Pfl\u00fcckung stammt. Jun Chiyabari, der sich auf Produktionen in kleinem Ma\u00dfstab spezialisiert hat, hat diese Pfl\u00fcckung ausgew\u00e4hlt, um die reichen, dunklen Aromen hervorzuheben, die typisch f\u00fcr schwarzen Tee aus der Region sind. Himalayan Black zeichnet sich durch sein tiefes, malziges Geschmacksprofil aus, bei dem Noten von Kakao und ger\u00f6steten Elementen dem Tee einen vollen und warmen Charakter verleihen. Die Bl\u00e4tter sind reichhaltig mit Knospen vermischt, was zu einem weichen und sauberen Abgang beitr\u00e4gt, der das Geschmackserlebnis raffiniert abrundet. Dieses Gleichgewicht zwischen kraftvollen und subtilen Aromen macht Himalayan Black zu einem Tee, der sowohl f\u00fcr besondere Anl\u00e4sse als auch f\u00fcr den t\u00e4glichen Genuss geeignet ist.<br \/>\nIn the Mood for Tea hat die Exklusivvertretung f\u00fcr Jun Chiyabari in Schweden und kann diesen Tee denjenigen anbieten, die bei schwarzem Tee etwas Au\u00dfergew\u00f6hnliches suchen. Durch die Zusammenarbeit mit Jun Chiyabari erhalten Teeliebhaber Zugang zu einem Geschmackserlebnis, das den reichen Boden und das Klima des Himalaya sowie die Sorgfalt widerspiegelt, die in jedem Produktionsschritt steckt.<br \/>\nHerkunft: Hile, Nepal. Ernte: Herbstsp\u00fclung 2024.<br \/>\n    <style>\n        @keyframes teaSpinIn {\n            0% { opacity: 0; transform: translateY(30px) rotateX(-20deg) rotateY(10deg); }\n            100% { opacity: 1; transform: translateY(0) rotateX(0) rotateY(0); }\n        }\n        .tea-info-wrapper { \n            display: flex; flex-wrap: wrap; align-items: flex-start; margin: 50px auto 30px auto; \n            max-width: 450px; font-family: ct_font_contax-regular, sans-serif;\n            perspective: 1200px;\n        }\n        .tea-params-column { \n            flex: 1; min-width: 280px; padding: 0 25px 0 0; box-sizing: border-box; \n            animation: teaSpinIn 0.8s cubic-bezier(0.2, 0.8, 0.2, 1) forwards;\n        }\n        .tea-chart-column { \n            flex: 0 0 350px; max-width: 350px; padding: 0; box-sizing: border-box; \n            margin-top: -40px; margin-left: 20px; \n            animation: teaSpinIn 1s cubic-bezier(0.2, 0.8, 0.2, 1) 0.2s forwards; opacity: 0;\n        }\n        .tea-top-divider { width: 100%; height: 1px; background-color: #eeeeee; margin-bottom: 25px; }\n        .tea-divider { width: 1px; align-self: stretch; background-color: #eeeeee; margin: 0 0 20px 0; flex-shrink: 0; }\n        .brewing-row { display: flex; justify-content: space-between; align-items: center; padding: 12px 0; border-bottom: 1px solid #eeeeee; }\n        .brewing-label { color: #333333; font-weight: 500; display: flex; align-items: center; font-size: 0.92em; }\n        .brewing-value { font-weight: normal; color: #000000; font-size: 0.92em; text-align: right; margin-left: 15px; text-transform: none !important; }\n        .infusion-text-box { margin-top: 20px; background-color: #f9f9f9; padding: 22px 0; border-radius: 4px; width: 100%; }\n        .dropcap-wrapper { padding: 0; line-height: 1.6; }\n        .dropcap { float: left; font-size: 3.2em; line-height: 0.8; margin-right: 12px; color: #333; font-family: 'Cinzel Decorative', Georgia, serif; }\n        @media (max-width: 768px) { \n            .tea-info-wrapper { flex-direction: column; align-items: center; max-width: 100%; margin-top: 30px; } \n            .tea-params-column { width: 100%; padding: 0; order: 1; animation-delay: 0s; } \n            .tea-divider { display: none; } \n            .tea-chart-column { width: 100%; max-width: 320px; padding: 30px 0 0 0; order: 3; margin: 0 auto; animation-delay: 0.1s; } \n        }\n    <\/style>\n\n    <div class=\"tea-info-wrapper\">\n        <div class=\"tea-top-divider\"><\/div>\n        <div class=\"tea-params-column\">\n            <div class=\"brewing-method\">\n                                <div class=\"brewing-row\">\n                    <span class=\"brewing-label\">\n                        <img decoding=\"async\" src=\"\/wp-content\/uploads\/2026\/02\/leaf-solid-full.svg\" width=\"19\" height=\"19\" style=\"margin-right: 10px;\" alt=\"\" title=\"\">\n                        Dosierung \/ 250 ml                    <\/span>\n                    <span class=\"brewing-value\">2,5-3 g<\/span>\n                <\/div>\n                                                <div class=\"brewing-row\">\n                    <span class=\"brewing-label\">\n                        <img decoding=\"async\" src=\"\/wp-content\/uploads\/2026\/02\/temperature-low-solid-full.svg\" width=\"19\" height=\"19\" style=\"margin-right: 10px;\" alt=\"\" title=\"\">\n                        Temperatur                    <\/span>\n                    <span class=\"brewing-value\">90-95\u00b0C<\/span>\n                <\/div>\n                                                <div class=\"brewing-row\">\n                    <span class=\"brewing-label\">\n                        <img decoding=\"async\" src=\"\/wp-content\/uploads\/2026\/02\/bell-solid-full.svg\" width=\"19\" height=\"19\" style=\"margin-right: 10px;\" alt=\"\" title=\"\">\n                        Infusion                    <\/span>\n                    <span class=\"brewing-value\">3-5 Minuten<\/span>\n                <\/div>\n                                            <\/div>\n\n                        <div class=\"infusion-text-box\">\n                <div class=\"dropcap-wrapper\">\n                    <span class=\"dropcap\">H<\/span>\n                    <span style=\"color: #444444; font-size: 0.92em; display: block;\">\n                        imalayan Black eignet sich gut f\u00fcr mehrere Aufg\u00fcsse. Der zweite Aufguss sollte am besten kurz gehalten werden, da sich die Bl\u00e4tter bereits ge\u00f6ffnet haben und ihre Aromen freisetzen.                    <\/span>\n                <\/div>\n            <\/div>\n                    <\/div>\n\n            <\/div>\n    <\/p>","protected":false},"excerpt":{"rendered":"<p>Himalayan Black \u00e4r ett h\u00f6gkvalitativt exempel p\u00e5 en mikro-produktion som kommer fr\u00e5n en omsorgsfullt utvald plockning.\u00a0 Jun Chiyabari, som specialiserar sig p\u00e5 sm\u00e5skaliga produktioner, har valt ut denna plockning f\u00f6r att framh\u00e4va de rika, m\u00f6rka smaker som \u00e4r typiska f\u00f6r svart te fr\u00e5n regionen. Himalayan Black utm\u00e4rker sig med sin djupa, maltiga smakprofil, d\u00e4r toner [&hellip;]<\/p>\n","protected":false},"featured_media":5308,"template":"","meta":[],"product_brand":[],"product_cat":[141,133,131,154],"product_tag":[],"class_list":{"0":"post-5306","1":"product","2":"type-product","3":"status-publish","4":"has-post-thumbnail","6":"product_cat-ekologiskt-te","7":"product_cat-kombucha","8":"product_cat-svart-te","9":"product_cat-te-fran-nepal","10":"_wholesalex wsx-wholesalex-product","12":"first","13":"instock","14":"taxable","15":"shipping-taxable","16":"purchasable","17":"product-type-variable"},"_links":{"self":[{"href":"https:\/\/www.inthemoodfortea.se\/de\/wp-json\/wp\/v2\/product\/5306","targetHints":{"allow":["GET"]}}],"collection":[{"href":"https:\/\/www.inthemoodfortea.se\/de\/wp-json\/wp\/v2\/product"}],"about":[{"href":"https:\/\/www.inthemoodfortea.se\/de\/wp-json\/wp\/v2\/types\/product"}],"wp:featuredmedia":[{"embeddable":true,"href":"https:\/\/www.inthemoodfortea.se\/de\/wp-json\/wp\/v2\/media\/5308"}],"wp:attachment":[{"href":"https:\/\/www.inthemoodfortea.se\/de\/wp-json\/wp\/v2\/media?parent=5306"}],"wp:term":[{"taxonomy":"product_brand","embeddable":true,"href":"https:\/\/www.inthemoodfortea.se\/de\/wp-json\/wp\/v2\/product_brand?post=5306"},{"taxonomy":"product_cat","embeddable":true,"href":"https:\/\/www.inthemoodfortea.se\/de\/wp-json\/wp\/v2\/product_cat?post=5306"},{"taxonomy":"product_tag","embeddable":true,"href":"https:\/\/www.inthemoodfortea.se\/de\/wp-json\/wp\/v2\/product_tag?post=5306"}],"curies":[{"name":"wp","href":"https:\/\/api.w.org\/{rel}","templated":true}]}}