{"id":5311,"date":"2018-03-13T08:48:53","date_gmt":"2018-03-13T08:48:53","guid":{"rendered":"https:\/\/itmft.flywheelsites.com\/?post_type=product&#038;p=5311"},"modified":"2026-04-16T20:48:02","modified_gmt":"2026-04-16T20:48:02","slug":"jun-chiyabari-himalayan-spring","status":"publish","type":"product","link":"https:\/\/www.inthemoodfortea.se\/de\/jun-chiyabari-himalayan-spring\/","title":{"rendered":"Himalaya-Fr\u00fchling"},"content":{"rendered":"<p>Himalayan Spring ist ein First Flush-Tee von der renommierten Teeplantage Jun Chiyabari, die sich auf derselben H\u00f6henlage und demselben Terroir wie die erstklassigen Plantagen in Darjeeling befindet. Diese einzigartige hochgelegene Farm profitiert von einem Klima und einem Boden, der den Bedingungen Darjeelings entspricht und zur Entwicklung von Tees mit ganz eigenem Charakter beitr\u00e4gt. Himalayan Spring wird w\u00e4hrend der Fr\u00fchlingsernte in sehr kleinen Mengen produziert und bietet so die M\u00f6glichkeit, die subtilen Geschmacksrichtungen und Aromen hervorzuheben, die die Fr\u00fchlingsernte charakterisieren.<br \/>\nDer Tee wird durch einen leichten Oxidationsprozess hergestellt, der den Herstellungsschritten von schwarzem Tee folgt, aber die frischen, lebendigen T\u00f6ne der Bl\u00e4tter des fr\u00fchen Fr\u00fchlings beh\u00e4lt. Diese besondere Charge, eine sorgf\u00e4ltig ausgew\u00e4hlte Mikroernte aus dem M\u00e4rz, f\u00e4ngt die zartesten und markantesten Geschmacksnuancen des Fr\u00fchlings ein. In der Tasse erleben Sie ein weiches und blumiges Aroma, verst\u00e4rkt durch dezente Noten reifer Fr\u00fcchte wie Mango und Pfirsich. Diese eleganten Aromen sorgen f\u00fcr die Frische und Komplexit\u00e4t, die f\u00fcr die besten First Flush-Tees der Region charakteristisch sind.<br \/>\nHerkunft: Hile, Nepal. Ernte: First Flush 2025.<br \/>\n    <style>\n        .tea-section-header { width: 100%; margin-bottom: 15px; text-align: center; }\n        .tea-section-header h2 { font-family: 'Cinzel', serif; font-size: 1.3em; margin: 0; color: #333; text-transform: uppercase; letter-spacing: 2px; }\n        .tea-section-header::after { content: \"\"; display: block; width: 80%; height: 1px; background-color: #eeeeee; margin: 8px auto 0 auto; }\n        \n        .tea-info-wrapper { display: flex; flex-wrap: wrap; align-items: flex-start; margin: 0 auto 30px auto; max-width: 500px; font-family: ct_font_contax-regular, sans-serif; }\n        .tea-params-column { flex: 1; min-width: 300px; padding: 0 30px 20px 0; box-sizing: border-box; }\n        .tea-divider { width: 1px; align-self: stretch; background-color: #eeeeee; margin: 0 0 20px 0; flex-shrink: 0; }\n        \n        .tea-chart-column { \n            flex: 0 0 340px; \n            max-width: 340px; \n            padding: 0; \n            box-sizing: border-box; \n            margin-top: -25px; \n            margin-left: 25px; \n        }\n        \n        .brewing-measurement, .brewing-temperature, .brewing-time { display: flex; justify-content: space-between; align-items: center; padding: 12px 0; border-bottom: 1px solid #eeeeee; }\n        .brewing-label { color: #333333; font-weight: 500; display: flex; align-items: center; }\n        .brewing-value { font-weight: normal; color: #000000; }\n        .infusion-text-box { margin-top: 20px; background-color: #f9f9f9; padding: 20px 0; border-radius: 4px; }\n        .dropcap-wrapper { padding: 0 2px; line-height: 1.6; }\n        .dropcap { float: left; font-size: 3.0em; line-height: 0.8; margin-right: 10px; color: #333; font-family: 'Cinzel Decorative', Georgia, serif; }\n        \n        @media (max-width: 768px) { \n            .tea-info-wrapper { flex-direction: column; align-items: center; } \n            .tea-params-column { width: 100%; padding: 15px; order: 1; } \n            .tea-divider { display: none; } \/* Tar bort linjen helt i mobill\u00e4ge *\/\n            .tea-chart-column { \n                width: 100%; \n                max-width: 340px; \n                flex: 0 0 auto;\n                padding: 0; \n                order: 3; \n                margin: 0 auto; \/* Centrerar horisontellt *\/\n                display: flex;\n                justify-content: center;\n                align-items: center;\n            } \n            canvas { max-width: 100% !important; height: auto !important; margin: 0 auto; }\n        }\n    <\/style>\n    \n    <div class=\"tea-section-header\">\n        <h2>Bryggning<\/h2>\n    <\/div>\n\n    <div class=\"tea-info-wrapper\">\n        <div class=\"tea-params-column\">\n            <div class=\"brewing-method\">\n                                <div class=\"brewing-measurement\">\n                    <span class=\"brewing-label\">\n                        <img decoding=\"async\" src=\"https:\/\/www.inthemoodfortea.se\/wp-content\/uploads\/2026\/02\/leaf-solid-full.svg\" width=\"20\" height=\"20\" style=\"margin-right: 10px;\" alt=\"\" title=\"\">\n                        Menge \/ 250 ml                    <\/span>\n                    <span class=\"brewing-value\">2,5-3 g<\/span>\n                <\/div>\n                                \n                                <div class=\"brewing-temperature\">\n                    <span class=\"brewing-label\">\n                        <img decoding=\"async\" src=\"https:\/\/www.inthemoodfortea.se\/wp-content\/uploads\/2026\/02\/temperature-low-solid-full.svg\" width=\"20\" height=\"20\" style=\"margin-right: 10px;\" alt=\"\" title=\"\">\n                        Temperatur                    <\/span>\n                    <span class=\"brewing-value\">90-95\u00b0C<\/span>\n                <\/div>\n                                \n                                <div class=\"brewing-time\">\n                    <span class=\"brewing-label\">\n                        <img decoding=\"async\" src=\"https:\/\/www.inthemoodfortea.se\/wp-content\/uploads\/2026\/02\/bell-solid-full.svg\" width=\"20\" height=\"20\" style=\"margin-right: 10px;\" alt=\"\" title=\"\">\n                        Br\u00fchzeit                    <\/span>\n                    <span class=\"brewing-value\">3-5 Minuten<\/span>\n                <\/div>\n                            <\/div>\n\n                        <div class=\"infusion-text-box\">\n                <div class=\"dropcap-wrapper\">\n                    <span class=\"dropcap\">H<\/span>\n                    <span style=\"color: #444444; font-size: 0.95em; display: block;\">\n                        imalayan Spring eignet sich gut f\u00fcr mehrere Aufg\u00fcsse. Der zweite Aufguss sollte kurz gehalten werden, da sich die Bl\u00e4tter bereits ge\u00f6ffnet haben und ihre Aromen freisetzen.                    <\/span>\n                <\/div>\n            <\/div>\n                    <\/div>\n\n            <\/div>\n    <\/p>","protected":false},"excerpt":{"rendered":"<p>Himalayan Spring \u00e4r ett First Flush-te fr\u00e5n den ansedda teg\u00e5rden Jun Chiyabari, bel\u00e4gen p\u00e5 samma h\u00f6ga altitud och terroir som de fr\u00e4msta g\u00e5rdarna i Darjeeling. Denna unika g\u00e5rd, som ligger p\u00e5 h\u00f6g h\u00f6jd, gynnas av ett klimat och en jordm\u00e5n som speglar Darjeelings f\u00f6rh\u00e5llanden och bidrar till att utveckla teer med en egen karakt\u00e4r. Himalayan [&hellip;]<\/p>\n","protected":false},"featured_media":5313,"template":"","meta":[],"product_brand":[],"product_cat":[141,131,154],"product_tag":[],"class_list":{"0":"post-5311","1":"product","2":"type-product","3":"status-publish","4":"has-post-thumbnail","6":"product_cat-ekologiskt-te","7":"product_cat-svart-te","8":"product_cat-te-fran-nepal","9":"_wholesalex wsx-wholesalex-product","11":"first","12":"instock","13":"taxable","14":"shipping-taxable","15":"purchasable","16":"product-type-variable"},"_links":{"self":[{"href":"https:\/\/www.inthemoodfortea.se\/de\/wp-json\/wp\/v2\/product\/5311","targetHints":{"allow":["GET"]}}],"collection":[{"href":"https:\/\/www.inthemoodfortea.se\/de\/wp-json\/wp\/v2\/product"}],"about":[{"href":"https:\/\/www.inthemoodfortea.se\/de\/wp-json\/wp\/v2\/types\/product"}],"wp:featuredmedia":[{"embeddable":true,"href":"https:\/\/www.inthemoodfortea.se\/de\/wp-json\/wp\/v2\/media\/5313"}],"wp:attachment":[{"href":"https:\/\/www.inthemoodfortea.se\/de\/wp-json\/wp\/v2\/media?parent=5311"}],"wp:term":[{"taxonomy":"product_brand","embeddable":true,"href":"https:\/\/www.inthemoodfortea.se\/de\/wp-json\/wp\/v2\/product_brand?post=5311"},{"taxonomy":"product_cat","embeddable":true,"href":"https:\/\/www.inthemoodfortea.se\/de\/wp-json\/wp\/v2\/product_cat?post=5311"},{"taxonomy":"product_tag","embeddable":true,"href":"https:\/\/www.inthemoodfortea.se\/de\/wp-json\/wp\/v2\/product_tag?post=5311"}],"curies":[{"name":"wp","href":"https:\/\/api.w.org\/{rel}","templated":true}]}}