{"id":5344,"date":"2018-03-13T17:06:15","date_gmt":"2018-03-13T17:06:15","guid":{"rendered":"https:\/\/itmft.flywheelsites.com\/?post_type=product&#038;p=5344"},"modified":"2026-03-14T19:29:52","modified_gmt":"2026-03-14T19:29:52","slug":"long-jing-superfine","status":"publish","type":"product","link":"https:\/\/www.inthemoodfortea.se\/de\/long-jing-superfine\/","title":{"rendered":"Long Jing Superfein"},"content":{"rendered":"<p>Dieser hochwertige Long Jing (Lung Ching) ist ein gr\u00fcner Tee aus der Pr\u00e4fektur Hangzhou in Zhejiang. Long Jing, auch bekannt als Dragon Well, ist einer der ber\u00fchmtesten und wertvollsten Gr\u00fcntees der Welt und hat eine reiche Geschichte, die sich \u00fcber Jahrhunderte erstreckt und tief in der chinesischen Kultur und Tradition verwurzelt ist.<br \/>\nLong-Jing-Tee ist bekannt f\u00fcr seine flachen, smaragdgr\u00fcnen Bl\u00e4tter, die sorgf\u00e4ltig von Hand gepfl\u00fcckt und verarbeitet werden, um ihre einzigartige Form und Qualit\u00e4t zu bewahren. Beim Aufbr\u00fchen verstr\u00f6men die Teebl\u00e4tter ein mildes, nussiges Aroma und einen s\u00fc\u00dfen, grasigen Geschmack mit Noten von Kastanien. Sein eleganter und ausgewogener Geschmack macht ihn zu einem perfekten Tee f\u00fcr alle, die ein subtiles und raffiniertes Erlebnis suchen.<br \/>\nDie Herstellung von Long Jing ist eine Kunst f\u00fcr sich. Die Bl\u00e4tter werden im zeitigen Fr\u00fchjahr geerntet, wenn sie am zartesten und aromatischsten sind. Nach der Ernte werden die Bl\u00e4tter einem sorgf\u00e4ltigen R\u00f6stprozess in Woks unterzogen, wo sie mit \u00fcber Generationen weitergegebenem Fachwissen geformt und getrocknet werden. Dieser sorgf\u00e4ltige Prozess stellt sicher, dass jede Tasse Long Jing Reinheit und Qualit\u00e4t aufweist.<br \/>\nNeben seinem k\u00f6stlichen Geschmack ist Long Jing-Tee auch f\u00fcr seine gesundheitlichen Vorteile bekannt. Es ist reich an Antioxidantien, insbesondere Katechinen, die dabei helfen, freie Radikale im K\u00f6rper zu bek\u00e4mpfen. Die Teefarm betreibt nachhaltige Landwirtschaft und verwendet weder Pestizide noch Kunstd\u00fcnger.<br \/>\nAndere Namen: Drachenbrunnen, Lung Ching. Herkunft: Pr\u00e4fektur Hangzhou, Zhejiang. Ernte: Fr\u00fchjahr 2025<br \/>\n    <style>\n        @keyframes teaSpinIn {\n            0% { opacity: 0; transform: translateY(30px) rotateX(-20deg) rotateY(10deg); }\n            100% { opacity: 1; transform: translateY(0) rotateX(0) rotateY(0); }\n        }\n        .tea-info-wrapper { \n            display: flex; flex-wrap: wrap; align-items: flex-start; margin: 50px auto 30px auto; \n            max-width: 450px; font-family: ct_font_contax-regular, sans-serif;\n            perspective: 1200px;\n        }\n        .tea-params-column { \n            flex: 1; min-width: 280px; padding: 0 25px 0 0; box-sizing: border-box; \n            animation: teaSpinIn 0.8s cubic-bezier(0.2, 0.8, 0.2, 1) forwards;\n        }\n        .tea-chart-column { \n            flex: 0 0 350px; max-width: 350px; padding: 0; box-sizing: border-box; \n            margin-top: -40px; margin-left: 20px; \n            animation: teaSpinIn 1s cubic-bezier(0.2, 0.8, 0.2, 1) 0.2s forwards; opacity: 0;\n        }\n        .tea-top-divider { width: 100%; height: 1px; background-color: #eeeeee; margin-bottom: 25px; }\n        .tea-divider { width: 1px; align-self: stretch; background-color: #eeeeee; margin: 0 0 20px 0; flex-shrink: 0; }\n        .brewing-row { display: flex; justify-content: space-between; align-items: center; padding: 12px 0; border-bottom: 1px solid #eeeeee; }\n        .brewing-label { color: #333333; font-weight: 500; display: flex; align-items: center; font-size: 0.92em; }\n        .brewing-value { font-weight: normal; color: #000000; font-size: 0.92em; text-align: right; margin-left: 15px; text-transform: none !important; }\n        .infusion-text-box { margin-top: 20px; background-color: #f9f9f9; padding: 22px 0; border-radius: 4px; width: 100%; }\n        .dropcap-wrapper { padding: 0; line-height: 1.6; }\n        .dropcap { float: left; font-size: 3.2em; line-height: 0.8; margin-right: 12px; color: #333; font-family: 'Cinzel Decorative', Georgia, serif; }\n        @media (max-width: 768px) { \n            .tea-info-wrapper { flex-direction: column; align-items: center; max-width: 100%; margin-top: 30px; } \n            .tea-params-column { width: 100%; padding: 0; order: 1; animation-delay: 0s; } \n            .tea-divider { display: none; } \n            .tea-chart-column { width: 100%; max-width: 320px; padding: 30px 0 0 0; order: 3; margin: 0 auto; animation-delay: 0.1s; } \n        }\n    <\/style>\n\n    <div class=\"tea-info-wrapper\">\n        <div class=\"tea-top-divider\"><\/div>\n        <div class=\"tea-params-column\">\n            <div class=\"brewing-method\">\n                                <div class=\"brewing-row\">\n                    <span class=\"brewing-label\">\n                        <img decoding=\"async\" src=\"\/wp-content\/uploads\/2026\/02\/leaf-solid-full.svg\" width=\"19\" height=\"19\" style=\"margin-right: 10px;\" alt=\"\" title=\"\">\n                        Dosierung \/ 250 ml                    <\/span>\n                    <span class=\"brewing-value\">2,5-3 g<\/span>\n                <\/div>\n                                                <div class=\"brewing-row\">\n                    <span class=\"brewing-label\">\n                        <img decoding=\"async\" src=\"\/wp-content\/uploads\/2026\/02\/temperature-low-solid-full.svg\" width=\"19\" height=\"19\" style=\"margin-right: 10px;\" alt=\"\" title=\"\">\n                        Temperatur                    <\/span>\n                    <span class=\"brewing-value\">70-80\u00b0C<\/span>\n                <\/div>\n                                                <div class=\"brewing-row\">\n                    <span class=\"brewing-label\">\n                        <img decoding=\"async\" src=\"\/wp-content\/uploads\/2026\/02\/bell-solid-full.svg\" width=\"19\" height=\"19\" style=\"margin-right: 10px;\" alt=\"\" title=\"\">\n                        Infusion                    <\/span>\n                    <span class=\"brewing-value\">2-3 Minuten<\/span>\n                <\/div>\n                                            <\/div>\n\n                        <div class=\"infusion-text-box\">\n                <div class=\"dropcap-wrapper\">\n                    <span class=\"dropcap\">L<\/span>\n                    <span style=\"color: #444444; font-size: 0.92em; display: block;\">\n                        ong Jing Superfine eignet sich gut f\u00fcr mehrere Aufg\u00fcsse. Der zweite Aufguss wird am besten kurz gehalten, da sich die Bl\u00e4tter bereits ge\u00f6ffnet haben und ihre Aromen freisetzen.                    <\/span>\n                <\/div>\n            <\/div>\n                    <\/div>\n\n            <\/div>\n    <\/p>","protected":false},"excerpt":{"rendered":"<p>Denna h\u00f6ga kvalitet av Long Jing (Lung Ching) \u00e4r ett gr\u00f6nt te fr\u00e5n prefekturen Hangzhou i Zhejiang. Long Jing, \u00e4ven k\u00e4nd som Dragon Well, \u00e4r ett av v\u00e4rldens mest ber\u00f6mda och uppskattade gr\u00f6na teer och har en rik historia som str\u00e4cker sig \u00f6ver \u00e5rhundraden och \u00e4r djupt rotad i kinesisk kultur och tradition. Long Jing-te [&hellip;]<\/p>\n","protected":false},"featured_media":10279,"template":"","meta":[],"product_brand":[],"product_cat":[138,153],"product_tag":[],"class_list":{"0":"post-5344","1":"product","2":"type-product","3":"status-publish","4":"has-post-thumbnail","6":"product_cat-gront-te","7":"product_cat-kinesiskt-te","8":"_wholesalex wsx-wholesalex-product","10":"first","11":"outofstock","12":"taxable","13":"shipping-taxable","14":"purchasable","15":"product-type-variable"},"_links":{"self":[{"href":"https:\/\/www.inthemoodfortea.se\/de\/wp-json\/wp\/v2\/product\/5344","targetHints":{"allow":["GET"]}}],"collection":[{"href":"https:\/\/www.inthemoodfortea.se\/de\/wp-json\/wp\/v2\/product"}],"about":[{"href":"https:\/\/www.inthemoodfortea.se\/de\/wp-json\/wp\/v2\/types\/product"}],"wp:featuredmedia":[{"embeddable":true,"href":"https:\/\/www.inthemoodfortea.se\/de\/wp-json\/wp\/v2\/media\/10279"}],"wp:attachment":[{"href":"https:\/\/www.inthemoodfortea.se\/de\/wp-json\/wp\/v2\/media?parent=5344"}],"wp:term":[{"taxonomy":"product_brand","embeddable":true,"href":"https:\/\/www.inthemoodfortea.se\/de\/wp-json\/wp\/v2\/product_brand?post=5344"},{"taxonomy":"product_cat","embeddable":true,"href":"https:\/\/www.inthemoodfortea.se\/de\/wp-json\/wp\/v2\/product_cat?post=5344"},{"taxonomy":"product_tag","embeddable":true,"href":"https:\/\/www.inthemoodfortea.se\/de\/wp-json\/wp\/v2\/product_tag?post=5344"}],"curies":[{"name":"wp","href":"https:\/\/api.w.org\/{rel}","templated":true}]}}