{"id":5400,"date":"2018-03-14T07:46:55","date_gmt":"2018-03-14T07:46:55","guid":{"rendered":"https:\/\/itmft.flywheelsites.com\/?post_type=product&#038;p=5400"},"modified":"2026-03-14T19:29:43","modified_gmt":"2026-03-14T19:29:43","slug":"tian-mu-tips","status":"publish","type":"product","link":"https:\/\/www.inthemoodfortea.se\/de\/tian-mu-tips\/","title":{"rendered":"Tian Mu-Tipps"},"content":{"rendered":"<p><em>Tian Mu-Tipps<\/em> ist ein exklusiver Gr\u00fcntee aus der malerischen Provinz Zhejiang in China, wo der Tee im zeitigen Fr\u00fchjahr auf den sorgf\u00e4ltig gepflegten Plantagen auf dem Berg Tian Mu geerntet wird. Die olivgr\u00fcnen Teebl\u00e4tter sorgen f\u00fcr einen hellen und klaren Aufguss mit einem frischen gr\u00fcnen Geschmack. Der Geschmack ist zart und subtil mit Noten von frisch gepfl\u00fccktem Spargel und Zuckerschoten, die ein erfrischendes Gef\u00fchl des Gr\u00fcns des Fr\u00fchlings vermitteln.<br \/>\nDer Tee stammt von einer Farm, die nachhaltigen und biologischen Landbau betreibt, wo keine Pestizide oder Kunstd\u00fcnger verwendet werden. Das bedeutet, dass jede Tasse nicht nur ein reines und nat\u00fcrliches Geschmackserlebnis bietet, sondern auch, dass die Produktion einen Beitrag zum Schutz der Umwelt und zum Erhalt lokaler \u00d6kosysteme leistet. Die Farm hat ihre Anbaumethoden sorgf\u00e4ltig ausgew\u00e4hlt, um eine langfristige und verantwortungsvolle Produktion zu f\u00f6rdern, die sowohl die Natur als auch die reiche Geschichte des Tees respektiert.<br \/>\nDer leichte, erfrischende Geschmack von <em>Tian Mu-Tipps<\/em> Dies macht ihn zur perfekten Wahl sowohl f\u00fcr Teeliebhaber als auch f\u00fcr Anf\u00e4nger, die ein elegantes und nat\u00fcrliches Getr\u00e4nk suchen, das sie den ganzen Tag \u00fcber genie\u00dfen k\u00f6nnen.<br \/>\n    <style>\n        .tea-info-wrapper { display: flex; flex-wrap: wrap; align-items: flex-start; margin: 40px 0; max-width: 500px; font-family: ct_font_contax-regular, sans-serif; }\n        .tea-params-column { flex: 1; min-width: 300px; padding: 0 30px 30px 0; box-sizing: border-box; }\n        .tea-divider { width: 1px; align-self: stretch; background-color: #eeeeee; margin: 20px 0; flex-shrink: 0; }\n        .tea-chart-column { flex: 0 0 380px; max-width: 380px; padding: 20px; box-sizing: border-box; }\n        .brewing-measurement, .brewing-temperature, .brewing-time { display: flex; justify-content: space-between; align-items: center; padding: 12px 0; border-bottom: 1px solid #eeeeee; }\n        .brewing-label { color: #333333; font-weight: 500; display: flex; align-items: center; }\n        .brewing-value { font-weight: normal; color: #000000; }\n        .infusion-text-box { margin-top: 25px; background-color: #f9f9f9; padding: 20px 0; border-radius: 4px; }\n        .dropcap-wrapper { padding: 0 2px; line-height: 1.6; }\n        .dropcap { float: left; font-size: 3.0em; line-height: 0.8; margin-right: 10px; color: #333; font-family: 'Cinzel Decorative', Georgia, serif; }\n        .tp-hidden-dictionary { display: none !important; visibility: hidden; }\n        @media (max-width: 768px) { .tea-info-wrapper { flex-direction: column; max-width: 100% !important; } .tea-params-column { width: 100%; padding: 20px; order: 1; } .tea-divider { width: 80%; height: 1px; margin: 10px auto; background-color: #eeeeee; order: 2; } .tea-chart-column { width: 100%; max-width: 360px; padding: 10px; order: 3; } }\n    <\/style>\n    \n    <div class=\"tea-info-wrapper\">\n        <div class=\"tp-hidden-dictionary\">\n                            <span>70-80\u00b0C<\/span>\n                            <span>2-3 Minuten<\/span>\n                            <span>2,5-3 g<\/span>\n                            <span>250 ml<\/span>\n                    <\/div>\n\n        <div class=\"tea-params-column\">\n            <div class=\"brewing-method\">\n                                <div class=\"brewing-measurement\">\n                    <span class=\"brewing-label\">\n                        <img decoding=\"async\" src=\"https:\/\/www.inthemoodfortea.se\/wp-content\/uploads\/2026\/02\/leaf-solid-full.svg\" width=\"20\" height=\"20\" style=\"margin-right: 10px;\" alt=\"\" title=\"\">\n                        Menge \/ 250 ml                    <\/span>\n                    <span class=\"brewing-value\">2,5-3 g<\/span>\n                <\/div>\n                                \n                                <div class=\"brewing-temperature\">\n                    <span class=\"brewing-label\">\n                        <img decoding=\"async\" src=\"https:\/\/www.inthemoodfortea.se\/wp-content\/uploads\/2026\/02\/temperature-low-solid-full.svg\" width=\"20\" height=\"20\" style=\"margin-right: 10px;\" alt=\"\" title=\"\">\n                        Temperatur                    <\/span>\n                    <span class=\"brewing-value\">70-80\u00b0C<\/span>\n                <\/div>\n                                \n                                <div class=\"brewing-time\">\n                    <span class=\"brewing-label\">\n                        <img decoding=\"async\" src=\"https:\/\/www.inthemoodfortea.se\/wp-content\/uploads\/2026\/02\/bell-solid-full.svg\" width=\"20\" height=\"20\" style=\"margin-right: 10px;\" alt=\"\" title=\"\">\n                        Br\u00fchzeit                    <\/span>\n                    <span class=\"brewing-value\">2-3 Minuten<\/span>\n                <\/div>\n                            <\/div>\n            \n                        <div class=\"infusion-text-box\">\n                <div class=\"dropcap-wrapper\">\n                    <span class=\"dropcap\">T<\/span>\n                    <span style=\"color: #444444; font-size: 0.95em; display: block;\">\n                        ian Mu Tips eignet sich gut f\u00fcr mehrere Aufg\u00fcsse. Der zweite Aufguss sollte kurz gehalten werden, da sich die Bl\u00e4tter bereits ge\u00f6ffnet haben und ihre Aromen freisetzen.                    <\/span>\n                <\/div>\n            <\/div>\n                    <\/div>\n\n            <\/div>\n    <\/p>","protected":false},"excerpt":{"rendered":"<p>Tian Mu Tips \u00e4r ett exklusivt gr\u00f6nt te fr\u00e5n den natursk\u00f6na Zhejiang-provinsen i Kina, d\u00e4r teet sk\u00f6rdas tidigt p\u00e5 v\u00e5ren fr\u00e5n de omsorgsfullt sk\u00f6tta odlingarna p\u00e5 berget Tian Mu. De olivgr\u00f6na tebladen ger en ljus och klar infusion med en frisk gr\u00f6n smak Smaken \u00e4r delikat och subtil med toner av nyplockad sparris och socker\u00e4rtor, [&hellip;]<\/p>\n","protected":false},"featured_media":8622,"template":"","meta":[],"product_brand":[],"product_cat":[138,153],"product_tag":[],"class_list":{"0":"post-5400","1":"product","2":"type-product","3":"status-publish","4":"has-post-thumbnail","6":"product_cat-gront-te","7":"product_cat-kinesiskt-te","8":"_wholesalex wsx-wholesalex-product","10":"first","11":"outofstock","12":"taxable","13":"shipping-taxable","14":"purchasable","15":"product-type-variable"},"_links":{"self":[{"href":"https:\/\/www.inthemoodfortea.se\/de\/wp-json\/wp\/v2\/product\/5400","targetHints":{"allow":["GET"]}}],"collection":[{"href":"https:\/\/www.inthemoodfortea.se\/de\/wp-json\/wp\/v2\/product"}],"about":[{"href":"https:\/\/www.inthemoodfortea.se\/de\/wp-json\/wp\/v2\/types\/product"}],"wp:featuredmedia":[{"embeddable":true,"href":"https:\/\/www.inthemoodfortea.se\/de\/wp-json\/wp\/v2\/media\/8622"}],"wp:attachment":[{"href":"https:\/\/www.inthemoodfortea.se\/de\/wp-json\/wp\/v2\/media?parent=5400"}],"wp:term":[{"taxonomy":"product_brand","embeddable":true,"href":"https:\/\/www.inthemoodfortea.se\/de\/wp-json\/wp\/v2\/product_brand?post=5400"},{"taxonomy":"product_cat","embeddable":true,"href":"https:\/\/www.inthemoodfortea.se\/de\/wp-json\/wp\/v2\/product_cat?post=5400"},{"taxonomy":"product_tag","embeddable":true,"href":"https:\/\/www.inthemoodfortea.se\/de\/wp-json\/wp\/v2\/product_tag?post=5400"}],"curies":[{"name":"wp","href":"https:\/\/api.w.org\/{rel}","templated":true}]}}