{"id":7117,"date":"2019-04-14T14:45:52","date_gmt":"2019-04-14T14:45:52","guid":{"rendered":"https:\/\/itmft.flywheelsites.com\/?post_type=product&#038;p=7117"},"modified":"2026-03-14T18:34:56","modified_gmt":"2026-03-14T18:34:56","slug":"bai-mu-dan-wang","status":"publish","type":"product","link":"https:\/\/www.inthemoodfortea.se\/de\/bai-mu-dan-wang\/","title":{"rendered":"Bai Mu Dan Wang"},"content":{"rendered":"<p>Bai Mu Dan Wang \u00e4r ett ekologiskt vitt te fr\u00e5n Fuding, ett av de fem omr\u00e5den i norra Fujian-provinsen som \u00e4r ursprungsplatsen f\u00f6r vitt te, och teet \u00e4r gjort p\u00e5 den traditionella underarten Da Bai Hao. Plockningen f\u00f6r denna kvalitet best\u00e5r av knopp och tv\u00e5 blad, vilka sk\u00f6rdas f\u00f6r hand under tidig v\u00e5r runt tiden f\u00f6r Qing Ming-festivalen. Eftersom vitt te \u00e4r det minst behandlade av alla typer av te f\u00e5r terroir och plockning proportionellt s\u00e4tt en st\u00f6rre inverkan p\u00e5 det f\u00e4rdiga teet. De silvriga knopparna och de m\u00f6rkgr\u00f6na bladen ger en klar infusion med mjuka n\u00f6tiga toner, en l\u00e4tt fruktighet och en ren och klar smak.<\/p>\n<p>Andra namn: Yunnan Bai Mu Dan. Ursprung: Simao, Yunnan.<\/p>\n<ul>\n<li>70-80 c<\/li>\n<li>2-3 gram<\/li>\n<li>200ml<\/li>\n<li>2-3 min<\/li>\n<\/ul>\n    \n    <style>\n        @media (max-width: 768px) {\n            .infusion-guide ul {\n                text-align: left !important;\n                margin-left: 20px !important;\n                padding-left: 0 !important;\n            }\n            \n            .infusion-guide li {\n                text-align: left !important;\n            }\n        }\n        \n        .dropcap-wrapper {\n            overflow: hidden;\n        }\n        \n        .dropcap {\n            float: left;\n            font-size: 3.0em;\n            line-height: 0.8;\n            margin-right: 6px;\n            font-weight: 400;\n            color: #333333;\n            font-family: 'Cinzel Decorative', Georgia, serif;\n        }\n        \n        \/* Mobil - \u00f6kad marginal till kanterna *\/\n        @media (max-width: 768px) {\n            .brewing-container {\n                max-width: calc(100% - 30px) !important; \/* \u00d6kad marginal *\/\n                margin-left: 15px !important;\n                margin-right: 15px !important;\n                padding: 12px !important;\n                width: calc(100% - 30px) !important;\n                border: 1px solid #cccccc; \/* Beh\u00e5ller ramen *\/\n            }\n            \n            .brewing-header {\n                margin-bottom: 8px;\n                padding-bottom: 4px;\n            }\n            \n            .brewing-title {\n                font-size: 20px;\n            }\n            \n            .brewing-measurement,\n            .brewing-temperature,\n            .brewing-time {\n                padding: 3px 0;\n            }\n            \n            .brewing-label img {\n                width: 16px;\n                height: 16px;\n                margin-right: 5px !important;\n            }\n            \n            .dropcap {\n                font-size: 3em;\n                margin-right: 3px;\n            }\n            \n            [style*=\"background-color: #f9f9f9\"] {\n                padding: 8px 10px !important;\n                margin-top: 8px !important;\n            }\n            \n            [style*=\"border-top: 1px solid #dddddd\"] {\n                margin-top: 12px !important;\n                padding-top: 6px !important;\n            }\n        }\n        \n        \/* Desktop - lite mindre marginal *\/\n        @media (min-width: 769px) {\n            .brewing-container {\n                padding: 14px 16px;\n            }\n            \n            [style*=\"background-color: #f9f9f9\"] {\n                padding: 12px !important;\n            }\n        }\n    <\/style>\n    \n    <div style=\"width: 100%; margin-top: 60px;\">\n        <div class=\"brewing-container\" style=\"margin-left: auto; margin-right: auto;\">\n            <div class=\"brewing-header\">\n                <h2 class=\"brewing-title\">Infusion<\/h2>\n            <\/div>\n            \n            <div class=\"brewing-method\">\n                                <div class=\"brewing-measurement\">\n                    <span class=\"brewing-label\">\n                        <img decoding=\"async\" src=\"https:\/\/www.inthemoodfortea.se\/wp-content\/uploads\/2026\/02\/leaf-solid-full.svg\" alt=\"Dosering\" width=\"20\" height=\"20\" style=\"margin-right: 8px; display: inline-block; vertical-align: middle;\" title=\"\">\n                        M\u00e4ngd \/ 250 ml                    <\/span>\n                    <span class=\"brewing-value\">2,5-3 g<\/span>\n                <\/div>\n                                \n                                <div class=\"brewing-temperature\">\n                    <span class=\"brewing-label\">\n                        <img decoding=\"async\" src=\"https:\/\/www.inthemoodfortea.se\/wp-content\/uploads\/2026\/02\/temperature-low-solid-full.svg\" alt=\"Temperatur\" width=\"20\" height=\"20\" style=\"margin-right: 8px; display: inline-block; vertical-align: middle;\" title=\"\">\n                        Temperatur                    <\/span>\n                    <span class=\"brewing-value\">70-80\u00b0C<\/span>\n                <\/div>\n                                \n                                <div class=\"brewing-time\">\n                    <span class=\"brewing-label\">\n                        <img decoding=\"async\" src=\"https:\/\/www.inthemoodfortea.se\/wp-content\/uploads\/2026\/02\/bell-solid-full.svg\" alt=\"Infusion 1\" width=\"20\" height=\"20\" style=\"margin-right: 8px; display: inline-block; vertical-align: middle;\" title=\"\">\n                        Infusion                    <\/span>\n                    <span class=\"brewing-value\">2-3 minuter<\/span>\n                <\/div>\n                            <\/div>\n            \n                        <div style=\"margin-top: 16px; padding-top: 10px; border-top: 1px solid #dddddd;\">\n                <div style=\"background-color: #f9f9f9; padding: 12px; border-radius: 6px;\">\n                    <div class=\"dropcap-wrapper\">\n                        <span class=\"dropcap\">B<\/span>\n                        <span style=\"line-height: 1.5; color: #444444; font-size: 0.95em;\">ai Mu Dan Wang l\u00e4mpar sig v\u00e4l f\u00f6r flera infusioner. Den andra bryggningen h\u00e5lls med f\u00f6rdel kort, d\u00e5 bladen redan har b\u00f6rjat \u00f6ppna sig och frig\u00f6ra sina aromer. De f\u00f6ljande infusionerna f\u00e5r d\u00e4remot g\u00e4rna vila n\u00e5got l\u00e4ngre, s\u00e5 att smakerna f\u00f6rdjupas och nyanserna tr\u00e4der fram. F\u00f6r m\u00e5nga teer r\u00e4cker tv\u00e5 till tre infusioner med ovan n\u00e4mnda parametrar, men vissa forts\u00e4tter att ge, kopp efter kopp.<\/span>\n                    <\/div>\n                <\/div>\n            <\/div>\n                    <\/div>\n    <\/div>\n    \n    <style>\n        .brewing-container {\n            max-width: 500px;\n            border: 1px solid #cccccc;\n            border-radius: 8px;\n            padding: 16px 18px;\n            font-family: ct_font_contax-regular, sans-serif;\n            background-color: transparent;\n            margin-bottom: 20px;\n        }\n        \n        .brewing-header {\n            margin-bottom: 12px;\n            padding-bottom: 6px;\n            border-bottom: 1px solid #dddddd;\n        }\n        \n        .brewing-title {\n            margin: 0;\n            font-size: 24px;\n            color: #333333;\n            text-align: center;\n            letter-spacing: 0.4px;\n            font-weight: 400;\n            line-height: 1.3;\n            word-wrap: break-word;\n        }\n        \n        .brewing-measurement,\n        .brewing-temperature,\n        .brewing-time {\n            display: flex;\n            justify-content: space-between;\n            align-items: center;\n            padding: 5px 0;\n            border-bottom: 1px solid #dddddd;\n        }\n        \n        .brewing-time:last-child {\n            border-bottom: none;\n        }\n        \n        .brewing-label {\n            color: #333333;\n            font-weight: 500;\n            display: flex;\n            align-items: center;\n        }\n        \n        .brewing-value {\n            font-weight: normal;\n            color: #000000;\n        }\n    <\/style>\n    \n    \n","protected":false},"excerpt":{"rendered":"<p>Bai Mu Dan Wang \u00e4r ett ekologiskt vitt te fr\u00e5n Fuding, ett av de fem omr\u00e5den i norra Fujian-provinsen som \u00e4r ursprungsplatsen f\u00f6r vitt te, och teet \u00e4r gjort p\u00e5 den traditionella underarten Da Bai Hao. Plockningen f\u00f6r denna kvalitet best\u00e5r av knopp och tv\u00e5 blad, vilka sk\u00f6rdas f\u00f6r hand under tidig v\u00e5r runt tiden [&hellip;]<\/p>\n","protected":false},"featured_media":5461,"template":"","meta":[],"product_brand":[],"product_cat":[141,153,140],"product_tag":[],"class_list":{"0":"post-7117","1":"product","2":"type-product","3":"status-publish","4":"has-post-thumbnail","6":"product_cat-ekologiskt-te","7":"product_cat-kinesiskt-te","8":"product_cat-vitt-te","9":"_wholesalex wsx-wholesalex-product","11":"first","12":"outofstock","13":"taxable","14":"shipping-taxable","15":"purchasable","16":"product-type-variable"},"_links":{"self":[{"href":"https:\/\/www.inthemoodfortea.se\/de\/wp-json\/wp\/v2\/product\/7117","targetHints":{"allow":["GET"]}}],"collection":[{"href":"https:\/\/www.inthemoodfortea.se\/de\/wp-json\/wp\/v2\/product"}],"about":[{"href":"https:\/\/www.inthemoodfortea.se\/de\/wp-json\/wp\/v2\/types\/product"}],"wp:featuredmedia":[{"embeddable":true,"href":"https:\/\/www.inthemoodfortea.se\/de\/wp-json\/wp\/v2\/media\/5461"}],"wp:attachment":[{"href":"https:\/\/www.inthemoodfortea.se\/de\/wp-json\/wp\/v2\/media?parent=7117"}],"wp:term":[{"taxonomy":"product_brand","embeddable":true,"href":"https:\/\/www.inthemoodfortea.se\/de\/wp-json\/wp\/v2\/product_brand?post=7117"},{"taxonomy":"product_cat","embeddable":true,"href":"https:\/\/www.inthemoodfortea.se\/de\/wp-json\/wp\/v2\/product_cat?post=7117"},{"taxonomy":"product_tag","embeddable":true,"href":"https:\/\/www.inthemoodfortea.se\/de\/wp-json\/wp\/v2\/product_tag?post=7117"}],"curies":[{"name":"wp","href":"https:\/\/api.w.org\/{rel}","templated":true}]}}