{"id":4057,"date":"2018-11-26T13:29:28","date_gmt":"2018-11-26T12:29:28","guid":{"rendered":"http:\/\/astraclean.inthemoodfortea.se\/?page_id=2"},"modified":"2026-03-04T09:02:01","modified_gmt":"2026-03-04T09:02:01","slug":"about-us","status":"publish","type":"page","link":"https:\/\/www.inthemoodfortea.se\/en\/om-oss\/","title":{"rendered":"About us"},"content":{"rendered":"<style>.kb-row-layout-id4057_39f26a-ea > .kt-row-column-wrap{align-content:center;}:where(.kb-row-layout-id4057_39f26a-ea > .kt-row-column-wrap) > .wp-block-kadence-column{justify-content:center;}.kb-row-layout-id4057_39f26a-ea > .kt-row-column-wrap{column-gap:var(--global-kb-gap-lg, 4rem);row-gap:var(--global-kb-gap-none, 0rem );max-width:1140px;margin-left:auto;margin-right:auto;padding-top:40px;padding-right:0px;padding-bottom:70px;padding-left:0px;grid-template-columns:minmax(0, calc(47.5% - ((var(--global-kb-gap-lg, 4rem) * 1 )\/2)))minmax(0, calc(52.5% - ((var(--global-kb-gap-lg, 4rem) * 1 )\/2)));}.kb-row-layout-id4057_39f26a-ea{background-color:rgba(255,255,255,0);}.kb-row-layout-id4057_39f26a-ea > .kt-row-layout-overlay{opacity:0.04;}@media all and (max-width: 1024px){.kb-row-layout-id4057_39f26a-ea > .kt-row-column-wrap{max-width:700px;margin-left:auto;margin-right:auto;padding-top:0px;padding-right:0px;padding-bottom:80px;padding-left:0px;grid-template-columns:minmax(0, 1fr);}}@media all and (max-width: 767px){.kb-row-layout-id4057_39f26a-ea > .kt-row-column-wrap{padding-top:0px;padding-right:15px;padding-bottom:60px;padding-left:15px;grid-template-columns:minmax(0, 1fr);}}<\/style><div class=\"kb-row-layout-wrap kb-row-layout-id4057_39f26a-ea alignfull kt-row-has-bg wp-block-kadence-rowlayout\"><div class=\"kt-row-column-wrap kt-has-2-columns kt-row-layout-equal kt-tab-layout-row kt-mobile-layout-row kt-row-valign-middle\">\n<style>.kadence-column4057_e67303-f0 > .kt-inside-inner-col,.kadence-column4057_e67303-f0 > .kt-inside-inner-col:before{border-top-left-radius:5px;border-top-right-radius:5px;border-bottom-right-radius:5px;border-bottom-left-radius:5px;}.kadence-column4057_e67303-f0 > .kt-inside-inner-col{column-gap:var(--global-kb-gap-sm, 1rem);}.kadence-column4057_e67303-f0 > .kt-inside-inner-col{flex-direction:column;}.kadence-column4057_e67303-f0 > .kt-inside-inner-col > .aligncenter{width:100%;}.kadence-column4057_e67303-f0 > .kt-inside-inner-col{background-image:url('https:\/\/www.inthemoodfortea.se\/wp-content\/uploads\/2024\/10\/In-the-Mood_Ute-2.jpg');background-size:cover;background-position:86% 42%;background-attachment:scroll;background-repeat:no-repeat;}.kadence-column4057_e67303-f0 > .kt-inside-inner-col:before{opacity:0.3;}.kadence-column4057_e67303-f0{position:relative;}@media all and (max-width: 1024px){.kadence-column4057_e67303-f0 > .kt-inside-inner-col{flex-direction:column;justify-content:center;}}@media all and (max-width: 1024px){.kadence-column4057_e67303-f0, .kt-inside-inner-col > .kadence-column4057_e67303-f0:not(.specificity){margin-top:0px;margin-right:0px;margin-bottom:50px;margin-left:0px;}}@media all and (max-width: 767px){.kadence-column4057_e67303-f0 > .kt-inside-inner-col{flex-direction:column;justify-content:center;}.kadence-column4057_e67303-f0, .kt-inside-inner-col > .kadence-column4057_e67303-f0:not(.specificity){margin-top:40px;margin-right:0px;margin-bottom:50px;margin-left:0px;}}<\/style>\n<div class=\"wp-block-kadence-column kadence-column4057_e67303-f0 inner-column-2\"><div class=\"kt-inside-inner-col\"><style>.wp-block-kadence-image.kb-image4057_513e4e-eb{position:relative;z-index:-1;}.kb-image4057_513e4e-eb .kb-image-has-overlay:after{opacity:0.3;border-top-left-radius:7px;border-top-right-radius:7px;border-bottom-right-radius:7px;border-bottom-left-radius:7px;}.kb-image4057_513e4e-eb img.kb-img, .kb-image4057_513e4e-eb .kb-img img{border-top-left-radius:7px;border-top-right-radius:7px;border-bottom-right-radius:7px;border-bottom-left-radius:7px;}<\/style>\n<figure class=\"wp-block-kadence-image kb-image4057_513e4e-eb size-large kb-image-is-ratio-size\"><div class=\"kb-is-ratio-image kb-image-ratio-port34\"><img decoding=\"async\" src=\"https:\/\/www.inthemoodfortea.se\/wp-content\/uploads\/2023\/09\/Example-B-Roll-Image-819x1024-1.jpg\" alt=\"\" class=\"kb-img wp-image-46334\" title=\"\"><\/div><\/figure>\n<\/div><\/div>\n\n\n<style>.kadence-column4057_a4d55b-8d > .kt-inside-inner-col{padding-top:10px;padding-right:10px;padding-bottom:10px;padding-left:10px;}.kadence-column4057_a4d55b-8d > .kt-inside-inner-col,.kadence-column4057_a4d55b-8d > .kt-inside-inner-col:before{border-top-left-radius:0px;border-top-right-radius:0px;border-bottom-right-radius:0px;border-bottom-left-radius:0px;}.kadence-column4057_a4d55b-8d > .kt-inside-inner-col{column-gap:var(--global-kb-gap-sm, 1rem);}.kadence-column4057_a4d55b-8d > .kt-inside-inner-col{flex-direction:column;}.kadence-column4057_a4d55b-8d > .kt-inside-inner-col > .aligncenter{width:100%;}.kadence-column4057_a4d55b-8d > .kt-inside-inner-col:before{opacity:0.3;}.kadence-column4057_a4d55b-8d{position:relative;}@media all and (max-width: 1024px){.kadence-column4057_a4d55b-8d > .kt-inside-inner-col{flex-direction:column;justify-content:center;}}@media all and (max-width: 767px){.kadence-column4057_a4d55b-8d > .kt-inside-inner-col{flex-direction:column;justify-content:center;}}<\/style>\n<div class=\"wp-block-kadence-column kadence-column4057_a4d55b-8d inner-column-1\"><div class=\"kt-inside-inner-col\"><style>.wp-block-kadence-advancedheading.kt-adv-heading4057_ab9303-52, .wp-block-kadence-advancedheading.kt-adv-heading4057_ab9303-52[data-kb-block=\"kb-adv-heading4057_ab9303-52\"]{margin-top:-5px;margin-right:0px;margin-bottom:38.5px;margin-left:0px;font-size:var(--global-kb-font-size-xl, 3rem);line-height:10px;font-style:normal;font-family:'Homemade Apple';text-transform:none;color:var(--global-palette3, #1A202C);}.wp-block-kadence-advancedheading.kt-adv-heading4057_ab9303-52 mark.kt-highlight, .wp-block-kadence-advancedheading.kt-adv-heading4057_ab9303-52[data-kb-block=\"kb-adv-heading4057_ab9303-52\"] mark.kt-highlight{font-style:normal;color:#f76a0c;-webkit-box-decoration-break:clone;box-decoration-break:clone;padding-top:0px;padding-right:0px;padding-bottom:0px;padding-left:0px;}.wp-block-kadence-advancedheading.kt-adv-heading4057_ab9303-52 img.kb-inline-image, .wp-block-kadence-advancedheading.kt-adv-heading4057_ab9303-52[data-kb-block=\"kb-adv-heading4057_ab9303-52\"] img.kb-inline-image{width:150px;vertical-align:baseline;}@media all and (max-width: 1024px){.wp-block-kadence-advancedheading.kt-adv-heading4057_ab9303-52, .wp-block-kadence-advancedheading.kt-adv-heading4057_ab9303-52[data-kb-block=\"kb-adv-heading4057_ab9303-52\"]{margin-top:0px;text-align:center!important;}}<\/style>\n<h2 class=\"kt-adv-heading4057_ab9303-52 wp-block-kadence-advancedheading has-theme-palette-3-color has-text-color\" data-kb-block=\"kb-adv-heading4057_ab9303-52\">Om oss<\/h2>\n\n\n<style>.wp-block-kadence-advancedheading.kt-adv-heading4057_5cbb8a-fc, .wp-block-kadence-advancedheading.kt-adv-heading4057_5cbb8a-fc[data-kb-block=\"kb-adv-heading4057_5cbb8a-fc\"]{font-style:normal;font-family:Raleway;color:var(--global-palette5, #4A5568);}.wp-block-kadence-advancedheading.kt-adv-heading4057_5cbb8a-fc mark.kt-highlight, .wp-block-kadence-advancedheading.kt-adv-heading4057_5cbb8a-fc[data-kb-block=\"kb-adv-heading4057_5cbb8a-fc\"] mark.kt-highlight{font-style:normal;color:#f76a0c;-webkit-box-decoration-break:clone;box-decoration-break:clone;padding-top:0px;padding-right:0px;padding-bottom:0px;padding-left:0px;}.wp-block-kadence-advancedheading.kt-adv-heading4057_5cbb8a-fc img.kb-inline-image, .wp-block-kadence-advancedheading.kt-adv-heading4057_5cbb8a-fc[data-kb-block=\"kb-adv-heading4057_5cbb8a-fc\"] img.kb-inline-image{width:150px;vertical-align:baseline;}@media all and (max-width: 1024px){.wp-block-kadence-advancedheading.kt-adv-heading4057_5cbb8a-fc, .wp-block-kadence-advancedheading.kt-adv-heading4057_5cbb8a-fc[data-kb-block=\"kb-adv-heading4057_5cbb8a-fc\"]{margin-top:0px;text-align:center!important;}}<\/style>\n<p class=\"kt-adv-heading4057_5cbb8a-fc wp-block-kadence-advancedheading has-theme-palette-5-color has-text-color\" data-kb-block=\"kb-adv-heading4057_5cbb8a-fc\">Vi str\u00e4var efter att erbjuda teer av h\u00f6gsta kvalitet fr\u00e5n n\u00e5gra av v\u00e4rldens mest v\u00e4lk\u00e4nda tetraditioner. Genom n\u00e4ra samarbeten med noggrant utvalda g\u00e5rdar och producenter s\u00e4kerst\u00e4ller vi en h\u00e5llbar odling och kompromissl\u00f6s kvalitet. V\u00e5rt sortiment best\u00e5r av teer som personligen selekterats med omsorg, d\u00e4r varje blad representerar v\u00e5r str\u00e4van efter det b\u00e4sta. Smakupplevelserna \u00e4r livfulla, rena och l\u00e5nga i munnen \u2013 egenskaper som vi bevarar med varsam hantering.<br><br>Sedan starten har vi valt att l\u00e5ta v\u00e5ra teer tala f\u00f6r sig sj\u00e4lva, snarare \u00e4n att f\u00f6rlita oss p\u00e5 marknadsf\u00f6ringens \u00f6verord. Vi \u00e4r tacksamma f\u00f6r det f\u00f6rtroende och den uppskattning vi m\u00f6ter fr\u00e5n en st\u00e4ndigt v\u00e4xande skara tedrickare som v\u00e4rdes\u00e4tter hantverket bakom varje sk\u00f6rd.<br><br>In the Mood for Tea drivs av Jonas Almberg och Sofia Roger. Verksamheten vilar p\u00e5 en familjetradition som str\u00e4cker sig tillbaka till Jonas morfars morfar \u2013 en tehandlare under slutet av Qing-dynastin. Med r\u00f6tter i Hongkong och en uppv\u00e4xt pr\u00e4glad av sin mors kinesiska arv, b\u00e4r Jonas med sig en historia av te som forts\u00e4tter att inspirera v\u00e5rt arbete och v\u00e5r selektering \u00e4n idag.<\/p>\n<\/div><\/div>\n\n<\/div><\/div>","protected":false},"excerpt":{"rendered":"<p>Om oss Vi str\u00e4var efter att erbjuda teer av h\u00f6gsta kvalitet fr\u00e5n n\u00e5gra av v\u00e4rldens mest v\u00e4lk\u00e4nda tetraditioner. Genom n\u00e4ra samarbeten med noggrant utvalda g\u00e5rdar och producenter s\u00e4kerst\u00e4ller vi en h\u00e5llbar odling och kompromissl\u00f6s kvalitet. V\u00e5rt sortiment best\u00e5r av teer som personligen selekterats med omsorg, d\u00e4r varje blad representerar v\u00e5r str\u00e4van efter det b\u00e4sta. Smakupplevelserna [&hellip;]<\/p>\n","protected":false},"author":1,"featured_media":0,"parent":0,"menu_order":0,"comment_status":"open","ping_status":"open","template":"","meta":{"footnotes":""},"class_list":["post-4057","page","type-page","status-publish","hentry","_wholesalex wsx-wholesalex-product"],"blocksy_meta":{"styles_descriptor":{"styles":{"desktop":"","tablet":"","mobile":""},"google_fonts":[]}},"_links":{"self":[{"href":"https:\/\/www.inthemoodfortea.se\/en\/wp-json\/wp\/v2\/pages\/4057","targetHints":{"allow":["GET"]}}],"collection":[{"href":"https:\/\/www.inthemoodfortea.se\/en\/wp-json\/wp\/v2\/pages"}],"about":[{"href":"https:\/\/www.inthemoodfortea.se\/en\/wp-json\/wp\/v2\/types\/page"}],"author":[{"embeddable":true,"href":"https:\/\/www.inthemoodfortea.se\/en\/wp-json\/wp\/v2\/users\/1"}],"replies":[{"embeddable":true,"href":"https:\/\/www.inthemoodfortea.se\/en\/wp-json\/wp\/v2\/comments?post=4057"}],"version-history":[{"count":5,"href":"https:\/\/www.inthemoodfortea.se\/en\/wp-json\/wp\/v2\/pages\/4057\/revisions"}],"predecessor-version":[{"id":62639,"href":"https:\/\/www.inthemoodfortea.se\/en\/wp-json\/wp\/v2\/pages\/4057\/revisions\/62639"}],"wp:attachment":[{"href":"https:\/\/www.inthemoodfortea.se\/en\/wp-json\/wp\/v2\/media?parent=4057"}],"curies":[{"name":"wp","href":"https:\/\/api.w.org\/{rel}","templated":true}]}}