{"id":42942,"date":"2022-09-27T13:37:51","date_gmt":"2022-09-27T13:37:51","guid":{"rendered":"https:\/\/www.inthemoodfortea.se\/?post_type=product&#038;p=42942"},"modified":"2026-05-03T07:29:11","modified_gmt":"2026-05-03T07:29:11","slug":"assam-chardwar-fbop-tippy","status":"publish","type":"product","link":"https:\/\/www.inthemoodfortea.se\/en\/assam-chardwar-fbop-tippy\/","title":{"rendered":"Assam Chardwar FBOP Tippy"},"content":{"rendered":"<p>The tea aromas are characterised by subtle notes of dark chocolate, which interact with the characteristic maltiness of Assam teas, making this an ideal cup for the morning. The orthodox method of production used at Chardwar - as opposed to the more common CTC method - gives the tea a more complex and rounded character, allowing the flavours to develop into a smooth and balanced experience.<br \/>\nAssam tea from Chardwar is a perfect choice for those looking for a robust and flavoursome breakfast tea.<br \/>\nIngredients: Black tea from controlled organic farms.<br \/>\n    <style>\n        .tea-section-header { width: 100%; margin-bottom: 15px; text-align: center; }\n        .tea-section-header h2 { font-family: 'Cinzel', serif; font-size: 1.3em; margin: 0; color: #333; text-transform: uppercase; letter-spacing: 2px; }\n        .tea-section-header::after { content: \"\"; display: block; width: 80%; height: 1px; background-color: #eeeeee; margin: 8px auto 0 auto; }\n        \n        .tea-info-wrapper { display: flex; flex-wrap: wrap; align-items: flex-start; margin: 0 auto 30px auto; max-width: 500px; font-family: ct_font_contax-regular, sans-serif; }\n        .tea-params-column { flex: 1; min-width: 300px; padding: 0 30px 20px 0; box-sizing: border-box; }\n        .tea-divider { width: 1px; align-self: stretch; background-color: #eeeeee; margin: 0 0 20px 0; flex-shrink: 0; }\n        \n        .tea-chart-column { \n            flex: 0 0 340px; \n            max-width: 340px; \n            padding: 0; \n            box-sizing: border-box; \n            margin-top: -25px; \n            margin-left: 25px; \n        }\n        \n        .brewing-measurement, .brewing-temperature, .brewing-time { display: flex; justify-content: space-between; align-items: center; padding: 12px 0; border-bottom: 1px solid #eeeeee; }\n        .brewing-label { color: #333333; font-weight: 500; display: flex; align-items: center; }\n        .brewing-value { font-weight: normal; color: #000000; }\n        .infusion-text-box { margin-top: 20px; background-color: #f9f9f9; padding: 20px 0; border-radius: 4px; }\n        .dropcap-wrapper { padding: 0 2px; line-height: 1.6; }\n        .dropcap { float: left; font-size: 3.0em; line-height: 0.8; margin-right: 10px; color: #333; font-family: 'Cinzel Decorative', Georgia, serif; }\n        \n        @media (max-width: 768px) { \n            .tea-info-wrapper { flex-direction: column; align-items: center; } \n            .tea-params-column { width: 100%; padding: 15px; order: 1; } \n            .tea-divider { display: none; } \/* Tar bort linjen helt i mobill\u00e4ge *\/\n            .tea-chart-column { \n                width: 100%; \n                max-width: 340px; \n                flex: 0 0 auto;\n                padding: 0; \n                order: 3; \n                margin: 0 auto; \/* Centrerar horisontellt *\/\n                display: flex;\n                justify-content: center;\n                align-items: center;\n            } \n            canvas { max-width: 100% !important; height: auto !important; margin: 0 auto; }\n        }\n    <\/style>\n    \n    <div class=\"tea-section-header\">\n        <h2>Bryggning<\/h2>\n    <\/div>\n\n    <div class=\"tea-info-wrapper\">\n        <div class=\"tea-params-column\">\n            <div class=\"brewing-method\">\n                                <div class=\"brewing-measurement\">\n                    <span class=\"brewing-label\">\n                        <img decoding=\"async\" src=\"https:\/\/www.inthemoodfortea.se\/wp-content\/uploads\/2026\/02\/leaf-solid-full.svg\" width=\"20\" height=\"20\" style=\"margin-right: 10px;\" alt=\"\" title=\"\">\n                        Quantity \/ 250 ml                    <\/span>\n                    <span class=\"brewing-value\">2,5-3 g<\/span>\n                <\/div>\n                                \n                                <div class=\"brewing-temperature\">\n                    <span class=\"brewing-label\">\n                        <img decoding=\"async\" src=\"https:\/\/www.inthemoodfortea.se\/wp-content\/uploads\/2026\/02\/temperature-low-solid-full.svg\" width=\"20\" height=\"20\" style=\"margin-right: 10px;\" alt=\"\" title=\"\">\n                        temperature                    <\/span>\n                    <span class=\"brewing-value\">90-95\u00b0C<\/span>\n                <\/div>\n                                \n                                <div class=\"brewing-time\">\n                    <span class=\"brewing-label\">\n                        <img decoding=\"async\" src=\"https:\/\/www.inthemoodfortea.se\/wp-content\/uploads\/2026\/02\/bell-solid-full.svg\" width=\"20\" height=\"20\" style=\"margin-right: 10px;\" alt=\"\" title=\"\">\n                        Brewing time                    <\/span>\n                    <span class=\"brewing-value\">3-5 minutes<\/span>\n                <\/div>\n                            <\/div>\n\n                    <\/div>\n\n            <\/div>\n    <\/p>","protected":false},"excerpt":{"rendered":"<p>Tearomerna pr\u00e4glas av subtila toner av m\u00f6rk choklad, som samspelar med den karakteristiska maltigheten hos Assam-teer, vilket g\u00f6r detta till en idealisk kopp f\u00f6r morgonstunden. Den ortodoxa tillverkningsmetod som anv\u00e4nds p\u00e5 Chardwar \u2013 i kontrast till den mer vanligt f\u00f6rekommande CTC-metoden \u2013 g\u00f6r att teet f\u00e5r en mer komplex och avrundad karakt\u00e4r, d\u00e4r smakerna ges [&hellip;]<\/p>\n","protected":false},"featured_media":46502,"template":"","meta":[],"product_brand":[],"product_cat":[146,141,151,131],"product_tag":[],"class_list":{"0":"post-42942","1":"product","2":"type-product","3":"status-publish","4":"has-post-thumbnail","6":"product_cat-assam-te","7":"product_cat-ekologiskt-te","8":"product_cat-indiskt-te","9":"product_cat-svart-te","10":"_wholesalex wsx-wholesalex-product","12":"first","13":"instock","14":"taxable","15":"shipping-taxable","16":"purchasable","17":"product-type-variable"},"_links":{"self":[{"href":"https:\/\/www.inthemoodfortea.se\/en\/wp-json\/wp\/v2\/product\/42942","targetHints":{"allow":["GET"]}}],"collection":[{"href":"https:\/\/www.inthemoodfortea.se\/en\/wp-json\/wp\/v2\/product"}],"about":[{"href":"https:\/\/www.inthemoodfortea.se\/en\/wp-json\/wp\/v2\/types\/product"}],"wp:featuredmedia":[{"embeddable":true,"href":"https:\/\/www.inthemoodfortea.se\/en\/wp-json\/wp\/v2\/media\/46502"}],"wp:attachment":[{"href":"https:\/\/www.inthemoodfortea.se\/en\/wp-json\/wp\/v2\/media?parent=42942"}],"wp:term":[{"taxonomy":"product_brand","embeddable":true,"href":"https:\/\/www.inthemoodfortea.se\/en\/wp-json\/wp\/v2\/product_brand?post=42942"},{"taxonomy":"product_cat","embeddable":true,"href":"https:\/\/www.inthemoodfortea.se\/en\/wp-json\/wp\/v2\/product_cat?post=42942"},{"taxonomy":"product_tag","embeddable":true,"href":"https:\/\/www.inthemoodfortea.se\/en\/wp-json\/wp\/v2\/product_tag?post=42942"}],"curies":[{"name":"wp","href":"https:\/\/api.w.org\/{rel}","templated":true}]}}