{"id":5194,"date":"2018-03-12T09:56:31","date_gmt":"2018-03-12T09:56:31","guid":{"rendered":"https:\/\/itmft.flywheelsites.com\/?post_type=product&#038;p=5194"},"modified":"2026-04-17T04:19:23","modified_gmt":"2026-04-17T04:19:23","slug":"earl-grey-assam-gold","status":"publish","type":"product","link":"https:\/\/www.inthemoodfortea.se\/en\/earl-grey-assam-gold\/","title":{"rendered":"Earl Grey Assam Gold"},"content":{"rendered":"<p>Med Earl Grey Assam Gold har vi skapat ett ekologiskt Earl Grey-te med en varm och solig karakt\u00e4r som f\u00f6r tankarna till de soliga odlingarna i Assam. Detta te erbjuder en l\u00e5ng, v\u00e4lbalanserad och fyllig smakupplevelse, d\u00e4r varje klunk bjuder p\u00e5 en riklig och djup arom. De subtila inslagen av citrus, s\u00e4rskilt fr\u00e5n bergamott, citron och apelsinolja, skapar en fr\u00e4sch och upplyftande k\u00e4nsla som kompletterar den klassiska Assam-basens kraftfulla karakt\u00e4r. Vi anv\u00e4nder oss enbart av f\u00f6rstklassiga och ekologiska r\u00e5varor f\u00f6r att s\u00e4kerst\u00e4lla den h\u00f6gsta kvaliteten i varje kopp. Det Assam-te som anv\u00e4nds har ett gener\u00f6st inslag av gyllene knoppar, vilket bidrar till b\u00e5de smakens fyllighet och en naturlig s\u00f6tma som rundar av de friska citrustonerna. Den \u00e4kta bergamotten fr\u00e5n Kalabrien \u00e4r noggrant utvald f\u00f6r sin intensiva smak och arom, som tillsammans med citron- och apelsinoljan ger en fruktig fr\u00e4sch\u00f6r. Earl Grey Assam Gold \u00e4r skapat f\u00f6r att passa alla tillf\u00e4llen, oavsett om du vill njuta av en kopp p\u00e5 morgonen f\u00f6r en uppiggande start, eller under eftermiddagen f\u00f6r en lugn stund. Kombinationen av Assam-teets fyllighet och de citrusfriska smakerna g\u00f6r det till ett perfekt val f\u00f6r b\u00e5de te-entusiaster och de som s\u00f6ker en unik och smakrik upplevelse.<br \/>\nIngredienser: Svart te*, bergamottolja, citronolja, apelsinolja. *Fr\u00e5n kontrollerade ekologiska odlingar.<br \/>\n    \n    <style>\n        @media (max-width: 768px) {\n            .infusion-guide ul {\n                text-align: left !important;\n                margin-left: 20px !important;\n                padding-left: 0 !important;\n            }\n            \n            .infusion-guide li {\n                text-align: left !important;\n            }\n        }\n        \n        .dropcap-wrapper {\n            overflow: hidden;\n        }\n        \n        .dropcap {\n            float: left;\n            font-size: 3.0em;\n            line-height: 0.8;\n            margin-right: 6px;\n            font-weight: 400;\n            color: #333333;\n            font-family: 'Cinzel Decorative', Georgia, serif;\n        }\n        \n        \/* Mobil - \u00f6kad marginal till kanterna *\/\n        @media (max-width: 768px) {\n            .brewing-container {\n                max-width: calc(100% - 30px) !important; \/* \u00d6kad marginal *\/\n                margin-left: 15px !important;\n                margin-right: 15px !important;\n                padding: 12px !important;\n                width: calc(100% - 30px) !important;\n                border: 1px solid #cccccc; \/* Beh\u00e5ller ramen *\/\n            }\n            \n            .brewing-header {\n                margin-bottom: 8px;\n                padding-bottom: 4px;\n            }\n            \n            .brewing-title {\n                font-size: 20px;\n            }\n            \n            .brewing-measurement,\n            .brewing-temperature,\n            .brewing-time {\n                padding: 3px 0;\n            }\n            \n            .brewing-label img {\n                width: 16px;\n                height: 16px;\n                margin-right: 5px !important;\n            }\n            \n            .dropcap {\n                font-size: 3em;\n                margin-right: 3px;\n            }\n            \n            [style*=\"background-color: #f9f9f9\"] {\n                padding: 8px 10px !important;\n                margin-top: 8px !important;\n            }\n            \n            [style*=\"border-top: 1px solid #dddddd\"] {\n                margin-top: 12px !important;\n                padding-top: 6px !important;\n            }\n        }\n        \n        \/* Desktop - lite mindre marginal *\/\n        @media (min-width: 769px) {\n            .brewing-container {\n                padding: 14px 16px;\n            }\n            \n            [style*=\"background-color: #f9f9f9\"] {\n                padding: 12px !important;\n            }\n        }\n    <\/style>\n    \n    <div style=\"width: 100%; margin-top: 60px;\">\n        <div class=\"brewing-container\" style=\"margin-left: auto; margin-right: auto;\">\n            <div class=\"brewing-header\">\n                <h2 class=\"brewing-title\">Infusion<\/h2>\n            <\/div>\n            \n            <div class=\"brewing-method\">\n                                <div class=\"brewing-measurement\">\n                    <span class=\"brewing-label\">\n                        <img decoding=\"async\" src=\"https:\/\/www.inthemoodfortea.se\/wp-content\/uploads\/2026\/02\/leaf-solid-full.svg\" alt=\"Dosering\" width=\"20\" height=\"20\" style=\"margin-right: 8px; display: inline-block; vertical-align: middle;\" title=\"\">\n                        M\u00e4ngd \/ 250 ml                    <\/span>\n                    <span class=\"brewing-value\">2,5-3 g<\/span>\n                <\/div>\n                                \n                                <div class=\"brewing-temperature\">\n                    <span class=\"brewing-label\">\n                        <img decoding=\"async\" src=\"https:\/\/www.inthemoodfortea.se\/wp-content\/uploads\/2026\/02\/temperature-low-solid-full.svg\" alt=\"Temperatur\" width=\"20\" height=\"20\" style=\"margin-right: 8px; display: inline-block; vertical-align: middle;\" title=\"\">\n                        Temperatur                    <\/span>\n                    <span class=\"brewing-value\">90-95\u00b0C<\/span>\n                <\/div>\n                                \n                                <div class=\"brewing-time\">\n                    <span class=\"brewing-label\">\n                        <img decoding=\"async\" src=\"https:\/\/www.inthemoodfortea.se\/wp-content\/uploads\/2026\/02\/bell-solid-full.svg\" alt=\"Infusion 1\" width=\"20\" height=\"20\" style=\"margin-right: 8px; display: inline-block; vertical-align: middle;\" title=\"\">\n                        Infusion                    <\/span>\n                    <span class=\"brewing-value\">3-5 minuter<\/span>\n                <\/div>\n                            <\/div>\n            \n                    <\/div>\n    <\/div>\n    \n    <style>\n        .brewing-container {\n            max-width: 500px;\n            border: 1px solid #cccccc;\n            border-radius: 8px;\n            padding: 16px 18px;\n            font-family: ct_font_contax-regular, sans-serif;\n            background-color: transparent;\n            margin-bottom: 20px;\n        }\n        \n        .brewing-header {\n            margin-bottom: 12px;\n            padding-bottom: 6px;\n            border-bottom: 1px solid #dddddd;\n        }\n        \n        .brewing-title {\n            margin: 0;\n            font-size: 24px;\n            color: #333333;\n            text-align: center;\n            letter-spacing: 0.4px;\n            font-weight: 400;\n            line-height: 1.3;\n            word-wrap: break-word;\n        }\n        \n        .brewing-measurement,\n        .brewing-temperature,\n        .brewing-time {\n            display: flex;\n            justify-content: space-between;\n            align-items: center;\n            padding: 5px 0;\n            border-bottom: 1px solid #dddddd;\n        }\n        \n        .brewing-time:last-child {\n            border-bottom: none;\n        }\n        \n        .brewing-label {\n            color: #333333;\n            font-weight: 500;\n            display: flex;\n            align-items: center;\n        }\n        \n        .brewing-value {\n            font-weight: normal;\n            color: #000000;\n        }\n    <\/style>\n    \n    <\/p>\n","protected":false},"excerpt":{"rendered":"<p>Med Earl Grey Assam Gold har vi skapat ett ekologiskt Earl Grey-te med en varm och solig karakt\u00e4r som f\u00f6r tankarna till de soliga odlingarna i Assam. Detta te erbjuder en l\u00e5ng, v\u00e4lbalanserad och fyllig smakupplevelse, d\u00e4r varje klunk bjuder p\u00e5 en riklig och djup arom. De subtila inslagen av citrus, s\u00e4rskilt fr\u00e5n bergamott, citron [&hellip;]<\/p>\n","protected":false},"featured_media":5196,"template":"","meta":[],"product_brand":[],"product_cat":[146,137,141,151,135,131],"product_tag":[],"class_list":{"0":"post-5194","1":"product","2":"type-product","3":"status-publish","4":"has-post-thumbnail","6":"product_cat-assam-te","7":"product_cat-earl-grey","8":"product_cat-ekologiskt-te","9":"product_cat-indiskt-te","10":"product_cat-smaksatt-te","11":"product_cat-svart-te","12":"_wholesalex wsx-wholesalex-product","14":"first","15":"instock","16":"taxable","17":"shipping-taxable","18":"purchasable","19":"product-type-variable"},"_links":{"self":[{"href":"https:\/\/www.inthemoodfortea.se\/en\/wp-json\/wp\/v2\/product\/5194","targetHints":{"allow":["GET"]}}],"collection":[{"href":"https:\/\/www.inthemoodfortea.se\/en\/wp-json\/wp\/v2\/product"}],"about":[{"href":"https:\/\/www.inthemoodfortea.se\/en\/wp-json\/wp\/v2\/types\/product"}],"wp:featuredmedia":[{"embeddable":true,"href":"https:\/\/www.inthemoodfortea.se\/en\/wp-json\/wp\/v2\/media\/5196"}],"wp:attachment":[{"href":"https:\/\/www.inthemoodfortea.se\/en\/wp-json\/wp\/v2\/media?parent=5194"}],"wp:term":[{"taxonomy":"product_brand","embeddable":true,"href":"https:\/\/www.inthemoodfortea.se\/en\/wp-json\/wp\/v2\/product_brand?post=5194"},{"taxonomy":"product_cat","embeddable":true,"href":"https:\/\/www.inthemoodfortea.se\/en\/wp-json\/wp\/v2\/product_cat?post=5194"},{"taxonomy":"product_tag","embeddable":true,"href":"https:\/\/www.inthemoodfortea.se\/en\/wp-json\/wp\/v2\/product_tag?post=5194"}],"curies":[{"name":"wp","href":"https:\/\/api.w.org\/{rel}","templated":true}]}}