{"id":5214,"date":"2018-03-13T06:40:04","date_gmt":"2018-03-13T06:40:04","guid":{"rendered":"https:\/\/itmft.flywheelsites.com\/?post_type=product&#038;p=5214"},"modified":"2022-06-11T05:29:45","modified_gmt":"2022-06-11T05:29:45","slug":"fenghuang-dancong-song-zhong","status":"publish","type":"product","link":"https:\/\/www.inthemoodfortea.se\/en\/fenghuang-dancong-song-zhong\/","title":{"rendered":"Fenghuang Dancong Song Zhong"},"content":{"rendered":"<p>The Phoenix Mountains in northern Guangdong are home to some of the world's most unusual and exclusive teas, with a long history dating back to the Song Dynasty. Scattered along the alternating sunny and mist-swept slopes, cliffs and precipices, young and old tea bushes and trees grow to produce teas with unique aroma and flavour profiles. There are a large number of subspecies in the area and teas are categorised by subspecies, aroma type and sometimes by mother tree. This means that different subspecies can be used to produce a tea belonging to a flavour type.<\/p>\n<p>Song Zhong can be translated as seeds from Song and gives us an idea of the history of tea in the area. Legend has it that tea began to be cultivated in the area as early as the Song Dynasty, which may well be true, although the teas of that time were very different from the dancong oolongs of today.  This tea has been handled with great care to bring out the elegant fruity notes, a soft honey sweetness and a long, aromatic aftertaste that lingers in the mouth and throat.<\/p>\n<p>Origin: Wudong Mountain, Guangdong.<br \/>\nHarvest: Spring 2018.<br \/>\nCultivar: Song variety.<\/p>\n<ul>\n<li>90-95 c<\/li>\n<li>4-6 grams<\/li>\n<li>200ml<\/li>\n<li>10-50 sec<\/li>\n<\/ul>","protected":false},"excerpt":{"rendered":"<p>Fenixbergen i norra Guangdong \u00e4r hem till n\u00e5gra av v\u00e4rldens mest ovanliga och exklusiva t\u00e9er vilka har en l\u00e5ng historia som g\u00e5r tillbaks till Song-dynastin. Utspridda l\u00e4ngs omv\u00e4xlande soliga och diminsvepta sluttningarna, klippor och branter v\u00e4xer unga och gamla tebuskar och te-tr\u00e4d som ger upphov till t\u00e9er med unika arom- och smakprofiler. Det finns ett [&hellip;]<\/p>\n","protected":false},"featured_media":5216,"template":"","meta":[],"product_brand":[],"product_cat":[],"product_tag":[],"class_list":{"0":"post-5214","1":"product","2":"type-product","3":"status-publish","4":"has-post-thumbnail","6":"_wholesalex wsx-wholesalex-product","8":"first","9":"outofstock","10":"taxable","11":"shipping-taxable","12":"purchasable","13":"product-type-simple"},"_links":{"self":[{"href":"https:\/\/www.inthemoodfortea.se\/en\/wp-json\/wp\/v2\/product\/5214","targetHints":{"allow":["GET"]}}],"collection":[{"href":"https:\/\/www.inthemoodfortea.se\/en\/wp-json\/wp\/v2\/product"}],"about":[{"href":"https:\/\/www.inthemoodfortea.se\/en\/wp-json\/wp\/v2\/types\/product"}],"wp:featuredmedia":[{"embeddable":true,"href":"https:\/\/www.inthemoodfortea.se\/en\/wp-json\/wp\/v2\/media\/5216"}],"wp:attachment":[{"href":"https:\/\/www.inthemoodfortea.se\/en\/wp-json\/wp\/v2\/media?parent=5214"}],"wp:term":[{"taxonomy":"product_brand","embeddable":true,"href":"https:\/\/www.inthemoodfortea.se\/en\/wp-json\/wp\/v2\/product_brand?post=5214"},{"taxonomy":"product_cat","embeddable":true,"href":"https:\/\/www.inthemoodfortea.se\/en\/wp-json\/wp\/v2\/product_cat?post=5214"},{"taxonomy":"product_tag","embeddable":true,"href":"https:\/\/www.inthemoodfortea.se\/en\/wp-json\/wp\/v2\/product_tag?post=5214"}],"curies":[{"name":"wp","href":"https:\/\/api.w.org\/{rel}","templated":true}]}}