{"id":5281,"date":"2018-03-13T08:17:44","date_gmt":"2018-03-13T08:17:44","guid":{"rendered":"https:\/\/itmft.flywheelsites.com\/?post_type=product&#038;p=5281"},"modified":"2026-03-17T16:11:00","modified_gmt":"2026-03-17T16:11:00","slug":"hojicha","status":"publish","type":"product","link":"https:\/\/www.inthemoodfortea.se\/en\/hojicha\/","title":{"rendered":"Hojicha"},"content":{"rendered":"<p>Hojicha is a unique Japanese green tea that is distinguished from other green teas by the roasting process the tea leaves undergo. Instead of the typical green, fresh flavour of many green teas, an infusion of this amber-coloured tea produces a cup with warm, softly roasted notes and a round, natural sweetness. The flavour also has subtle hints of liquorice root and a light nuttiness that creates a well-balanced and rich experience. The mild, roasted flavour makes this tea an excellent choice for those seeking a tea with deeper, more complex flavours.<br \/>\nOur Hojicha is made from organic bancha, a high-quality Japanese green tea that is gently roasted to bring out its characteristic flavour. The roasting of bancha tea leaves, which normally have a stronger and more robust character than younger tea leaves, gives hojicha its distinctive roasted flavour and mitigates the tea's natural bitterness.<br \/>\nWith its low caffeine content, hojicha is a perfect evening tea, offering a calming and relaxing drink. But even during the day, Hojicha is a great option for those who prefer a milder, savoury tea to accompany both meals and quiet moments. With its rich, warm flavour, natural sweetness and nuttiness, Hojicha is a tea that can be enjoyed at any time of day.<br \/>\nOther names: Hojicha, Hujicha. Origin: Kyoto, Japan.<br \/>\n    <style>\n        @keyframes teaSpinIn {\n            0% { opacity: 0; transform: translateY(30px) rotateX(-20deg) rotateY(10deg); }\n            100% { opacity: 1; transform: translateY(0) rotateX(0) rotateY(0); }\n        }\n        .tea-info-wrapper { \n            display: flex; flex-wrap: wrap; align-items: flex-start; margin: 50px auto 30px auto; \n            max-width: 450px; font-family: ct_font_contax-regular, sans-serif;\n            perspective: 1200px;\n        }\n        .tea-params-column { \n            flex: 1; min-width: 280px; padding: 0 25px 0 0; box-sizing: border-box; \n            animation: teaSpinIn 0.8s cubic-bezier(0.2, 0.8, 0.2, 1) forwards;\n        }\n        .tea-chart-column { \n            flex: 0 0 350px; max-width: 350px; padding: 0; box-sizing: border-box; \n            margin-top: -40px; margin-left: 20px; \n            animation: teaSpinIn 1s cubic-bezier(0.2, 0.8, 0.2, 1) 0.2s forwards; opacity: 0;\n        }\n        .tea-top-divider { width: 100%; height: 1px; background-color: #eeeeee; margin-bottom: 25px; }\n        .tea-divider { width: 1px; align-self: stretch; background-color: #eeeeee; margin: 0 0 20px 0; flex-shrink: 0; }\n        .brewing-row { display: flex; justify-content: space-between; align-items: center; padding: 12px 0; border-bottom: 1px solid #eeeeee; }\n        .brewing-label { color: #333333; font-weight: 500; display: flex; align-items: center; font-size: 0.92em; }\n        .brewing-value { font-weight: normal; color: #000000; font-size: 0.92em; text-align: right; margin-left: 15px; text-transform: none !important; }\n        .infusion-text-box { margin-top: 20px; background-color: #f9f9f9; padding: 22px 0; border-radius: 4px; width: 100%; }\n        .dropcap-wrapper { padding: 0; line-height: 1.6; }\n        .dropcap { float: left; font-size: 3.2em; line-height: 0.8; margin-right: 12px; color: #333; font-family: 'Cinzel Decorative', Georgia, serif; }\n        @media (max-width: 768px) { \n            .tea-info-wrapper { flex-direction: column; align-items: center; max-width: 100%; margin-top: 30px; } \n            .tea-params-column { width: 100%; padding: 0; order: 1; animation-delay: 0s; } \n            .tea-divider { display: none; } \n            .tea-chart-column { width: 100%; max-width: 320px; padding: 30px 0 0 0; order: 3; margin: 0 auto; animation-delay: 0.1s; } \n        }\n    <\/style>\n\n    <div class=\"tea-info-wrapper\">\n        <div class=\"tea-top-divider\"><\/div>\n        <div class=\"tea-params-column\">\n            <div class=\"brewing-method\">\n                                <div class=\"brewing-row\">\n                    <span class=\"brewing-label\">\n                        <img decoding=\"async\" src=\"\/wp-content\/uploads\/2026\/02\/leaf-solid-full.svg\" width=\"19\" height=\"19\" style=\"margin-right: 10px;\" alt=\"\" title=\"\">\n                        Dosage \/ 250 ml                    <\/span>\n                    <span class=\"brewing-value\">2,5-3 g<\/span>\n                <\/div>\n                                                <div class=\"brewing-row\">\n                    <span class=\"brewing-label\">\n                        <img decoding=\"async\" src=\"\/wp-content\/uploads\/2026\/02\/temperature-low-solid-full.svg\" width=\"19\" height=\"19\" style=\"margin-right: 10px;\" alt=\"\" title=\"\">\n                        temperature                    <\/span>\n                    <span class=\"brewing-value\">85-90\u00b0C<\/span>\n                <\/div>\n                                                <div class=\"brewing-row\">\n                    <span class=\"brewing-label\">\n                        <img decoding=\"async\" src=\"\/wp-content\/uploads\/2026\/02\/bell-solid-full.svg\" width=\"19\" height=\"19\" style=\"margin-right: 10px;\" alt=\"\" title=\"\">\n                        Infusion                    <\/span>\n                    <span class=\"brewing-value\">2-3 minutes<\/span>\n                <\/div>\n                                            <\/div>\n\n                        <div class=\"infusion-text-box\">\n                <div class=\"dropcap-wrapper\">\n                    <span class=\"dropcap\">H<\/span>\n                    <span style=\"color: #444444; font-size: 0.92em; display: block;\">\n                        ojicha lends itself well to multiple infusions. The second brewing is best kept short, as the leaves have already started to open and release their flavours.                    <\/span>\n                <\/div>\n            <\/div>\n                    <\/div>\n\n            <\/div>\n    <\/p>","protected":false},"excerpt":{"rendered":"<p>Hojicha \u00e4r ett unikt japanskt gr\u00f6nt te som s\u00e4rskiljer sig fr\u00e5n andra gr\u00f6na teer genom den rostningsprocess som tebladen genomg\u00e5r. Ist\u00e4llet f\u00f6r den typiska gr\u00f6na, friska smaken av m\u00e5nga gr\u00f6na teer, ger en infusion av detta b\u00e4rnstensf\u00e4rgade te en kopp med varma, mjukt rostade toner och en rund, naturlig s\u00f6tma. Smaken har dessutom subtila inslag [&hellip;]<\/p>\n","protected":false},"featured_media":9247,"template":"","meta":[],"product_brand":[],"product_cat":[141,138,152],"product_tag":[],"class_list":{"0":"post-5281","1":"product","2":"type-product","3":"status-publish","4":"has-post-thumbnail","6":"product_cat-ekologiskt-te","7":"product_cat-gront-te","8":"product_cat-japanskt-te","9":"_wholesalex wsx-wholesalex-product","11":"first","12":"outofstock","13":"taxable","14":"shipping-taxable","15":"purchasable","16":"product-type-variable"},"_links":{"self":[{"href":"https:\/\/www.inthemoodfortea.se\/en\/wp-json\/wp\/v2\/product\/5281","targetHints":{"allow":["GET"]}}],"collection":[{"href":"https:\/\/www.inthemoodfortea.se\/en\/wp-json\/wp\/v2\/product"}],"about":[{"href":"https:\/\/www.inthemoodfortea.se\/en\/wp-json\/wp\/v2\/types\/product"}],"wp:featuredmedia":[{"embeddable":true,"href":"https:\/\/www.inthemoodfortea.se\/en\/wp-json\/wp\/v2\/media\/9247"}],"wp:attachment":[{"href":"https:\/\/www.inthemoodfortea.se\/en\/wp-json\/wp\/v2\/media?parent=5281"}],"wp:term":[{"taxonomy":"product_brand","embeddable":true,"href":"https:\/\/www.inthemoodfortea.se\/en\/wp-json\/wp\/v2\/product_brand?post=5281"},{"taxonomy":"product_cat","embeddable":true,"href":"https:\/\/www.inthemoodfortea.se\/en\/wp-json\/wp\/v2\/product_cat?post=5281"},{"taxonomy":"product_tag","embeddable":true,"href":"https:\/\/www.inthemoodfortea.se\/en\/wp-json\/wp\/v2\/product_tag?post=5281"}],"curies":[{"name":"wp","href":"https:\/\/api.w.org\/{rel}","templated":true}]}}