{"id":5364,"date":"2018-03-13T18:01:29","date_gmt":"2018-03-13T18:01:29","guid":{"rendered":"https:\/\/itmft.flywheelsites.com\/?post_type=product&#038;p=5364"},"modified":"2026-04-28T09:54:00","modified_gmt":"2026-04-28T09:54:00","slug":"organic-matcha","status":"publish","type":"product","link":"https:\/\/www.inthemoodfortea.se\/en\/organic-matcha\/","title":{"rendered":"Organic Matcha"},"content":{"rendered":"<p>Matcha is an exclusive green tea made from tencha leaves - a specially selected tea leaf that, like Gyokuro, is grown under shade for some time before harvesting. This shading intensifies both the flavour and the nutritional content by raising the chlorophyll level in the leaves, giving matcha its deep green colour and characteristic umami-rich flavour. While many products on the market today are marketed as matcha, they often consist of ground sencha. Genuine matcha, like our <em>Organic Matcha<\/em>, however, are always made from tencha leaves, which provide a completely different level of flavour and quality.<\/p>\n<p>The <em>Organic Matcha<\/em> is an organic, carefully cultivated matcha with a rich, smooth and balanced flavour profile. It offers a harmonious combination of umami and greenness and a subtle sweetness. The smooth texture, deep green colour and thick, soft foam that forms when whisked create a sensory experience that highlights the authentic, rich character of a high-quality matcha. Perfect for both ceremonial use and everyday enjoyment, this organic matcha delivers a rich experience.<\/p>\n<div class=\"matcha-instructions\">\n<h3>Preparation of Usucha<\/h3>\n<p>Usucha is the classic matcha cup with a beautiful light green foam. The result is light, airy and refreshing.<\/p>\n<ul>\n<li>Dosage: Use about 2 g.<\/li>\n<li>Water volume: add 60-100 ml of water.<\/li>\n<li>Temperature: 70-80\u00b0C.<\/li>\n<li>Technique: Whisk vigorously with a bamboo whisk (<em>chase<\/em>) in a \u201cW\u201d motion until a dense, fine foam forms on the surface.<\/li>\n<\/ul>\n<hr>\n<h3>Tips<\/h3>\n<ul>\n<li>Sieve the tea: Strain into the bowl to avoid lumps.<\/li>\n<li>Preheat the bowl: Rinse the bowl with hot water and dry it out before preparation.<\/li>\n<li>Softening the whisk: Leave the whisk straws in warm water for a few seconds before use to make them soft and pliable.<\/li>\n<\/ul>\n<\/div>","protected":false},"excerpt":{"rendered":"<p>Matcha \u00e4r ett exklusivt gr\u00f6nt te som g\u00f6rs p\u00e5 tenchablad \u2013 ett s\u00e4rskilt utvalt teblad som, precis som Gyokuro, odlas under skugga en tid f\u00f6re sk\u00f6rd. Denna skuggning intensifierar b\u00e5de smaken och n\u00e4ringsinneh\u00e5llet genom att h\u00f6ja klorofyllniv\u00e5n i bladen, vilket ger matcha sin djupt gr\u00f6na f\u00e4rg och en karakteristisk umamirik smak. Medan m\u00e5nga produkter p\u00e5 [&hellip;]<\/p>\n","protected":false},"featured_media":5366,"template":"","meta":[],"product_brand":[],"product_cat":[141,138,152,130],"product_tag":[],"class_list":{"0":"post-5364","1":"product","2":"type-product","3":"status-publish","4":"has-post-thumbnail","6":"product_cat-ekologiskt-te","7":"product_cat-gront-te","8":"product_cat-japanskt-te","9":"product_cat-matcha","10":"_wholesalex wsx-wholesalex-product","12":"first","13":"instock","14":"taxable","15":"shipping-taxable","16":"purchasable","17":"product-type-variable","18":"has-default-attributes"},"_links":{"self":[{"href":"https:\/\/www.inthemoodfortea.se\/en\/wp-json\/wp\/v2\/product\/5364","targetHints":{"allow":["GET"]}}],"collection":[{"href":"https:\/\/www.inthemoodfortea.se\/en\/wp-json\/wp\/v2\/product"}],"about":[{"href":"https:\/\/www.inthemoodfortea.se\/en\/wp-json\/wp\/v2\/types\/product"}],"wp:featuredmedia":[{"embeddable":true,"href":"https:\/\/www.inthemoodfortea.se\/en\/wp-json\/wp\/v2\/media\/5366"}],"wp:attachment":[{"href":"https:\/\/www.inthemoodfortea.se\/en\/wp-json\/wp\/v2\/media?parent=5364"}],"wp:term":[{"taxonomy":"product_brand","embeddable":true,"href":"https:\/\/www.inthemoodfortea.se\/en\/wp-json\/wp\/v2\/product_brand?post=5364"},{"taxonomy":"product_cat","embeddable":true,"href":"https:\/\/www.inthemoodfortea.se\/en\/wp-json\/wp\/v2\/product_cat?post=5364"},{"taxonomy":"product_tag","embeddable":true,"href":"https:\/\/www.inthemoodfortea.se\/en\/wp-json\/wp\/v2\/product_tag?post=5364"}],"curies":[{"name":"wp","href":"https:\/\/api.w.org\/{rel}","templated":true}]}}