{"id":5514,"date":"2018-11-21T09:27:46","date_gmt":"2018-11-21T09:27:46","guid":{"rendered":"https:\/\/itmft.flywheelsites.com\/?post_type=product&#038;p=5514"},"modified":"2026-03-20T11:38:03","modified_gmt":"2026-03-20T11:38:03","slug":"hojicha-orange","status":"publish","type":"product","link":"https:\/\/www.inthemoodfortea.se\/en\/hojicha-orange\/","title":{"rendered":"Hojicha Orange"},"content":{"rendered":"<p>We have carefully flavoured our Hojicha with the finest orange oil from Italy. Hojicha is a Japanese green tea that gets its distinctive colour and flavour from the roasting process the tea leaves undergo: instead of greenness, an infusion of the amber tea produces a cup with warm, softly roasted notes and a round sweetness and hints of liquorice root and a light nuttiness. Our hojicha is made from an organic bancha that has been gently roasted.  We have carefully flavoured our Hojicha with the finest orange oil from Italy and organic orange peel.  The tea has a low caffeine content and is therefore particularly suitable as an evening tea, but of course it is also good to drink at other times of the day.<br \/>\nIngredients: Green tea*, orange peel*, orange oil. *From controlled organic farms.<br \/>\n    <style>\n        @keyframes teaSpinIn {\n            0% { opacity: 0; transform: translateY(30px) rotateX(-20deg) rotateY(10deg); }\n            100% { opacity: 1; transform: translateY(0) rotateX(0) rotateY(0); }\n        }\n        .tea-info-wrapper { \n            display: flex; flex-wrap: wrap; align-items: flex-start; margin: 50px auto 30px auto; \n            max-width: 450px; font-family: ct_font_contax-regular, sans-serif;\n            perspective: 1200px;\n        }\n        .tea-params-column { \n            flex: 1; min-width: 280px; padding: 0 25px 0 0; box-sizing: border-box; \n            animation: teaSpinIn 0.8s cubic-bezier(0.2, 0.8, 0.2, 1) forwards;\n        }\n        .tea-chart-column { \n            flex: 0 0 350px; max-width: 350px; padding: 0; box-sizing: border-box; \n            margin-top: -40px; margin-left: 20px; \n            animation: teaSpinIn 1s cubic-bezier(0.2, 0.8, 0.2, 1) 0.2s forwards; opacity: 0;\n        }\n        .tea-top-divider { width: 100%; height: 1px; background-color: #eeeeee; margin-bottom: 25px; }\n        .tea-divider { width: 1px; align-self: stretch; background-color: #eeeeee; margin: 0 0 20px 0; flex-shrink: 0; }\n        .brewing-row { display: flex; justify-content: space-between; align-items: center; padding: 12px 0; border-bottom: 1px solid #eeeeee; }\n        .brewing-label { color: #333333; font-weight: 500; display: flex; align-items: center; font-size: 0.92em; }\n        .brewing-value { font-weight: normal; color: #000000; font-size: 0.92em; text-align: right; margin-left: 15px; text-transform: none !important; }\n        .infusion-text-box { margin-top: 20px; background-color: #f9f9f9; padding: 22px 0; border-radius: 4px; width: 100%; }\n        .dropcap-wrapper { padding: 0; line-height: 1.6; }\n        .dropcap { float: left; font-size: 3.2em; line-height: 0.8; margin-right: 12px; color: #333; font-family: 'Cinzel Decorative', Georgia, serif; }\n        @media (max-width: 768px) { \n            .tea-info-wrapper { flex-direction: column; align-items: center; max-width: 100%; margin-top: 30px; } \n            .tea-params-column { width: 100%; padding: 0; order: 1; animation-delay: 0s; } \n            .tea-divider { display: none; } \n            .tea-chart-column { width: 100%; max-width: 320px; padding: 30px 0 0 0; order: 3; margin: 0 auto; animation-delay: 0.1s; } \n        }\n    <\/style>\n\n    <div class=\"tea-info-wrapper\">\n        <div class=\"tea-top-divider\"><\/div>\n        <div class=\"tea-params-column\">\n            <div class=\"brewing-method\">\n                                <div class=\"brewing-row\">\n                    <span class=\"brewing-label\">\n                        <img decoding=\"async\" src=\"\/wp-content\/uploads\/2026\/02\/leaf-solid-full.svg\" width=\"19\" height=\"19\" style=\"margin-right: 10px;\" alt=\"\" title=\"\">\n                        Dosage \/ 250 ml                    <\/span>\n                    <span class=\"brewing-value\">2,5-3 g<\/span>\n                <\/div>\n                                                <div class=\"brewing-row\">\n                    <span class=\"brewing-label\">\n                        <img decoding=\"async\" src=\"\/wp-content\/uploads\/2026\/02\/temperature-low-solid-full.svg\" width=\"19\" height=\"19\" style=\"margin-right: 10px;\" alt=\"\" title=\"\">\n                        temperature                    <\/span>\n                    <span class=\"brewing-value\">85-90\u00b0C<\/span>\n                <\/div>\n                                                <div class=\"brewing-row\">\n                    <span class=\"brewing-label\">\n                        <img decoding=\"async\" src=\"\/wp-content\/uploads\/2026\/02\/bell-solid-full.svg\" width=\"19\" height=\"19\" style=\"margin-right: 10px;\" alt=\"\" title=\"\">\n                        Infusion                    <\/span>\n                    <span class=\"brewing-value\">2-3 minutes<\/span>\n                <\/div>\n                                            <\/div>\n\n                    <\/div>\n\n            <\/div>\n    <\/p>","protected":false},"excerpt":{"rendered":"<p>Vi har smaksatt v\u00e5r Hojicha varsamt med den finaste apelsinoljan fr\u00e5n Italien. Hojicha \u00e4r ett japanskt gr\u00f6nt te som f\u00e5r sin karakteristiska f\u00e4rg och smak av den rostning som tebladen genomg\u00e5r: ist\u00e4llet f\u00f6r gr\u00f6nska ger en infusion av det b\u00e4rnstensf\u00e4rgade teet en kopp med varma, mjukt rostade toner och en rund s\u00f6tma och inslag av [&hellip;]<\/p>\n","protected":false},"featured_media":7174,"template":"","meta":[],"product_brand":[],"product_cat":[141,138,152,135],"product_tag":[],"class_list":{"0":"post-5514","1":"product","2":"type-product","3":"status-publish","4":"has-post-thumbnail","6":"product_cat-ekologiskt-te","7":"product_cat-gront-te","8":"product_cat-japanskt-te","9":"product_cat-smaksatt-te","10":"_wholesalex wsx-wholesalex-product","12":"first","13":"outofstock","14":"taxable","15":"shipping-taxable","16":"purchasable","17":"product-type-variable"},"_links":{"self":[{"href":"https:\/\/www.inthemoodfortea.se\/en\/wp-json\/wp\/v2\/product\/5514","targetHints":{"allow":["GET"]}}],"collection":[{"href":"https:\/\/www.inthemoodfortea.se\/en\/wp-json\/wp\/v2\/product"}],"about":[{"href":"https:\/\/www.inthemoodfortea.se\/en\/wp-json\/wp\/v2\/types\/product"}],"wp:featuredmedia":[{"embeddable":true,"href":"https:\/\/www.inthemoodfortea.se\/en\/wp-json\/wp\/v2\/media\/7174"}],"wp:attachment":[{"href":"https:\/\/www.inthemoodfortea.se\/en\/wp-json\/wp\/v2\/media?parent=5514"}],"wp:term":[{"taxonomy":"product_brand","embeddable":true,"href":"https:\/\/www.inthemoodfortea.se\/en\/wp-json\/wp\/v2\/product_brand?post=5514"},{"taxonomy":"product_cat","embeddable":true,"href":"https:\/\/www.inthemoodfortea.se\/en\/wp-json\/wp\/v2\/product_cat?post=5514"},{"taxonomy":"product_tag","embeddable":true,"href":"https:\/\/www.inthemoodfortea.se\/en\/wp-json\/wp\/v2\/product_tag?post=5514"}],"curies":[{"name":"wp","href":"https:\/\/api.w.org\/{rel}","templated":true}]}}