{"id":5574,"date":"2019-02-22T22:15:26","date_gmt":"2019-02-22T22:15:26","guid":{"rendered":"https:\/\/itmft.flywheelsites.com\/?post_type=product&#038;p=5574"},"modified":"2026-03-14T19:29:24","modified_gmt":"2026-03-14T19:29:24","slug":"long-jing-reserve","status":"publish","type":"product","link":"https:\/\/www.inthemoodfortea.se\/en\/long-jing-reserve\/","title":{"rendered":"Long Jing Reserve"},"content":{"rendered":"<p>This Long Jing (Lung Ching) is a green tea from Hangzhou Prefecture in Zhejiang. Hand-picked in early spring, the tea has a fresh greenness with notes of uplifting citrus and a soft nuttiness. Long Jing is China's most famous green tea and one of the world's top green teas.<br \/>\nTeg\u00e5rden practises sustainable agriculture and uses neither pesticides nor artificial fertilisers.<br \/>\nOther names: Dragonwell, Lung Ching. Origin: Hangzhou Prefecture, Zhejiang. Harvest: Spring 2025<br \/>\n    <style>\n        .tea-section-divider { width: 100%; margin-bottom: 25px; text-align: center; }\n        .tea-section-divider::after { content: \"\"; display: block; width: 80%; height: 1px; background-color: #eeeeee; margin: 0 auto; }\n        \n        \/* Minskad max-width f\u00f6r hela sektionen *\/\n        .tea-info-wrapper { \n            display: flex; \n            flex-wrap: wrap; \n            align-items: flex-start; \n            margin: 0 auto 30px auto; \n            max-width: 450px; \n            font-family: ct_font_contax-regular, sans-serif; \n        }\n        .tea-params-column { flex: 1; min-width: 280px; padding: 0 25px 20px 0; box-sizing: border-box; }\n        .tea-divider { width: 1px; align-self: stretch; background-color: #eeeeee; margin: 0 0 20px 0; flex-shrink: 0; }\n        \n        .tea-chart-column { \n            flex: 0 0 320px; \n            max-width: 320px; \n            padding: 0; \n            box-sizing: border-box; \n            margin-top: -20px; \n            margin-left: 20px; \n        }\n        \n        .brewing-measurement, .brewing-temperature, .brewing-time { display: flex; justify-content: space-between; align-items: center; padding: 12px 0; border-bottom: 1px solid #eeeeee; }\n        .brewing-label { color: #333333; font-weight: 500; display: flex; align-items: center; }\n        .brewing-value { font-weight: normal; color: #000000; }\n        .infusion-text-box { margin-top: 20px; background-color: #f9f9f9; padding: 20px 0; border-radius: 4px; }\n        .dropcap-wrapper { padding: 0 2px; line-height: 1.6; }\n        .dropcap { float: left; font-size: 3.0em; line-height: 0.8; margin-right: 10px; color: #333; font-family: 'Cinzel Decorative', Georgia, serif; }\n        \n        @media (max-width: 768px) { \n            .tea-info-wrapper { flex-direction: column; align-items: center; max-width: 100%; } \n            .tea-params-column { width: 100%; padding: 15px; order: 1; } \n            .tea-divider { display: none; } \n            .tea-chart-column { \n                width: 100%; \n                max-width: 320px; \n                flex: 0 0 auto;\n                padding: 0; \n                order: 3; \n                margin: 0 auto; \n                display: flex;\n                justify-content: center;\n                align-items: center;\n            } \n            canvas { max-width: 100% !important; height: auto !important; margin: 0 auto; }\n        }\n    <\/style>\n    \n    <div class=\"tea-section-divider\"><\/div>\n\n    <div class=\"tea-info-wrapper\">\n        <div class=\"tea-params-column\">\n            <div class=\"brewing-method\">\n                                <div class=\"brewing-measurement\">\n                    <span class=\"brewing-label\">\n                        <img decoding=\"async\" src=\"https:\/\/www.inthemoodfortea.se\/wp-content\/uploads\/2026\/02\/leaf-solid-full.svg\" width=\"20\" height=\"20\" style=\"margin-right: 10px;\" alt=\"\" title=\"\">\n                        Quantity \/ 250 ml                    <\/span>\n                    <span class=\"brewing-value\">2,5-3 g<\/span>\n                <\/div>\n                                \n                                <div class=\"brewing-temperature\">\n                    <span class=\"brewing-label\">\n                        <img decoding=\"async\" src=\"https:\/\/www.inthemoodfortea.se\/wp-content\/uploads\/2026\/02\/temperature-low-solid-full.svg\" width=\"20\" height=\"20\" style=\"margin-right: 10px;\" alt=\"\" title=\"\">\n                        temperature                    <\/span>\n                    <span class=\"brewing-value\">70-80\u00b0C<\/span>\n                <\/div>\n                                \n                                <div class=\"brewing-time\">\n                    <span class=\"brewing-label\">\n                        <img decoding=\"async\" src=\"https:\/\/www.inthemoodfortea.se\/wp-content\/uploads\/2026\/02\/bell-solid-full.svg\" width=\"20\" height=\"20\" style=\"margin-right: 10px;\" alt=\"\" title=\"\">\n                        Brewing time                    <\/span>\n                    <span class=\"brewing-value\">2-3 minutes<\/span>\n                <\/div>\n                            <\/div>\n\n                        <div class=\"infusion-text-box\">\n                <div class=\"dropcap-wrapper\">\n                    <span class=\"dropcap\">L<\/span>\n                    <span style=\"color: #444444; font-size: 0.95em; display: block;\">\n                        ong Jing Reserve lends itself well to multiple infusions. The second brewing is best kept short, as the leaves have already started to open and release their flavours.                    <\/span>\n                <\/div>\n            <\/div>\n                    <\/div>\n\n            <\/div>\n    <\/p>","protected":false},"excerpt":{"rendered":"<p>Detta Long Jing (Lung Ching) \u00e4r ett gr\u00f6nt te fr\u00e5n prefekturen Hangzhou i Zhejiang. Teet, som handplockas under tidig v\u00e5r, har en frisk gr\u00f6nska med toner av upplyftande citrus och en mjuk n\u00f6tighet. Long Jing \u00e4r Kinas mest ber\u00f6mda gr\u00f6na te och ett av v\u00e4rldens fr\u00e4msta gr\u00f6na teer. Teg\u00e5rden bedriver h\u00e5llbart jordbruk och anv\u00e4nder varken [&hellip;]<\/p>\n","protected":false},"featured_media":14253,"template":"","meta":[],"product_brand":[],"product_cat":[138,153],"product_tag":[],"class_list":{"0":"post-5574","1":"product","2":"type-product","3":"status-publish","4":"has-post-thumbnail","6":"product_cat-gront-te","7":"product_cat-kinesiskt-te","8":"_wholesalex wsx-wholesalex-product","10":"first","11":"outofstock","12":"taxable","13":"shipping-taxable","14":"purchasable","15":"product-type-variable"},"_links":{"self":[{"href":"https:\/\/www.inthemoodfortea.se\/en\/wp-json\/wp\/v2\/product\/5574","targetHints":{"allow":["GET"]}}],"collection":[{"href":"https:\/\/www.inthemoodfortea.se\/en\/wp-json\/wp\/v2\/product"}],"about":[{"href":"https:\/\/www.inthemoodfortea.se\/en\/wp-json\/wp\/v2\/types\/product"}],"wp:featuredmedia":[{"embeddable":true,"href":"https:\/\/www.inthemoodfortea.se\/en\/wp-json\/wp\/v2\/media\/14253"}],"wp:attachment":[{"href":"https:\/\/www.inthemoodfortea.se\/en\/wp-json\/wp\/v2\/media?parent=5574"}],"wp:term":[{"taxonomy":"product_brand","embeddable":true,"href":"https:\/\/www.inthemoodfortea.se\/en\/wp-json\/wp\/v2\/product_brand?post=5574"},{"taxonomy":"product_cat","embeddable":true,"href":"https:\/\/www.inthemoodfortea.se\/en\/wp-json\/wp\/v2\/product_cat?post=5574"},{"taxonomy":"product_tag","embeddable":true,"href":"https:\/\/www.inthemoodfortea.se\/en\/wp-json\/wp\/v2\/product_tag?post=5574"}],"curies":[{"name":"wp","href":"https:\/\/api.w.org\/{rel}","templated":true}]}}