{"id":1398,"date":"2018-12-26T21:02:07","date_gmt":"2018-12-26T20:02:07","guid":{"rendered":"https:\/\/astraclean.inthemoodfortea.se\/?page_id=1398"},"modified":"2026-04-30T06:22:01","modified_gmt":"2026-04-30T06:22:01","slug":"contactez-nous","status":"publish","type":"page","link":"https:\/\/www.inthemoodfortea.se\/fr\/kontakta-oss\/","title":{"rendered":"Contactez-nous"},"content":{"rendered":"\n<p><\/p>\n\n\n<style>.kb-row-layout-id1398_0d28dc-c9 > .kt-row-column-wrap{align-content:center;}:where(.kb-row-layout-id1398_0d28dc-c9 > .kt-row-column-wrap) > .wp-block-kadence-column{justify-content:center;}.kb-row-layout-id1398_0d28dc-c9 > .kt-row-column-wrap{column-gap:var(--global-kb-gap-lg, 4rem);row-gap:var(--global-kb-gap-md, 2rem);max-width:1430px;grid-template-columns:repeat(2, minmax(0, 1fr));}.kb-row-layout-id1398_0d28dc-c9{background-color:rgba(255,255,255,0);}.kb-row-layout-id1398_0d28dc-c9 > .kt-row-layout-overlay{opacity:0.30;}.kb-row-layout-id1398_0d28dc-c9 a{color:var(--global-palette3, #1A202C);}.kb-row-layout-id1398_0d28dc-c9 a:hover{color:var(--global-palette4, #2D3748);}@media all and (max-width: 1024px){.kb-row-layout-id1398_0d28dc-c9 > .kt-row-column-wrap{padding-bottom:var(--global-kb-spacing-xl, 4rem);grid-template-columns:minmax(0, 1fr);}}@media all and (max-width: 767px){.kb-row-layout-id1398_0d28dc-c9 > .kt-row-column-wrap{grid-template-columns:minmax(0, 1fr);}}<\/style><div class=\"kb-row-layout-wrap kb-row-layout-id1398_0d28dc-c9 alignfull kt-row-has-bg wp-block-kadence-rowlayout\"><div class=\"kt-row-column-wrap kt-has-2-columns kt-row-layout-equal kt-tab-layout-row kt-mobile-layout-row kt-row-valign-middle kb-theme-content-width\">\n<style>.kadence-column1398_c24730-96 > .kt-inside-inner-col,.kadence-column1398_c24730-96 > .kt-inside-inner-col:before{border-top-left-radius:0px;border-top-right-radius:0px;border-bottom-right-radius:0px;border-bottom-left-radius:0px;}.kadence-column1398_c24730-96 > .kt-inside-inner-col{column-gap:var(--global-kb-gap-sm, 1rem);}.kadence-column1398_c24730-96 > .kt-inside-inner-col{flex-direction:column;}.kadence-column1398_c24730-96 > .kt-inside-inner-col > .aligncenter{width:100%;}.kadence-column1398_c24730-96 > .kt-inside-inner-col:before{opacity:0.3;}.kadence-column1398_c24730-96{position:relative;}@media all and (max-width: 1024px){.kadence-column1398_c24730-96 > .kt-inside-inner-col{flex-direction:column;justify-content:center;}}@media all and (max-width: 767px){.kadence-column1398_c24730-96 > .kt-inside-inner-col{flex-direction:column;justify-content:center;}}<\/style>\n<div class=\"wp-block-kadence-column kadence-column1398_c24730-96\"><div class=\"kt-inside-inner-col\"><style>.wp-block-kadence-advancedheading.kt-adv-heading1398_48d7a7-5c, .wp-block-kadence-advancedheading.kt-adv-heading1398_48d7a7-5c[data-kb-block=\"kb-adv-heading1398_48d7a7-5c\"]{margin-bottom:var(--global-kb-spacing-xxs, 0.5rem);font-size:var(--global-kb-font-size-lg, 2rem);line-height:1.2;font-style:normal;color:var(--global-palette3, #1A202C);}.wp-block-kadence-advancedheading.kt-adv-heading1398_48d7a7-5c mark.kt-highlight, .wp-block-kadence-advancedheading.kt-adv-heading1398_48d7a7-5c[data-kb-block=\"kb-adv-heading1398_48d7a7-5c\"] mark.kt-highlight{font-style:normal;color:#f76a0c;-webkit-box-decoration-break:clone;box-decoration-break:clone;padding-top:0px;padding-right:0px;padding-bottom:0px;padding-left:0px;}.wp-block-kadence-advancedheading.kt-adv-heading1398_48d7a7-5c img.kb-inline-image, .wp-block-kadence-advancedheading.kt-adv-heading1398_48d7a7-5c[data-kb-block=\"kb-adv-heading1398_48d7a7-5c\"] img.kb-inline-image{width:150px;vertical-align:baseline;}<\/style>\n<h2 class=\"kt-adv-heading1398_48d7a7-5c wp-block-kadence-advancedheading has-theme-palette-3-color has-text-color\" data-kb-block=\"kb-adv-heading1398_48d7a7-5c\">Hitta oss<\/h2>\n\n\n<style>.wp-block-kadence-advancedheading.kt-adv-heading1398_7c2ae3-6a, .wp-block-kadence-advancedheading.kt-adv-heading1398_7c2ae3-6a[data-kb-block=\"kb-adv-heading1398_7c2ae3-6a\"]{padding-bottom:var(--global-kb-spacing-sm, 1.5rem);font-size:18px;font-style:normal;color:var(--global-palette3, #1A202C);}.wp-block-kadence-advancedheading.kt-adv-heading1398_7c2ae3-6a mark.kt-highlight, .wp-block-kadence-advancedheading.kt-adv-heading1398_7c2ae3-6a[data-kb-block=\"kb-adv-heading1398_7c2ae3-6a\"] mark.kt-highlight{font-style:normal;color:#f76a0c;-webkit-box-decoration-break:clone;box-decoration-break:clone;padding-top:0px;padding-right:0px;padding-bottom:0px;padding-left:0px;}.wp-block-kadence-advancedheading.kt-adv-heading1398_7c2ae3-6a img.kb-inline-image, .wp-block-kadence-advancedheading.kt-adv-heading1398_7c2ae3-6a[data-kb-block=\"kb-adv-heading1398_7c2ae3-6a\"] img.kb-inline-image{width:150px;vertical-align:baseline;}<\/style>\n<div class=\"kt-adv-heading1398_7c2ae3-6a wp-block-kadence-advancedheading has-theme-palette-3-color has-text-color\" data-kb-block=\"kb-adv-heading1398_7c2ae3-6a\"><\/div>\n\n\n\n<p><\/p>\n\n\n\n<p><strong>AVVIKANDE \u00d6PPETTIDER<\/strong><br><strong>Valborgsm\u00e4ssoafton  12.00-15.00<br><\/strong><br><\/p>\n\n\n\n<p><\/p>\n\n\n<style>.kb-row-layout-id1398_467684-1e > .kt-row-column-wrap{align-content:start;}:where(.kb-row-layout-id1398_467684-1e > .kt-row-column-wrap) > .wp-block-kadence-column{justify-content:start;}.kb-row-layout-id1398_467684-1e > .kt-row-column-wrap{column-gap:var(--global-kb-gap-sm, 1rem);row-gap:var(--global-kb-gap-md, 2rem);padding-top:var(--global-kb-spacing-sm, 1.5rem);padding-bottom:var(--global-kb-spacing-xxs, 0.5rem);grid-template-columns:minmax(0, calc(45% - ((var(--global-kb-gap-sm, 1rem) * 1 )\/2)))minmax(0, calc(55% - ((var(--global-kb-gap-sm, 1rem) * 1 )\/2)));}.kb-row-layout-id1398_467684-1e > .kt-row-layout-overlay{opacity:0.30;}@media all and (max-width: 1024px){.kb-row-layout-id1398_467684-1e > .kt-row-column-wrap{grid-template-columns:repeat(2, minmax(0, 1fr));}}@media all and (max-width: 767px){.kb-row-layout-id1398_467684-1e > .kt-row-column-wrap{grid-template-columns:minmax(0, 1fr);}}<\/style><div class=\"kb-row-layout-wrap kb-row-layout-id1398_467684-1e alignnone wp-block-kadence-rowlayout\"><div class=\"kt-row-column-wrap kt-has-2-columns kt-row-layout-equal kt-tab-layout-inherit kt-mobile-layout-row kt-row-valign-top\">\n<style>.kadence-column1398_fb3b4f-2a > .kt-inside-inner-col,.kadence-column1398_fb3b4f-2a > .kt-inside-inner-col:before{border-top-left-radius:0px;border-top-right-radius:0px;border-bottom-right-radius:0px;border-bottom-left-radius:0px;}.kadence-column1398_fb3b4f-2a > .kt-inside-inner-col{column-gap:15px;}.kadence-column1398_fb3b4f-2a > .kt-inside-inner-col{flex-direction:column;}.kadence-column1398_fb3b4f-2a > .kt-inside-inner-col > .aligncenter{width:100%;}.kadence-column1398_fb3b4f-2a > .kt-inside-inner-col:before{opacity:0.3;}.kadence-column1398_fb3b4f-2a{text-align:left;}.kadence-column1398_fb3b4f-2a{position:relative;}@media all and (max-width: 1024px){.kadence-column1398_fb3b4f-2a > .kt-inside-inner-col{flex-direction:column;justify-content:center;}}@media all and (max-width: 767px){.kadence-column1398_fb3b4f-2a > .kt-inside-inner-col{flex-direction:column;justify-content:center;}}<\/style>\n<div class=\"wp-block-kadence-column kadence-column1398_fb3b4f-2a kb-section-dir-vertical\"><div class=\"kt-inside-inner-col\">\n<p><strong>Plats:<\/strong><br>Norrtullsgatan 9, Stockholm<br><br><br><br><strong>E-mail:<\/strong><br>inquiry@inthemoodfortea.se<\/p>\n<\/div><\/div>\n\n\n<style>.kadence-column1398_2fedbf-e1 > .kt-inside-inner-col,.kadence-column1398_2fedbf-e1 > .kt-inside-inner-col:before{border-top-left-radius:0px;border-top-right-radius:0px;border-bottom-right-radius:0px;border-bottom-left-radius:0px;}.kadence-column1398_2fedbf-e1 > .kt-inside-inner-col{column-gap:15px;}.kadence-column1398_2fedbf-e1 > .kt-inside-inner-col{flex-direction:column;}.kadence-column1398_2fedbf-e1 > .kt-inside-inner-col > .aligncenter{width:100%;}.kadence-column1398_2fedbf-e1 > .kt-inside-inner-col:before{opacity:0.3;}.kadence-column1398_2fedbf-e1{position:relative;}@media all and (max-width: 1024px){.kadence-column1398_2fedbf-e1 > .kt-inside-inner-col{flex-direction:column;justify-content:center;}}@media all and (max-width: 767px){.kadence-column1398_2fedbf-e1 > .kt-inside-inner-col{flex-direction:column;justify-content:center;}}<\/style>\n<div class=\"wp-block-kadence-column kadence-column1398_2fedbf-e1 kb-section-dir-vertical\"><div class=\"kt-inside-inner-col\"><style>.wp-block-kadence-advancedheading.kt-adv-heading1398_4e0be0-be, .wp-block-kadence-advancedheading.kt-adv-heading1398_4e0be0-be[data-kb-block=\"kb-adv-heading1398_4e0be0-be\"]{padding-bottom:var(--global-kb-spacing-sm, 1.5rem);font-size:18px;font-style:normal;color:var(--global-palette3, #1A202C);}.wp-block-kadence-advancedheading.kt-adv-heading1398_4e0be0-be mark.kt-highlight, .wp-block-kadence-advancedheading.kt-adv-heading1398_4e0be0-be[data-kb-block=\"kb-adv-heading1398_4e0be0-be\"] mark.kt-highlight{font-style:normal;color:#f76a0c;-webkit-box-decoration-break:clone;box-decoration-break:clone;padding-top:0px;padding-right:0px;padding-bottom:0px;padding-left:0px;}.wp-block-kadence-advancedheading.kt-adv-heading1398_4e0be0-be img.kb-inline-image, .wp-block-kadence-advancedheading.kt-adv-heading1398_4e0be0-be[data-kb-block=\"kb-adv-heading1398_4e0be0-be\"] img.kb-inline-image{width:150px;vertical-align:baseline;}<\/style>\n<div class=\"kt-adv-heading1398_4e0be0-be wp-block-kadence-advancedheading has-theme-palette-3-color has-text-color\" data-kb-block=\"kb-adv-heading1398_4e0be0-be\"><strong>Ordinarie \u00f6ppettider<\/strong><\/div>\n\n\n<style>.kb-row-layout-id1398_48b4dc-12 > .kt-row-column-wrap{align-content:start;}:where(.kb-row-layout-id1398_48b4dc-12 > .kt-row-column-wrap) > .wp-block-kadence-column{justify-content:start;}.kb-row-layout-id1398_48b4dc-12 > .kt-row-column-wrap{column-gap:var(--global-kb-gap-sm, 1rem);row-gap:var(--global-kb-gap-md, 2rem);padding-top:0px;padding-bottom:0px;grid-template-columns:minmax(0, calc(45% - ((var(--global-kb-gap-sm, 1rem) * 1 )\/2)))minmax(0, calc(55% - ((var(--global-kb-gap-sm, 1rem) * 1 )\/2)));}.kb-row-layout-id1398_48b4dc-12 > .kt-row-layout-overlay{opacity:0.30;}@media all and (max-width: 1024px){.kb-row-layout-id1398_48b4dc-12 > .kt-row-column-wrap{grid-template-columns:repeat(2, minmax(0, 1fr));}}@media all and (max-width: 767px){.kb-row-layout-id1398_48b4dc-12 > .kt-row-column-wrap{column-gap:var(--global-kb-gap-none, 0rem );padding-right:0px;padding-left:0px;grid-template-columns:repeat(2, minmax(0, 1fr));}}<\/style><div class=\"kb-row-layout-wrap kb-row-layout-id1398_48b4dc-12 alignnone wp-block-kadence-rowlayout\"><div class=\"kt-row-column-wrap kt-has-2-columns kt-row-layout-equal kt-tab-layout-inherit kt-mobile-layout-equal kt-row-valign-top\">\n<style>.kadence-column1398_849326-ca > .kt-inside-inner-col,.kadence-column1398_849326-ca > .kt-inside-inner-col:before{border-top-left-radius:0px;border-top-right-radius:0px;border-bottom-right-radius:0px;border-bottom-left-radius:0px;}.kadence-column1398_849326-ca > .kt-inside-inner-col{column-gap:var(--global-kb-gap-sm, 1rem);}.kadence-column1398_849326-ca > .kt-inside-inner-col{flex-direction:column;}.kadence-column1398_849326-ca > .kt-inside-inner-col > .aligncenter{width:100%;}.kadence-column1398_849326-ca > .kt-inside-inner-col:before{opacity:0.3;}.kadence-column1398_849326-ca{position:relative;}@media all and (max-width: 1024px){.kadence-column1398_849326-ca > .kt-inside-inner-col{flex-direction:column;justify-content:center;}}@media all and (max-width: 767px){.kadence-column1398_849326-ca > .kt-inside-inner-col{flex-direction:column;justify-content:center;}}<\/style>\n<div class=\"wp-block-kadence-column kadence-column1398_849326-ca\"><div class=\"kt-inside-inner-col\"><style>.wp-block-kadence-advancedheading.kt-adv-heading1398_620b02-3a, .wp-block-kadence-advancedheading.kt-adv-heading1398_620b02-3a[data-kb-block=\"kb-adv-heading1398_620b02-3a\"]{font-size:17px;font-style:normal;color:var(--global-palette3, #1A202C);}.wp-block-kadence-advancedheading.kt-adv-heading1398_620b02-3a mark.kt-highlight, .wp-block-kadence-advancedheading.kt-adv-heading1398_620b02-3a[data-kb-block=\"kb-adv-heading1398_620b02-3a\"] mark.kt-highlight{font-style:normal;color:#f76a0c;-webkit-box-decoration-break:clone;box-decoration-break:clone;padding-top:0px;padding-right:0px;padding-bottom:0px;padding-left:0px;}.wp-block-kadence-advancedheading.kt-adv-heading1398_620b02-3a img.kb-inline-image, .wp-block-kadence-advancedheading.kt-adv-heading1398_620b02-3a[data-kb-block=\"kb-adv-heading1398_620b02-3a\"] img.kb-inline-image{width:150px;vertical-align:baseline;}<\/style>\n<div class=\"kt-adv-heading1398_620b02-3a wp-block-kadence-advancedheading has-theme-palette-3-color has-text-color\" data-kb-block=\"kb-adv-heading1398_620b02-3a\">M\u00e5ndag<br>Tisdag<br>Onsdag<br>Torsdag<br>Fredag<br>L\u00f6rdag<br>S\u00f6ndag<\/div>\n<\/div><\/div>\n\n\n<style>.kadence-column1398_29f9c5-9e > .kt-inside-inner-col,.kadence-column1398_29f9c5-9e > .kt-inside-inner-col:before{border-top-left-radius:0px;border-top-right-radius:0px;border-bottom-right-radius:0px;border-bottom-left-radius:0px;}.kadence-column1398_29f9c5-9e > .kt-inside-inner-col{column-gap:var(--global-kb-gap-sm, 1rem);}.kadence-column1398_29f9c5-9e > .kt-inside-inner-col{flex-direction:column;}.kadence-column1398_29f9c5-9e > .kt-inside-inner-col > .aligncenter{width:100%;}.kadence-column1398_29f9c5-9e > .kt-inside-inner-col:before{opacity:0.3;}.kadence-column1398_29f9c5-9e{position:relative;}@media all and (max-width: 1024px){.kadence-column1398_29f9c5-9e > .kt-inside-inner-col{flex-direction:column;justify-content:center;}}@media all and (max-width: 767px){.kadence-column1398_29f9c5-9e > .kt-inside-inner-col{flex-direction:column;justify-content:center;}}<\/style>\n<div class=\"wp-block-kadence-column kadence-column1398_29f9c5-9e\"><div class=\"kt-inside-inner-col\"><style>.wp-block-kadence-advancedheading.kt-adv-heading1398_7a6131-7c, .wp-block-kadence-advancedheading.kt-adv-heading1398_7a6131-7c[data-kb-block=\"kb-adv-heading1398_7a6131-7c\"]{font-size:17px;font-style:normal;color:var(--global-palette3, #1A202C);}.wp-block-kadence-advancedheading.kt-adv-heading1398_7a6131-7c mark.kt-highlight, .wp-block-kadence-advancedheading.kt-adv-heading1398_7a6131-7c[data-kb-block=\"kb-adv-heading1398_7a6131-7c\"] mark.kt-highlight{font-style:normal;color:#f76a0c;-webkit-box-decoration-break:clone;box-decoration-break:clone;padding-top:0px;padding-right:0px;padding-bottom:0px;padding-left:0px;}.wp-block-kadence-advancedheading.kt-adv-heading1398_7a6131-7c img.kb-inline-image, .wp-block-kadence-advancedheading.kt-adv-heading1398_7a6131-7c[data-kb-block=\"kb-adv-heading1398_7a6131-7c\"] img.kb-inline-image{width:150px;vertical-align:baseline;}<\/style>\n<div class=\"kt-adv-heading1398_7a6131-7c wp-block-kadence-advancedheading has-theme-palette-3-color has-text-color\" data-kb-block=\"kb-adv-heading1398_7a6131-7c\">12:00 &#8211; 18:00<br>12:00 &#8211; 18:00<br>12:00 &#8211; 18:00<br>12:00 &#8211; 18:00<br>12:00 &#8211; 18:00<br>St\u00e4ngt<br>St\u00e4ngt<\/div>\n<\/div><\/div>\n\n<\/div><\/div><\/div><\/div>\n\n<\/div><\/div><\/div><\/div>\n\n\n<style>.kadence-column1398_e20d91-b3 > .kt-inside-inner-col,.kadence-column1398_e20d91-b3 > .kt-inside-inner-col:before{border-top-left-radius:0px;border-top-right-radius:0px;border-bottom-right-radius:0px;border-bottom-left-radius:0px;}.kadence-column1398_e20d91-b3 > .kt-inside-inner-col{column-gap:var(--global-kb-gap-sm, 1rem);}.kadence-column1398_e20d91-b3 > .kt-inside-inner-col{flex-direction:column;}.kadence-column1398_e20d91-b3 > .kt-inside-inner-col > .aligncenter{width:100%;}.kadence-column1398_e20d91-b3 > .kt-inside-inner-col:before{opacity:0.3;}.kadence-column1398_e20d91-b3{position:relative;}@media all and (max-width: 1024px){.kadence-column1398_e20d91-b3 > .kt-inside-inner-col{flex-direction:column;justify-content:center;}}@media all and (max-width: 767px){.kadence-column1398_e20d91-b3 > .kt-inside-inner-col{flex-direction:column;justify-content:center;}}<\/style>\n<div class=\"wp-block-kadence-column kadence-column1398_e20d91-b3\"><div class=\"kt-inside-inner-col\"><style>.kb-google-maps-container1398_7cf6b0-8d{height:584px;}<\/style><div class=\"kb-google-maps-container kb-google-maps-container1398_7cf6b0-8d  wp-block-kadence-googlemaps\" data-mapid=\"1398_7cf6b08d\"><iframe width=\"100%\" height=\"100%\"\n\t\t\t\t\t\t\tstyle=\"border:0\" loading=\"lazy\"\n\t\t\t\t\t\t\tsrc=\"https:\/\/www.google.com\/maps\/embed\/v1\/place?key=AIzaSyC8rKZ1fhpCRQx5GMaSB2TTpfFuG1c_xOg&#038;zoom=15&#038;maptype=roadmap&#038;q=In+the+mood+for+tea\"\n\t\t\t\t\t\t\ttitle=\"Carte Google de In the mood for tea\"><\/iframe><\/div><script>function kb_google_map1398_7cf6b08d() { let center = { lat: 37.8201, lng: -122.4781}; let map = new google.maps.Map(document.getElementById(\"kb-google-map1398_7cf6b08d\"), {\n\t\t\t\t\t    zoom: 15,\n\t\t\t\t\t    center: center,});let marker = new google.maps.Marker({   position: { lat: 37.8201, lng: -122.4781},    map: map,  });}<\/script><\/div><\/div>\n\n<\/div><\/div>\n\n\n<p><\/p>\n","protected":false},"excerpt":{"rendered":"<p>Hitta oss AVVIKANDE \u00d6PPETTIDERValborgsm\u00e4ssoafton 12.00-15.00 Plats:Norrtullsgatan 9, Stockholm E-mail:inquiry@inthemoodfortea.se Ordinarie \u00f6ppettider M\u00e5ndagTisdagOnsdagTorsdagFredagL\u00f6rdagS\u00f6ndag 12:00 &#8211; 18:0012:00 &#8211; 18:0012:00 &#8211; 18:0012:00 &#8211; 18:0012:00 &#8211; 18:00St\u00e4ngtSt\u00e4ngt<\/p>","protected":false},"author":1,"featured_media":0,"parent":0,"menu_order":0,"comment_status":"open","ping_status":"closed","template":"","meta":{"footnotes":""},"class_list":["post-1398","page","type-page","status-publish","hentry","_wholesalex wsx-wholesalex-product"],"blocksy_meta":{"styles_descriptor":{"styles":{"desktop":"","tablet":"","mobile":""},"google_fonts":[]}},"_links":{"self":[{"href":"https:\/\/www.inthemoodfortea.se\/fr\/wp-json\/wp\/v2\/pages\/1398","targetHints":{"allow":["GET"]}}],"collection":[{"href":"https:\/\/www.inthemoodfortea.se\/fr\/wp-json\/wp\/v2\/pages"}],"about":[{"href":"https:\/\/www.inthemoodfortea.se\/fr\/wp-json\/wp\/v2\/types\/page"}],"author":[{"embeddable":true,"href":"https:\/\/www.inthemoodfortea.se\/fr\/wp-json\/wp\/v2\/users\/1"}],"replies":[{"embeddable":true,"href":"https:\/\/www.inthemoodfortea.se\/fr\/wp-json\/wp\/v2\/comments?post=1398"}],"version-history":[{"count":4,"href":"https:\/\/www.inthemoodfortea.se\/fr\/wp-json\/wp\/v2\/pages\/1398\/revisions"}],"predecessor-version":[{"id":63629,"href":"https:\/\/www.inthemoodfortea.se\/fr\/wp-json\/wp\/v2\/pages\/1398\/revisions\/63629"}],"wp:attachment":[{"href":"https:\/\/www.inthemoodfortea.se\/fr\/wp-json\/wp\/v2\/media?parent=1398"}],"curies":[{"name":"wp","href":"https:\/\/api.w.org\/{rel}","templated":true}]}}