{"id":50028,"date":"2024-09-24T19:27:06","date_gmt":"2024-09-24T19:27:06","guid":{"rendered":"https:\/\/www.inthemoodfortea.se\/?page_id=50028"},"modified":"2026-02-17T08:17:38","modified_gmt":"2026-02-17T08:17:38","slug":"restaurants","status":"publish","type":"page","link":"https:\/\/www.inthemoodfortea.se\/fr\/restauranger\/","title":{"rendered":"Restaurants"},"content":{"rendered":"<p class=\"has-large-font-size\">Restaurants<\/p>\n\n\n\n<p>Vous trouverez ci-dessous une s\u00e9lection de restaurants et de caf\u00e9s qui servent nos th\u00e9s.<\/p>\n\n\n\n<p><strong><a href=\"https:\/\/www.restaurantfrantzen.com\/\" data-type=\"link\" data-id=\"https:\/\/www.restaurantfrantzen.com\/\" rel=\"nofollow noopener\" target=\"_blank\">Frantz\u00e9n<\/a><\/strong><br>Klara Norra Kyrkogata 26, Stockholm<\/p>\n\n\n\n<p><strong><a href=\"https:\/\/aira.se\/\" data-type=\"link\" data-id=\"https:\/\/aira.se\/\" rel=\"nofollow noopener\" target=\"_blank\">Aira<\/a><\/strong><br>Biskopsv\u00e4gen 9, Stockholm<\/p>\n\n\n\n<p><strong><a href=\"https:\/\/www.bord.restaurant\/\" data-type=\"link\" data-id=\"https:\/\/www.bord.restaurant\/\" rel=\"nofollow noopener\" target=\"_blank\">Conseil d'administration<\/a><\/strong><br>Roslagsgatan 43, Stockholm<\/p>\n\n\n\n<p><strong><a href=\"https:\/\/surfersstockholm.se\/\" data-type=\"link\" data-id=\"https:\/\/surfersstockholm.se\/\" rel=\"nofollow noopener\" target=\"_blank\">Surfeurs<\/a><\/strong><br>Norrlandsgatan 24, Stockholm<\/p>\n\n\n\n<p><strong><a href=\"https:\/\/www.gastcafe.se\/\" data-type=\"link\" data-id=\"https:\/\/www.gastcafe.se\/\" rel=\"nofollow noopener\" target=\"_blank\">Caf\u00e9 invit\u00e9<\/a><\/strong><br>R\u00e5dmansgatan 57, Stockholm<br><strong><br><a href=\"https:\/\/www.portalrestaurant.se\/\" data-type=\"link\" data-id=\"https:\/\/www.portalrestaurant.se\/\" rel=\"nofollow noopener\" target=\"_blank\">Portail<\/a><\/strong><br>Sankt Eriksplan 1, Stockholm<\/p>\n\n\n\n<p><strong><a href=\"https:\/\/www.personasthlm.com\/\" data-type=\"link\" data-id=\"https:\/\/www.personasthlm.com\/\" rel=\"nofollow noopener\" target=\"_blank\">Persona<\/a><\/strong><br>Torstenssongatan 11, Stockholm<\/p>\n\n\n\n<p><strong><a href=\"http:\/\/babette.se\/\" data-type=\"link\" data-id=\"http:\/\/babette.se\/\" rel=\"nofollow noopener\" target=\"_blank\">Babette<\/a><\/strong><br>Roslagsgatan 6, Stockholm<\/p>\n\n\n\n<p><strong><a href=\"https:\/\/adamalbin.se\/\" data-type=\"link\" data-id=\"https:\/\/adamalbin.se\/\" rel=\"nofollow noopener\" target=\"_blank\">Adam &amp; Albin<\/a><\/strong><br>R\u00e5dmansgatan 16, Stockholm<\/p>\n\n\n\n<p><a href=\"https:\/\/cafepascal.se\/\" data-type=\"link\" data-id=\"https:\/\/cafepascal.se\/\" rel=\"nofollow noopener\" target=\"_blank\"><strong>Caf<\/strong>\u00e9&nbsp;<strong>Pascal<\/strong><\/a><br>Norrtullsgatan 4, Stockholm<\/p>\n\n\n\n<p><strong><a href=\"https:\/\/storabageriet.com\/\" data-type=\"link\" data-id=\"https:\/\/storabageriet.com\/\" rel=\"nofollow noopener\" target=\"_blank\">Big Bakery<\/a><\/strong><br>Sibyllegatan 2, Stockholm<\/p>\n\n\n\n<p><strong><a href=\"https:\/\/www.fjallnas.se\/\" data-type=\"link\" data-id=\"https:\/\/www.fjallnas.se\/\" rel=\"nofollow noopener\" target=\"_blank\">Fj\u00e4lln\u00e4s Resort<\/a><\/strong><br>Malmagsv\u00e4gen 33, T\u00e4nndalen<\/p>\n\n\n\n<p><strong><a href=\"https:\/\/laowai.se\/\" data-type=\"link\" data-id=\"https:\/\/laowai.se\/\" rel=\"nofollow noopener\" target=\"_blank\">Lao Wai<\/a><\/strong><br>Luntmakargatan 74, Stockholm<\/p>\n\n\n\n<p><strong><a href=\"https:\/\/theitaliancousins.se\/\" data-type=\"link\" data-id=\"https:\/\/theitaliancousins.se\/\" rel=\"nofollow noopener\" target=\"_blank\">Les cousins italiens<\/a><\/strong><br>Odengatan 78, Stockholm<\/p>\n\n\n\n<p><strong>Caf\u00e9 et boulangerie Pascal<\/strong><br>Sk\u00e5negatan 76, Stockholm<\/p>\n\n\n\n<p><strong><a href=\"https:\/\/www.abcafe.se\/\" data-type=\"link\" data-id=\"https:\/\/www.abcafe.se\/\" rel=\"nofollow noopener\" target=\"_blank\">AB Caf\u00e9<\/a><\/strong><br>Valborgsm\u00e4ssov\u00e4gen 34, H\u00e4gersten<br><strong><br><a href=\"https:\/\/cafenizza.se\/\" data-type=\"link\" data-id=\"https:\/\/cafenizza.se\/\" rel=\"nofollow noopener\" target=\"_blank\">Caf\u00e9 Nizza<\/a><\/strong><br>\u00c5segatan 171, Stockholm<\/p>\n\n\n\n<p><strong><a href=\"https:\/\/sockersucker.se\/\" data-type=\"link\" data-id=\"https:\/\/sockersucker.se\/\" rel=\"nofollow noopener\" target=\"_blank\">Suceur de chaussette<\/a><\/strong><br>Drottninggatan 93, Stockholm<\/p>\n\n\n\n<p><strong><a href=\"https:\/\/schmaltz.se\/\" data-type=\"link\" data-id=\"https:\/\/schmaltz.se\/\" rel=\"nofollow noopener\" target=\"_blank\">Schmaltz<\/a><\/strong><br>Nybrogatan 19, Stockholm<\/p>\n\n\n\n<p><strong><a href=\"https:\/\/bokslukaren.com\/\" data-type=\"link\" data-id=\"https:\/\/bokslukaren.com\/\" rel=\"nofollow noopener\" target=\"_blank\">L'ouvre-bo\u00eete<\/a><\/strong><br>Mariatorget 2, Stockholm<\/p>\n\n\n\n<p><strong><a href=\"https:\/\/www.facebook.com\/bagerietifritsla\/?locale=sv_SE\" data-type=\"link\" data-id=\"https:\/\/www.facebook.com\/bagerietifritsla\/?locale=sv_SE\" rel=\"nofollow noopener\" target=\"_blank\">La boulangerie de Fritsla<\/a><\/strong><br>F\u00f6rl\u00e4ggarev\u00e4gen 27, Fritsla V\u00e4stergatan 10, 352 31 V\u00e4xj\u00f6<\/p>\n\n\n\n<p><strong><a href=\"https:\/\/petrirestaurant.com\/\" data-type=\"link\" data-id=\"https:\/\/petrirestaurant.com\/\" rel=\"nofollow noopener\" target=\"_blank\">Saint Pierre<\/a><\/strong><br>Kommend\u00f6rsgatan 16, Stockholm<\/p>\n\n\n\n<p><strong><a href=\"https:\/\/clarion-hotel-the-pier.gothenburg-hotel.com\/sv\/\" data-type=\"link\" data-id=\"https:\/\/clarion-hotel-the-pier.gothenburg-hotel.com\/sv\/\" rel=\"nofollow noopener\" target=\"_blank\">Clarion Hotel The Pier<\/a><\/strong><br>Pumpgatan 3, G\u00f6teborg<\/p>\n\n\n\n<p><strong><a href=\"https:\/\/kometstockholm.com\/\" data-type=\"link\" data-id=\"https:\/\/kometstockholm.com\/\" rel=\"nofollow noopener\" target=\"_blank\">Com\u00e8te<\/a><\/strong><br>Kungsholmsgatan 10, Stockholm<\/p>\n\n\n\n<p><strong>Cuill\u00e8re grasse<\/strong><br>Hagagatan 4, Stockholm<\/p>\n\n\n\n<p><strong>Cuill\u00e8re grasse<\/strong><br>Tj\u00e4rhovsgatan 19, Stockholm<\/p>\n\n\n\n<p><strong>Cuill\u00e8re grasse<\/strong><br>S\u00f6dermannagatan 53, Stockholm<\/p>\n\n\n\n<p><\/p>","protected":false},"excerpt":{"rendered":"<p>Restauranger Nedan f\u00f6ljer ett urval av restauranger och caf\u00e9er som serverar v\u00e5ra teer. Frantz\u00e9nKlara Norra Kyrkogata 26, Stockholm AiraBiskopsv\u00e4gen 9, Stockholm BordRoslagsgatan 43, Stockholm SurfersNorrlandsgatan 24, Stockholm Gast cafeR\u00e5dmansgatan 57, StockholmPortalSankt Eriksplan 1, Stockholm PersonaTorstenssongatan 11, Stockholm BabetteRoslagsgatan 6, Stockholm Adam &amp; AlbinR\u00e5dmansgatan 16, Stockholm Caf\u00e9&nbsp;PascalNorrtullsgatan 4, Stockholm Stora BagerietSibyllegatan 2, Stockholm Fj\u00e4lln\u00e4s ResortMalmagsv\u00e4gen 33, [&hellip;]<\/p>\n","protected":false},"author":1,"featured_media":0,"parent":0,"menu_order":0,"comment_status":"closed","ping_status":"closed","template":"","meta":{"footnotes":""},"class_list":["post-50028","page","type-page","status-publish","hentry","_wholesalex wsx-wholesalex-product"],"blocksy_meta":[],"_links":{"self":[{"href":"https:\/\/www.inthemoodfortea.se\/fr\/wp-json\/wp\/v2\/pages\/50028","targetHints":{"allow":["GET"]}}],"collection":[{"href":"https:\/\/www.inthemoodfortea.se\/fr\/wp-json\/wp\/v2\/pages"}],"about":[{"href":"https:\/\/www.inthemoodfortea.se\/fr\/wp-json\/wp\/v2\/types\/page"}],"author":[{"embeddable":true,"href":"https:\/\/www.inthemoodfortea.se\/fr\/wp-json\/wp\/v2\/users\/1"}],"replies":[{"embeddable":true,"href":"https:\/\/www.inthemoodfortea.se\/fr\/wp-json\/wp\/v2\/comments?post=50028"}],"version-history":[{"count":0,"href":"https:\/\/www.inthemoodfortea.se\/fr\/wp-json\/wp\/v2\/pages\/50028\/revisions"}],"wp:attachment":[{"href":"https:\/\/www.inthemoodfortea.se\/fr\/wp-json\/wp\/v2\/media?parent=50028"}],"curies":[{"name":"wp","href":"https:\/\/api.w.org\/{rel}","templated":true}]}}