{"id":50037,"date":"2024-09-24T19:31:37","date_gmt":"2024-09-24T19:31:37","guid":{"rendered":"https:\/\/www.inthemoodfortea.se\/?page_id=50037"},"modified":"2026-02-17T08:17:13","modified_gmt":"2026-02-17T08:17:13","slug":"conditions-generales","status":"publish","type":"page","link":"https:\/\/www.inthemoodfortea.se\/fr\/kopvillkor\/","title":{"rendered":"Conditions d'achat"},"content":{"rendered":"<h4 class=\"wp-block-heading\" id=\"h-k-pvillkor\">Conditions d'achat<\/h4>\n\n\n\n<p>1. Informations sur l'entreprise<br>In the Mood for Tea est une marque appartenant \u00e0 J &amp; J Almberg HB (num\u00e9ro d&#039;enregistrement 969711-8892). Les informations et images pr\u00e9sentes sur le site Web sont la propri\u00e9t\u00e9 de la soci\u00e9t\u00e9 et ne peuvent \u00eatre copi\u00e9es sans autorisation.<br>L&#039;adresse de notre magasin est In the Mood for Tea, Norrtullsgatan 9, 11329 Stockholm.<\/p>\n\n\n\n<p>2. les prix<br>Chaque article est indiqu\u00e9 TVA incluse en couronnes su\u00e9doises. Dans le panier, vous pouvez voir le prix total, TVA incluse.<\/p>\n\n\n\n<p>3.1 Paiement<br>Le paiement est effectu\u00e9 par la m\u00e9thode de paiement s\u00e9lectionn\u00e9e \u00e0 la caisse. La m\u00e9thode de paiement est fournie par Svea ekonomi.<\/p>\n\n\n\n<p>3.2 Paiements par carte<br>Le paiement par carte Visa et MasterCard est accept\u00e9. <\/p>\n\n\n\n<p>3.3 Facture<br>Lors du paiement sur facture, nous coop\u00e9rons avec Svea Bank AB. Pour acheter contre facture, vous devez<br>entrez votre num\u00e9ro de s\u00e9curit\u00e9 sociale ou votre num\u00e9ro d\u2019organisation. La condition pr\u00e9alable pour \u00eatre autoris\u00e9 \u00e0 n\u00e9gocier contre une facture est<br>entre autres, que vous \u00eates inscrit au registre de la population en Su\u00e8de et que vous avez plus de 18 ans. Tu ne dois pas avoir<br>quelques notes de paiement. Toutes les factures sont remises par STORE NAME \u00e0 Svea Bank<br>AB.<br>La v\u00e9rification de solvabilit\u00e9 habituelle a lieu apr\u00e8s que les donn\u00e9es personnelles ont \u00e9t\u00e9 d\u00e9pos\u00e9es \u00e0 la caisse, ce qui signifie dans certains cas<br>ceci qu&#039;un rapport de cr\u00e9dit est pris. Dans ce cas, une copie des informations de cr\u00e9dit sera envoy\u00e9e \u00e0 domicile \u00e0<br>toi.<br>Les d\u00e9lais de paiement de la facture sont de 14 jours. En cas de retard de paiement, les frais convenus et l\u00e9gaux restent perdus.<br>frais de rappel. Des int\u00e9r\u00eats de retard sont factur\u00e9s \u00e0 hauteur de 2 % par mois. En cas de non-paiement, il sera remis<br>la facture au recouvrement de cr\u00e9ances<\/p>\n\n\n\n<p>3.4 Facture de l&#039;entreprise<br>V\u00e9rification de solvabilit\u00e9\u00a0: lors d&#039;une demande de paiement via une facture d&#039;entreprise, une v\u00e9rification de solvabilit\u00e9 habituelle est effectu\u00e9e, ce qui peut signifier l&#039;obtention d&#039;un rapport de solvabilit\u00e9.<\/p>\n\n\n\n<p>Conditions de paiement\u00a0: la date d&#039;\u00e9ch\u00e9ance et les autres conditions des factures de l&#039;entreprise apparaissent sur la facture. En cas de paiement sur facture, le paiement doit avoir \u00e9t\u00e9 re\u00e7u au plus tard 30 jours \u00e0 compter de la date de facture. En cas de retard de paiement, des frais de rappel de 60 SEK et des int\u00e9r\u00eats de retard de 2% par mois seront ajout\u00e9s \u00e0 compter de la date d&#039;\u00e9ch\u00e9ance jusqu&#039;au paiement int\u00e9gral.<\/p>\n\n\n\n<p>Transfert : Toutes les factures de l&#039;entreprise seront transf\u00e9r\u00e9es \u00e0 Svea Bank AB, 556158-7634 (\u00ab Svea Bank \u00bb). Tous les paiements dus \u00e0 la facture doivent \u00eatre effectu\u00e9s \u00e0 Svea Bank.<\/p>\n\n\n\n<p>RGPD\u00a0: lors d&#039;un paiement via une facture d&#039;entreprise, la facture sera transmise \u00e0 Svea Bank AB et nous partagerons ensuite les donn\u00e9es personnelles du client de l&#039;entreprise avec Svea Bank. Svea Bank est le responsable du traitement des donn\u00e9es personnelles pour les cr\u00e9ances que nous avons transf\u00e9r\u00e9es \u00e0 Svea Bank. Pour des informations d\u00e9taill\u00e9es sur le traitement des donn\u00e9es personnelles par Svea Bank, veuillez lire plus en d\u00e9tail les informations sur la protection des donn\u00e9es de Svea disponibles sur https:\/\/www.svea.com\/dataskydd ou contacter Svea par mail 169 81 Solna, t\u00e9l\u00e9phone 08 \u2013 514 931 13 ou swp@svea.com. Le d\u00e9l\u00e9gu\u00e9 \u00e0 la protection des donn\u00e9es peut \u00eatre contact\u00e9 \u00e0 Privacy@svea.com.<\/p>\n\n\n\n<p>4. exp\u00e9dition et m\u00e9thodes d'exp\u00e9dition<br>En Su\u00e8de, les frais de port sont de 39 SEK, quel que soit le poids. Pour les envois en dehors de la Su\u00e8de, le prix est calcul\u00e9 en fonction du poids, et vous pouvez voir le montant des frais de transport avant de choisir de payer.<\/p>\n\n\n\n<p>4.2 Produits livrables<br>Notre ambition est d&#039;envoyer les commandes dans un d\u00e9lai de 1 \u00e0 3 jours ouvrables, sauf indication contraire lors de la commande. La livraison a lieu \u00e0 l&#039;adresse que vous avez indiqu\u00e9e au moment de la commande.<\/p>\n\n\n\n<p>4.3 Commande non r\u00e9cup\u00e9r\u00e9e<br>Il est de votre responsabilit\u00e9 de r\u00e9cup\u00e9rer l&#039;envoi au point de livraison dans le d\u00e9lai indiqu\u00e9 dans la notification que vous avez re\u00e7ue. Dans le cas o\u00f9 vous demandez que la livraison soit effectu\u00e9e \u00e0 une autre personne, vous \u00eates responsable de fournir un num\u00e9ro de t\u00e9l\u00e9phone portable valide ou une adresse e-mail valide o\u00f9 la notification doit \u00eatre effectu\u00e9e et la personne qui re\u00e7oit ensuite la notification est responsable de r\u00e9cup\u00e9rer l&#039;envoi. . Il peut \u00eatre judicieux d&#039;informer le destinataire de la commande, afin que la personne en question puisse r\u00e9cup\u00e9rer l&#039;envoi si n\u00e9cessaire. Si le colis ne peut pas \u00eatre re\u00e7u \u00e0 la livraison, ou n&#039;est pas r\u00e9cup\u00e9r\u00e9 au point de livraison, il nous sera retourn\u00e9 et nous pourrons alors facturer un montant raisonnable pour les frais d&#039;exp\u00e9dition et administratifs. Si ces frais ne sont pas pay\u00e9s, la cr\u00e9ance est soumise au recouvrement de cr\u00e9ances. Si la livraison doit \u00eatre retir\u00e9e en magasin, elle doit \u00eatre r\u00e9cup\u00e9r\u00e9e dans un d\u00e9lai de trois semaines pour \u00e9viter l&#039;annulation de la commande.<\/p>\n\n\n\n<p>4.4 Marchandises endommag\u00e9es et r\u00e9clamations<br>Lors de la r\u00e9ception de vos marchandises, il est important que vous v\u00e9rifiiez imm\u00e9diatement que les marchandises ne sont pas endommag\u00e9es ou incorrectes. Si l&#039;article est incorrect ou endommag\u00e9, veuillez nous contacter d\u00e8s que possible par e-mail. \u00c9crivez \u00e0 l&#039;adresse investigation@inthemoodfortea.se et vous recevrez des instructions suppl\u00e9mentaires. Vous disposez d&#039;un droit de r\u00e9clamation de 3 ans selon la loi su\u00e9doise.<\/p>\n\n\n\n<p>5. droit de r\u00e9siliation et achat ouvert<br>En tant que client, vous avez le droit d&#039;annuler votre achat dans les 14 jours suivant la r\u00e9ception de l&#039;article. Le droit de r\u00e9tractation ne peut \u00eatre utilis\u00e9 que si le produit peut \u00eatre retourn\u00e9 dans son emballage d&#039;origine et est dans un \u00e9tat pratiquement inchang\u00e9. Vous avez le droit d&#039;ouvrir l&#039;emballage et d&#039;essayer le produit, mais il ne peut pas \u00eatre utilis\u00e9 au-del\u00e0 de cette p\u00e9riode. Lors de l&#039;exercice du droit de r\u00e9tractation\/achat ouvert, le client est responsable des frais de retour. Le droit de r\u00e9tractation n&#039;est pas couvert par les aliments (par exemple le th\u00e9 en vrac), \u00e0 l&#039;exception des emballages scell\u00e9s (par exemple notre matcha est scell\u00e9). Si vous n&#039;\u00eates pas satisfait du th\u00e9 que vous avez achet\u00e9 chez nous, n&#039;h\u00e9sitez pas \u00e0 nous contacter et nous pourrons trouver une solution car nous sommes heureux que vous soyez satisfait en tant que client.<\/p>\n\n\n\n<p>6. l'obligation de remboursement<br>Si vous exercez votre droit de r\u00e9tractation, nous devons rembourser le montant total de la marchandise dans les plus brefs d\u00e9lais ou au plus tard dans les 30 jours \u00e0 compter du jour o\u00f9 nous avons re\u00e7u la marchandise.<br>Voir aussi Agence de la consommation ou Loi sur la vente \u00e0 distance.<\/p>\n\n\n\n<p>7. vie priv\u00e9e, s\u00e9curit\u00e9 et donn\u00e9es personnelles<br>Dans le cadre de votre commande, vous acceptez que In the Mood for Tea stocke et utilise vos informations. Nous le faisons afin de respecter nos engagements envers vous. Nous documentons \u00e9galement toutes les communications que nous avons avec vous par courrier \u00e9lectronique, ceci afin de vous fournir le service que vous attendez de nous. In the Mood for Tea ne divulguera pas vos donn\u00e9es personnelles \u00e0 des tiers. Conform\u00e9ment \u00e0 la loi sur les donn\u00e9es personnelles, vous avez le droit, sur demande, une fois par an, de recevoir les informations que nous avons enregistr\u00e9es \u00e0 votre sujet. Nous nous r\u00e9servons le droit d'utiliser votre adresse \u00e9lectronique pour l'envoi de campagnes de marketing et de bulletins d'information.<\/p>\n\n\n\n<p>8. contact et service client\u00e8le<br>Vous trouverez nos coordonn\u00e9es ici&nbsp;<a href=\"https:\/\/www.inthemoodfortea.se\/index.php?route=information\/contact\">ICI<\/a><\/p>\n\n\n\n<p>9. biscuits<br>Un cookie est un fichier texte envoy\u00e9 par un site web \u00e0 votre ordinateur, o\u00f9 il est stock\u00e9 soit en m\u00e9moire (cookies de session), soit sous la forme d'un petit fichier texte (cookies textuels). Les cookies sont utilis\u00e9s pour stocker, par exemple, des informations de connexion ou votre panier d'achat lorsque vous naviguez sur diff\u00e9rents sites web. Si votre navigateur est configur\u00e9 pour ne pas accepter les cookies, vous ne pourrez pas passer de commande sur notre site. Vous pouvez facilement modifier cette configuration dans les param\u00e8tres de votre navigateur. Veuillez noter que nous n'utilisons pas les cookies pour stocker des informations personnelles vous concernant<\/p>\n\n\n\n<p>10.1 Force Majeure<br>Les cas de force majeure tels que la guerre, un conflit du travail de grande ampleur, un blocus, un incendie, une catastrophe \u00e9cologique, une propagation grave d'une infection ou d'autres circonstances ind\u00e9pendantes de la volont\u00e9 de la partie qui l'emp\u00eachent de remplir ses obligations et l'en dispensent. Cette dispense est subordonn\u00e9e \u00e0 la condition que l'activit\u00e9 ne puisse pas non plus \u00eatre exerc\u00e9e dans ces conditions. L'autre partie est inform\u00e9e imm\u00e9diatement de toute circonstance susceptible d'entra\u00eener l'application de la pr\u00e9sente disposition<\/p>\n\n\n\n<p>10.2 Modification des conditions contractuelles<br>Apr\u00e8s que le client a effectu\u00e9 un achat, le marchand n'est pas autoris\u00e9 \u00e0 modifier les conditions de l'achat en question, sauf accord contraire.<\/p>\n\n\n\n<p>10.3 Plaintes<br>Si les clients ont des r\u00e9clamations \u00e0 formuler, ils peuvent le faire par l'interm\u00e9diaire de nos m\u00e9thodes de contact, que vous trouverez \u00e0 l'adresse suivante&nbsp;<a href=\"https:\/\/www.inthemoodfortea.se\/index.php?route=information\/contact\">ICI<\/a><\/p>\n\n\n\n<p>10.4 Litiges et lois<br>Le droit su\u00e9dois s'applique \u00e0 tous les achats effectu\u00e9s dans le cadre des pr\u00e9sentes conditions g\u00e9n\u00e9rales. Les litiges concernant les achats effectu\u00e9s dans le cadre des pr\u00e9sentes conditions g\u00e9n\u00e9rales seront trait\u00e9s exclusivement par un tribunal su\u00e9dois de droit commun<\/p>","protected":false},"excerpt":{"rendered":"<p>K\u00f6pvillkor 1. F\u00f6retagsinformationIn the Mood for Tea \u00e4r ett varum\u00e4rke som \u00e4gs av J &amp; J Almberg HB (orgnr. 969711-8892).&nbsp; Information &amp; bilder p\u00e5 hemsidan \u00e4gs av f\u00f6retaget och f\u00e5r inte kopieras utan till\u00e5telse.V\u00e5r butiks-adress \u00e4r In the Mood for Tea, Norrtullsgatan 9, 11329 Stockholm. 2. PriserVarje vara anges inklusive moms i svenska kronor. I [&hellip;]<\/p>\n","protected":false},"author":1,"featured_media":0,"parent":0,"menu_order":0,"comment_status":"closed","ping_status":"closed","template":"","meta":{"footnotes":""},"class_list":["post-50037","page","type-page","status-publish","hentry","_wholesalex wsx-wholesalex-product"],"blocksy_meta":[],"_links":{"self":[{"href":"https:\/\/www.inthemoodfortea.se\/fr\/wp-json\/wp\/v2\/pages\/50037","targetHints":{"allow":["GET"]}}],"collection":[{"href":"https:\/\/www.inthemoodfortea.se\/fr\/wp-json\/wp\/v2\/pages"}],"about":[{"href":"https:\/\/www.inthemoodfortea.se\/fr\/wp-json\/wp\/v2\/types\/page"}],"author":[{"embeddable":true,"href":"https:\/\/www.inthemoodfortea.se\/fr\/wp-json\/wp\/v2\/users\/1"}],"replies":[{"embeddable":true,"href":"https:\/\/www.inthemoodfortea.se\/fr\/wp-json\/wp\/v2\/comments?post=50037"}],"version-history":[{"count":0,"href":"https:\/\/www.inthemoodfortea.se\/fr\/wp-json\/wp\/v2\/pages\/50037\/revisions"}],"wp:attachment":[{"href":"https:\/\/www.inthemoodfortea.se\/fr\/wp-json\/wp\/v2\/media?parent=50037"}],"curies":[{"name":"wp","href":"https:\/\/api.w.org\/{rel}","templated":true}]}}