{"id":13758,"date":"2019-09-04T05:29:39","date_gmt":"2019-09-04T05:29:39","guid":{"rendered":"https:\/\/www.inthemoodfortea.se\/?post_type=product&#038;p=13758"},"modified":"2026-05-09T11:38:27","modified_gmt":"2026-05-09T11:38:27","slug":"limone-black","status":"publish","type":"product","link":"https:\/\/www.inthemoodfortea.se\/fr\/limone-black\/","title":{"rendered":"Noir de chaux"},"content":{"rendered":"<p>Limone Black est un th\u00e9 noir biologique qui combine des th\u00e9s de haute altitude de Chine, d'Inde et du N\u00e9pal, soigneusement aromatis\u00e9s avec de l'huile de citron s\u00e9lectionn\u00e9e de Calabre en Italie et des \u00e9corces de citron biologique. Ce m\u00e9lange unique cr\u00e9e un th\u00e9 avec un \u00e9quilibre sophistiqu\u00e9 de richesse et d'\u00e9l\u00e9gance. Les notes piquantes et rafra\u00eechissantes du citron s'harmonisent avec la profondeur du th\u00e9 noir, ce qui donne une exp\u00e9rience gustative nette et vivifiante. Id\u00e9al pour commencer savoureusement la journ\u00e9e ou pour faire une pause tranquille \u00e0 tout moment, Limone Black est un th\u00e9 qui met \u00e0 l'honneur les ingr\u00e9dients naturels et les saveurs classiques, avec une touche fra\u00eeche de citron italien.<br \/>\nIngr\u00e9dients : Th\u00e9 noir*, \u00e9corce de citron*, huile de citron. *Provenant de fermes biologiques contr\u00f4l\u00e9es.<br \/>\n    <style>\n        @keyframes teaSpinIn {\n            0% { opacity: 0; transform: translateY(30px) rotateX(-20deg) rotateY(10deg); }\n            100% { opacity: 1; transform: translateY(0) rotateX(0) rotateY(0); }\n        }\n        .tea-info-wrapper { \n            display: flex; flex-wrap: wrap; align-items: flex-start; margin: 50px auto 30px auto; \n            max-width: 450px; font-family: ct_font_contax-regular, sans-serif;\n            perspective: 1200px;\n        }\n        .tea-params-column { \n            flex: 1; min-width: 280px; padding: 0 25px 0 0; box-sizing: border-box; \n            animation: teaSpinIn 0.8s cubic-bezier(0.2, 0.8, 0.2, 1) forwards;\n        }\n        .tea-chart-column { \n            flex: 0 0 350px; max-width: 350px; padding: 0; box-sizing: border-box; \n            margin-top: -40px; margin-left: 20px; \n            animation: teaSpinIn 1s cubic-bezier(0.2, 0.8, 0.2, 1) 0.2s forwards; opacity: 0;\n        }\n        .tea-top-divider { width: 100%; height: 1px; background-color: #eeeeee; margin-bottom: 25px; }\n        .tea-divider { width: 1px; align-self: stretch; background-color: #eeeeee; margin: 0 0 20px 0; flex-shrink: 0; }\n        .brewing-row { display: flex; justify-content: space-between; align-items: center; padding: 12px 0; border-bottom: 1px solid #eeeeee; }\n        .brewing-label { color: #333333; font-weight: 500; display: flex; align-items: center; font-size: 0.92em; }\n        .brewing-value { font-weight: normal; color: #000000; font-size: 0.92em; text-align: right; margin-left: 15px; text-transform: none !important; }\n        .infusion-text-box { margin-top: 20px; background-color: #f9f9f9; padding: 22px 0; border-radius: 4px; width: 100%; }\n        .dropcap-wrapper { padding: 0; line-height: 1.6; }\n        .dropcap { float: left; font-size: 3.2em; line-height: 0.8; margin-right: 12px; color: #333; font-family: 'Cinzel Decorative', Georgia, serif; }\n        @media (max-width: 768px) { \n            .tea-info-wrapper { flex-direction: column; align-items: center; max-width: 100%; margin-top: 30px; } \n            .tea-params-column { width: 100%; padding: 0; order: 1; animation-delay: 0s; } \n            .tea-divider { display: none; } \n            .tea-chart-column { width: 100%; max-width: 320px; padding: 30px 0 0 0; order: 3; margin: 0 auto; animation-delay: 0.1s; } \n        }\n    <\/style>\n\n    <div class=\"tea-info-wrapper\">\n        <div class=\"tea-top-divider\"><\/div>\n        <div class=\"tea-params-column\">\n            <div class=\"brewing-method\">\n                                <div class=\"brewing-row\">\n                    <span class=\"brewing-label\">\n                        <img decoding=\"async\" src=\"\/wp-content\/uploads\/2026\/02\/leaf-solid-full.svg\" width=\"19\" height=\"19\" style=\"margin-right: 10px;\" alt=\"\" title=\"\">\n                        Dosage \/ 250 ml                    <\/span>\n                    <span class=\"brewing-value\">2,5-3 g<\/span>\n                <\/div>\n                                                <div class=\"brewing-row\">\n                    <span class=\"brewing-label\">\n                        <img decoding=\"async\" src=\"\/wp-content\/uploads\/2026\/02\/temperature-low-solid-full.svg\" width=\"19\" height=\"19\" style=\"margin-right: 10px;\" alt=\"\" title=\"\">\n                        temp\u00e9rature                    <\/span>\n                    <span class=\"brewing-value\">90-95\u00b0C<\/span>\n                <\/div>\n                                                <div class=\"brewing-row\">\n                    <span class=\"brewing-label\">\n                        <img decoding=\"async\" src=\"\/wp-content\/uploads\/2026\/02\/bell-solid-full.svg\" width=\"19\" height=\"19\" style=\"margin-right: 10px;\" alt=\"\" title=\"\">\n                        Perfusion                    <\/span>\n                    <span class=\"brewing-value\">3-5 minutes<\/span>\n                <\/div>\n                                            <\/div>\n\n                    <\/div>\n\n            <\/div>\n    <\/p>","protected":false},"excerpt":{"rendered":"<p>Limone Black \u00e4r ett ekologiskt svart te som kombinerar h\u00f6gh\u00f6jdsteer fr\u00e5n Kina, Indien och Nepal, noggrant smaksatt med utvald citronolja fr\u00e5n Kalabrien i Italien samt ekologiskt citronskal. Denna unika blandning skapar ett te med en sofistikerad balans av fyllighet och elegans. Citronens skarpa och uppfriskande toner harmonierar med det m\u00f6rka teets djup, vilket ger en [&hellip;]<\/p>\n","protected":false},"featured_media":14252,"template":"","meta":[],"product_brand":[],"product_cat":[141,153,135,131],"product_tag":[],"class_list":{"0":"post-13758","1":"product","2":"type-product","3":"status-publish","4":"has-post-thumbnail","6":"product_cat-ekologiskt-te","7":"product_cat-kinesiskt-te","8":"product_cat-smaksatt-te","9":"product_cat-svart-te","10":"_wholesalex wsx-wholesalex-product","12":"first","13":"instock","14":"taxable","15":"shipping-taxable","16":"purchasable","17":"product-type-variable"},"_links":{"self":[{"href":"https:\/\/www.inthemoodfortea.se\/fr\/wp-json\/wp\/v2\/product\/13758","targetHints":{"allow":["GET"]}}],"collection":[{"href":"https:\/\/www.inthemoodfortea.se\/fr\/wp-json\/wp\/v2\/product"}],"about":[{"href":"https:\/\/www.inthemoodfortea.se\/fr\/wp-json\/wp\/v2\/types\/product"}],"wp:featuredmedia":[{"embeddable":true,"href":"https:\/\/www.inthemoodfortea.se\/fr\/wp-json\/wp\/v2\/media\/14252"}],"wp:attachment":[{"href":"https:\/\/www.inthemoodfortea.se\/fr\/wp-json\/wp\/v2\/media?parent=13758"}],"wp:term":[{"taxonomy":"product_brand","embeddable":true,"href":"https:\/\/www.inthemoodfortea.se\/fr\/wp-json\/wp\/v2\/product_brand?post=13758"},{"taxonomy":"product_cat","embeddable":true,"href":"https:\/\/www.inthemoodfortea.se\/fr\/wp-json\/wp\/v2\/product_cat?post=13758"},{"taxonomy":"product_tag","embeddable":true,"href":"https:\/\/www.inthemoodfortea.se\/fr\/wp-json\/wp\/v2\/product_tag?post=13758"}],"curies":[{"name":"wp","href":"https:\/\/api.w.org\/{rel}","templated":true}]}}