{"id":21687,"date":"2020-02-03T06:30:11","date_gmt":"2020-02-03T06:30:11","guid":{"rendered":"https:\/\/www.inthemoodfortea.se\/?post_type=product&#038;p=21687"},"modified":"2026-04-29T11:50:07","modified_gmt":"2026-04-29T11:50:07","slug":"gyokuro-yabukita","status":"publish","type":"product","link":"https:\/\/www.inthemoodfortea.se\/fr\/gyokuro-yabukita\/","title":{"rendered":"Gyokuro Yabukita"},"content":{"rendered":"<p>Le Gyokuro est l'un des th\u00e9s les plus recherch\u00e9s du Japon. Le nom \"Gyokuro\" peut \u00eatre traduit par \"ros\u00e9e de jade\", un nom qui r\u00e9v\u00e8le la belle couleur et la qualit\u00e9 du th\u00e9. Le Gyokuro est un th\u00e9 cultiv\u00e9 \u00e0 l'ombre, ce qui signifie que les th\u00e9iers utilis\u00e9s pour le Gyokuro sont prot\u00e9g\u00e9s de la lumi\u00e8re du jour pendant environ 3 \u00e0 4 semaines avant la r\u00e9colte. Le Gyokuro d\u00e9veloppe ainsi une saveur douce et riche en umami. Les feuilles utilis\u00e9es pour le Gyokuro de haute qualit\u00e9 sont r\u00e9colt\u00e9es au d\u00e9but du printemps, ce qui en fait l'un des premiers th\u00e9s de la saison. Seules les feuilles les plus jeunes sont cueillies, ce qui contribue \u00e0 la saveur d\u00e9licate du th\u00e9. Le Gyokuro est connu pour sa saveur riche et complexe, avec des notes de sel marin subtil et une l\u00e9g\u00e8re note de primev\u00e8re printani\u00e8re.<br \/>\n    <style>\n        .tea-info-wrapper {\n            display: flex;\n            flex-wrap: wrap;\n            align-items: center; \n            margin: 40px auto;\n            max-width: 1000px;\n            font-family: ct_font_contax-regular, sans-serif;\n            justify-content: center;\n        }\n        \n        .tea-chart-column {\n            flex: 0 0 360px;\n            max-width: 360px;\n            padding: 30px; \/* Symmetrisk padding *\/\n            box-sizing: border-box;\n        }\n\n        .tea-divider {\n            width: 1px;\n            align-self: stretch;\n            background-color: #eeeeee;\n            margin: 20px 0;\n            flex-shrink: 0;\n        }\n\n        .tea-params-column {\n            flex: 1;\n            min-width: 300px;\n            padding: 30px; \/* Exakt samma padding som diagrammet *\/\n            box-sizing: border-box;\n        }\n\n        .brewing-header { \n            margin-bottom: 15px; \n            padding-bottom: 8px; \n            border-bottom: 1px solid #dddddd; \n        }\n\n        .brewing-title { \n            margin: 0; \n            font-size: 24px; \n            color: #333333; \n            text-align: left; \n            font-weight: 400; \n        }\n\n        .brewing-measurement, .brewing-temperature, .brewing-time {\n            display: flex; \n            justify-content: space-between; \n            align-items: center;\n            padding: 10px 0; \n            border-bottom: 1px solid #eeeeee;\n        }\n\n        .brewing-label { \n            color: #333333; \n            font-weight: 500; \n            display: flex; \n            align-items: center; \n        }\n\n        .brewing-value { font-weight: normal; color: #000000; }\n\n        .infusion-text-box {\n            margin-top: 25px;\n            background-color: #f9f9f9;\n            padding: 20px;\n            border-radius: 6px;\n        }\n\n        .dropcap { \n            float: left; \n            font-size: 3.0em; \n            line-height: 0.8; \n            margin-right: 8px; \n            color: #333; \n            font-family: 'Cinzel Decorative', Georgia, serif; \n        }\n\n        @media (max-width: 768px) {\n            .tea-info-wrapper {\n                flex-direction: column;\n            }\n            .tea-chart-column {\n                width: 100%;\n                max-width: 340px;\n                padding: 20px;\n            }\n            .tea-divider {\n                width: 80%;\n                height: 1px;\n                margin: 0 auto;\n                background-color: #eeeeee;\n            }\n            .tea-params-column {\n                width: 100%;\n                padding: 20px;\n            }\n            .brewing-title { text-align: center; }\n        }\n    <\/style>\n    \n    <div class=\"tea-info-wrapper\">\n        \n        \n        <div class=\"tea-params-column\">\n            <div class=\"brewing-header\">\n                <h2 class=\"brewing-title\">Perfusion<\/h2>\n            <\/div>\n            \n            <div class=\"brewing-method\">\n                                <div class=\"brewing-measurement\">\n                    <span class=\"brewing-label\">\n                        <img decoding=\"async\" src=\"https:\/\/www.inthemoodfortea.se\/wp-content\/uploads\/2026\/02\/leaf-solid-full.svg\" alt=\"Dosage\" width=\"20\" height=\"20\" style=\"margin-right: 10px;\" title=\"\">\n                        Quantit\u00e9 \/ 250 ml                    <\/span>\n                    <span class=\"brewing-value\">2,5-3 g<\/span>\n                <\/div>\n                                \n                                <div class=\"brewing-temperature\">\n                    <span class=\"brewing-label\">\n                        <img decoding=\"async\" src=\"https:\/\/www.inthemoodfortea.se\/wp-content\/uploads\/2026\/02\/temperature-low-solid-full.svg\" alt=\"temp\u00e9rature\" width=\"20\" height=\"20\" style=\"margin-right: 10px;\" title=\"\">\n                        temp\u00e9rature                    <\/span>\n                    <span class=\"brewing-value\">65-70\u00b0C<\/span>\n                <\/div>\n                                \n                                <div class=\"brewing-time\">\n                    <span class=\"brewing-label\">\n                        <img decoding=\"async\" src=\"https:\/\/www.inthemoodfortea.se\/wp-content\/uploads\/2026\/02\/bell-solid-full.svg\" alt=\"Perfusion 1\" width=\"20\" height=\"20\" style=\"margin-right: 10px;\" title=\"\">\n                        Perfusion                    <\/span>\n                    <span class=\"brewing-value\">3-4 minutes<\/span>\n                <\/div>\n                            <\/div>\n            \n                        <div class=\"infusion-text-box\">\n                <div class=\"dropcap-wrapper\">\n                    <span class=\"dropcap\">G<\/span>\n                    <span style=\"line-height: 1.6; color: #444444; font-size: 0.95em; display: block;\">\n                        yokuro Yabukita l\u00e4mpar sig v\u00e4l f\u00f6r flera infusioner. Den andra bryggningen h\u00e5lls med f\u00f6rdel kort, d\u00e5 bladen redan har b\u00f6rjat \u00f6ppna sig och frig\u00f6ra sina aromer.                    <\/span>\n                <\/div>\n            <\/div>\n                    <\/div>\n        \n    <\/div>\n    <\/p>\n    \n    <div class=\"prick-container-alt\" style=\"max-width: 500px; margin-left: auto; margin-right: auto; width: 100%; margin-bottom: 15px;\">\n        <div style=\"display: flex; justify-content: space-between; align-items: center; width: 100%;\">\n            <span style=\"font-size: 20px; color: #cccccc;\">\u2022<\/span>\n            <span style=\"font-size: 20px; color: #cccccc;\">\u2022<\/span>\n            <span style=\"font-size: 20px; color: #cccccc;\">\u2022<\/span>\n            <span style=\"font-size: 20px; color: #cccccc;\">\u2022<\/span>\n            <span style=\"font-size: 20px; color: #cccccc;\">\u2022<\/span>\n            <span style=\"font-size: 20px; color: #cccccc;\">\u2022<\/span>\n            <span style=\"font-size: 20px; color: #cccccc;\">\u2022<\/span>\n            <span style=\"font-size: 20px; color: #cccccc;\">\u2022<\/span>\n        <\/div>\n    <\/div>\n    \n    <div class=\"infusion-container\">\n        <div class=\"infusion-header\">\n            <h2 class=\"infusion-title\">M\u00c9THODE ALTERNATIVE<\/h2>\n        <\/div>\n        \n        <div class=\"infusion-method\">\n            <div class=\"infusion-measurement\">\n                <span class=\"infusion-label\">\n                    <img decoding=\"async\" src=\"https:\/\/www.inthemoodfortea.se\/wp-content\/uploads\/2026\/02\/leaf-solid-full.svg\" alt=\"Dosage\" width=\"20\" height=\"20\" style=\"margin-right: 8px; display: inline-block; vertical-align: middle;\" title=\"\">\n                    Quantit\u00e9 \/ 150 ml d'eau\n                <\/span>\n                <span class=\"infusion-value\">4 grammes<\/span>\n            <\/div>\n            \n            <div class=\"infusion-temperature\">\n                <span class=\"infusion-label\">\n                    <img decoding=\"async\" src=\"https:\/\/www.inthemoodfortea.se\/wp-content\/uploads\/2026\/02\/temperature-low-solid-full.svg\" alt=\"temp\u00e9rature\" width=\"20\" height=\"20\" style=\"margin-right: 8px; display: inline-block; vertical-align: middle;\" title=\"\">\n                    temp\u00e9rature\n                <\/span>\n                <span class=\"infusion-value\">70-75 \u00b0C<\/span>\n            <\/div>\n            \n            <div class=\"infusion-times\">\n                <div class=\"infusion-time-row\">\n                    <span class=\"infusion-time-label\">Perfusion 1<\/span>\n                    <span class=\"infusion-time-value\">25 - 40 secondes<\/span>\n                <\/div>\n                \n                <div class=\"infusion-time-row\">\n                    <span class=\"infusion-time-label\">Perfusion 2<\/span>\n                    <span class=\"infusion-time-value\">5 - 15 secondes<\/span>\n                <\/div>\n                \n                <div class=\"infusion-time-row\">\n                    <span class=\"infusion-time-label\">Perfusion 3<\/span>\n                    <span class=\"infusion-time-value\">15 - 30 secondes<\/span>\n                <\/div>\n            <\/div>\n\n        <\/div>\n    <\/div>\n    \n    <style>\n        .infusion-container {\n            max-width: 500px;\n            border: 1px solid #cccccc;\n            border-radius: 8px;\n            padding: 20px;\n            font-family: ct_font_contax-regular, sans-serif;\n            background-color: transparent;\n            margin-left: auto;\n            margin-right: auto;\n        }\n        \n        .infusion-header {\n            margin-bottom: 20px;\n            padding-bottom: 10px;\n            border-bottom: 1px solid #dddddd;\n        }\n        \n        .infusion-title {\n            margin: 0;\n            font-size: 24px;\n            color: #333333;\n            text-align: center;\n            letter-spacing: 1px;\n            font-weight: 400;\n        }\n        \n        .infusion-measurement,\n        .infusion-temperature {\n            display: flex;\n            justify-content: space-between;\n            align-items: center;\n            padding: 8px 0;\n            border-bottom: 1px solid #dddddd;\n        }\n        \n        .infusion-label {\n            color: #333333;\n            font-weight: 400;\n            display: flex;\n            align-items: center;\n        }\n        \n        .infusion-value {\n            font-weight: 400;\n            color: #000000;\n        }\n        \n        .infusion-times {\n            margin: 15px 0;\n        }\n        \n        .infusion-time-row {\n            display: flex;\n            justify-content: space-between;\n            align-items: center;\n            padding: 6px 0;\n        }\n        \n        .infusion-time-label {\n            color: #333333;\n            font-weight: 400;\n        }\n        \n        .infusion-time-value {\n            font-weight: 400;\n            color: #000000;\n        }\n        \n        .infusion-footer {\n            display: flex;\n            justify-content: space-between;\n            align-items: center;\n            margin-top: 20px;\n            padding-top: 15px;\n            border-top: 1px solid #dddddd;\n        }\n        \n        .infusion-footer-text {\n            margin: 0;\n            font-style: italic;\n            color: #333333;\n            font-weight: 400;\n        }\n        \n        .infusion-video-link {\n            background-color: #808080;\n            color: white;\n            padding: 8px 16px;\n            text-decoration: none;\n            border-radius: 4px;\n            font-weight: 400;\n            transition: background-color 0.3s;\n        }\n        \n        .infusion-video-link:hover {\n            background-color: #595959;\n        }\n        \n        \/* Media query f\u00f6r mobil - 4px marginal och centrerad *\/\n        @media (max-width: 768px) {\n            .prick-container-alt {\n                display: none !important;\n            }\n            \n            .infusion-container {\n                max-width: calc(100% - 8px);\n                margin-left: auto !important;\n                margin-right: auto !important;\n                padding: 15px;\n                width: calc(100% - 8px);\n                left: 0;\n                right: 0;\n                position: relative;\n            }\n            \n            .infusion-title {\n                font-size: 22px;\n            }\n            \n            .infusion-measurement,\n            .infusion-temperature,\n            .infusion-time-row {\n                padding: 6px 0;\n            }\n        }\n    <\/style>","protected":false},"excerpt":{"rendered":"<p>Gyokuro \u00e4r ett av Japans mest eftertraktade teer. Namnet &#8220;Gyokuro&#8221; kan \u00f6vers\u00e4ttas till &#8220;jade dagg&#8221; ett namn som avsl\u00f6jar teets vackra f\u00e4rg och kvalitet. Gyokuro \u00e4r ett skuggodlat te vilket inneb\u00e4r att tebuskarna som anv\u00e4nds f\u00f6r Gyokuro skyddas fr\u00e5n dagsljus i cirka 3-4 veckor innan sk\u00f6rd. Som ett resultat utvecklar Gyokuro en s\u00f6t och umami-rik [&hellip;]<\/p>\n","protected":false},"featured_media":26249,"template":"","meta":[],"product_brand":[],"product_cat":[141,138,152],"product_tag":[],"class_list":{"0":"post-21687","1":"product","2":"type-product","3":"status-publish","4":"has-post-thumbnail","6":"product_cat-ekologiskt-te","7":"product_cat-gront-te","8":"product_cat-japanskt-te","9":"_wholesalex wsx-wholesalex-product","11":"first","12":"instock","13":"taxable","14":"shipping-taxable","15":"purchasable","16":"product-type-variable"},"_links":{"self":[{"href":"https:\/\/www.inthemoodfortea.se\/fr\/wp-json\/wp\/v2\/product\/21687","targetHints":{"allow":["GET"]}}],"collection":[{"href":"https:\/\/www.inthemoodfortea.se\/fr\/wp-json\/wp\/v2\/product"}],"about":[{"href":"https:\/\/www.inthemoodfortea.se\/fr\/wp-json\/wp\/v2\/types\/product"}],"wp:featuredmedia":[{"embeddable":true,"href":"https:\/\/www.inthemoodfortea.se\/fr\/wp-json\/wp\/v2\/media\/26249"}],"wp:attachment":[{"href":"https:\/\/www.inthemoodfortea.se\/fr\/wp-json\/wp\/v2\/media?parent=21687"}],"wp:term":[{"taxonomy":"product_brand","embeddable":true,"href":"https:\/\/www.inthemoodfortea.se\/fr\/wp-json\/wp\/v2\/product_brand?post=21687"},{"taxonomy":"product_cat","embeddable":true,"href":"https:\/\/www.inthemoodfortea.se\/fr\/wp-json\/wp\/v2\/product_cat?post=21687"},{"taxonomy":"product_tag","embeddable":true,"href":"https:\/\/www.inthemoodfortea.se\/fr\/wp-json\/wp\/v2\/product_tag?post=21687"}],"curies":[{"name":"wp","href":"https:\/\/api.w.org\/{rel}","templated":true}]}}