{"id":22009,"date":"2020-02-09T07:15:41","date_gmt":"2020-02-09T07:15:41","guid":{"rendered":"https:\/\/www.inthemoodfortea.se\/?post_type=product&#038;p=22009"},"modified":"2026-03-16T12:41:31","modified_gmt":"2026-03-16T12:41:31","slug":"montagne-de-lancienne-imperatrice-2","status":"publish","type":"product","link":"https:\/\/www.inthemoodfortea.se\/fr\/ancient-empress-mountain-2017\/","title":{"rendered":"Montagne de l'Ancienne Imp\u00e9ratrice 2017"},"content":{"rendered":"<p>Vikt: 357 gram<\/p>\n<p>Ursprung: Ancient Empress Mountain, Fengqing, Yunnan<\/p>\n<p>H\u00f6jd \u00f6ver havet: ca 2000m<\/p>\n<p>\u00c5lder p\u00e5 tr\u00e4d: ca 100 \u00e5r<\/p>\n<p>Plockning: knopp + 3 blad<\/p>\n<p>Sk\u00f6rd: april 2017<\/p>\n<h5>Konventionell beredning<\/h5>\n<ul>\n<li>90-95 c<\/li>\n<li>2-3 gram<\/li>\n<li>200ml<\/li>\n<li>2-3 min<\/li>\n<\/ul>\n<h5>Kinesisk beredning<\/h5>\n<ul>\n<li>90-95 c<\/li>\n<li>4-6 gram<\/li>\n<li>200ml<\/li>\n<li>30-60 sekunder<\/li>\n<li>Upprepa infusionen ett flertal g\u00e5nger<\/li>\n<\/ul>\n<p>    \n    <style>\n        @media (max-width: 768px) {\n            .infusion-guide ul {\n                text-align: left !important;\n                margin-left: 20px !important;\n                padding-left: 0 !important;\n            }\n            \n            .infusion-guide li {\n                text-align: left !important;\n            }\n        }\n        \n        .dropcap-wrapper {\n            overflow: hidden;\n        }\n        \n        .dropcap {\n            float: left;\n            font-size: 3.0em;\n            line-height: 0.8;\n            margin-right: 6px;\n            font-weight: 400;\n            color: #333333;\n            font-family: 'Cinzel Decorative', Georgia, serif;\n        }\n        \n        \/* Mobil - \u00f6kad marginal till kanterna *\/\n        @media (max-width: 768px) {\n            .brewing-container {\n                max-width: calc(100% - 30px) !important; \/* \u00d6kad marginal *\/\n                margin-left: 15px !important;\n                margin-right: 15px !important;\n                padding: 12px !important;\n                width: calc(100% - 30px) !important;\n                border: 1px solid #cccccc; \/* Beh\u00e5ller ramen *\/\n            }\n            \n            .brewing-header {\n                margin-bottom: 8px;\n                padding-bottom: 4px;\n            }\n            \n            .brewing-title {\n                font-size: 20px;\n            }\n            \n            .brewing-measurement,\n            .brewing-temperature,\n            .brewing-time {\n                padding: 3px 0;\n            }\n            \n            .brewing-label img {\n                width: 16px;\n                height: 16px;\n                margin-right: 5px !important;\n            }\n            \n            .dropcap {\n                font-size: 3em;\n                margin-right: 3px;\n            }\n            \n            [style*=\"background-color: #f9f9f9\"] {\n                padding: 8px 10px !important;\n                margin-top: 8px !important;\n            }\n            \n            [style*=\"border-top: 1px solid #dddddd\"] {\n                margin-top: 12px !important;\n                padding-top: 6px !important;\n            }\n        }\n        \n        \/* Desktop - lite mindre marginal *\/\n        @media (min-width: 769px) {\n            .brewing-container {\n                padding: 14px 16px;\n            }\n            \n            [style*=\"background-color: #f9f9f9\"] {\n                padding: 12px !important;\n            }\n        }\n    <\/style>\n    \n    <div style=\"width: 100%; margin-top: 60px;\">\n        <div class=\"brewing-container\" style=\"margin-left: auto; margin-right: auto;\">\n            <div class=\"brewing-header\">\n                <h2 class=\"brewing-title\">Infusion<\/h2>\n            <\/div>\n            \n            <div class=\"brewing-method\">\n                                <div class=\"brewing-measurement\">\n                    <span class=\"brewing-label\">\n                        <img decoding=\"async\" src=\"https:\/\/www.inthemoodfortea.se\/wp-content\/uploads\/2026\/02\/leaf-solid-full.svg\" alt=\"Dosering\" width=\"20\" height=\"20\" style=\"margin-right: 8px; display: inline-block; vertical-align: middle;\" title=\"\">\n                        M\u00e4ngd \/ 250 ml                    <\/span>\n                    <span class=\"brewing-value\">2,5-3 g<\/span>\n                <\/div>\n                                \n                                <div class=\"brewing-temperature\">\n                    <span class=\"brewing-label\">\n                        <img decoding=\"async\" src=\"https:\/\/www.inthemoodfortea.se\/wp-content\/uploads\/2026\/02\/temperature-low-solid-full.svg\" alt=\"Temperatur\" width=\"20\" height=\"20\" style=\"margin-right: 8px; display: inline-block; vertical-align: middle;\" title=\"\">\n                        Temperatur                    <\/span>\n                    <span class=\"brewing-value\">95-100\u00b0C<\/span>\n                <\/div>\n                                \n                                <div class=\"brewing-time\">\n                    <span class=\"brewing-label\">\n                        <img decoding=\"async\" src=\"https:\/\/www.inthemoodfortea.se\/wp-content\/uploads\/2026\/02\/bell-solid-full.svg\" alt=\"Infusion 1\" width=\"20\" height=\"20\" style=\"margin-right: 8px; display: inline-block; vertical-align: middle;\" title=\"\">\n                        Infusion                    <\/span>\n                    <span class=\"brewing-value\">3-4 minuter<\/span>\n                <\/div>\n                            <\/div>\n            \n                        <div style=\"margin-top: 16px; padding-top: 10px; border-top: 1px solid #dddddd;\">\n                <div style=\"background-color: #f9f9f9; padding: 12px; border-radius: 6px;\">\n                    <div class=\"dropcap-wrapper\">\n                        <span class=\"dropcap\">A<\/span>\n                        <span style=\"line-height: 1.5; color: #444444; font-size: 0.95em;\">ncient Empress Mountain 2017 l\u00e4mpar sig v\u00e4l f\u00f6r flera infusioner. Den andra bryggningen h\u00e5lls med f\u00f6rdel kort, d\u00e5 bladen redan har b\u00f6rjat \u00f6ppna sig och frig\u00f6ra sina aromer. De f\u00f6ljande infusionerna f\u00e5r d\u00e4remot g\u00e4rna vila n\u00e5got l\u00e4ngre, s\u00e5 att smakerna f\u00f6rdjupas och nyanserna tr\u00e4der fram. F\u00f6r m\u00e5nga teer r\u00e4cker tv\u00e5 till tre infusioner med ovan n\u00e4mnda parametrar, men vissa forts\u00e4tter att ge, kopp efter kopp.<\/span>\n                    <\/div>\n                <\/div>\n            <\/div>\n                    <\/div>\n    <\/div>\n    \n    <style>\n        .brewing-container {\n            max-width: 500px;\n            border: 1px solid #cccccc;\n            border-radius: 8px;\n            padding: 16px 18px;\n            font-family: ct_font_contax-regular, sans-serif;\n            background-color: transparent;\n            margin-bottom: 20px;\n        }\n        \n        .brewing-header {\n            margin-bottom: 12px;\n            padding-bottom: 6px;\n            border-bottom: 1px solid #dddddd;\n        }\n        \n        .brewing-title {\n            margin: 0;\n            font-size: 24px;\n            color: #333333;\n            text-align: center;\n            letter-spacing: 0.4px;\n            font-weight: 400;\n            line-height: 1.3;\n            word-wrap: break-word;\n        }\n        \n        .brewing-measurement,\n        .brewing-temperature,\n        .brewing-time {\n            display: flex;\n            justify-content: space-between;\n            align-items: center;\n            padding: 5px 0;\n            border-bottom: 1px solid #dddddd;\n        }\n        \n        .brewing-time:last-child {\n            border-bottom: none;\n        }\n        \n        .brewing-label {\n            color: #333333;\n            font-weight: 500;\n            display: flex;\n            align-items: center;\n        }\n        \n        .brewing-value {\n            font-weight: normal;\n            color: #000000;\n        }\n    <\/style>\n    \n    <br \/>\n    \n    <div class=\"prick-container\" style=\"max-width: 500px; margin-left: auto; margin-right: auto; width: 100%; margin-bottom: 15px; padding: 0 10px; box-sizing: border-box;\">\n        <div style=\"display: flex; justify-content: space-between; align-items: center; width: 100%;\">\n            <span style=\"font-size: 20px; color: #cccccc;\">\u2022<\/span>\n            <span style=\"font-size: 20px; color: #cccccc;\">\u2022<\/span>\n            <span style=\"font-size: 20px; color: #cccccc;\">\u2022<\/span>\n            <span style=\"font-size: 20px; color: #cccccc;\">\u2022<\/span>\n            <span style=\"font-size: 20px; color: #cccccc;\">\u2022<\/span>\n            <span style=\"font-size: 20px; color: #cccccc;\">\u2022<\/span>\n            <span style=\"font-size: 20px; color: #cccccc;\">\u2022<\/span>\n            <span style=\"font-size: 20px; color: #cccccc;\">\u2022<\/span>\n        <\/div>\n    <\/div>\n    \n    <div class=\"gongfu-container\">\n        <div class=\"gongfu-header\">\n            <h2 class=\"gongfu-title\">GONGFU-METODEN<\/h2>\n        <\/div>\n        \n        <div class=\"gongfu-method\">\n            <div class=\"gongfu-measurement\">\n                <span class=\"gongfu-label\">\n                    <img decoding=\"async\" src=\"https:\/\/www.inthemoodfortea.se\/wp-content\/uploads\/2026\/02\/leaf-solid-full.svg\" alt=\"Dosering\" width=\"20\" height=\"20\" style=\"margin-right: 8px; display: inline-block; vertical-align: middle;\" title=\"\">\n                    M\u00e4ngd \/ 100 ml gaiwan\n                <\/span>\n                <span class=\"gongfu-value\">5-7 gram<\/span>\n            <\/div>\n            \n            <div class=\"gongfu-temperature\">\n                <span class=\"gongfu-label\">\n                    <img decoding=\"async\" src=\"https:\/\/www.inthemoodfortea.se\/wp-content\/uploads\/2026\/02\/temperature-low-solid-full.svg\" alt=\"Temperatur\" width=\"20\" height=\"20\" style=\"margin-right: 8px; display: inline-block; vertical-align: middle;\" title=\"\">\n                    Vattentemperatur\n                <\/span>\n                <span class=\"gongfu-value\">90-95 \u00b0C<\/span>\n            <\/div>\n            \n            <div class=\"gongfu-rinse\">\n                <span class=\"gongfu-label\">\n                    F\u00f6rsta sk\u00f6ljning\n                <\/span>\n                <span class=\"gongfu-value\">5-10 sek (h\u00e4lls bort)<\/span>\n            <\/div>\n            \n            <div class=\"gongfu-times\">\n                <div class=\"gongfu-time-row\">\n                    <span class=\"gongfu-time-label\">Infusion 1<\/span>\n                    <span class=\"gongfu-time-value\">10-15 sek<\/span>\n                <\/div>\n                \n                <div class=\"gongfu-time-row\">\n                    <span class=\"gongfu-time-label\">Infusion 2<\/span>\n                    <span class=\"gongfu-time-value\">5-10 sek<\/span>\n                <\/div>\n                \n                <div class=\"gongfu-time-row\">\n                    <span class=\"gongfu-time-label\">Infusion 3<\/span>\n                    <span class=\"gongfu-time-value\">10-15 sek<\/span>\n                <\/div>\n                \n                <div class=\"gongfu-time-row\">\n                    <span class=\"gongfu-time-label\">Infusion 4<\/span>\n                    <span class=\"gongfu-time-value\">15-20 sek<\/span>\n                <\/div>\n                \n                <div class=\"gongfu-time-row\">\n                    <span class=\"gongfu-time-label\">Infusion 5<\/span>\n                    <span class=\"gongfu-time-value\">20-30 sek<\/span>\n                <\/div>\n                \n                <div class=\"gongfu-time-row\">\n                    <span class=\"gongfu-time-label\">Infusion 6+<\/span>\n                    <span class=\"gongfu-time-value\">+10 sek per extra infusion<\/span>\n                <\/div>\n            <\/div>\n            \n            <div class=\"gongfu-notes\">\n                <p class=\"gongfu-notes-text\">\n                    Gongfu-metoden till\u00e5ter m\u00e5nga korta infusioner. \n                    \u00d6ka tiden gradvis efter hand. Oolong-teer och pu erh passar s\u00e4rskilt bra.\n                <\/p>\n            <\/div>\n\n        <\/div>\n    <\/div>\n    \n    <style>\n        .gongfu-container {\n            max-width: 500px;\n            border: 1px solid #cccccc;\n            border-radius: 8px;\n            padding: 20px;\n            font-family: ct_font_contax-regular, sans-serif;\n            background-color: transparent;\n            margin-left: auto;\n            margin-right: auto;\n        }\n        \n        .gongfu-header {\n            margin-bottom: 20px;\n            padding-bottom: 10px;\n            border-bottom: 1px solid #dddddd;\n        }\n        \n        .gongfu-title {\n            margin: 0;\n            font-size: 24px;\n            color: #333333;\n            text-align: center;\n            letter-spacing: 1px;\n        }\n        \n        .gongfu-measurement,\n        .gongfu-temperature,\n        .gongfu-rinse {\n            display: flex;\n            justify-content: space-between;\n            align-items: center;\n            padding: 8px 0;\n            border-bottom: 1px solid #dddddd;\n        }\n        \n        .gongfu-label {\n            color: #333333;\n            font-weight: 500;\n            display: flex;\n            align-items: center;\n        }\n        \n        .gongfu-value {\n            font-weight: normal;\n            color: #000000;\n        }\n        \n        .gongfu-times {\n            margin: 15px 0;\n            padding: 10px 0;\n            border-bottom: 1px solid #dddddd;\n        }\n        \n        .gongfu-time-row {\n            display: flex;\n            justify-content: space-between;\n            align-items: center;\n            padding: 6px 0;\n        }\n        \n        .gongfu-time-label {\n            color: #333333;\n            font-weight: 500;\n        }\n        \n        .gongfu-time-value {\n            font-weight: normal;\n            color: #000000;\n        }\n        \n        .gongfu-notes {\n            margin-top: 15px;\n            padding: 10px;\n            background-color: #f9f9f9;\n            border-radius: 4px;\n        }\n        \n        .gongfu-notes-text {\n            margin: 0;\n            color: #333333;\n            font-size: 14px;\n            line-height: 1.5;\n        }\n        \n        .gongfu-notes-text strong {\n            color: #000000;\n        }\n        \n        .gongfu-notes-text:first-letter {\n            font-family: 'Cinzel Decorative', Georgia, serif;\n            font-size: 2em;\n            font-weight: 700;\n            color: #333333;\n            float: left;\n            line-height: 1;\n            margin-right: 5px;\n        }\n        \n        \/* Media query f\u00f6r mobil - 4px marginal och centrerad *\/\n        @media (max-width: 768px) {\n            .prick-container {\n                display: none !important;\n            }\n            \n            .gongfu-container {\n                max-width: calc(100% - 8px);\n                margin-left: auto !important;\n                margin-right: auto !important;\n                padding: 15px;\n                width: calc(100% - 8px);\n                left: 0;\n                right: 0;\n                position: relative;\n            }\n            \n            .gongfu-title {\n                font-size: 22px;\n            }\n            \n            .gongfu-measurement,\n            .gongfu-temperature,\n            .gongfu-rinse,\n            .gongfu-time-row {\n                padding: 6px 0;\n            }\n            \n            .gongfu-notes {\n                padding: 8px;\n            }\n            \n            .gongfu-notes-text {\n                font-size: 13px;\n            }\n        }\n    <\/style>\n    \n    <\/p>\n","protected":false},"excerpt":{"rendered":"<p>Vikt: 357 gram Ursprung: Ancient Empress Mountain, Fengqing, Yunnan H\u00f6jd \u00f6ver havet: ca 2000m \u00c5lder p\u00e5 tr\u00e4d: ca 100 \u00e5r Plockning: knopp + 3 blad Sk\u00f6rd: april 2017 Konventionell beredning 90-95 c 2-3 gram 200ml 2-3 min Kinesisk beredning 90-95 c 4-6 gram 200ml 30-60 sekunder Upprepa infusionen ett flertal g\u00e5nger<\/p>","protected":false},"featured_media":22723,"template":"","meta":[],"product_brand":[],"product_cat":[153,134],"product_tag":[],"class_list":{"0":"post-22009","1":"product","2":"type-product","3":"status-publish","4":"has-post-thumbnail","6":"product_cat-kinesiskt-te","7":"product_cat-pu-erh","8":"_wholesalex wsx-wholesalex-product","10":"first","11":"outofstock","12":"taxable","13":"shipping-taxable","14":"product-type-simple"},"_links":{"self":[{"href":"https:\/\/www.inthemoodfortea.se\/fr\/wp-json\/wp\/v2\/product\/22009","targetHints":{"allow":["GET"]}}],"collection":[{"href":"https:\/\/www.inthemoodfortea.se\/fr\/wp-json\/wp\/v2\/product"}],"about":[{"href":"https:\/\/www.inthemoodfortea.se\/fr\/wp-json\/wp\/v2\/types\/product"}],"wp:featuredmedia":[{"embeddable":true,"href":"https:\/\/www.inthemoodfortea.se\/fr\/wp-json\/wp\/v2\/media\/22723"}],"wp:attachment":[{"href":"https:\/\/www.inthemoodfortea.se\/fr\/wp-json\/wp\/v2\/media?parent=22009"}],"wp:term":[{"taxonomy":"product_brand","embeddable":true,"href":"https:\/\/www.inthemoodfortea.se\/fr\/wp-json\/wp\/v2\/product_brand?post=22009"},{"taxonomy":"product_cat","embeddable":true,"href":"https:\/\/www.inthemoodfortea.se\/fr\/wp-json\/wp\/v2\/product_cat?post=22009"},{"taxonomy":"product_tag","embeddable":true,"href":"https:\/\/www.inthemoodfortea.se\/fr\/wp-json\/wp\/v2\/product_tag?post=22009"}],"curies":[{"name":"wp","href":"https:\/\/api.w.org\/{rel}","templated":true}]}}