{"id":31549,"date":"2020-09-24T05:02:24","date_gmt":"2020-09-24T05:02:24","guid":{"rendered":"https:\/\/www.inthemoodfortea.se\/?post_type=product&#038;p=31549"},"modified":"2026-05-16T16:22:52","modified_gmt":"2026-05-16T16:22:52","slug":"phoenix-honey-orchid","status":"publish","type":"product","link":"https:\/\/www.inthemoodfortea.se\/fr\/phoenix-honey-orchid\/","title":{"rendered":"Phoenix Honey Orchid"},"content":{"rendered":"<p>Fenixbergen i norra Guangdong \u00e4r hem till n\u00e5gra av v\u00e4rldens mest ovanliga och exklusiva t\u00e9er vilka har en l\u00e5ng historia som g\u00e5r tillbaks till Song-dynastin. Utspridda l\u00e4ngs omv\u00e4xlande soliga och diminsvepta sluttningarna, klippor och branter v\u00e4xer unga och gamla tebuskar och te-tr\u00e4d som ger upphov till t\u00e9er med unika arom- och smakprofiler. Det finns ett stort antal kultivarer i omr\u00e5det och kategoriseringen av t\u00e9erna g\u00f6rs b\u00e5de p\u00e5 kultivar, doft-typ och ibland p\u00e5 modertr\u00e4d. Detta inneb\u00e4r att olika kultivarer kan anv\u00e4ndas f\u00f6r att producera ett te som h\u00f6r till en doft-typ. Phoenix Honey Orchid 1st Flush \u00a0har hanterats med stor varsamhet f\u00f6r att lyfta fram de eleganta fruktiga toner, en mjuk honungss\u00f6tma och en l\u00e5ng, aromatiskt eftersmak som dr\u00f6jer sig kvar i mun och svalg.<\/p>\n<p>    <style>\n        @keyframes teaSpinIn {\n            0% { opacity: 0; transform: translateY(30px) rotateX(-20deg) rotateY(10deg); }\n            100% { opacity: 1; transform: translateY(0) rotateX(0) rotateY(0); }\n        }\n        .tea-info-wrapper { \n            display: flex; flex-wrap: wrap; align-items: flex-start; margin: 50px auto 30px auto; \n            max-width: 850px; font-family: ct_font_contax-regular, sans-serif;\n            perspective: 1200px;\n        }\n        .tea-params-column { \n            flex: 1; min-width: 280px; padding: 0 25px 0 0; box-sizing: border-box; \n            animation: teaSpinIn 0.8s cubic-bezier(0.2, 0.8, 0.2, 1) forwards;\n        }\n        .tea-chart-column { \n            flex: 0 0 350px; max-width: 350px; padding: 0; box-sizing: border-box; \n            margin-top: -40px; margin-left: 20px; \n            animation: teaSpinIn 1s cubic-bezier(0.2, 0.8, 0.2, 1) 0.2s forwards; opacity: 0;\n        }\n        .tea-top-divider { width: 100%; height: 1px; background-color: #eeeeee; margin-bottom: 25px; }\n        .tea-divider { width: 1px; align-self: stretch; background-color: #eeeeee; margin: 0 0 20px 0; flex-shrink: 0; }\n        .brewing-row { display: flex; justify-content: space-between; align-items: center; padding: 12px 0; border-bottom: 1px solid #eeeeee; }\n        .brewing-label { color: #333333; font-weight: 500; display: flex; align-items: center; font-size: 0.92em; }\n        .brewing-value { font-weight: normal; color: #000000; font-size: 0.92em; text-align: right; margin-left: 15px; text-transform: none !important; }\n        .infusion-text-box { margin-top: 20px; background-color: #f9f9f9; padding: 22px 0; border-radius: 4px; width: 100%; }\n        .dropcap-wrapper { padding: 0; line-height: 1.6; }\n        .dropcap { float: left; font-size: 3.2em; line-height: 0.8; margin-right: 12px; color: #333; font-family: 'Cinzel Decorative', Georgia, serif; }\n        @media (max-width: 768px) { \n            .tea-info-wrapper { flex-direction: column; align-items: center; max-width: 100%; margin-top: 30px; } \n            .tea-params-column { width: 100%; padding: 0; order: 1; animation-delay: 0s; } \n            .tea-divider { display: none; } \n            .tea-chart-column { width: 100%; max-width: 320px; padding: 30px 0 0 0; order: 3; margin: 0 auto; animation-delay: 0.1s; } \n        }\n    <\/style>\n\n    <div class=\"tea-info-wrapper\">\n        <div class=\"tea-top-divider\"><\/div>\n        <div class=\"tea-params-column\">\n            <div class=\"brewing-method\">\n                                <div class=\"brewing-row\">\n                    <span class=\"brewing-label\">\n                        <img decoding=\"async\" src=\"\/wp-content\/uploads\/2026\/02\/leaf-solid-full.svg\" width=\"19\" height=\"19\" style=\"margin-right: 10px;\" alt=\"\" title=\"\">\n                        Dosering \/ 250 ml                    <\/span>\n                    <span class=\"brewing-value\">2,5-3 g<\/span>\n                <\/div>\n                                                <div class=\"brewing-row\">\n                    <span class=\"brewing-label\">\n                        <img decoding=\"async\" src=\"\/wp-content\/uploads\/2026\/02\/temperature-low-solid-full.svg\" width=\"19\" height=\"19\" style=\"margin-right: 10px;\" alt=\"\" title=\"\">\n                        Temperatur                    <\/span>\n                    <span class=\"brewing-value\">90-95\u00b0C<\/span>\n                <\/div>\n                                                <div class=\"brewing-row\">\n                    <span class=\"brewing-label\">\n                        <img decoding=\"async\" src=\"\/wp-content\/uploads\/2026\/02\/bell-solid-full.svg\" width=\"19\" height=\"19\" style=\"margin-right: 10px;\" alt=\"\" title=\"\">\n                        Infusion                    <\/span>\n                    <span class=\"brewing-value\">2-3 minuter<\/span>\n                <\/div>\n                                            <\/div>\n\n                        <div class=\"infusion-text-box\">\n                <div class=\"dropcap-wrapper\">\n                    <span class=\"dropcap\">P<\/span>\n                    <span style=\"color: #444444; font-size: 0.92em; display: block;\">\n                        hoenix Honey Orchid l\u00e4mpar sig v\u00e4l f\u00f6r flera infusioner. Den andra bryggningen h\u00e5lls med f\u00f6rdel kort, d\u00e5 bladen redan har b\u00f6rjat \u00f6ppna sig och frig\u00f6ra sina aromer.                    <\/span>\n                <\/div>\n            <\/div>\n                    <\/div>\n\n                <div class=\"tea-divider\"><\/div>\n        <div class=\"tea-chart-column\">\n            <canvas id=\"teaChart_31549\"><\/canvas>\n            <script>\n            document.addEventListener('DOMContentLoaded', function() {\n                var checkChart = setInterval(function() {\n                    if (typeof Chart !== 'undefined') {\n                        clearInterval(checkChart);\n                        var ctx = document.getElementById('teaChart_31549').getContext('2d');\n                        new Chart(ctx, {\n                            type: 'polarArea',\n                            data: {\n                                labels: [\"Fruit\\u00e9\",\"Douceur\",\"Min\\u00e9ral\",\"Floral\",\"Malt\\u00e9\",\"Torr\\u00e9fi\\u00e9\"],\n                                datasets: [{\n                                    data: [3,3,2,1,1,1],\n                                    backgroundColor: 'rgba(110, 128, 96, 0.15)',\n                                    borderColor: 'rgba(110, 128, 96, 0.9)',\n                                    borderWidth: 3\n                                }]\n                            },\n                            options: {\n                                responsive: true, \n                                maintainAspectRatio: true,\n                                layout: { padding: 5 },\n                                scales: {\n                                    r: {\n                                        \/\/ startAngle: -60 placerar centrum av den f\u00f6rsta t\u00e5rtbiten vid klockan 11\n                                        startAngle: -60, \n                                        grid: { color: 'rgba(0, 0, 0, 0.18)', lineWidth: 1.2 },\n                                        angleLines: { display: true, color: 'rgba(0, 0, 0, 0.12)' },\n                                        suggestMin: 0, suggestedMax: 3, ticks: { display: false, stepSize: 1 },\n                                        pointLabels: {\n                                            display: true, centerPointLabels: true, padding: 10,\n                                            font: { size: 13, family: \"'Cinzel', serif\", weight: '500' },\n                                            color: '#222'\n                                        }\n                                    }\n                                },\n                                plugins: { legend: { display: false }, tooltip: { enabled: false } }\n                            }\n                        });\n                    }\n                }, 100);\n            });\n            <\/script>\n        <\/div>\n            <\/div>\n    <br \/>\n    \n    <div class=\"prick-container\" style=\"max-width: 500px; margin-left: auto; margin-right: auto; width: 100%; margin-bottom: 15px; padding: 0 10px; box-sizing: border-box;\">\n        <div style=\"display: flex; justify-content: space-between; align-items: center; width: 100%;\">\n            <span style=\"font-size: 20px; color: #cccccc;\">\u2022<\/span>\n            <span style=\"font-size: 20px; color: #cccccc;\">\u2022<\/span>\n            <span style=\"font-size: 20px; color: #cccccc;\">\u2022<\/span>\n            <span style=\"font-size: 20px; color: #cccccc;\">\u2022<\/span>\n            <span style=\"font-size: 20px; color: #cccccc;\">\u2022<\/span>\n            <span style=\"font-size: 20px; color: #cccccc;\">\u2022<\/span>\n            <span style=\"font-size: 20px; color: #cccccc;\">\u2022<\/span>\n            <span style=\"font-size: 20px; color: #cccccc;\">\u2022<\/span>\n        <\/div>\n    <\/div>\n    \n    <div class=\"gongfu-container\">\n        <div class=\"gongfu-header\">\n            <h2 class=\"gongfu-title\">GONGFU-METODEN<\/h2>\n        <\/div>\n        \n        <div class=\"gongfu-method\">\n            <div class=\"gongfu-measurement\">\n                <span class=\"gongfu-label\">\n                    <img decoding=\"async\" src=\"https:\/\/www.inthemoodfortea.se\/wp-content\/uploads\/2026\/02\/leaf-solid-full.svg\" alt=\"Dosering\" width=\"20\" height=\"20\" style=\"margin-right: 8px; display: inline-block; vertical-align: middle;\" title=\"\">\n                    M\u00e4ngd \/ 100 ml gaiwan\n                <\/span>\n                <span class=\"gongfu-value\">5-7 gram<\/span>\n            <\/div>\n            \n            <div class=\"gongfu-temperature\">\n                <span class=\"gongfu-label\">\n                    <img decoding=\"async\" src=\"https:\/\/www.inthemoodfortea.se\/wp-content\/uploads\/2026\/02\/temperature-low-solid-full.svg\" alt=\"Temperatur\" width=\"20\" height=\"20\" style=\"margin-right: 8px; display: inline-block; vertical-align: middle;\" title=\"\">\n                    Vattentemperatur\n                <\/span>\n                <span class=\"gongfu-value\">90-95 \u00b0C<\/span>\n            <\/div>\n            \n            <div class=\"gongfu-rinse\">\n                <span class=\"gongfu-label\">\n                    F\u00f6rsta sk\u00f6ljning\n                <\/span>\n                <span class=\"gongfu-value\">5-10 sek (h\u00e4lls bort)<\/span>\n            <\/div>\n            \n            <div class=\"gongfu-times\">\n                <div class=\"gongfu-time-row\">\n                    <span class=\"gongfu-time-label\">Infusion 1<\/span>\n                    <span class=\"gongfu-time-value\">10-15 sek<\/span>\n                <\/div>\n                \n                <div class=\"gongfu-time-row\">\n                    <span class=\"gongfu-time-label\">Infusion 2<\/span>\n                    <span class=\"gongfu-time-value\">5-10 sek<\/span>\n                <\/div>\n                \n                <div class=\"gongfu-time-row\">\n                    <span class=\"gongfu-time-label\">Infusion 3<\/span>\n                    <span class=\"gongfu-time-value\">10-15 sek<\/span>\n                <\/div>\n                \n                <div class=\"gongfu-time-row\">\n                    <span class=\"gongfu-time-label\">Infusion 4<\/span>\n                    <span class=\"gongfu-time-value\">15-20 sek<\/span>\n                <\/div>\n                \n                <div class=\"gongfu-time-row\">\n                    <span class=\"gongfu-time-label\">Infusion 5<\/span>\n                    <span class=\"gongfu-time-value\">20-30 sek<\/span>\n                <\/div>\n                \n                <div class=\"gongfu-time-row\">\n                    <span class=\"gongfu-time-label\">Infusion 6+<\/span>\n                    <span class=\"gongfu-time-value\">+10 sek per extra infusion<\/span>\n                <\/div>\n            <\/div>\n            \n            <div class=\"gongfu-notes\">\n                <p class=\"gongfu-notes-text\">\n                    Gongfu-metoden till\u00e5ter m\u00e5nga korta infusioner. \n                    \u00d6ka tiden gradvis efter hand. Oolong-teer och pu erh passar s\u00e4rskilt bra.\n                <\/p>\n            <\/div>\n\n        <\/div>\n    <\/div>\n    \n    <style>\n        .gongfu-container {\n            max-width: 500px;\n            border: 1px solid #cccccc;\n            border-radius: 8px;\n            padding: 20px;\n            font-family: ct_font_contax-regular, sans-serif;\n            background-color: transparent;\n            margin-left: auto;\n            margin-right: auto;\n        }\n        \n        .gongfu-header {\n            margin-bottom: 20px;\n            padding-bottom: 10px;\n            border-bottom: 1px solid #dddddd;\n        }\n        \n        .gongfu-title {\n            margin: 0;\n            font-size: 24px;\n            color: #333333;\n            text-align: center;\n            letter-spacing: 1px;\n        }\n        \n        .gongfu-measurement,\n        .gongfu-temperature,\n        .gongfu-rinse {\n            display: flex;\n            justify-content: space-between;\n            align-items: center;\n            padding: 8px 0;\n            border-bottom: 1px solid #dddddd;\n        }\n        \n        .gongfu-label {\n            color: #333333;\n            font-weight: 500;\n            display: flex;\n            align-items: center;\n        }\n        \n        .gongfu-value {\n            font-weight: normal;\n            color: #000000;\n        }\n        \n        .gongfu-times {\n            margin: 15px 0;\n            padding: 10px 0;\n            border-bottom: 1px solid #dddddd;\n        }\n        \n        .gongfu-time-row {\n            display: flex;\n            justify-content: space-between;\n            align-items: center;\n            padding: 6px 0;\n        }\n        \n        .gongfu-time-label {\n            color: #333333;\n            font-weight: 500;\n        }\n        \n        .gongfu-time-value {\n            font-weight: normal;\n            color: #000000;\n        }\n        \n        .gongfu-notes {\n            margin-top: 15px;\n            padding: 10px;\n            background-color: #f9f9f9;\n            border-radius: 4px;\n        }\n        \n        .gongfu-notes-text {\n            margin: 0;\n            color: #333333;\n            font-size: 14px;\n            line-height: 1.5;\n        }\n        \n        .gongfu-notes-text strong {\n            color: #000000;\n        }\n        \n        .gongfu-notes-text:first-letter {\n            font-family: 'Cinzel Decorative', Georgia, serif;\n            font-size: 2em;\n            font-weight: 700;\n            color: #333333;\n            float: left;\n            line-height: 1;\n            margin-right: 5px;\n        }\n        \n        \/* Media query f\u00f6r mobil - 4px marginal och centrerad *\/\n        @media (max-width: 768px) {\n            .prick-container {\n                display: none !important;\n            }\n            \n            .gongfu-container {\n                max-width: calc(100% - 8px);\n                margin-left: auto !important;\n                margin-right: auto !important;\n                padding: 15px;\n                width: calc(100% - 8px);\n                left: 0;\n                right: 0;\n                position: relative;\n            }\n            \n            .gongfu-title {\n                font-size: 22px;\n            }\n            \n            .gongfu-measurement,\n            .gongfu-temperature,\n            .gongfu-rinse,\n            .gongfu-time-row {\n                padding: 6px 0;\n            }\n            \n            .gongfu-notes {\n                padding: 8px;\n            }\n            \n            .gongfu-notes-text {\n                font-size: 13px;\n            }\n        }\n    <\/style>\n    \n    <\/p>\n","protected":false},"excerpt":{"rendered":"<p>Fenixbergen i norra Guangdong \u00e4r hem till n\u00e5gra av v\u00e4rldens mest ovanliga och exklusiva t\u00e9er vilka har en l\u00e5ng historia som g\u00e5r tillbaks till Song-dynastin. Utspridda l\u00e4ngs omv\u00e4xlande soliga och diminsvepta sluttningarna, klippor och branter v\u00e4xer unga och gamla tebuskar och te-tr\u00e4d som ger upphov till t\u00e9er med unika arom- och smakprofiler. Det finns ett [&hellip;]<\/p>\n","protected":false},"featured_media":5216,"template":"","meta":[],"product_brand":[],"product_cat":[133,141,153,132],"product_tag":[],"class_list":{"0":"post-31549","1":"product","2":"type-product","3":"status-publish","4":"has-post-thumbnail","6":"product_cat-kombucha","7":"product_cat-ekologiskt-te","8":"product_cat-kinesiskt-te","9":"product_cat-oolong","10":"_wholesalex wsx-wholesalex-product","12":"first","13":"instock","14":"featured","15":"taxable","16":"shipping-taxable","17":"purchasable","18":"product-type-variable"},"_links":{"self":[{"href":"https:\/\/www.inthemoodfortea.se\/fr\/wp-json\/wp\/v2\/product\/31549","targetHints":{"allow":["GET"]}}],"collection":[{"href":"https:\/\/www.inthemoodfortea.se\/fr\/wp-json\/wp\/v2\/product"}],"about":[{"href":"https:\/\/www.inthemoodfortea.se\/fr\/wp-json\/wp\/v2\/types\/product"}],"wp:featuredmedia":[{"embeddable":true,"href":"https:\/\/www.inthemoodfortea.se\/fr\/wp-json\/wp\/v2\/media\/5216"}],"wp:attachment":[{"href":"https:\/\/www.inthemoodfortea.se\/fr\/wp-json\/wp\/v2\/media?parent=31549"}],"wp:term":[{"taxonomy":"product_brand","embeddable":true,"href":"https:\/\/www.inthemoodfortea.se\/fr\/wp-json\/wp\/v2\/product_brand?post=31549"},{"taxonomy":"product_cat","embeddable":true,"href":"https:\/\/www.inthemoodfortea.se\/fr\/wp-json\/wp\/v2\/product_cat?post=31549"},{"taxonomy":"product_tag","embeddable":true,"href":"https:\/\/www.inthemoodfortea.se\/fr\/wp-json\/wp\/v2\/product_tag?post=31549"}],"curies":[{"name":"wp","href":"https:\/\/api.w.org\/{rel}","templated":true}]}}