{"id":32423,"date":"2020-11-11T14:47:04","date_gmt":"2020-11-11T14:47:04","guid":{"rendered":"https:\/\/www.inthemoodfortea.se\/?post_type=product&#038;p=32423"},"modified":"2026-05-07T13:02:05","modified_gmt":"2026-05-07T13:02:05","slug":"matcha-sencha","status":"publish","type":"product","link":"https:\/\/www.inthemoodfortea.se\/fr\/matcha-sencha\/","title":{"rendered":"Matcha Sencha"},"content":{"rendered":"<p>Th\u00e9 vert biologique du sud du Japon, dont les feuilles ont \u00e9t\u00e9 soigneusement cultiv\u00e9es dans des conditions optimales pour faire ressortir la fra\u00eecheur et la douceur naturelles du th\u00e9. Le th\u00e9 est ensuite enrichi de matcha moulu \u00e0 la pierre, qui lui conf\u00e8re un caract\u00e8re umami plus profond et une couleur verte plus intense, offrant ainsi une exp\u00e9rience gustative et visuelle puissante. Les riches nuances du matcha sont harmonieusement \u00e9quilibr\u00e9es par les l\u00e9g\u00e8res notes florales et v\u00e9g\u00e9tales du th\u00e9 vert. Ce m\u00e9lange cr\u00e9e une tasse cors\u00e9e et velout\u00e9e qui offre un \u00e9quilibre parfait entre la douceur et une l\u00e9g\u00e8re amertume.<br \/>\n    <style>\n        .tea-section-divider { width: 100%; margin-bottom: 25px; text-align: center; }\n        .tea-section-divider::after { content: \"\"; display: block; width: 80%; height: 1px; background-color: #eeeeee; margin: 0 auto; }\n        \n        \/* Minskad max-width f\u00f6r hela sektionen *\/\n        .tea-info-wrapper { \n            display: flex; \n            flex-wrap: wrap; \n            align-items: flex-start; \n            margin: 0 auto 30px auto; \n            max-width: 450px; \n            font-family: ct_font_contax-regular, sans-serif; \n        }\n        .tea-params-column { flex: 1; min-width: 280px; padding: 0 25px 20px 0; box-sizing: border-box; }\n        .tea-divider { width: 1px; align-self: stretch; background-color: #eeeeee; margin: 0 0 20px 0; flex-shrink: 0; }\n        \n        .tea-chart-column { \n            flex: 0 0 320px; \n            max-width: 320px; \n            padding: 0; \n            box-sizing: border-box; \n            margin-top: -20px; \n            margin-left: 20px; \n        }\n        \n        .brewing-measurement, .brewing-temperature, .brewing-time { display: flex; justify-content: space-between; align-items: center; padding: 12px 0; border-bottom: 1px solid #eeeeee; }\n        .brewing-label { color: #333333; font-weight: 500; display: flex; align-items: center; }\n        .brewing-value { font-weight: normal; color: #000000; }\n        .infusion-text-box { margin-top: 20px; background-color: #f9f9f9; padding: 20px 0; border-radius: 4px; }\n        .dropcap-wrapper { padding: 0 2px; line-height: 1.6; }\n        .dropcap { float: left; font-size: 3.0em; line-height: 0.8; margin-right: 10px; color: #333; font-family: 'Cinzel Decorative', Georgia, serif; }\n        \n        @media (max-width: 768px) { \n            .tea-info-wrapper { flex-direction: column; align-items: center; max-width: 100%; } \n            .tea-params-column { width: 100%; padding: 15px; order: 1; } \n            .tea-divider { display: none; } \n            .tea-chart-column { \n                width: 100%; \n                max-width: 320px; \n                flex: 0 0 auto;\n                padding: 0; \n                order: 3; \n                margin: 0 auto; \n                display: flex;\n                justify-content: center;\n                align-items: center;\n            } \n            canvas { max-width: 100% !important; height: auto !important; margin: 0 auto; }\n        }\n    <\/style>\n    \n    <div class=\"tea-section-divider\"><\/div>\n\n    <div class=\"tea-info-wrapper\">\n        <div class=\"tea-params-column\">\n            <div class=\"brewing-method\">\n                                <div class=\"brewing-measurement\">\n                    <span class=\"brewing-label\">\n                        <img decoding=\"async\" src=\"https:\/\/www.inthemoodfortea.se\/wp-content\/uploads\/2026\/02\/leaf-solid-full.svg\" width=\"20\" height=\"20\" style=\"margin-right: 10px;\" alt=\"\" title=\"\">\n                        Quantit\u00e9 \/ 250 ml                    <\/span>\n                    <span class=\"brewing-value\">2,5-3 g<\/span>\n                <\/div>\n                                \n                                <div class=\"brewing-temperature\">\n                    <span class=\"brewing-label\">\n                        <img decoding=\"async\" src=\"https:\/\/www.inthemoodfortea.se\/wp-content\/uploads\/2026\/02\/temperature-low-solid-full.svg\" width=\"20\" height=\"20\" style=\"margin-right: 10px;\" alt=\"\" title=\"\">\n                        temp\u00e9rature                    <\/span>\n                    <span class=\"brewing-value\">70-75\u00b0C<\/span>\n                <\/div>\n                                \n                                <div class=\"brewing-time\">\n                    <span class=\"brewing-label\">\n                        <img decoding=\"async\" src=\"https:\/\/www.inthemoodfortea.se\/wp-content\/uploads\/2026\/02\/bell-solid-full.svg\" width=\"20\" height=\"20\" style=\"margin-right: 10px;\" alt=\"\" title=\"\">\n                        Temps de brassage                    <\/span>\n                    <span class=\"brewing-value\">2-3 minutes<\/span>\n                <\/div>\n                            <\/div>\n\n                    <\/div>\n\n            <\/div>\n    <\/p>","protected":false},"excerpt":{"rendered":"<p>Ett ekologiskt gr\u00f6nt te fr\u00e5n s\u00f6dra Japan, vars blad varsamt har odlats under optimala f\u00f6rh\u00e5llanden f\u00f6r att framh\u00e4va den naturliga friskheten och s\u00f6tman i teet. Teet \u00e4r sedan berikat med stenmald matcha, som tillf\u00f6r en djupare umami-karakt\u00e4r och en intensivare gr\u00f6n f\u00e4rg, vilket ger b\u00e5de en kraftfull smak och en visuell upplevelse. Matchans rika undertoner [&hellip;]<\/p>\n","protected":false},"featured_media":38343,"template":"","meta":[],"product_brand":[],"product_cat":[141,138,152,130],"product_tag":[],"class_list":{"0":"post-32423","1":"product","2":"type-product","3":"status-publish","4":"has-post-thumbnail","6":"product_cat-ekologiskt-te","7":"product_cat-gront-te","8":"product_cat-japanskt-te","9":"product_cat-matcha","10":"_wholesalex wsx-wholesalex-product","12":"first","13":"instock","14":"taxable","15":"shipping-taxable","16":"purchasable","17":"product-type-variable"},"_links":{"self":[{"href":"https:\/\/www.inthemoodfortea.se\/fr\/wp-json\/wp\/v2\/product\/32423","targetHints":{"allow":["GET"]}}],"collection":[{"href":"https:\/\/www.inthemoodfortea.se\/fr\/wp-json\/wp\/v2\/product"}],"about":[{"href":"https:\/\/www.inthemoodfortea.se\/fr\/wp-json\/wp\/v2\/types\/product"}],"wp:featuredmedia":[{"embeddable":true,"href":"https:\/\/www.inthemoodfortea.se\/fr\/wp-json\/wp\/v2\/media\/38343"}],"wp:attachment":[{"href":"https:\/\/www.inthemoodfortea.se\/fr\/wp-json\/wp\/v2\/media?parent=32423"}],"wp:term":[{"taxonomy":"product_brand","embeddable":true,"href":"https:\/\/www.inthemoodfortea.se\/fr\/wp-json\/wp\/v2\/product_brand?post=32423"},{"taxonomy":"product_cat","embeddable":true,"href":"https:\/\/www.inthemoodfortea.se\/fr\/wp-json\/wp\/v2\/product_cat?post=32423"},{"taxonomy":"product_tag","embeddable":true,"href":"https:\/\/www.inthemoodfortea.se\/fr\/wp-json\/wp\/v2\/product_tag?post=32423"}],"curies":[{"name":"wp","href":"https:\/\/api.w.org\/{rel}","templated":true}]}}