{"id":38597,"date":"2021-07-10T04:57:00","date_gmt":"2021-07-10T04:57:00","guid":{"rendered":"https:\/\/www.inthemoodfortea.se\/?post_type=product&#038;p=38597"},"modified":"2026-03-15T16:19:22","modified_gmt":"2026-03-15T16:19:22","slug":"duck_shit_fenghuang_dancong","status":"publish","type":"product","link":"https:\/\/www.inthemoodfortea.se\/fr\/duck_shit_fenghuang_dancong\/","title":{"rendered":"Duck Shit Fenghuang Dancong"},"content":{"rendered":"<p>Les montagnes Phoenix, dans le nord du Guangdong, abritent certains des th\u00e9s les plus rares et les plus exclusifs au monde, dont l'histoire remonte \u00e0 la dynastie Song. Ici, sur les pentes vari\u00e9es de la montagne Wudong, poussent des th\u00e9iers et des arbres jeunes ou centenaires, qui se sont adapt\u00e9s au fil des ans au climat unique de la r\u00e9gion. Dans cet environnement changeant, o\u00f9 les zones ensoleill\u00e9es alternent avec les pentes envelopp\u00e9es de brume et les terrasses rocheuses, les th\u00e9s d\u00e9veloppent des profils d'ar\u00f4mes et de saveurs distinctifs qui refl\u00e8tent la diversit\u00e9 du paysage de la r\u00e9gion.<\/p>\n<p>La grande vari\u00e9t\u00e9 de cultivars dans la r\u00e9gion a donn\u00e9 lieu \u00e0 une m\u00e9thode de classification particuli\u00e8re, o\u00f9 les th\u00e9s sont class\u00e9s non seulement par cultivar, mais aussi par type d'ar\u00f4me et parfois par l'arbre m\u00e8re d'o\u00f9 proviennent les feuilles. Cela signifie qu'un certain type de parfum peut \u00eatre obtenu avec diff\u00e9rents cultivars, ce qui offre des possibilit\u00e9s infinies d'explorer diff\u00e9rentes dimensions gustatives. C'est le cas du th\u00e9 Duck Shit Fenghuang Dancong, qui a \u00e9t\u00e9 trait\u00e9 avec le plus grand soin pour faire ressortir ses \u00e9l\u00e9gantes notes fruit\u00e9es et florales, associ\u00e9es \u00e0 une douce douceur de miel et \u00e0 un long arri\u00e8re-go\u00fbt aromatique qui persiste dans la bouche et la gorge.<\/p>\n<p>La ferme o\u00f9 ce th\u00e9 est cultiv\u00e9 met fortement l'accent sur la durabilit\u00e9. La culture se fait sans pesticides ni engrais artificiels, ce qui garantit un \u00e9quilibre naturel dans l'environnement et un go\u00fbt pur. Ce Duck Shit Fenghuang Dancong a \u00e9t\u00e9 r\u00e9colt\u00e9 au printemps 2024.<\/p>\n<p>    <style>\n        @keyframes teaSpinIn {\n            0% { opacity: 0; transform: translateY(30px) rotateX(-20deg) rotateY(10deg); }\n            100% { opacity: 1; transform: translateY(0) rotateX(0) rotateY(0); }\n        }\n        .tea-info-wrapper { \n            display: flex; flex-wrap: wrap; align-items: flex-start; margin: 50px auto 30px auto; \n            max-width: 450px; font-family: ct_font_contax-regular, sans-serif;\n            perspective: 1200px;\n        }\n        .tea-params-column { \n            flex: 1; min-width: 280px; padding: 0 25px 0 0; box-sizing: border-box; \n            animation: teaSpinIn 0.8s cubic-bezier(0.2, 0.8, 0.2, 1) forwards;\n        }\n        .tea-chart-column { \n            flex: 0 0 350px; max-width: 350px; padding: 0; box-sizing: border-box; \n            margin-top: -40px; margin-left: 20px; \n            animation: teaSpinIn 1s cubic-bezier(0.2, 0.8, 0.2, 1) 0.2s forwards; opacity: 0;\n        }\n        .tea-top-divider { width: 100%; height: 1px; background-color: #eeeeee; margin-bottom: 25px; }\n        .tea-divider { width: 1px; align-self: stretch; background-color: #eeeeee; margin: 0 0 20px 0; flex-shrink: 0; }\n        .brewing-row { display: flex; justify-content: space-between; align-items: center; padding: 12px 0; border-bottom: 1px solid #eeeeee; }\n        .brewing-label { color: #333333; font-weight: 500; display: flex; align-items: center; font-size: 0.92em; }\n        .brewing-value { font-weight: normal; color: #000000; font-size: 0.92em; text-align: right; margin-left: 15px; text-transform: none !important; }\n        .infusion-text-box { margin-top: 20px; background-color: #f9f9f9; padding: 22px 0; border-radius: 4px; width: 100%; }\n        .dropcap-wrapper { padding: 0; line-height: 1.6; }\n        .dropcap { float: left; font-size: 3.2em; line-height: 0.8; margin-right: 12px; color: #333; font-family: 'Cinzel Decorative', Georgia, serif; }\n        @media (max-width: 768px) { \n            .tea-info-wrapper { flex-direction: column; align-items: center; max-width: 100%; margin-top: 30px; } \n            .tea-params-column { width: 100%; padding: 0; order: 1; animation-delay: 0s; } \n            .tea-divider { display: none; } \n            .tea-chart-column { width: 100%; max-width: 320px; padding: 30px 0 0 0; order: 3; margin: 0 auto; animation-delay: 0.1s; } \n        }\n    <\/style>\n\n    <div class=\"tea-info-wrapper\">\n        <div class=\"tea-top-divider\"><\/div>\n        <div class=\"tea-params-column\">\n            <div class=\"brewing-method\">\n                                <div class=\"brewing-row\">\n                    <span class=\"brewing-label\">\n                        <img decoding=\"async\" src=\"\/wp-content\/uploads\/2026\/02\/leaf-solid-full.svg\" width=\"19\" height=\"19\" style=\"margin-right: 10px;\" alt=\"\" title=\"\">\n                        Dosage \/ 250 ml                    <\/span>\n                    <span class=\"brewing-value\">2,5-3 g<\/span>\n                <\/div>\n                                                <div class=\"brewing-row\">\n                    <span class=\"brewing-label\">\n                        <img decoding=\"async\" src=\"\/wp-content\/uploads\/2026\/02\/temperature-low-solid-full.svg\" width=\"19\" height=\"19\" style=\"margin-right: 10px;\" alt=\"\" title=\"\">\n                        temp\u00e9rature                    <\/span>\n                    <span class=\"brewing-value\">90-95\u00b0C<\/span>\n                <\/div>\n                                                <div class=\"brewing-row\">\n                    <span class=\"brewing-label\">\n                        <img decoding=\"async\" src=\"\/wp-content\/uploads\/2026\/02\/bell-solid-full.svg\" width=\"19\" height=\"19\" style=\"margin-right: 10px;\" alt=\"\" title=\"\">\n                        Perfusion                    <\/span>\n                    <span class=\"brewing-value\">2-3 minutes<\/span>\n                <\/div>\n                                            <\/div>\n\n                        <div class=\"infusion-text-box\">\n                <div class=\"dropcap-wrapper\">\n                    <span class=\"dropcap\">D<\/span>\n                    <span style=\"color: #444444; font-size: 0.92em; display: block;\">\n                        uck Shit Fenghuang Dancong se pr\u00eate bien \u00e0 des infusions multiples. La deuxi\u00e8me infusion doit \u00eatre courte, car les feuilles ont d\u00e9j\u00e0 commenc\u00e9 \u00e0 s'ouvrir et \u00e0 lib\u00e9rer leurs ar\u00f4mes.                    <\/span>\n                <\/div>\n            <\/div>\n                    <\/div>\n\n            <\/div>\n    <br \/>\n    \n    <div class=\"prick-container\" style=\"max-width: 500px; margin-left: auto; margin-right: auto; width: 100%; margin-bottom: 15px; padding: 0 10px; box-sizing: border-box;\">\n        <div style=\"display: flex; justify-content: space-between; align-items: center; width: 100%;\">\n            <span style=\"font-size: 20px; color: #cccccc;\">\u2022<\/span>\n            <span style=\"font-size: 20px; color: #cccccc;\">\u2022<\/span>\n            <span style=\"font-size: 20px; color: #cccccc;\">\u2022<\/span>\n            <span style=\"font-size: 20px; color: #cccccc;\">\u2022<\/span>\n            <span style=\"font-size: 20px; color: #cccccc;\">\u2022<\/span>\n            <span style=\"font-size: 20px; color: #cccccc;\">\u2022<\/span>\n            <span style=\"font-size: 20px; color: #cccccc;\">\u2022<\/span>\n            <span style=\"font-size: 20px; color: #cccccc;\">\u2022<\/span>\n        <\/div>\n    <\/div>\n    \n    <div class=\"gongfu-container\">\n        <div class=\"gongfu-header\">\n            <h2 class=\"gongfu-title\">LA M\u00c9THODE GONGFU<\/h2>\n        <\/div>\n        \n        <div class=\"gongfu-method\">\n            <div class=\"gongfu-measurement\">\n                <span class=\"gongfu-label\">\n                    <img decoding=\"async\" src=\"https:\/\/www.inthemoodfortea.se\/wp-content\/uploads\/2026\/02\/leaf-solid-full.svg\" alt=\"Dosage\" width=\"20\" height=\"20\" style=\"margin-right: 8px; display: inline-block; vertical-align: middle;\" title=\"\">\n                    Quantit\u00e9 \/ 100 ml gaiwan\n                <\/span>\n                <span class=\"gongfu-value\">5-7 grammes<\/span>\n            <\/div>\n            \n            <div class=\"gongfu-temperature\">\n                <span class=\"gongfu-label\">\n                    <img decoding=\"async\" src=\"https:\/\/www.inthemoodfortea.se\/wp-content\/uploads\/2026\/02\/temperature-low-solid-full.svg\" alt=\"temp\u00e9rature\" width=\"20\" height=\"20\" style=\"margin-right: 8px; display: inline-block; vertical-align: middle;\" title=\"\">\n                    Temp\u00e9rature de l'eau\n                <\/span>\n                <span class=\"gongfu-value\">90-95 \u00b0C<\/span>\n            <\/div>\n            \n            <div class=\"gongfu-rinse\">\n                <span class=\"gongfu-label\">\n                    Premier rin\u00e7age\n                <\/span>\n                <span class=\"gongfu-value\">5-10 secondes (en cas de d\u00e9versement)<\/span>\n            <\/div>\n            \n            <div class=\"gongfu-times\">\n                <div class=\"gongfu-time-row\">\n                    <span class=\"gongfu-time-label\">Perfusion 1<\/span>\n                    <span class=\"gongfu-time-value\">10-15 sec<\/span>\n                <\/div>\n                \n                <div class=\"gongfu-time-row\">\n                    <span class=\"gongfu-time-label\">Perfusion 2<\/span>\n                    <span class=\"gongfu-time-value\">5-10 sec<\/span>\n                <\/div>\n                \n                <div class=\"gongfu-time-row\">\n                    <span class=\"gongfu-time-label\">Perfusion 3<\/span>\n                    <span class=\"gongfu-time-value\">10-15 sec<\/span>\n                <\/div>\n                \n                <div class=\"gongfu-time-row\">\n                    <span class=\"gongfu-time-label\">Perfusion 4<\/span>\n                    <span class=\"gongfu-time-value\">15-20 sec<\/span>\n                <\/div>\n                \n                <div class=\"gongfu-time-row\">\n                    <span class=\"gongfu-time-label\">Infusion 5<\/span>\n                    <span class=\"gongfu-time-value\">20-30 sec<\/span>\n                <\/div>\n                \n                <div class=\"gongfu-time-row\">\n                    <span class=\"gongfu-time-label\">Infusion 6+<\/span>\n                    <span class=\"gongfu-time-value\">+10 sec par infusion suppl\u00e9mentaire<\/span>\n                <\/div>\n            <\/div>\n            \n            <div class=\"gongfu-notes\">\n                <p class=\"gongfu-notes-text\">\n                    La m\u00e9thode Gongfu permet de nombreuses infusions courtes.\n                    Il faut augmenter progressivement la dur\u00e9e de l'infusion. Les th\u00e9s Oolong et les pu erh sont particuli\u00e8rement adapt\u00e9s.\n                <\/p>\n            <\/div>\n\n        <\/div>\n    <\/div>\n    \n    <style>\n        .gongfu-container {\n            max-width: 500px;\n            border: 1px solid #cccccc;\n            border-radius: 8px;\n            padding: 20px;\n            font-family: ct_font_contax-regular, sans-serif;\n            background-color: transparent;\n            margin-left: auto;\n            margin-right: auto;\n        }\n        \n        .gongfu-header {\n            margin-bottom: 20px;\n            padding-bottom: 10px;\n            border-bottom: 1px solid #dddddd;\n        }\n        \n        .gongfu-title {\n            margin: 0;\n            font-size: 24px;\n            color: #333333;\n            text-align: center;\n            letter-spacing: 1px;\n        }\n        \n        .gongfu-measurement,\n        .gongfu-temperature,\n        .gongfu-rinse {\n            display: flex;\n            justify-content: space-between;\n            align-items: center;\n            padding: 8px 0;\n            border-bottom: 1px solid #dddddd;\n        }\n        \n        .gongfu-label {\n            color: #333333;\n            font-weight: 500;\n            display: flex;\n            align-items: center;\n        }\n        \n        .gongfu-value {\n            font-weight: normal;\n            color: #000000;\n        }\n        \n        .gongfu-times {\n            margin: 15px 0;\n            padding: 10px 0;\n            border-bottom: 1px solid #dddddd;\n        }\n        \n        .gongfu-time-row {\n            display: flex;\n            justify-content: space-between;\n            align-items: center;\n            padding: 6px 0;\n        }\n        \n        .gongfu-time-label {\n            color: #333333;\n            font-weight: 500;\n        }\n        \n        .gongfu-time-value {\n            font-weight: normal;\n            color: #000000;\n        }\n        \n        .gongfu-notes {\n            margin-top: 15px;\n            padding: 10px;\n            background-color: #f9f9f9;\n            border-radius: 4px;\n        }\n        \n        .gongfu-notes-text {\n            margin: 0;\n            color: #333333;\n            font-size: 14px;\n            line-height: 1.5;\n        }\n        \n        .gongfu-notes-text strong {\n            color: #000000;\n        }\n        \n        .gongfu-notes-text:first-letter {\n            font-family: 'Cinzel Decorative', Georgia, serif;\n            font-size: 2em;\n            font-weight: 700;\n            color: #333333;\n            float: left;\n            line-height: 1;\n            margin-right: 5px;\n        }\n        \n        \/* Media query f\u00f6r mobil - 4px marginal och centrerad *\/\n        @media (max-width: 768px) {\n            .prick-container {\n                display: none !important;\n            }\n            \n            .gongfu-container {\n                max-width: calc(100% - 8px);\n                margin-left: auto !important;\n                margin-right: auto !important;\n                padding: 15px;\n                width: calc(100% - 8px);\n                left: 0;\n                right: 0;\n                position: relative;\n            }\n            \n            .gongfu-title {\n                font-size: 22px;\n            }\n            \n            .gongfu-measurement,\n            .gongfu-temperature,\n            .gongfu-rinse,\n            .gongfu-time-row {\n                padding: 6px 0;\n            }\n            \n            .gongfu-notes {\n                padding: 8px;\n            }\n            \n            .gongfu-notes-text {\n                font-size: 13px;\n            }\n        }\n    <\/style>\n    \n    <\/p>","protected":false},"excerpt":{"rendered":"<p>Fenixbergen i norra Guangdong \u00e4r hem till n\u00e5gra av v\u00e4rldens mest s\u00e4llsynta och exklusiva teer, med en historia som str\u00e4cker sig \u00e4nda tillbaka till Song-dynastin. H\u00e4r, p\u00e5 de varierade sluttningarna av Wudong-berget, v\u00e4xer b\u00e5de unga och hundra\u00e5riga tebuskar och tr\u00e4d som genom \u00e5ren har anpassat sig till omr\u00e5dets unika klimat. I den v\u00e4xlande milj\u00f6n, d\u00e4r [&hellip;]<\/p>\n","protected":false},"featured_media":52581,"template":"","meta":[],"product_brand":[],"product_cat":[132,141,153,133],"product_tag":[],"class_list":{"0":"post-38597","1":"product","2":"type-product","3":"status-publish","4":"has-post-thumbnail","6":"product_cat-oolong","7":"product_cat-ekologiskt-te","8":"product_cat-kinesiskt-te","9":"product_cat-kombucha","10":"_wholesalex wsx-wholesalex-product","12":"first","13":"outofstock","14":"taxable","15":"shipping-taxable","16":"purchasable","17":"product-type-variable"},"_links":{"self":[{"href":"https:\/\/www.inthemoodfortea.se\/fr\/wp-json\/wp\/v2\/product\/38597","targetHints":{"allow":["GET"]}}],"collection":[{"href":"https:\/\/www.inthemoodfortea.se\/fr\/wp-json\/wp\/v2\/product"}],"about":[{"href":"https:\/\/www.inthemoodfortea.se\/fr\/wp-json\/wp\/v2\/types\/product"}],"wp:featuredmedia":[{"embeddable":true,"href":"https:\/\/www.inthemoodfortea.se\/fr\/wp-json\/wp\/v2\/media\/52581"}],"wp:attachment":[{"href":"https:\/\/www.inthemoodfortea.se\/fr\/wp-json\/wp\/v2\/media?parent=38597"}],"wp:term":[{"taxonomy":"product_brand","embeddable":true,"href":"https:\/\/www.inthemoodfortea.se\/fr\/wp-json\/wp\/v2\/product_brand?post=38597"},{"taxonomy":"product_cat","embeddable":true,"href":"https:\/\/www.inthemoodfortea.se\/fr\/wp-json\/wp\/v2\/product_cat?post=38597"},{"taxonomy":"product_tag","embeddable":true,"href":"https:\/\/www.inthemoodfortea.se\/fr\/wp-json\/wp\/v2\/product_tag?post=38597"}],"curies":[{"name":"wp","href":"https:\/\/api.w.org\/{rel}","templated":true}]}}