{"id":41125,"date":"2022-02-18T16:00:26","date_gmt":"2022-02-18T16:00:26","guid":{"rendered":"https:\/\/www.inthemoodfortea.se\/?post_type=product&#038;p=41125"},"modified":"2026-05-13T22:57:21","modified_gmt":"2026-05-13T22:57:21","slug":"traditional-tie-guanyin","status":"publish","type":"product","link":"https:\/\/www.inthemoodfortea.se\/fr\/traditional-tie-guanyin\/","title":{"rendered":"Cravate traditionnelle Guanyin"},"content":{"rendered":"<p>Notre Traditional Tie Guanyin est une version \u00e9tonnante de l'un des th\u00e9s oolong les plus aim\u00e9s et les plus c\u00e9l\u00e8bres de Chine. Cultiv\u00e9s dans la luxuriante r\u00e9gion d'Anxi, au fin fond de la province du Fujian, les th\u00e9iers peuvent pousser dans un environnement vierge et cristallin \u00e0 haute altitude. Ces altitudes conf\u00e8rent au th\u00e9 son caract\u00e8re unique gr\u00e2ce aux temp\u00e9ratures plus fra\u00eeches et aux brumes naturelles, ce qui permet aux feuilles de m\u00fbrir lentement et de d\u00e9velopper un profil d'ar\u00f4me profond. Les feuilles de th\u00e9 sont cueillies \u00e0 la main avec soin, en accordant une grande attention aux d\u00e9tails et au savoir-faire traditionnel.<\/p>\n<p>Au cours du processus de fabrication, le th\u00e9 traditionnel Tie Guanyin est soumis \u00e0 un processus de torr\u00e9faction lent et minutieux, au cours duquel les feuilles de th\u00e9 sont torr\u00e9fi\u00e9es en plusieurs \u00e9tapes afin de faire ressortir toute la profondeur de leur ar\u00f4me. Cette m\u00e9thode longue donne au th\u00e9 sa saveur caract\u00e9ristique et cors\u00e9e et fait ressortir sa texture ronde et beurr\u00e9e ainsi que ses nuances vertes fra\u00eeches. Dans la tasse, le Traditional Tie Guanyin offre un go\u00fbt l\u00e9g\u00e8rement beurr\u00e9, un vert frais et une l\u00e9g\u00e8re note de lilas, un profil de saveur \u00e0 la fois complexe et \u00e9quilibr\u00e9. L'arri\u00e8re-go\u00fbt est long, doux et clair, ce qui en fait une exp\u00e9rience persistante.<\/p>\n<p>La plantation de th\u00e9 \u00e0 l'origine de notre Tie Guanyin a une forte philosophie de l'agriculture durable et s'engage \u00e0 prot\u00e9ger \u00e0 la fois l'environnement et la saveur de son th\u00e9. Le th\u00e9 est cultiv\u00e9 sans pesticides ni engrais, \u00e0 l'aide de m\u00e9thodes naturelles qui renforcent la sant\u00e9 du sol et la r\u00e9sistance naturelle des th\u00e9iers. .<\/p>\n<p>Autres noms : D\u00e9esse de fer de la mis\u00e9ricorde, Ti Kuan Yin, Tie Guan Yin. Origine : Anxi, Chine. Cultivar : Tie Guanyin.<\/p>\n<p>    <style>\n        @keyframes teaSpinIn {\n            0% { opacity: 0; transform: translateY(30px) rotateX(-20deg) rotateY(10deg); }\n            100% { opacity: 1; transform: translateY(0) rotateX(0) rotateY(0); }\n        }\n        .tea-info-wrapper { \n            display: flex; flex-wrap: wrap; align-items: flex-start; margin: 50px auto 30px auto; \n            max-width: 450px; font-family: ct_font_contax-regular, sans-serif;\n            perspective: 1200px;\n        }\n        .tea-params-column { \n            flex: 1; min-width: 280px; padding: 0 25px 0 0; box-sizing: border-box; \n            animation: teaSpinIn 0.8s cubic-bezier(0.2, 0.8, 0.2, 1) forwards;\n        }\n        .tea-chart-column { \n            flex: 0 0 350px; max-width: 350px; padding: 0; box-sizing: border-box; \n            margin-top: -40px; margin-left: 20px; \n            animation: teaSpinIn 1s cubic-bezier(0.2, 0.8, 0.2, 1) 0.2s forwards; opacity: 0;\n        }\n        .tea-top-divider { width: 100%; height: 1px; background-color: #eeeeee; margin-bottom: 25px; }\n        .tea-divider { width: 1px; align-self: stretch; background-color: #eeeeee; margin: 0 0 20px 0; flex-shrink: 0; }\n        .brewing-row { display: flex; justify-content: space-between; align-items: center; padding: 12px 0; border-bottom: 1px solid #eeeeee; }\n        .brewing-label { color: #333333; font-weight: 500; display: flex; align-items: center; font-size: 0.92em; }\n        .brewing-value { font-weight: normal; color: #000000; font-size: 0.92em; text-align: right; margin-left: 15px; text-transform: none !important; }\n        .infusion-text-box { margin-top: 20px; background-color: #f9f9f9; padding: 22px 0; border-radius: 4px; width: 100%; }\n        .dropcap-wrapper { padding: 0; line-height: 1.6; }\n        .dropcap { float: left; font-size: 3.2em; line-height: 0.8; margin-right: 12px; color: #333; font-family: 'Cinzel Decorative', Georgia, serif; }\n        @media (max-width: 768px) { \n            .tea-info-wrapper { flex-direction: column; align-items: center; max-width: 100%; margin-top: 30px; } \n            .tea-params-column { width: 100%; padding: 0; order: 1; animation-delay: 0s; } \n            .tea-divider { display: none; } \n            .tea-chart-column { width: 100%; max-width: 320px; padding: 30px 0 0 0; order: 3; margin: 0 auto; animation-delay: 0.1s; } \n        }\n    <\/style>\n\n    <div class=\"tea-info-wrapper\">\n        <div class=\"tea-top-divider\"><\/div>\n        <div class=\"tea-params-column\">\n            <div class=\"brewing-method\">\n                                <div class=\"brewing-row\">\n                    <span class=\"brewing-label\">\n                        <img decoding=\"async\" src=\"\/wp-content\/uploads\/2026\/02\/leaf-solid-full.svg\" width=\"19\" height=\"19\" style=\"margin-right: 10px;\" alt=\"\" title=\"\">\n                        Dosage \/ 250 ml                    <\/span>\n                    <span class=\"brewing-value\">2,5-3 g<\/span>\n                <\/div>\n                                                <div class=\"brewing-row\">\n                    <span class=\"brewing-label\">\n                        <img decoding=\"async\" src=\"\/wp-content\/uploads\/2026\/02\/temperature-low-solid-full.svg\" width=\"19\" height=\"19\" style=\"margin-right: 10px;\" alt=\"\" title=\"\">\n                        temp\u00e9rature                    <\/span>\n                    <span class=\"brewing-value\">90-95\u00b0C<\/span>\n                <\/div>\n                                                <div class=\"brewing-row\">\n                    <span class=\"brewing-label\">\n                        <img decoding=\"async\" src=\"\/wp-content\/uploads\/2026\/02\/bell-solid-full.svg\" width=\"19\" height=\"19\" style=\"margin-right: 10px;\" alt=\"\" title=\"\">\n                        Perfusion                    <\/span>\n                    <span class=\"brewing-value\">2-3 minutes<\/span>\n                <\/div>\n                                            <\/div>\n\n                        <div class=\"infusion-text-box\">\n                <div class=\"dropcap-wrapper\">\n                    <span class=\"dropcap\">T<\/span>\n                    <span style=\"color: #444444; font-size: 0.92em; display: block;\">\n                        raditional Tie Guanyin se pr\u00eate bien \u00e0 des infusions multiples. La deuxi\u00e8me infusion doit \u00eatre courte, car les feuilles ont d\u00e9j\u00e0 commenc\u00e9 \u00e0 s'ouvrir et \u00e0 lib\u00e9rer leurs ar\u00f4mes.                    <\/span>\n                <\/div>\n            <\/div>\n                    <\/div>\n\n            <\/div>\n    <br \/>\n    \n    <div class=\"prick-container\" style=\"max-width: 500px; margin-left: auto; margin-right: auto; width: 100%; margin-bottom: 15px; padding: 0 10px; box-sizing: border-box;\">\n        <div style=\"display: flex; justify-content: space-between; align-items: center; width: 100%;\">\n            <span style=\"font-size: 20px; color: #cccccc;\">\u2022<\/span>\n            <span style=\"font-size: 20px; color: #cccccc;\">\u2022<\/span>\n            <span style=\"font-size: 20px; color: #cccccc;\">\u2022<\/span>\n            <span style=\"font-size: 20px; color: #cccccc;\">\u2022<\/span>\n            <span style=\"font-size: 20px; color: #cccccc;\">\u2022<\/span>\n            <span style=\"font-size: 20px; color: #cccccc;\">\u2022<\/span>\n            <span style=\"font-size: 20px; color: #cccccc;\">\u2022<\/span>\n            <span style=\"font-size: 20px; color: #cccccc;\">\u2022<\/span>\n        <\/div>\n    <\/div>\n    \n    <div class=\"gongfu-container\">\n        <div class=\"gongfu-header\">\n            <h2 class=\"gongfu-title\">LA M\u00c9THODE GONGFU<\/h2>\n        <\/div>\n        \n        <div class=\"gongfu-method\">\n            <div class=\"gongfu-measurement\">\n                <span class=\"gongfu-label\">\n                    <img decoding=\"async\" src=\"https:\/\/www.inthemoodfortea.se\/wp-content\/uploads\/2026\/02\/leaf-solid-full.svg\" alt=\"Dosage\" width=\"20\" height=\"20\" style=\"margin-right: 8px; display: inline-block; vertical-align: middle;\" title=\"\">\n                    Quantit\u00e9 \/ 100 ml gaiwan\n                <\/span>\n                <span class=\"gongfu-value\">5-7 grammes<\/span>\n            <\/div>\n            \n            <div class=\"gongfu-temperature\">\n                <span class=\"gongfu-label\">\n                    <img decoding=\"async\" src=\"https:\/\/www.inthemoodfortea.se\/wp-content\/uploads\/2026\/02\/temperature-low-solid-full.svg\" alt=\"temp\u00e9rature\" width=\"20\" height=\"20\" style=\"margin-right: 8px; display: inline-block; vertical-align: middle;\" title=\"\">\n                    Temp\u00e9rature de l'eau\n                <\/span>\n                <span class=\"gongfu-value\">90-95 \u00b0C<\/span>\n            <\/div>\n            \n            <div class=\"gongfu-rinse\">\n                <span class=\"gongfu-label\">\n                    Premier rin\u00e7age\n                <\/span>\n                <span class=\"gongfu-value\">5-10 secondes (en cas de d\u00e9versement)<\/span>\n            <\/div>\n            \n            <div class=\"gongfu-times\">\n                <div class=\"gongfu-time-row\">\n                    <span class=\"gongfu-time-label\">Perfusion 1<\/span>\n                    <span class=\"gongfu-time-value\">10-15 sec<\/span>\n                <\/div>\n                \n                <div class=\"gongfu-time-row\">\n                    <span class=\"gongfu-time-label\">Perfusion 2<\/span>\n                    <span class=\"gongfu-time-value\">5-10 sec<\/span>\n                <\/div>\n                \n                <div class=\"gongfu-time-row\">\n                    <span class=\"gongfu-time-label\">Perfusion 3<\/span>\n                    <span class=\"gongfu-time-value\">10-15 sec<\/span>\n                <\/div>\n                \n                <div class=\"gongfu-time-row\">\n                    <span class=\"gongfu-time-label\">Perfusion 4<\/span>\n                    <span class=\"gongfu-time-value\">15-20 sec<\/span>\n                <\/div>\n                \n                <div class=\"gongfu-time-row\">\n                    <span class=\"gongfu-time-label\">Infusion 5<\/span>\n                    <span class=\"gongfu-time-value\">20-30 sec<\/span>\n                <\/div>\n                \n                <div class=\"gongfu-time-row\">\n                    <span class=\"gongfu-time-label\">Infusion 6+<\/span>\n                    <span class=\"gongfu-time-value\">+10 sec par infusion suppl\u00e9mentaire<\/span>\n                <\/div>\n            <\/div>\n            \n            <div class=\"gongfu-notes\">\n                <p class=\"gongfu-notes-text\">\n                    La m\u00e9thode Gongfu permet de nombreuses infusions courtes.\n                    Il faut augmenter progressivement la dur\u00e9e de l'infusion. Les th\u00e9s Oolong et les pu erh sont particuli\u00e8rement adapt\u00e9s.\n                <\/p>\n            <\/div>\n\n        <\/div>\n    <\/div>\n    \n    <style>\n        .gongfu-container {\n            max-width: 500px;\n            border: 1px solid #cccccc;\n            border-radius: 8px;\n            padding: 20px;\n            font-family: ct_font_contax-regular, sans-serif;\n            background-color: transparent;\n            margin-left: auto;\n            margin-right: auto;\n        }\n        \n        .gongfu-header {\n            margin-bottom: 20px;\n            padding-bottom: 10px;\n            border-bottom: 1px solid #dddddd;\n        }\n        \n        .gongfu-title {\n            margin: 0;\n            font-size: 24px;\n            color: #333333;\n            text-align: center;\n            letter-spacing: 1px;\n        }\n        \n        .gongfu-measurement,\n        .gongfu-temperature,\n        .gongfu-rinse {\n            display: flex;\n            justify-content: space-between;\n            align-items: center;\n            padding: 8px 0;\n            border-bottom: 1px solid #dddddd;\n        }\n        \n        .gongfu-label {\n            color: #333333;\n            font-weight: 500;\n            display: flex;\n            align-items: center;\n        }\n        \n        .gongfu-value {\n            font-weight: normal;\n            color: #000000;\n        }\n        \n        .gongfu-times {\n            margin: 15px 0;\n            padding: 10px 0;\n            border-bottom: 1px solid #dddddd;\n        }\n        \n        .gongfu-time-row {\n            display: flex;\n            justify-content: space-between;\n            align-items: center;\n            padding: 6px 0;\n        }\n        \n        .gongfu-time-label {\n            color: #333333;\n            font-weight: 500;\n        }\n        \n        .gongfu-time-value {\n            font-weight: normal;\n            color: #000000;\n        }\n        \n        .gongfu-notes {\n            margin-top: 15px;\n            padding: 10px;\n            background-color: #f9f9f9;\n            border-radius: 4px;\n        }\n        \n        .gongfu-notes-text {\n            margin: 0;\n            color: #333333;\n            font-size: 14px;\n            line-height: 1.5;\n        }\n        \n        .gongfu-notes-text strong {\n            color: #000000;\n        }\n        \n        .gongfu-notes-text:first-letter {\n            font-family: 'Cinzel Decorative', Georgia, serif;\n            font-size: 2em;\n            font-weight: 700;\n            color: #333333;\n            float: left;\n            line-height: 1;\n            margin-right: 5px;\n        }\n        \n        \/* Media query f\u00f6r mobil - 4px marginal och centrerad *\/\n        @media (max-width: 768px) {\n            .prick-container {\n                display: none !important;\n            }\n            \n            .gongfu-container {\n                max-width: calc(100% - 8px);\n                margin-left: auto !important;\n                margin-right: auto !important;\n                padding: 15px;\n                width: calc(100% - 8px);\n                left: 0;\n                right: 0;\n                position: relative;\n            }\n            \n            .gongfu-title {\n                font-size: 22px;\n            }\n            \n            .gongfu-measurement,\n            .gongfu-temperature,\n            .gongfu-rinse,\n            .gongfu-time-row {\n                padding: 6px 0;\n            }\n            \n            .gongfu-notes {\n                padding: 8px;\n            }\n            \n            .gongfu-notes-text {\n                font-size: 13px;\n            }\n        }\n    <\/style>\n    \n    <\/p>","protected":false},"excerpt":{"rendered":"<p>V\u00e5rt Traditional Tie Guanyin \u00e4r en fantastisk version av ett av Kinas mest \u00e4lskade och ber\u00f6mda oolong-teer. Odlat i den frodiga regionen Anxi, djupt inne i Fujianprovinsen, f\u00e5r tebuskarna v\u00e4xa i en or\u00f6rd och kristallklar milj\u00f6 p\u00e5 h\u00f6g h\u00f6jd. Dessa h\u00f6jder ger teet dess unika karakt\u00e4r genom svalare temperaturer och naturlig dimma, vilket l\u00e5ter bladen [&hellip;]<\/p>\n","protected":false},"featured_media":63127,"template":"","meta":[],"product_brand":[],"product_cat":[133,153,132],"product_tag":[],"class_list":{"0":"post-41125","1":"product","2":"type-product","3":"status-publish","4":"has-post-thumbnail","6":"product_cat-kombucha","7":"product_cat-kinesiskt-te","8":"product_cat-oolong","9":"_wholesalex wsx-wholesalex-product","11":"first","12":"instock","13":"taxable","14":"shipping-taxable","15":"purchasable","16":"product-type-variable"},"_links":{"self":[{"href":"https:\/\/www.inthemoodfortea.se\/fr\/wp-json\/wp\/v2\/product\/41125","targetHints":{"allow":["GET"]}}],"collection":[{"href":"https:\/\/www.inthemoodfortea.se\/fr\/wp-json\/wp\/v2\/product"}],"about":[{"href":"https:\/\/www.inthemoodfortea.se\/fr\/wp-json\/wp\/v2\/types\/product"}],"wp:featuredmedia":[{"embeddable":true,"href":"https:\/\/www.inthemoodfortea.se\/fr\/wp-json\/wp\/v2\/media\/63127"}],"wp:attachment":[{"href":"https:\/\/www.inthemoodfortea.se\/fr\/wp-json\/wp\/v2\/media?parent=41125"}],"wp:term":[{"taxonomy":"product_brand","embeddable":true,"href":"https:\/\/www.inthemoodfortea.se\/fr\/wp-json\/wp\/v2\/product_brand?post=41125"},{"taxonomy":"product_cat","embeddable":true,"href":"https:\/\/www.inthemoodfortea.se\/fr\/wp-json\/wp\/v2\/product_cat?post=41125"},{"taxonomy":"product_tag","embeddable":true,"href":"https:\/\/www.inthemoodfortea.se\/fr\/wp-json\/wp\/v2\/product_tag?post=41125"}],"curies":[{"name":"wp","href":"https:\/\/api.w.org\/{rel}","templated":true}]}}