{"id":42942,"date":"2022-09-27T13:37:51","date_gmt":"2022-09-27T13:37:51","guid":{"rendered":"https:\/\/www.inthemoodfortea.se\/?post_type=product&#038;p=42942"},"modified":"2026-05-03T07:29:11","modified_gmt":"2026-05-03T07:29:11","slug":"assam-chardwar-fbop-tippy","status":"publish","type":"product","link":"https:\/\/www.inthemoodfortea.se\/fr\/assam-chardwar-fbop-tippy\/","title":{"rendered":"Assam Chardwar FBOP Tippy"},"content":{"rendered":"<p>Les ar\u00f4mes du th\u00e9 sont caract\u00e9ris\u00e9s par de subtiles notes de chocolat noir, qui s'associent au malt caract\u00e9ristique des th\u00e9s Assam, ce qui en fait une tasse id\u00e9ale pour le matin. La m\u00e9thode de production orthodoxe utilis\u00e9e \u00e0 Chardwar - par opposition \u00e0 la m\u00e9thode CTC plus courante - conf\u00e8re au th\u00e9 un caract\u00e8re plus complexe et plus rond, permettant aux saveurs de se d\u00e9velopper en une exp\u00e9rience douce et \u00e9quilibr\u00e9e.<br \/>\nLe th\u00e9 Assam de Chardwar est un choix parfait pour ceux qui recherchent un th\u00e9 robuste et savoureux pour le petit-d\u00e9jeuner.<br \/>\nIngr\u00e9dients : Th\u00e9 noir provenant de fermes biologiques contr\u00f4l\u00e9es.<br \/>\n    <style>\n        .tea-info-wrapper { display: flex; flex-wrap: wrap; align-items: flex-start; margin: 40px 0; max-width: 500px; font-family: ct_font_contax-regular, sans-serif; }\n        .tea-params-column { flex: 1; min-width: 300px; padding: 0 30px 30px 0; box-sizing: border-box; }\n        .tea-divider { width: 1px; align-self: stretch; background-color: #eeeeee; margin: 20px 0; flex-shrink: 0; }\n        .tea-chart-column { flex: 0 0 380px; max-width: 380px; padding: 20px; box-sizing: border-box; }\n        .brewing-measurement, .brewing-temperature, .brewing-time { display: flex; justify-content: space-between; align-items: center; padding: 12px 0; border-bottom: 1px solid #eeeeee; }\n        .brewing-label { color: #333333; font-weight: 500; display: flex; align-items: center; }\n        .brewing-value { font-weight: normal; color: #000000; }\n        .infusion-text-box { margin-top: 25px; background-color: #f9f9f9; padding: 20px 0; border-radius: 4px; }\n        .dropcap-wrapper { padding: 0 2px; line-height: 1.6; }\n        .dropcap { float: left; font-size: 3.0em; line-height: 0.8; margin-right: 10px; color: #333; font-family: 'Cinzel Decorative', Georgia, serif; }\n        .tp-hidden-dictionary { display: none !important; visibility: hidden; }\n        @media (max-width: 768px) { .tea-info-wrapper { flex-direction: column; max-width: 100% !important; } .tea-params-column { width: 100%; padding: 20px; order: 1; } .tea-divider { width: 80%; height: 1px; margin: 10px auto; background-color: #eeeeee; order: 2; } .tea-chart-column { width: 100%; max-width: 360px; padding: 10px; order: 3; } }\n    <\/style>\n    \n    <div class=\"tea-info-wrapper\">\n        <div class=\"tp-hidden-dictionary\">\n                            <span>90-95\u00b0C<\/span>\n                            <span>3-5 minutes<\/span>\n                            <span>2,5-3 g<\/span>\n                            <span>250ml<\/span>\n                    <\/div>\n\n        <div class=\"tea-params-column\">\n            <div class=\"brewing-method\">\n                                <div class=\"brewing-measurement\">\n                    <span class=\"brewing-label\">\n                        <img decoding=\"async\" src=\"https:\/\/www.inthemoodfortea.se\/wp-content\/uploads\/2026\/02\/leaf-solid-full.svg\" width=\"20\" height=\"20\" style=\"margin-right: 10px;\" alt=\"\" title=\"\">\n                        Quantit\u00e9 \/ 250 ml                    <\/span>\n                    <span class=\"brewing-value\">2,5-3 g<\/span>\n                <\/div>\n                                \n                                <div class=\"brewing-temperature\">\n                    <span class=\"brewing-label\">\n                        <img decoding=\"async\" src=\"https:\/\/www.inthemoodfortea.se\/wp-content\/uploads\/2026\/02\/temperature-low-solid-full.svg\" width=\"20\" height=\"20\" style=\"margin-right: 10px;\" alt=\"\" title=\"\">\n                        temp\u00e9rature                    <\/span>\n                    <span class=\"brewing-value\">90-95\u00b0C<\/span>\n                <\/div>\n                                \n                                <div class=\"brewing-time\">\n                    <span class=\"brewing-label\">\n                        <img decoding=\"async\" src=\"https:\/\/www.inthemoodfortea.se\/wp-content\/uploads\/2026\/02\/bell-solid-full.svg\" width=\"20\" height=\"20\" style=\"margin-right: 10px;\" alt=\"\" title=\"\">\n                        Temps de brassage                    <\/span>\n                    <span class=\"brewing-value\">3-5 minutes<\/span>\n                <\/div>\n                            <\/div>\n            \n                    <\/div>\n\n            <\/div>\n    <\/p>","protected":false},"excerpt":{"rendered":"<p>Tearomerna pr\u00e4glas av subtila toner av m\u00f6rk choklad, som samspelar med den karakteristiska maltigheten hos Assam-teer, vilket g\u00f6r detta till en idealisk kopp f\u00f6r morgonstunden. Den ortodoxa tillverkningsmetod som anv\u00e4nds p\u00e5 Chardwar \u2013 i kontrast till den mer vanligt f\u00f6rekommande CTC-metoden \u2013 g\u00f6r att teet f\u00e5r en mer komplex och avrundad karakt\u00e4r, d\u00e4r smakerna ges [&hellip;]<\/p>\n","protected":false},"featured_media":46502,"template":"","meta":[],"product_brand":[],"product_cat":[146,141,151,131],"product_tag":[],"class_list":{"0":"post-42942","1":"product","2":"type-product","3":"status-publish","4":"has-post-thumbnail","6":"product_cat-assam-te","7":"product_cat-ekologiskt-te","8":"product_cat-indiskt-te","9":"product_cat-svart-te","10":"_wholesalex wsx-wholesalex-product","12":"first","13":"instock","14":"taxable","15":"shipping-taxable","16":"purchasable","17":"product-type-variable"},"_links":{"self":[{"href":"https:\/\/www.inthemoodfortea.se\/fr\/wp-json\/wp\/v2\/product\/42942","targetHints":{"allow":["GET"]}}],"collection":[{"href":"https:\/\/www.inthemoodfortea.se\/fr\/wp-json\/wp\/v2\/product"}],"about":[{"href":"https:\/\/www.inthemoodfortea.se\/fr\/wp-json\/wp\/v2\/types\/product"}],"wp:featuredmedia":[{"embeddable":true,"href":"https:\/\/www.inthemoodfortea.se\/fr\/wp-json\/wp\/v2\/media\/46502"}],"wp:attachment":[{"href":"https:\/\/www.inthemoodfortea.se\/fr\/wp-json\/wp\/v2\/media?parent=42942"}],"wp:term":[{"taxonomy":"product_brand","embeddable":true,"href":"https:\/\/www.inthemoodfortea.se\/fr\/wp-json\/wp\/v2\/product_brand?post=42942"},{"taxonomy":"product_cat","embeddable":true,"href":"https:\/\/www.inthemoodfortea.se\/fr\/wp-json\/wp\/v2\/product_cat?post=42942"},{"taxonomy":"product_tag","embeddable":true,"href":"https:\/\/www.inthemoodfortea.se\/fr\/wp-json\/wp\/v2\/product_tag?post=42942"}],"curies":[{"name":"wp","href":"https:\/\/api.w.org\/{rel}","templated":true}]}}