{"id":45532,"date":"2023-08-25T13:58:58","date_gmt":"2023-08-25T13:58:58","guid":{"rendered":"https:\/\/www.inthemoodfortea.se\/?post_type=product&#038;p=45532"},"modified":"2026-03-14T16:16:44","modified_gmt":"2026-03-14T16:16:44","slug":"darjeeling-samabeong-golden-musk","status":"publish","type":"product","link":"https:\/\/www.inthemoodfortea.se\/fr\/darjeeling-samabeong-golden-musk\/","title":{"rendered":"Darjeeling Samabeong Golden Musk"},"content":{"rendered":"<p>Ce Darjeeling Second Flush biologique provient de Samabeong, l'un des domaines de th\u00e9 les plus \u00e9lev\u00e9s de Darjeeling, dont les plantations s'\u00e9tendent \u00e0 plus de 2000 m\u00e8tres au-dessus du niveau de la mer. Situ\u00e9e dans le district isol\u00e9 de Kalimpong, dans la partie nord-est du Darjeeling, la ferme b\u00e9n\u00e9ficie grandement du microclimat doux et humide de la r\u00e9gion. Ce climat est id\u00e9al pour d\u00e9velopper les saveurs complexes et nuanc\u00e9es pour lesquelles le Darjeeling est si c\u00e9l\u00e8bre dans le monde entier. Samabeong Estate a une histoire riche et a \u00e9t\u00e9 \u00e9tabli d\u00e8s 1882 dans la r\u00e9gion de Kalimpong. Le domaine s'est engag\u00e9 depuis de nombreuses ann\u00e9es dans la voie de l'agriculture biologique, ce qui garantit que les th\u00e9s produits sont durables et de la plus haute qualit\u00e9. Ce Darjeeling Second Flush particulier pr\u00e9sente les notes classiques et recherch\u00e9es du raisin de muscade, qui conf\u00e8rent au th\u00e9 un caract\u00e8re doux et aromatique. La saveur se termine par un arri\u00e8re-go\u00fbt long et net, \u00e9quilibr\u00e9 par un corps plein et bien d\u00e9velopp\u00e9, ce qui en fait une boisson id\u00e9ale pour ceux qui recherchent une exp\u00e9rience gustative \u00e9l\u00e9gante et raffin\u00e9e. Le th\u00e9 de Samabeong repr\u00e9sente le meilleur de l'h\u00e9ritage et de l'artisanat de Darjeeling, et chaque tasse refl\u00e8te le terroir unique de la r\u00e9gion.<\/p>\n    <style>\n        .tea-info-wrapper { display: flex; flex-wrap: wrap; align-items: flex-start; margin: 40px 0; max-width: 500px; font-family: ct_font_contax-regular, sans-serif; }\n        .tea-params-column { flex: 1; min-width: 300px; padding: 0 30px 30px 0; box-sizing: border-box; }\n        .tea-divider { width: 1px; align-self: stretch; background-color: #eeeeee; margin: 20px 0; flex-shrink: 0; }\n        .tea-chart-column { flex: 0 0 380px; max-width: 380px; padding: 20px; box-sizing: border-box; }\n        .brewing-measurement, .brewing-temperature, .brewing-time { display: flex; justify-content: space-between; align-items: center; padding: 12px 0; border-bottom: 1px solid #eeeeee; }\n        .brewing-label { color: #333333; font-weight: 500; display: flex; align-items: center; }\n        .brewing-value { font-weight: normal; color: #000000; }\n        .infusion-text-box { margin-top: 25px; background-color: #f9f9f9; padding: 20px 0; border-radius: 4px; }\n        .dropcap-wrapper { padding: 0 2px; line-height: 1.6; }\n        .dropcap { float: left; font-size: 3.0em; line-height: 0.8; margin-right: 10px; color: #333; font-family: 'Cinzel Decorative', Georgia, serif; }\n        .tp-hidden-dictionary { display: none !important; visibility: hidden; }\n        @media (max-width: 768px) { .tea-info-wrapper { flex-direction: column; max-width: 100% !important; } .tea-params-column { width: 100%; padding: 20px; order: 1; } .tea-divider { width: 80%; height: 1px; margin: 10px auto; background-color: #eeeeee; order: 2; } .tea-chart-column { width: 100%; max-width: 360px; padding: 10px; order: 3; } }\n    <\/style>\n    \n    <div class=\"tea-info-wrapper\">\n        <div class=\"tp-hidden-dictionary\">\n                            <span>90-95\u00b0C<\/span>\n                            <span>3-4 minutes<\/span>\n                            <span>2,5-3 g<\/span>\n                            <span>250ml<\/span>\n                    <\/div>\n\n        <div class=\"tea-params-column\">\n            <div class=\"brewing-method\">\n                                <div class=\"brewing-measurement\">\n                    <span class=\"brewing-label\">\n                        <img decoding=\"async\" src=\"https:\/\/www.inthemoodfortea.se\/wp-content\/uploads\/2026\/02\/leaf-solid-full.svg\" width=\"20\" height=\"20\" style=\"margin-right: 10px;\" alt=\"\" title=\"\">\n                        Quantit\u00e9 \/ 250 ml                    <\/span>\n                    <span class=\"brewing-value\">2,5-3 g<\/span>\n                <\/div>\n                                \n                                <div class=\"brewing-temperature\">\n                    <span class=\"brewing-label\">\n                        <img decoding=\"async\" src=\"https:\/\/www.inthemoodfortea.se\/wp-content\/uploads\/2026\/02\/temperature-low-solid-full.svg\" width=\"20\" height=\"20\" style=\"margin-right: 10px;\" alt=\"\" title=\"\">\n                        temp\u00e9rature                    <\/span>\n                    <span class=\"brewing-value\">90-95\u00b0C<\/span>\n                <\/div>\n                                \n                                <div class=\"brewing-time\">\n                    <span class=\"brewing-label\">\n                        <img decoding=\"async\" src=\"https:\/\/www.inthemoodfortea.se\/wp-content\/uploads\/2026\/02\/bell-solid-full.svg\" width=\"20\" height=\"20\" style=\"margin-right: 10px;\" alt=\"\" title=\"\">\n                        Temps de brassage                    <\/span>\n                    <span class=\"brewing-value\">3-4 minutes<\/span>\n                <\/div>\n                            <\/div>\n            \n                        <div class=\"infusion-text-box\">\n                <div class=\"dropcap-wrapper\">\n                    <span class=\"dropcap\">D<\/span>\n                    <span style=\"color: #444444; font-size: 0.95em; display: block;\">\n                        arjeeling Samabeong Golden Musk se pr\u00eate bien \u00e0 des infusions multiples. Il est pr\u00e9f\u00e9rable que la deuxi\u00e8me infusion soit courte, car les feuilles ont d\u00e9j\u00e0 commenc\u00e9 \u00e0 s'ouvrir et \u00e0 lib\u00e9rer leurs ar\u00f4mes.                    <\/span>\n                <\/div>\n            <\/div>\n                    <\/div>\n\n            <\/div>","protected":false},"excerpt":{"rendered":"<p>Detta ekologiska Darjeeling Second Flush kommer fr\u00e5n Samabeong, en av de h\u00f6gst bel\u00e4gna teg\u00e5rdarna i Darjeeling, med sina odlingar som str\u00e4cker sig \u00f6ver 2000 meters h\u00f6jd \u00f6ver havet. G\u00e5rden \u00e4r bel\u00e4gen i det avl\u00e4gsna distriktet Kalimpong, i den nord\u00f6stra delen av Darjeeling, och drar stor nytta av det milda och fuktiga mikroklimatet som r\u00e5der i [&hellip;]<\/p>\n","protected":false},"featured_media":5177,"template":"","meta":[],"product_brand":[],"product_cat":[149,141,151,131],"product_tag":[],"class_list":{"0":"post-45532","1":"product","2":"type-product","3":"status-publish","4":"has-post-thumbnail","6":"product_cat-darjeeling","7":"product_cat-ekologiskt-te","8":"product_cat-indiskt-te","9":"product_cat-svart-te","10":"_wholesalex wsx-wholesalex-product","12":"first","13":"outofstock","14":"taxable","15":"shipping-taxable","16":"purchasable","17":"product-type-variable"},"_links":{"self":[{"href":"https:\/\/www.inthemoodfortea.se\/fr\/wp-json\/wp\/v2\/product\/45532","targetHints":{"allow":["GET"]}}],"collection":[{"href":"https:\/\/www.inthemoodfortea.se\/fr\/wp-json\/wp\/v2\/product"}],"about":[{"href":"https:\/\/www.inthemoodfortea.se\/fr\/wp-json\/wp\/v2\/types\/product"}],"wp:featuredmedia":[{"embeddable":true,"href":"https:\/\/www.inthemoodfortea.se\/fr\/wp-json\/wp\/v2\/media\/5177"}],"wp:attachment":[{"href":"https:\/\/www.inthemoodfortea.se\/fr\/wp-json\/wp\/v2\/media?parent=45532"}],"wp:term":[{"taxonomy":"product_brand","embeddable":true,"href":"https:\/\/www.inthemoodfortea.se\/fr\/wp-json\/wp\/v2\/product_brand?post=45532"},{"taxonomy":"product_cat","embeddable":true,"href":"https:\/\/www.inthemoodfortea.se\/fr\/wp-json\/wp\/v2\/product_cat?post=45532"},{"taxonomy":"product_tag","embeddable":true,"href":"https:\/\/www.inthemoodfortea.se\/fr\/wp-json\/wp\/v2\/product_tag?post=45532"}],"curies":[{"name":"wp","href":"https:\/\/api.w.org\/{rel}","templated":true}]}}