{"id":5128,"date":"2018-03-08T07:00:03","date_gmt":"2018-03-08T07:00:03","guid":{"rendered":"https:\/\/itmft.flywheelsites.com\/?post_type=product&#038;p=5128"},"modified":"2026-05-14T12:12:08","modified_gmt":"2026-05-14T12:12:08","slug":"assam-chardwar-golden-tippy","status":"publish","type":"product","link":"https:\/\/www.inthemoodfortea.se\/fr\/assam-chardwar-golden-tippy\/","title":{"rendered":"Assam Chardwar Golden Tippy"},"content":{"rendered":"<p>Chardwar Assam est un th\u00e9 noir classique et biologique provenant du c\u00e9l\u00e8bre domaine de Chardwar, dans la r\u00e9gion d'Assam, en Inde. Situ\u00e9e sur les rives du fleuve Brahmapoutre, la ferme offre un climat optimal pour la culture du th\u00e9, avec des conditions humides et des sols fertiles qui favorisent le d\u00e9veloppement de saveurs et d'ar\u00f4mes riches. Ce th\u00e9 Assam est cors\u00e9 et malt\u00e9, typique des th\u00e9s de haute qualit\u00e9 de la r\u00e9gion, mais il pr\u00e9sente \u00e9galement de subtiles notes florales qui ajoutent une dimension suppl\u00e9mentaire \u00e0 l'exp\u00e9rience gustative. Le th\u00e9 est infus\u00e9 de mani\u00e8re \u00e0 obtenir une belle infusion ambr\u00e9e et finement lustr\u00e9e, ce qui le rend visuellement attrayant dans la tasse. Il est excellent \u00e0 boire seul, mais gr\u00e2ce \u00e0 son profil de saveurs profondes et robustes, il se marie bien avec un peu de lait ou une pinc\u00e9e de sucre pour ceux qui pr\u00e9f\u00e8rent une tasse plus douce. Les m\u00e9thodes de culture biologique de Chardwar garantissent que le th\u00e9 n'a pas seulement un go\u00fbt d\u00e9licieux, mais qu'il est \u00e9galement produit de mani\u00e8re durable et sans pesticides.<br \/>\n    <style>\n        @keyframes teaSpinIn {\n            0% { opacity: 0; transform: translateY(30px) rotateX(-20deg) rotateY(10deg); }\n            100% { opacity: 1; transform: translateY(0) rotateX(0) rotateY(0); }\n        }\n        .tea-info-wrapper { \n            display: flex; flex-wrap: wrap; align-items: flex-start; margin: 50px auto 30px auto; \n            max-width: 450px; font-family: ct_font_contax-regular, sans-serif;\n            perspective: 1200px;\n        }\n        .tea-params-column { \n            flex: 1; min-width: 280px; padding: 0 25px 0 0; box-sizing: border-box; \n            animation: teaSpinIn 0.8s cubic-bezier(0.2, 0.8, 0.2, 1) forwards;\n        }\n        .tea-chart-column { \n            flex: 0 0 350px; max-width: 350px; padding: 0; box-sizing: border-box; \n            margin-top: -40px; margin-left: 20px; \n            animation: teaSpinIn 1s cubic-bezier(0.2, 0.8, 0.2, 1) 0.2s forwards; opacity: 0;\n        }\n        .tea-top-divider { width: 100%; height: 1px; background-color: #eeeeee; margin-bottom: 25px; }\n        .tea-divider { width: 1px; align-self: stretch; background-color: #eeeeee; margin: 0 0 20px 0; flex-shrink: 0; }\n        .brewing-row { display: flex; justify-content: space-between; align-items: center; padding: 12px 0; border-bottom: 1px solid #eeeeee; }\n        .brewing-label { color: #333333; font-weight: 500; display: flex; align-items: center; font-size: 0.92em; }\n        .brewing-value { font-weight: normal; color: #000000; font-size: 0.92em; text-align: right; margin-left: 15px; text-transform: none !important; }\n        .infusion-text-box { margin-top: 20px; background-color: #f9f9f9; padding: 22px 0; border-radius: 4px; width: 100%; }\n        .dropcap-wrapper { padding: 0; line-height: 1.6; }\n        .dropcap { float: left; font-size: 3.2em; line-height: 0.8; margin-right: 12px; color: #333; font-family: 'Cinzel Decorative', Georgia, serif; }\n        @media (max-width: 768px) { \n            .tea-info-wrapper { flex-direction: column; align-items: center; max-width: 100%; margin-top: 30px; } \n            .tea-params-column { width: 100%; padding: 0; order: 1; animation-delay: 0s; } \n            .tea-divider { display: none; } \n            .tea-chart-column { width: 100%; max-width: 320px; padding: 30px 0 0 0; order: 3; margin: 0 auto; animation-delay: 0.1s; } \n        }\n    <\/style>\n\n    <div class=\"tea-info-wrapper\">\n        <div class=\"tea-top-divider\"><\/div>\n        <div class=\"tea-params-column\">\n            <div class=\"brewing-method\">\n                                <div class=\"brewing-row\">\n                    <span class=\"brewing-label\">\n                        <img decoding=\"async\" src=\"\/wp-content\/uploads\/2026\/02\/leaf-solid-full.svg\" width=\"19\" height=\"19\" style=\"margin-right: 10px;\" alt=\"\" title=\"\">\n                        Dosage \/ 250 ml                    <\/span>\n                    <span class=\"brewing-value\">2,5-3 g<\/span>\n                <\/div>\n                                                <div class=\"brewing-row\">\n                    <span class=\"brewing-label\">\n                        <img decoding=\"async\" src=\"\/wp-content\/uploads\/2026\/02\/temperature-low-solid-full.svg\" width=\"19\" height=\"19\" style=\"margin-right: 10px;\" alt=\"\" title=\"\">\n                        temp\u00e9rature                    <\/span>\n                    <span class=\"brewing-value\">90-95\u00b0C<\/span>\n                <\/div>\n                                                <div class=\"brewing-row\">\n                    <span class=\"brewing-label\">\n                        <img decoding=\"async\" src=\"\/wp-content\/uploads\/2026\/02\/bell-solid-full.svg\" width=\"19\" height=\"19\" style=\"margin-right: 10px;\" alt=\"\" title=\"\">\n                        Perfusion                    <\/span>\n                    <span class=\"brewing-value\">3-5 minutes<\/span>\n                <\/div>\n                                            <\/div>\n\n                    <\/div>\n\n            <\/div>\n    <\/p>","protected":false},"excerpt":{"rendered":"<p>Chardwar Assam \u00e4r ett klassiskt, ekologiskt svart te fr\u00e5n den v\u00e4lrenommerade g\u00e5rden Chardwar i Assam-regionen i Indien. Bel\u00e4gen vid floden Brahmaputra, erbjuder g\u00e5rden ett optimalt klimat f\u00f6r teodling, med fuktiga f\u00f6rh\u00e5llanden och b\u00f6rdiga jordar som fr\u00e4mjar utvecklingen av rika smaker och aromer. Detta Assam-te \u00e4r fylligt och maltigt, vilket \u00e4r typiskt f\u00f6r h\u00f6gkvalitativa teer fr\u00e5n [&hellip;]<\/p>\n","protected":false},"featured_media":9249,"template":"","meta":[],"product_brand":[],"product_cat":[146,141,151,131],"product_tag":[],"class_list":{"0":"post-5128","1":"product","2":"type-product","3":"status-publish","4":"has-post-thumbnail","6":"product_cat-assam-te","7":"product_cat-ekologiskt-te","8":"product_cat-indiskt-te","9":"product_cat-svart-te","10":"_wholesalex wsx-wholesalex-product","12":"first","13":"instock","14":"featured","15":"taxable","16":"shipping-taxable","17":"purchasable","18":"product-type-variable"},"_links":{"self":[{"href":"https:\/\/www.inthemoodfortea.se\/fr\/wp-json\/wp\/v2\/product\/5128","targetHints":{"allow":["GET"]}}],"collection":[{"href":"https:\/\/www.inthemoodfortea.se\/fr\/wp-json\/wp\/v2\/product"}],"about":[{"href":"https:\/\/www.inthemoodfortea.se\/fr\/wp-json\/wp\/v2\/types\/product"}],"wp:featuredmedia":[{"embeddable":true,"href":"https:\/\/www.inthemoodfortea.se\/fr\/wp-json\/wp\/v2\/media\/9249"}],"wp:attachment":[{"href":"https:\/\/www.inthemoodfortea.se\/fr\/wp-json\/wp\/v2\/media?parent=5128"}],"wp:term":[{"taxonomy":"product_brand","embeddable":true,"href":"https:\/\/www.inthemoodfortea.se\/fr\/wp-json\/wp\/v2\/product_brand?post=5128"},{"taxonomy":"product_cat","embeddable":true,"href":"https:\/\/www.inthemoodfortea.se\/fr\/wp-json\/wp\/v2\/product_cat?post=5128"},{"taxonomy":"product_tag","embeddable":true,"href":"https:\/\/www.inthemoodfortea.se\/fr\/wp-json\/wp\/v2\/product_tag?post=5128"}],"curies":[{"name":"wp","href":"https:\/\/api.w.org\/{rel}","templated":true}]}}