{"id":5155,"date":"2018-03-11T09:05:18","date_gmt":"2018-03-11T09:05:18","guid":{"rendered":"https:\/\/itmft.flywheelsites.com\/?post_type=product&#038;p=5155"},"modified":"2026-04-26T16:39:48","modified_gmt":"2026-04-26T16:39:48","slug":"chai","status":"publish","type":"product","link":"https:\/\/www.inthemoodfortea.se\/fr\/chai\/","title":{"rendered":"Chai Supr\u00eame"},"content":{"rendered":"<p>Chai \u00e4r en dryck med r\u00f6tter i indisk kultur. Ordet &#8220;chai&#8221; betyder helt enkelt &#8220;te&#8221; p\u00e5 hindi, men f\u00f6r m\u00e5nga inneb\u00e4r det en specifik sorts te \u2013 en kryddig, aromatisk och fyllig brygd som kombinerar svarta teblad med en m\u00e4ngd kryddor. De vanligaste kryddorna i chai inkluderar kardemumma, kanel, ingef\u00e4ra, nejlika och svartpeppar. Varje region och familj har ofta sin egen variant, vilket g\u00f6r chai till en m\u00e5ngfacetterad dryck. Grunden f\u00f6r chai \u00e4r vanligtvis svart te, ofta fr\u00e5n Assam-regionen i Indien, som ger en robust smak som klarar av att balansera de starka kryddorna. Chai har blivit popul\u00e4rt \u00f6ver hela v\u00e4rlden och anpassats till olika smaker och stilar. V\u00e5rt ekologiska Chai best\u00e5r av en uts\u00f6kt blandning av ett ekologiska svarta teer fr\u00e5n Darjeeling och Assam, samt kardemumma, ekologisk ingef\u00e4ra, ekologisk ros\u00e9peppar. svartpepparolja, kanel, ingef\u00e4rsolja och kardemummaolja.<\/p>\n<p>Chai te inneh\u00e5ller koffein tack vare sitt svarta te. Koffeinhalten kan dock variera beroende p\u00e5 proportionerna av svart te och kryddor i blandningen. J\u00e4mf\u00f6rt med koffein i gr\u00f6nt te, har chai vanligtvis en h\u00f6gre m\u00e4ngd koffein vilket ger en mild energikick. Detta kan s\u00e4rskilt uppskattas i morgon- eller eftermiddagstid d\u00e5 det ger en mer l\u00e5ngvarig vakenhetseffekt \u00e4n kaffe. Ett av chai teets styrkor ligger i dess rika blandning av kryddor, som alla b\u00e4r p\u00e5 h\u00e4lsofr\u00e4mjande egenskaper. Kanel har antioxidativa egenskaper, medan kardemumma och ingef\u00e4ra fr\u00e4mjar matsm\u00e4ltningen. Chai \u00e4r \u00e4ven rikt p\u00e5 antioxidanter fr\u00e5n sitt svarta te, vilket liknar de h\u00e4lsof\u00f6rdelar man finner i gr\u00f6nt te, d\u00e4r antioxidanter hj\u00e4lper till att skydda kroppen mot oxidativ stress. Koffein fr\u00e5n svart och gr\u00f6nt te har\u00a0 visat sig vara mer balanserade tack vare teets L-theanin, vilket bidrar till mental klarhet utan \u00f6verstimulering. Dessutom \u00e4r ekologiskt chai te ett utm\u00e4rkt val f\u00f6r dem som v\u00e4rdes\u00e4tter h\u00e5llbarhet och renare produktionsmetoder, vilket resulterar i en mer naturlig smakprofil.<\/p>\n<p>Ingredienser: svart te*, kardemumma, ingef\u00e4ra*, ros\u00e9peppar* *Fr\u00e5n kontrollerade ekologiska odlingar.<\/p>\n    \n    <style>\n        @media (max-width: 768px) {\n            .infusion-guide ul {\n                text-align: left !important;\n                margin-left: 20px !important;\n                padding-left: 0 !important;\n            }\n            \n            .infusion-guide li {\n                text-align: left !important;\n            }\n        }\n        \n        .dropcap-wrapper {\n            overflow: hidden;\n        }\n        \n        .dropcap {\n            float: left;\n            font-size: 3.0em;\n            line-height: 0.8;\n            margin-right: 6px;\n            font-weight: 400;\n            color: #333333;\n            font-family: 'Cinzel Decorative', Georgia, serif;\n        }\n        \n        \/* Mobil - \u00f6kad marginal till kanterna *\/\n        @media (max-width: 768px) {\n            .brewing-container {\n                max-width: calc(100% - 30px) !important; \/* \u00d6kad marginal *\/\n                margin-left: 15px !important;\n                margin-right: 15px !important;\n                padding: 12px !important;\n                width: calc(100% - 30px) !important;\n                border: 1px solid #cccccc; \/* Beh\u00e5ller ramen *\/\n            }\n            \n            .brewing-header {\n                margin-bottom: 8px;\n                padding-bottom: 4px;\n            }\n            \n            .brewing-title {\n                font-size: 20px;\n            }\n            \n            .brewing-measurement,\n            .brewing-temperature,\n            .brewing-time {\n                padding: 3px 0;\n            }\n            \n            .brewing-label img {\n                width: 16px;\n                height: 16px;\n                margin-right: 5px !important;\n            }\n            \n            .dropcap {\n                font-size: 3em;\n                margin-right: 3px;\n            }\n            \n            [style*=\"background-color: #f9f9f9\"] {\n                padding: 8px 10px !important;\n                margin-top: 8px !important;\n            }\n            \n            [style*=\"border-top: 1px solid #dddddd\"] {\n                margin-top: 12px !important;\n                padding-top: 6px !important;\n            }\n        }\n        \n        \/* Desktop - lite mindre marginal *\/\n        @media (min-width: 769px) {\n            .brewing-container {\n                padding: 14px 16px;\n            }\n            \n            [style*=\"background-color: #f9f9f9\"] {\n                padding: 12px !important;\n            }\n        }\n    <\/style>\n    \n    <div style=\"width: 100%; margin-top: 60px;\">\n        <div class=\"brewing-container\" style=\"margin-left: auto; margin-right: auto;\">\n            <div class=\"brewing-header\">\n                <h2 class=\"brewing-title\">Infusion<\/h2>\n            <\/div>\n            \n            <div class=\"brewing-method\">\n                                <div class=\"brewing-measurement\">\n                    <span class=\"brewing-label\">\n                        <img decoding=\"async\" src=\"https:\/\/www.inthemoodfortea.se\/wp-content\/uploads\/2026\/02\/leaf-solid-full.svg\" alt=\"Dosering\" width=\"20\" height=\"20\" style=\"margin-right: 8px; display: inline-block; vertical-align: middle;\" title=\"\">\n                        M\u00e4ngd \/ 250 ml                    <\/span>\n                    <span class=\"brewing-value\">2,5-3 g<\/span>\n                <\/div>\n                                \n                                <div class=\"brewing-temperature\">\n                    <span class=\"brewing-label\">\n                        <img decoding=\"async\" src=\"https:\/\/www.inthemoodfortea.se\/wp-content\/uploads\/2026\/02\/temperature-low-solid-full.svg\" alt=\"Temperatur\" width=\"20\" height=\"20\" style=\"margin-right: 8px; display: inline-block; vertical-align: middle;\" title=\"\">\n                        Temperatur                    <\/span>\n                    <span class=\"brewing-value\">90-95\u00b0C<\/span>\n                <\/div>\n                                \n                                <div class=\"brewing-time\">\n                    <span class=\"brewing-label\">\n                        <img decoding=\"async\" src=\"https:\/\/www.inthemoodfortea.se\/wp-content\/uploads\/2026\/02\/bell-solid-full.svg\" alt=\"Infusion 1\" width=\"20\" height=\"20\" style=\"margin-right: 8px; display: inline-block; vertical-align: middle;\" title=\"\">\n                        Infusion                    <\/span>\n                    <span class=\"brewing-value\">3-5 minuter<\/span>\n                <\/div>\n                            <\/div>\n            \n                    <\/div>\n    <\/div>\n    \n    <style>\n        .brewing-container {\n            max-width: 500px;\n            border: 1px solid #cccccc;\n            border-radius: 8px;\n            padding: 16px 18px;\n            font-family: ct_font_contax-regular, sans-serif;\n            background-color: transparent;\n            margin-bottom: 20px;\n        }\n        \n        .brewing-header {\n            margin-bottom: 12px;\n            padding-bottom: 6px;\n            border-bottom: 1px solid #dddddd;\n        }\n        \n        .brewing-title {\n            margin: 0;\n            font-size: 24px;\n            color: #333333;\n            text-align: center;\n            letter-spacing: 0.4px;\n            font-weight: 400;\n            line-height: 1.3;\n            word-wrap: break-word;\n        }\n        \n        .brewing-measurement,\n        .brewing-temperature,\n        .brewing-time {\n            display: flex;\n            justify-content: space-between;\n            align-items: center;\n            padding: 5px 0;\n            border-bottom: 1px solid #dddddd;\n        }\n        \n        .brewing-time:last-child {\n            border-bottom: none;\n        }\n        \n        .brewing-label {\n            color: #333333;\n            font-weight: 500;\n            display: flex;\n            align-items: center;\n        }\n        \n        .brewing-value {\n            font-weight: normal;\n            color: #000000;\n        }\n    <\/style>\n    \n    \n","protected":false},"excerpt":{"rendered":"<p>Chai \u00e4r en dryck med r\u00f6tter i indisk kultur. Ordet &#8220;chai&#8221; betyder helt enkelt &#8220;te&#8221; p\u00e5 hindi, men f\u00f6r m\u00e5nga inneb\u00e4r det en specifik sorts te \u2013 en kryddig, aromatisk och fyllig brygd som kombinerar svarta teblad med en m\u00e4ngd kryddor. De vanligaste kryddorna i chai inkluderar kardemumma, kanel, ingef\u00e4ra, nejlika och svartpeppar. Varje region [&hellip;]<\/p>\n","protected":false},"featured_media":26252,"template":"","meta":[],"product_brand":[],"product_cat":[135,147,151,131],"product_tag":[],"class_list":{"0":"post-5155","1":"product","2":"type-product","3":"status-publish","4":"has-post-thumbnail","6":"product_cat-smaksatt-te","7":"product_cat-teblandningar","8":"product_cat-indiskt-te","9":"product_cat-svart-te","10":"_wholesalex wsx-wholesalex-product","12":"first","13":"instock","14":"taxable","15":"shipping-taxable","16":"purchasable","17":"product-type-variable"},"_links":{"self":[{"href":"https:\/\/www.inthemoodfortea.se\/fr\/wp-json\/wp\/v2\/product\/5155","targetHints":{"allow":["GET"]}}],"collection":[{"href":"https:\/\/www.inthemoodfortea.se\/fr\/wp-json\/wp\/v2\/product"}],"about":[{"href":"https:\/\/www.inthemoodfortea.se\/fr\/wp-json\/wp\/v2\/types\/product"}],"wp:featuredmedia":[{"embeddable":true,"href":"https:\/\/www.inthemoodfortea.se\/fr\/wp-json\/wp\/v2\/media\/26252"}],"wp:attachment":[{"href":"https:\/\/www.inthemoodfortea.se\/fr\/wp-json\/wp\/v2\/media?parent=5155"}],"wp:term":[{"taxonomy":"product_brand","embeddable":true,"href":"https:\/\/www.inthemoodfortea.se\/fr\/wp-json\/wp\/v2\/product_brand?post=5155"},{"taxonomy":"product_cat","embeddable":true,"href":"https:\/\/www.inthemoodfortea.se\/fr\/wp-json\/wp\/v2\/product_cat?post=5155"},{"taxonomy":"product_tag","embeddable":true,"href":"https:\/\/www.inthemoodfortea.se\/fr\/wp-json\/wp\/v2\/product_tag?post=5155"}],"curies":[{"name":"wp","href":"https:\/\/api.w.org\/{rel}","templated":true}]}}