{"id":5189,"date":"2018-03-12T09:52:02","date_gmt":"2018-03-12T09:52:02","guid":{"rendered":"https:\/\/itmft.flywheelsites.com\/?post_type=product&#038;p=5189"},"modified":"2026-05-12T06:11:55","modified_gmt":"2026-05-12T06:11:55","slug":"the-vert-sencha","status":"publish","type":"product","link":"https:\/\/www.inthemoodfortea.se\/fr\/earl-green-sencha\/","title":{"rendered":"Sencha Earl Green"},"content":{"rendered":"<p>Notre Earl Green Sencha trouve ses racines dans une tradition qui remonte \u00e0 la dynastie Tang en Chine, o\u00f9 les gens ont commenc\u00e9 \u00e0 aromatiser le th\u00e9 vert cuit \u00e0 la vapeur avec des \u00e9corces d&#039;agrumes. Cette tradition s&#039;est d\u00e9velopp\u00e9e et affin\u00e9e au fil des si\u00e8cles, et aujourd&#039;hui, la meilleure huile d&#039;agrumes est extraite du fruit de la bergamote, qui est cultiv\u00e9 dans plusieurs endroits du monde. Pour cr\u00e9er notre <em>Earl Green<\/em> nous avons choisi de parfumer un th\u00e9 vert biologique avec une r\u00e9colte s\u00e9lectionn\u00e9e d'huile de bergamote authentique, press\u00e9e \u00e0 froid, provenant de Calabre, en Italie - une r\u00e9gion connue pour produire la meilleure bergamote au monde.<br \/>\nLe th\u00e9 a une saveur ronde et claire avec une fra\u00eecheur verte qui est \u00e0 la fois l\u00e9g\u00e8re et rafra\u00eechissante. Avec la saveur distincte et fra\u00eeche d'agrumes de la bergamote, un \u00e9quilibre harmonieux est cr\u00e9\u00e9, offrant une version verte de l'Earl Grey classique, mais avec une tonalit\u00e9 verte plus douce et plus subtile. La fra\u00eecheur naturelle du th\u00e9 et l'huile aromatique d'agrumes se compl\u00e8tent \u00e9l\u00e9gamment.<br \/>\nIngr\u00e9dients : Th\u00e9 vert*, huile de bergamote *Provenant de fermes biologiques contr\u00f4l\u00e9es.<br \/>\n    <style>\n        @keyframes teaSpinIn {\n            0% { opacity: 0; transform: translateY(30px) rotateX(-20deg) rotateY(10deg); }\n            100% { opacity: 1; transform: translateY(0) rotateX(0) rotateY(0); }\n        }\n        .tea-info-wrapper { \n            display: flex; flex-wrap: wrap; align-items: flex-start; margin: 50px auto 30px auto; \n            max-width: 450px; font-family: ct_font_contax-regular, sans-serif;\n            perspective: 1200px;\n        }\n        .tea-params-column { \n            flex: 1; min-width: 280px; padding: 0 25px 0 0; box-sizing: border-box; \n            animation: teaSpinIn 0.8s cubic-bezier(0.2, 0.8, 0.2, 1) forwards;\n        }\n        .tea-chart-column { \n            flex: 0 0 350px; max-width: 350px; padding: 0; box-sizing: border-box; \n            margin-top: -40px; margin-left: 20px; \n            animation: teaSpinIn 1s cubic-bezier(0.2, 0.8, 0.2, 1) 0.2s forwards; opacity: 0;\n        }\n        .tea-top-divider { width: 100%; height: 1px; background-color: #eeeeee; margin-bottom: 25px; }\n        .tea-divider { width: 1px; align-self: stretch; background-color: #eeeeee; margin: 0 0 20px 0; flex-shrink: 0; }\n        .brewing-row { display: flex; justify-content: space-between; align-items: center; padding: 12px 0; border-bottom: 1px solid #eeeeee; }\n        .brewing-label { color: #333333; font-weight: 500; display: flex; align-items: center; font-size: 0.92em; }\n        .brewing-value { font-weight: normal; color: #000000; font-size: 0.92em; text-align: right; margin-left: 15px; text-transform: none !important; }\n        .infusion-text-box { margin-top: 20px; background-color: #f9f9f9; padding: 22px 0; border-radius: 4px; width: 100%; }\n        .dropcap-wrapper { padding: 0; line-height: 1.6; }\n        .dropcap { float: left; font-size: 3.2em; line-height: 0.8; margin-right: 12px; color: #333; font-family: 'Cinzel Decorative', Georgia, serif; }\n        @media (max-width: 768px) { \n            .tea-info-wrapper { flex-direction: column; align-items: center; max-width: 100%; margin-top: 30px; } \n            .tea-params-column { width: 100%; padding: 0; order: 1; animation-delay: 0s; } \n            .tea-divider { display: none; } \n            .tea-chart-column { width: 100%; max-width: 320px; padding: 30px 0 0 0; order: 3; margin: 0 auto; animation-delay: 0.1s; } \n        }\n    <\/style>\n\n    <div class=\"tea-info-wrapper\">\n        <div class=\"tea-top-divider\"><\/div>\n        <div class=\"tea-params-column\">\n            <div class=\"brewing-method\">\n                                <div class=\"brewing-row\">\n                    <span class=\"brewing-label\">\n                        <img decoding=\"async\" src=\"\/wp-content\/uploads\/2026\/02\/leaf-solid-full.svg\" width=\"19\" height=\"19\" style=\"margin-right: 10px;\" alt=\"\" title=\"\">\n                        Dosage \/ 250 ml                    <\/span>\n                    <span class=\"brewing-value\">2,5-3 g<\/span>\n                <\/div>\n                                                <div class=\"brewing-row\">\n                    <span class=\"brewing-label\">\n                        <img decoding=\"async\" src=\"\/wp-content\/uploads\/2026\/02\/temperature-low-solid-full.svg\" width=\"19\" height=\"19\" style=\"margin-right: 10px;\" alt=\"\" title=\"\">\n                        temp\u00e9rature                    <\/span>\n                    <span class=\"brewing-value\">70-80\u00b0C<\/span>\n                <\/div>\n                                                <div class=\"brewing-row\">\n                    <span class=\"brewing-label\">\n                        <img decoding=\"async\" src=\"\/wp-content\/uploads\/2026\/02\/bell-solid-full.svg\" width=\"19\" height=\"19\" style=\"margin-right: 10px;\" alt=\"\" title=\"\">\n                        Perfusion                    <\/span>\n                    <span class=\"brewing-value\">2-3 minutes<\/span>\n                <\/div>\n                                            <\/div>\n\n                    <\/div>\n\n            <\/div>\n    <\/p>","protected":false},"excerpt":{"rendered":"<p>V\u00e5rt Earl Green Sencha har r\u00f6tter i en tradition som str\u00e4cker sig l\u00e5ngt tillbaka till Tang-dynastin i Kina, d\u00e4r man f\u00f6r f\u00f6rsta g\u00e5ngen b\u00f6rjade smaks\u00e4tta \u00e5ngat gr\u00f6nt te med skal fr\u00e5n citrusfrukter. Denna tradition utvecklades och f\u00f6rfinades under \u00e5rhundradena, och idag utvinns den finaste citrusoljan fr\u00e5n bergamottfrukten, som odlas p\u00e5 flera h\u00e5ll runt om i [&hellip;]<\/p>\n","protected":false},"featured_media":51241,"template":"","meta":[],"product_brand":[],"product_cat":[137,141,138,135],"product_tag":[],"class_list":{"0":"post-5189","1":"product","2":"type-product","3":"status-publish","4":"has-post-thumbnail","6":"product_cat-earl-grey","7":"product_cat-ekologiskt-te","8":"product_cat-gront-te","9":"product_cat-smaksatt-te","10":"_wholesalex wsx-wholesalex-product","12":"first","13":"instock","14":"taxable","15":"shipping-taxable","16":"purchasable","17":"product-type-variable"},"_links":{"self":[{"href":"https:\/\/www.inthemoodfortea.se\/fr\/wp-json\/wp\/v2\/product\/5189","targetHints":{"allow":["GET"]}}],"collection":[{"href":"https:\/\/www.inthemoodfortea.se\/fr\/wp-json\/wp\/v2\/product"}],"about":[{"href":"https:\/\/www.inthemoodfortea.se\/fr\/wp-json\/wp\/v2\/types\/product"}],"wp:featuredmedia":[{"embeddable":true,"href":"https:\/\/www.inthemoodfortea.se\/fr\/wp-json\/wp\/v2\/media\/51241"}],"wp:attachment":[{"href":"https:\/\/www.inthemoodfortea.se\/fr\/wp-json\/wp\/v2\/media?parent=5189"}],"wp:term":[{"taxonomy":"product_brand","embeddable":true,"href":"https:\/\/www.inthemoodfortea.se\/fr\/wp-json\/wp\/v2\/product_brand?post=5189"},{"taxonomy":"product_cat","embeddable":true,"href":"https:\/\/www.inthemoodfortea.se\/fr\/wp-json\/wp\/v2\/product_cat?post=5189"},{"taxonomy":"product_tag","embeddable":true,"href":"https:\/\/www.inthemoodfortea.se\/fr\/wp-json\/wp\/v2\/product_tag?post=5189"}],"curies":[{"name":"wp","href":"https:\/\/api.w.org\/{rel}","templated":true}]}}