{"id":5194,"date":"2018-03-12T09:56:31","date_gmt":"2018-03-12T09:56:31","guid":{"rendered":"https:\/\/itmft.flywheelsites.com\/?post_type=product&#038;p=5194"},"modified":"2026-05-16T20:19:07","modified_gmt":"2026-05-16T20:19:07","slug":"earl-grey-assam-gold","status":"publish","type":"product","link":"https:\/\/www.inthemoodfortea.se\/fr\/earl-grey-assam-gold\/","title":{"rendered":"Earl Grey Assam Gold"},"content":{"rendered":"<p>Avec Earl Grey Assam Gold, nous avons cr\u00e9\u00e9 un th\u00e9 Earl Grey biologique au caract\u00e8re chaud et ensoleill\u00e9, qui rappelle les champs ensoleill\u00e9s de l'Assam. Ce th\u00e9 offre une saveur longue, \u00e9quilibr\u00e9e et cors\u00e9e, chaque gorg\u00e9e offrant un ar\u00f4me riche et profond. Les notes subtiles d'agrumes, en particulier de bergamote, de citron et d'huile d'orange, cr\u00e9ent une sensation de fra\u00eecheur et d'\u00e9nergie qui compl\u00e8te le caract\u00e8re puissant de la base classique de l'Assam. Nous n'utilisons que des ingr\u00e9dients de premi\u00e8re qualit\u00e9 et biologiques pour garantir la plus haute qualit\u00e9 dans chaque tasse. Le th\u00e9 Assam utilis\u00e9 a une g\u00e9n\u00e9reuse touche de bourgeons dor\u00e9s, contribuant \u00e0 la fois \u00e0 la pl\u00e9nitude de la saveur et \u00e0 une douceur naturelle qui compl\u00e8te les notes fra\u00eeches d'agrumes. La bergamote authentique de Calabre est soigneusement s\u00e9lectionn\u00e9e pour sa saveur et son ar\u00f4me intenses, qui, associ\u00e9s aux huiles de citron et d'orange, conf\u00e8rent une fra\u00eecheur fruit\u00e9e. Earl Grey Assam Gold a \u00e9t\u00e9 cr\u00e9\u00e9 pour convenir \u00e0 toutes les occasions, que vous souhaitiez d\u00e9guster une tasse le matin pour un d\u00e9part tonique, ou l'apr\u00e8s-midi pour un moment de calme. La combinaison de la rondeur du th\u00e9 Assam et des saveurs fra\u00eeches d'agrumes en fait un choix parfait pour les amateurs de th\u00e9 et ceux qui recherchent une exp\u00e9rience unique et savoureuse.<br \/>\nIngr\u00e9dients : Th\u00e9 noir*, huile de bergamote, huile de citron, huile d'orange. *Provenant de fermes biologiques contr\u00f4l\u00e9es.<br \/>\n    <style>\n        @keyframes teaSpinIn {\n            0% { opacity: 0; transform: translateY(30px) rotateX(-20deg) rotateY(10deg); }\n            100% { opacity: 1; transform: translateY(0) rotateX(0) rotateY(0); }\n        }\n        .tea-info-wrapper { \n            display: flex; flex-wrap: wrap; align-items: flex-start; margin: 50px auto 30px auto; \n            max-width: 450px; font-family: ct_font_contax-regular, sans-serif;\n            perspective: 1200px;\n        }\n        .tea-params-column { \n            flex: 1; min-width: 280px; padding: 0 25px 0 0; box-sizing: border-box; \n            animation: teaSpinIn 0.8s cubic-bezier(0.2, 0.8, 0.2, 1) forwards;\n        }\n        .tea-chart-column { \n            flex: 0 0 350px; max-width: 350px; padding: 0; box-sizing: border-box; \n            margin-top: -40px; margin-left: 20px; \n            animation: teaSpinIn 1s cubic-bezier(0.2, 0.8, 0.2, 1) 0.2s forwards; opacity: 0;\n        }\n        .tea-top-divider { width: 100%; height: 1px; background-color: #eeeeee; margin-bottom: 25px; }\n        .tea-divider { width: 1px; align-self: stretch; background-color: #eeeeee; margin: 0 0 20px 0; flex-shrink: 0; }\n        .brewing-row { display: flex; justify-content: space-between; align-items: center; padding: 12px 0; border-bottom: 1px solid #eeeeee; }\n        .brewing-label { color: #333333; font-weight: 500; display: flex; align-items: center; font-size: 0.92em; }\n        .brewing-value { font-weight: normal; color: #000000; font-size: 0.92em; text-align: right; margin-left: 15px; text-transform: none !important; }\n        .infusion-text-box { margin-top: 20px; background-color: #f9f9f9; padding: 22px 0; border-radius: 4px; width: 100%; }\n        .dropcap-wrapper { padding: 0; line-height: 1.6; }\n        .dropcap { float: left; font-size: 3.2em; line-height: 0.8; margin-right: 12px; color: #333; font-family: 'Cinzel Decorative', Georgia, serif; }\n        @media (max-width: 768px) { \n            .tea-info-wrapper { flex-direction: column; align-items: center; max-width: 100%; margin-top: 30px; } \n            .tea-params-column { width: 100%; padding: 0; order: 1; animation-delay: 0s; } \n            .tea-divider { display: none; } \n            .tea-chart-column { width: 100%; max-width: 320px; padding: 30px 0 0 0; order: 3; margin: 0 auto; animation-delay: 0.1s; } \n        }\n    <\/style>\n\n    <div class=\"tea-info-wrapper\">\n        <div class=\"tea-top-divider\"><\/div>\n        <div class=\"tea-params-column\">\n            <div class=\"brewing-method\">\n                                <div class=\"brewing-row\">\n                    <span class=\"brewing-label\">\n                        <img decoding=\"async\" src=\"\/wp-content\/uploads\/2026\/02\/leaf-solid-full.svg\" width=\"19\" height=\"19\" style=\"margin-right: 10px;\" alt=\"\" title=\"\">\n                        Dosage \/ 250 ml                    <\/span>\n                    <span class=\"brewing-value\">2,5-3 g<\/span>\n                <\/div>\n                                                <div class=\"brewing-row\">\n                    <span class=\"brewing-label\">\n                        <img decoding=\"async\" src=\"\/wp-content\/uploads\/2026\/02\/temperature-low-solid-full.svg\" width=\"19\" height=\"19\" style=\"margin-right: 10px;\" alt=\"\" title=\"\">\n                        temp\u00e9rature                    <\/span>\n                    <span class=\"brewing-value\">90-95\u00b0C<\/span>\n                <\/div>\n                                                <div class=\"brewing-row\">\n                    <span class=\"brewing-label\">\n                        <img decoding=\"async\" src=\"\/wp-content\/uploads\/2026\/02\/bell-solid-full.svg\" width=\"19\" height=\"19\" style=\"margin-right: 10px;\" alt=\"\" title=\"\">\n                        Perfusion                    <\/span>\n                    <span class=\"brewing-value\">3-5 minutes<\/span>\n                <\/div>\n                                            <\/div>\n\n                    <\/div>\n\n            <\/div>\n    <\/p>","protected":false},"excerpt":{"rendered":"<p>Med Earl Grey Assam Gold har vi skapat ett ekologiskt Earl Grey-te med en varm och solig karakt\u00e4r som f\u00f6r tankarna till de soliga odlingarna i Assam. Detta te erbjuder en l\u00e5ng, v\u00e4lbalanserad och fyllig smakupplevelse, d\u00e4r varje klunk bjuder p\u00e5 en riklig och djup arom. De subtila inslagen av citrus, s\u00e4rskilt fr\u00e5n bergamott, citron [&hellip;]<\/p>\n","protected":false},"featured_media":5196,"template":"","meta":[],"product_brand":[],"product_cat":[146,137,141,151,135,131],"product_tag":[],"class_list":{"0":"post-5194","1":"product","2":"type-product","3":"status-publish","4":"has-post-thumbnail","6":"product_cat-assam-te","7":"product_cat-earl-grey","8":"product_cat-ekologiskt-te","9":"product_cat-indiskt-te","10":"product_cat-smaksatt-te","11":"product_cat-svart-te","12":"_wholesalex wsx-wholesalex-product","14":"first","15":"instock","16":"taxable","17":"shipping-taxable","18":"purchasable","19":"product-type-variable"},"_links":{"self":[{"href":"https:\/\/www.inthemoodfortea.se\/fr\/wp-json\/wp\/v2\/product\/5194","targetHints":{"allow":["GET"]}}],"collection":[{"href":"https:\/\/www.inthemoodfortea.se\/fr\/wp-json\/wp\/v2\/product"}],"about":[{"href":"https:\/\/www.inthemoodfortea.se\/fr\/wp-json\/wp\/v2\/types\/product"}],"wp:featuredmedia":[{"embeddable":true,"href":"https:\/\/www.inthemoodfortea.se\/fr\/wp-json\/wp\/v2\/media\/5196"}],"wp:attachment":[{"href":"https:\/\/www.inthemoodfortea.se\/fr\/wp-json\/wp\/v2\/media?parent=5194"}],"wp:term":[{"taxonomy":"product_brand","embeddable":true,"href":"https:\/\/www.inthemoodfortea.se\/fr\/wp-json\/wp\/v2\/product_brand?post=5194"},{"taxonomy":"product_cat","embeddable":true,"href":"https:\/\/www.inthemoodfortea.se\/fr\/wp-json\/wp\/v2\/product_cat?post=5194"},{"taxonomy":"product_tag","embeddable":true,"href":"https:\/\/www.inthemoodfortea.se\/fr\/wp-json\/wp\/v2\/product_tag?post=5194"}],"curies":[{"name":"wp","href":"https:\/\/api.w.org\/{rel}","templated":true}]}}