{"id":5220,"date":"2018-03-13T06:52:15","date_gmt":"2018-03-13T06:52:15","guid":{"rendered":"https:\/\/itmft.flywheelsites.com\/?post_type=product&#038;p=5220"},"modified":"2026-03-30T14:42:51","modified_gmt":"2026-03-30T14:42:51","slug":"genmaicha","status":"publish","type":"product","link":"https:\/\/www.inthemoodfortea.se\/fr\/genmaicha\/","title":{"rendered":"Genmaicha"},"content":{"rendered":"<p>Notre Genmaicha biologique a une saveur douce, ronde et cors\u00e9e qui associe les notes fra\u00eeches du th\u00e9 vert aux notes chaudes et torr\u00e9fi\u00e9es du riz. Cette combinaison cr\u00e9e un \u00e9quilibre harmonieux qui est \u00e0 la fois rafra\u00eechissant et r\u00e9confortant. Le th\u00e9 vert apporte une saveur v\u00e9g\u00e9tale fra\u00eeche et l\u00e9g\u00e8re qui est parfaitement compl\u00e9t\u00e9e par le caract\u00e8re profond et noiset\u00e9 du riz grill\u00e9, apportant une sensation de chaleur et de pl\u00e9nitude \u00e0 chaque tasse. Le Genmaicha est un excellent choix pour ceux qui souhaitent un th\u00e9 plus doux, avec une faible amertume et un profil de saveur complexe. Il est parfait pour r\u00e9chauffer les journ\u00e9es froides ou pour accompagner les repas de mani\u00e8re l\u00e9g\u00e8re et nourrissante. Notre Genmaicha biologique est soigneusement \u00e9labor\u00e9 pour pr\u00e9server les ar\u00f4mes naturels du th\u00e9 et du riz, ce qui donne une exp\u00e9rience gustative riche et \u00e9quilibr\u00e9e convenant \u00e0 tous les amateurs de th\u00e9.<br \/>\nAutres noms : Th\u00e9 de riz grill\u00e9.<br \/>\nOrigine : Japon.<br \/>\nIngr\u00e9dients : Th\u00e9 vert*, riz grill\u00e9* *Provenant de fermes biologiques contr\u00f4l\u00e9es.<br \/>\n    <style>\n        @keyframes teaSpinIn {\n            0% { opacity: 0; transform: translateY(30px) rotateX(-20deg) rotateY(10deg); }\n            100% { opacity: 1; transform: translateY(0) rotateX(0) rotateY(0); }\n        }\n        .tea-info-wrapper { \n            display: flex; flex-wrap: wrap; align-items: flex-start; margin: 50px auto 30px auto; \n            max-width: 450px; font-family: ct_font_contax-regular, sans-serif;\n            perspective: 1200px;\n        }\n        .tea-params-column { \n            flex: 1; min-width: 280px; padding: 0 25px 0 0; box-sizing: border-box; \n            animation: teaSpinIn 0.8s cubic-bezier(0.2, 0.8, 0.2, 1) forwards;\n        }\n        .tea-chart-column { \n            flex: 0 0 350px; max-width: 350px; padding: 0; box-sizing: border-box; \n            margin-top: -40px; margin-left: 20px; \n            animation: teaSpinIn 1s cubic-bezier(0.2, 0.8, 0.2, 1) 0.2s forwards; opacity: 0;\n        }\n        .tea-top-divider { width: 100%; height: 1px; background-color: #eeeeee; margin-bottom: 25px; }\n        .tea-divider { width: 1px; align-self: stretch; background-color: #eeeeee; margin: 0 0 20px 0; flex-shrink: 0; }\n        .brewing-row { display: flex; justify-content: space-between; align-items: center; padding: 12px 0; border-bottom: 1px solid #eeeeee; }\n        .brewing-label { color: #333333; font-weight: 500; display: flex; align-items: center; font-size: 0.92em; }\n        .brewing-value { font-weight: normal; color: #000000; font-size: 0.92em; text-align: right; margin-left: 15px; text-transform: none !important; }\n        .infusion-text-box { margin-top: 20px; background-color: #f9f9f9; padding: 22px 0; border-radius: 4px; width: 100%; }\n        .dropcap-wrapper { padding: 0; line-height: 1.6; }\n        .dropcap { float: left; font-size: 3.2em; line-height: 0.8; margin-right: 12px; color: #333; font-family: 'Cinzel Decorative', Georgia, serif; }\n        @media (max-width: 768px) { \n            .tea-info-wrapper { flex-direction: column; align-items: center; max-width: 100%; margin-top: 30px; } \n            .tea-params-column { width: 100%; padding: 0; order: 1; animation-delay: 0s; } \n            .tea-divider { display: none; } \n            .tea-chart-column { width: 100%; max-width: 320px; padding: 30px 0 0 0; order: 3; margin: 0 auto; animation-delay: 0.1s; } \n        }\n    <\/style>\n\n    <div class=\"tea-info-wrapper\">\n        <div class=\"tea-top-divider\"><\/div>\n        <div class=\"tea-params-column\">\n            <div class=\"brewing-method\">\n                                <div class=\"brewing-row\">\n                    <span class=\"brewing-label\">\n                        <img decoding=\"async\" src=\"\/wp-content\/uploads\/2026\/02\/leaf-solid-full.svg\" width=\"19\" height=\"19\" style=\"margin-right: 10px;\" alt=\"\" title=\"\">\n                        Dosage \/ 250 ml                    <\/span>\n                    <span class=\"brewing-value\">2,5-3 g<\/span>\n                <\/div>\n                                                <div class=\"brewing-row\">\n                    <span class=\"brewing-label\">\n                        <img decoding=\"async\" src=\"\/wp-content\/uploads\/2026\/02\/temperature-low-solid-full.svg\" width=\"19\" height=\"19\" style=\"margin-right: 10px;\" alt=\"\" title=\"\">\n                        temp\u00e9rature                    <\/span>\n                    <span class=\"brewing-value\">70-75\u00b0C<\/span>\n                <\/div>\n                                                <div class=\"brewing-row\">\n                    <span class=\"brewing-label\">\n                        <img decoding=\"async\" src=\"\/wp-content\/uploads\/2026\/02\/bell-solid-full.svg\" width=\"19\" height=\"19\" style=\"margin-right: 10px;\" alt=\"\" title=\"\">\n                        Perfusion                    <\/span>\n                    <span class=\"brewing-value\">2-3 minutes<\/span>\n                <\/div>\n                                            <\/div>\n\n                    <\/div>\n\n            <\/div>\n    <\/p>","protected":false},"excerpt":{"rendered":"<p>V\u00e5rt ekologiska Genmaicha har en mjuk, rund och fyllig smak som f\u00f6renar de friska tonerna hos det gr\u00f6na teet med risets varma, rostade toner. Denna kombination skapar en harmonisk balans som \u00e4r b\u00e5de uppfriskande och tr\u00f6stande. Det gr\u00f6na teet ger en frisk och l\u00e4tt vegetal smak som kompletteras perfekt av den djupa, n\u00f6tiga karakt\u00e4ren fr\u00e5n [&hellip;]<\/p>\n","protected":false},"featured_media":5222,"template":"","meta":[],"product_brand":[],"product_cat":[141,138,152,135],"product_tag":[],"class_list":{"0":"post-5220","1":"product","2":"type-product","3":"status-publish","4":"has-post-thumbnail","6":"product_cat-ekologiskt-te","7":"product_cat-gront-te","8":"product_cat-japanskt-te","9":"product_cat-smaksatt-te","10":"_wholesalex wsx-wholesalex-product","12":"first","13":"outofstock","14":"taxable","15":"shipping-taxable","16":"purchasable","17":"product-type-variable"},"_links":{"self":[{"href":"https:\/\/www.inthemoodfortea.se\/fr\/wp-json\/wp\/v2\/product\/5220","targetHints":{"allow":["GET"]}}],"collection":[{"href":"https:\/\/www.inthemoodfortea.se\/fr\/wp-json\/wp\/v2\/product"}],"about":[{"href":"https:\/\/www.inthemoodfortea.se\/fr\/wp-json\/wp\/v2\/types\/product"}],"wp:featuredmedia":[{"embeddable":true,"href":"https:\/\/www.inthemoodfortea.se\/fr\/wp-json\/wp\/v2\/media\/5222"}],"wp:attachment":[{"href":"https:\/\/www.inthemoodfortea.se\/fr\/wp-json\/wp\/v2\/media?parent=5220"}],"wp:term":[{"taxonomy":"product_brand","embeddable":true,"href":"https:\/\/www.inthemoodfortea.se\/fr\/wp-json\/wp\/v2\/product_brand?post=5220"},{"taxonomy":"product_cat","embeddable":true,"href":"https:\/\/www.inthemoodfortea.se\/fr\/wp-json\/wp\/v2\/product_cat?post=5220"},{"taxonomy":"product_tag","embeddable":true,"href":"https:\/\/www.inthemoodfortea.se\/fr\/wp-json\/wp\/v2\/product_tag?post=5220"}],"curies":[{"name":"wp","href":"https:\/\/api.w.org\/{rel}","templated":true}]}}