{"id":5230,"date":"2018-03-13T07:09:41","date_gmt":"2018-03-13T07:09:41","guid":{"rendered":"https:\/\/itmft.flywheelsites.com\/?post_type=product&#038;p=5230"},"modified":"2026-05-05T17:48:19","modified_gmt":"2026-05-05T17:48:19","slug":"gong-ting-puerh","status":"publish","type":"product","link":"https:\/\/www.inthemoodfortea.se\/fr\/gong-ting-puerh\/","title":{"rendered":"Gong Ting Puerh"},"content":{"rendered":"<p>Gong Ting est un th\u00e9 puerh biologique de Menghai, dans la province du Yunnan, en Chine, r\u00e9colt\u00e9 \u00e0 plus de 1500 m\u00e8tres d'altitude. Cette belle r\u00e9colte de fin de printemps est domin\u00e9e par des ar\u00f4mes de terre, de sous-bois et d'\u00e9corce typiques de ce type de th\u00e9. L'infusion de couleur cognac, cr\u00e9meuse et sucr\u00e9e, est ronde et longue en bouche. Le Palace puer, \u00e9galement connu sous le nom de Gong Ting puer, est r\u00e9put\u00e9 pour ses petites feuilles denses, soigneusement s\u00e9lectionn\u00e9es parmi les feuilles et les bourgeons les plus jeunes et les plus fins. Ces petites feuilles et bourgeons conf\u00e8rent au th\u00e9 un profil de saveur riche et soyeux, avec des notes profondes et terreuses et une douceur subtile qui persiste sur la palette.<\/p>\n<p>Origine : Menghai, province du Yunnan.<\/p>\n<p>R\u00e9colte : printemps 2016<br \/>\n    <style>\n        .tea-top-divider { width: 100%; height: 1px; background-color: #eeeeee; margin-bottom: 25px; }\n        .tea-info-wrapper { display: flex; flex-wrap: wrap; align-items: flex-start; margin: 0 auto 30px auto; max-width: 450px; font-family: ct_font_contax-regular, sans-serif; }\n        .tea-params-column { flex: 1; min-width: 280px; padding: 0 25px 20px 0; box-sizing: border-box; }\n        .tea-divider { width: 1px; align-self: stretch; background-color: #eeeeee; margin: 0 0 20px 0; flex-shrink: 0; }\n        \n        \/* \u00d6kad bredd f\u00f6r att ge cirklarna mer plats *\/\n        .tea-chart-column { flex: 0 0 350px; max-width: 350px; padding: 0; box-sizing: border-box; margin-top: -35px; margin-left: 20px; }\n        \n        .brewing-measurement, .brewing-temperature, .brewing-time { display: flex; justify-content: space-between; align-items: center; padding: 12px 0; border-bottom: 1px solid #eeeeee; }\n        .brewing-label { color: #333333; font-weight: 500; display: flex; align-items: center; font-size: 0.92em; }\n        .brewing-value { font-weight: normal; color: #000000; font-size: 0.92em; }\n        .infusion-text-box { margin-top: 20px; background-color: #f9f9f9; padding: 22px 0; border-radius: 4px; width: 100%; }\n        .dropcap-wrapper { padding: 0; line-height: 1.6; }\n        .dropcap { float: left; font-size: 3.2em; line-height: 0.8; margin-right: 12px; color: #333; font-family: 'Cinzel Decorative', Georgia, serif; }\n        \n        @media (max-width: 768px) { \n            .tea-info-wrapper { flex-direction: column; align-items: center; max-width: 100%; } \n            .tea-params-column { width: 100%; padding: 0; order: 1; } \n            .tea-divider { display: none; } \n            .tea-chart-column { width: 100%; max-width: 320px; padding: 30px 0 0 0; order: 3; margin: 0 auto; } \n            canvas { max-width: 100% !important; height: auto !important; }\n        }\n    <\/style>\n\n    <div class=\"tea-info-wrapper\">\n        <div class=\"tea-top-divider\"><\/div>\n        <div class=\"tea-params-column\">\n            <div class=\"brewing-method\">\n                                <div class=\"brewing-measurement\">\n                    <span class=\"brewing-label\">\n                        <img decoding=\"async\" src=\"https:\/\/www.inthemoodfortea.se\/wp-content\/uploads\/2026\/02\/leaf-solid-full.svg\" width=\"19\" height=\"19\" style=\"margin-right: 10px;\" alt=\"\" title=\"\">\n                        Quantit\u00e9 \/ 250 ml                    <\/span>\n                    <span class=\"brewing-value\">2,5-3 g<\/span>\n                <\/div>\n                                \n                                <div class=\"brewing-temperature\">\n                    <span class=\"brewing-label\">\n                        <img decoding=\"async\" src=\"https:\/\/www.inthemoodfortea.se\/wp-content\/uploads\/2026\/02\/temperature-low-solid-full.svg\" width=\"19\" height=\"19\" style=\"margin-right: 10px;\" alt=\"\" title=\"\">\n                        temp\u00e9rature                    <\/span>\n                    <span class=\"brewing-value\">95-100\u00b0C<\/span>\n                <\/div>\n                                \n                                <div class=\"brewing-time\">\n                    <span class=\"brewing-label\">\n                        <img decoding=\"async\" src=\"https:\/\/www.inthemoodfortea.se\/wp-content\/uploads\/2026\/02\/bell-solid-full.svg\" width=\"19\" height=\"19\" style=\"margin-right: 10px;\" alt=\"\" title=\"\">\n                        Temps de brassage                    <\/span>\n                    <span class=\"brewing-value\">3-4 minutes<\/span>\n                <\/div>\n                            <\/div>\n\n                        <div class=\"infusion-text-box\">\n                <div class=\"dropcap-wrapper\">\n                    <span class=\"dropcap\">G<\/span>\n                    <span style=\"color: #444444; font-size: 0.92em; display: block;\">\n                        Le puerh ong Ting se pr\u00eate bien \u00e0 des infusions multiples. La deuxi\u00e8me infusion doit \u00eatre courte, car les feuilles ont d\u00e9j\u00e0 commenc\u00e9 \u00e0 s'ouvrir et \u00e0 lib\u00e9rer leurs ar\u00f4mes.                    <\/span>\n                <\/div>\n            <\/div>\n                    <\/div>\n\n            <\/div>\n    <br \/>\n    \n    <div class=\"prick-container\" style=\"max-width: 500px; margin-left: auto; margin-right: auto; width: 100%; margin-bottom: 15px; padding: 0 10px; box-sizing: border-box;\">\n        <div style=\"display: flex; justify-content: space-between; align-items: center; width: 100%;\">\n            <span style=\"font-size: 20px; color: #cccccc;\">\u2022<\/span>\n            <span style=\"font-size: 20px; color: #cccccc;\">\u2022<\/span>\n            <span style=\"font-size: 20px; color: #cccccc;\">\u2022<\/span>\n            <span style=\"font-size: 20px; color: #cccccc;\">\u2022<\/span>\n            <span style=\"font-size: 20px; color: #cccccc;\">\u2022<\/span>\n            <span style=\"font-size: 20px; color: #cccccc;\">\u2022<\/span>\n            <span style=\"font-size: 20px; color: #cccccc;\">\u2022<\/span>\n            <span style=\"font-size: 20px; color: #cccccc;\">\u2022<\/span>\n        <\/div>\n    <\/div>\n    \n    <div class=\"gongfu-container\">\n        <div class=\"gongfu-header\">\n            <h2 class=\"gongfu-title\">LA M\u00c9THODE GONGFU<\/h2>\n        <\/div>\n        \n        <div class=\"gongfu-method\">\n            <div class=\"gongfu-measurement\">\n                <span class=\"gongfu-label\">\n                    <img decoding=\"async\" src=\"https:\/\/www.inthemoodfortea.se\/wp-content\/uploads\/2026\/02\/leaf-solid-full.svg\" alt=\"Dosage\" width=\"20\" height=\"20\" style=\"margin-right: 8px; display: inline-block; vertical-align: middle;\" title=\"\">\n                    Quantit\u00e9 \/ 100 ml gaiwan\n                <\/span>\n                <span class=\"gongfu-value\">5-7 grammes<\/span>\n            <\/div>\n            \n            <div class=\"gongfu-temperature\">\n                <span class=\"gongfu-label\">\n                    <img decoding=\"async\" src=\"https:\/\/www.inthemoodfortea.se\/wp-content\/uploads\/2026\/02\/temperature-low-solid-full.svg\" alt=\"temp\u00e9rature\" width=\"20\" height=\"20\" style=\"margin-right: 8px; display: inline-block; vertical-align: middle;\" title=\"\">\n                    Temp\u00e9rature de l'eau\n                <\/span>\n                <span class=\"gongfu-value\">90-95 \u00b0C<\/span>\n            <\/div>\n            \n            <div class=\"gongfu-rinse\">\n                <span class=\"gongfu-label\">\n                    Premier rin\u00e7age\n                <\/span>\n                <span class=\"gongfu-value\">5-10 secondes (en cas de d\u00e9versement)<\/span>\n            <\/div>\n            \n            <div class=\"gongfu-times\">\n                <div class=\"gongfu-time-row\">\n                    <span class=\"gongfu-time-label\">Perfusion 1<\/span>\n                    <span class=\"gongfu-time-value\">10-15 sec<\/span>\n                <\/div>\n                \n                <div class=\"gongfu-time-row\">\n                    <span class=\"gongfu-time-label\">Perfusion 2<\/span>\n                    <span class=\"gongfu-time-value\">5-10 sec<\/span>\n                <\/div>\n                \n                <div class=\"gongfu-time-row\">\n                    <span class=\"gongfu-time-label\">Perfusion 3<\/span>\n                    <span class=\"gongfu-time-value\">10-15 sec<\/span>\n                <\/div>\n                \n                <div class=\"gongfu-time-row\">\n                    <span class=\"gongfu-time-label\">Perfusion 4<\/span>\n                    <span class=\"gongfu-time-value\">15-20 sec<\/span>\n                <\/div>\n                \n                <div class=\"gongfu-time-row\">\n                    <span class=\"gongfu-time-label\">Infusion 5<\/span>\n                    <span class=\"gongfu-time-value\">20-30 sec<\/span>\n                <\/div>\n                \n                <div class=\"gongfu-time-row\">\n                    <span class=\"gongfu-time-label\">Infusion 6+<\/span>\n                    <span class=\"gongfu-time-value\">+10 sec par infusion suppl\u00e9mentaire<\/span>\n                <\/div>\n            <\/div>\n            \n            <div class=\"gongfu-notes\">\n                <p class=\"gongfu-notes-text\">\n                    La m\u00e9thode Gongfu permet de nombreuses infusions courtes.\n                    Il faut augmenter progressivement la dur\u00e9e de l'infusion. Les th\u00e9s Oolong et les pu erh sont particuli\u00e8rement adapt\u00e9s.\n                <\/p>\n            <\/div>\n\n        <\/div>\n    <\/div>\n    \n    <style>\n        .gongfu-container {\n            max-width: 500px;\n            border: 1px solid #cccccc;\n            border-radius: 8px;\n            padding: 20px;\n            font-family: ct_font_contax-regular, sans-serif;\n            background-color: transparent;\n            margin-left: auto;\n            margin-right: auto;\n        }\n        \n        .gongfu-header {\n            margin-bottom: 20px;\n            padding-bottom: 10px;\n            border-bottom: 1px solid #dddddd;\n        }\n        \n        .gongfu-title {\n            margin: 0;\n            font-size: 24px;\n            color: #333333;\n            text-align: center;\n            letter-spacing: 1px;\n        }\n        \n        .gongfu-measurement,\n        .gongfu-temperature,\n        .gongfu-rinse {\n            display: flex;\n            justify-content: space-between;\n            align-items: center;\n            padding: 8px 0;\n            border-bottom: 1px solid #dddddd;\n        }\n        \n        .gongfu-label {\n            color: #333333;\n            font-weight: 500;\n            display: flex;\n            align-items: center;\n        }\n        \n        .gongfu-value {\n            font-weight: normal;\n            color: #000000;\n        }\n        \n        .gongfu-times {\n            margin: 15px 0;\n            padding: 10px 0;\n            border-bottom: 1px solid #dddddd;\n        }\n        \n        .gongfu-time-row {\n            display: flex;\n            justify-content: space-between;\n            align-items: center;\n            padding: 6px 0;\n        }\n        \n        .gongfu-time-label {\n            color: #333333;\n            font-weight: 500;\n        }\n        \n        .gongfu-time-value {\n            font-weight: normal;\n            color: #000000;\n        }\n        \n        .gongfu-notes {\n            margin-top: 15px;\n            padding: 10px;\n            background-color: #f9f9f9;\n            border-radius: 4px;\n        }\n        \n        .gongfu-notes-text {\n            margin: 0;\n            color: #333333;\n            font-size: 14px;\n            line-height: 1.5;\n        }\n        \n        .gongfu-notes-text strong {\n            color: #000000;\n        }\n        \n        .gongfu-notes-text:first-letter {\n            font-family: 'Cinzel Decorative', Georgia, serif;\n            font-size: 2em;\n            font-weight: 700;\n            color: #333333;\n            float: left;\n            line-height: 1;\n            margin-right: 5px;\n        }\n        \n        \/* Media query f\u00f6r mobil - 4px marginal och centrerad *\/\n        @media (max-width: 768px) {\n            .prick-container {\n                display: none !important;\n            }\n            \n            .gongfu-container {\n                max-width: calc(100% - 8px);\n                margin-left: auto !important;\n                margin-right: auto !important;\n                padding: 15px;\n                width: calc(100% - 8px);\n                left: 0;\n                right: 0;\n                position: relative;\n            }\n            \n            .gongfu-title {\n                font-size: 22px;\n            }\n            \n            .gongfu-measurement,\n            .gongfu-temperature,\n            .gongfu-rinse,\n            .gongfu-time-row {\n                padding: 6px 0;\n            }\n            \n            .gongfu-notes {\n                padding: 8px;\n            }\n            \n            .gongfu-notes-text {\n                font-size: 13px;\n            }\n        }\n    <\/style>\n    \n    <\/p>","protected":false},"excerpt":{"rendered":"<p>Gong Ting \u00e4r ett ekologiskt puerh-te fr\u00e5n Menghai i provinsen Yunnan i Kina, och \u00e4r sk\u00f6rdat p\u00e5 en h\u00f6jd \u00f6ver 1500 m \u00f6ver havet. Denna vackra och sp\u00e4da v\u00e5rsk\u00f6rd domineras av dofter av jord, underv\u00e4xt och bark som \u00e4r typiska f\u00f6r denna typ av te. Den kr\u00e4miga och s\u00f6ta cognacsf\u00e4rgade infusionen \u00e4r rund och l\u00e5ng [&hellip;]<\/p>\n","protected":false},"featured_media":5232,"template":"","meta":[],"product_brand":[],"product_cat":[141,153,134],"product_tag":[],"class_list":{"0":"post-5230","1":"product","2":"type-product","3":"status-publish","4":"has-post-thumbnail","6":"product_cat-ekologiskt-te","7":"product_cat-kinesiskt-te","8":"product_cat-pu-erh","9":"_wholesalex wsx-wholesalex-product","11":"first","12":"instock","13":"taxable","14":"shipping-taxable","15":"purchasable","16":"product-type-variable"},"_links":{"self":[{"href":"https:\/\/www.inthemoodfortea.se\/fr\/wp-json\/wp\/v2\/product\/5230","targetHints":{"allow":["GET"]}}],"collection":[{"href":"https:\/\/www.inthemoodfortea.se\/fr\/wp-json\/wp\/v2\/product"}],"about":[{"href":"https:\/\/www.inthemoodfortea.se\/fr\/wp-json\/wp\/v2\/types\/product"}],"wp:featuredmedia":[{"embeddable":true,"href":"https:\/\/www.inthemoodfortea.se\/fr\/wp-json\/wp\/v2\/media\/5232"}],"wp:attachment":[{"href":"https:\/\/www.inthemoodfortea.se\/fr\/wp-json\/wp\/v2\/media?parent=5230"}],"wp:term":[{"taxonomy":"product_brand","embeddable":true,"href":"https:\/\/www.inthemoodfortea.se\/fr\/wp-json\/wp\/v2\/product_brand?post=5230"},{"taxonomy":"product_cat","embeddable":true,"href":"https:\/\/www.inthemoodfortea.se\/fr\/wp-json\/wp\/v2\/product_cat?post=5230"},{"taxonomy":"product_tag","embeddable":true,"href":"https:\/\/www.inthemoodfortea.se\/fr\/wp-json\/wp\/v2\/product_tag?post=5230"}],"curies":[{"name":"wp","href":"https:\/\/api.w.org\/{rel}","templated":true}]}}