{"id":5261,"date":"2018-03-13T07:55:06","date_gmt":"2018-03-13T07:55:06","guid":{"rendered":"https:\/\/itmft.flywheelsites.com\/?post_type=product&#038;p=5261"},"modified":"2026-05-10T07:51:53","modified_gmt":"2026-05-10T07:51:53","slug":"himalayan-evergreen","status":"publish","type":"product","link":"https:\/\/www.inthemoodfortea.se\/fr\/himalayan-evergreen\/","title":{"rendered":"Himalayan Evergreen"},"content":{"rendered":"<p>Himalayan Evergreen est un exemple exceptionnel de micro-production et est fabriqu\u00e9 \u00e0 partir d'une premi\u00e8re r\u00e9colte exquise de la plantation de th\u00e9 Jun Chiyabari au N\u00e9pal. Ce domaine est situ\u00e9 dans un terroir (r\u00e9gion) qui pr\u00e9sente des similitudes avec le Darjeeling et se trouve \u00e0 la m\u00eame altitude que les fermes les plus \u00e9lev\u00e9es de cette c\u00e9l\u00e8bre r\u00e9gion. Cela conf\u00e8re au th\u00e9 un caract\u00e8re distinctif et un profil aromatique complexe. L'Himalayan Evergreen offre des ar\u00f4mes floraux d'herbes et des notes d'agrumes, cr\u00e9ant une tasse rafra\u00eechissante et \u00e9l\u00e9gante. Le th\u00e9 se termine par un arri\u00e8re-go\u00fbt long, frais et clair qui laisse une sensation agr\u00e9able sur la langue.<br \/>\nLe th\u00e9 se caract\u00e9rise par une forte proportion de bourgeons, qui contribuent \u00e0 une saveur douce et d\u00e9licate, et les feuilles dodues et de taille r\u00e9guli\u00e8re sont non seulement savoureuses mais aussi visuellement attrayantes. Cette micro-production est le r\u00e9sultat d'un travail artisanal minutieux et d'une grande passion, faisant de chaque tasse une exp\u00e9rience unique et exclusive. L'effet combin\u00e9 des notes florales et des notes fra\u00eeches d'agrumes fait de ce th\u00e9 un excellent choix pour ceux qui recherchent une exp\u00e9rience de th\u00e9 \u00e0 la fois profonde et raffin\u00e9e, tout en conservant une l\u00e9g\u00e8ret\u00e9 et une clart\u00e9 de go\u00fbt.<br \/>\nL'agriculture biologique pratiqu\u00e9e \u00e0 Jun Chiyabari garantit que chaque feuille est cueillie et manipul\u00e9e avec le plus grand soin afin de pr\u00e9server la qualit\u00e9 et la richesse du go\u00fbt de chaque tasse.<br \/>\nOrigine : Hile, N\u00e9pal.<br \/>\n    <style>\n        @keyframes teaSpinIn {\n            0% { opacity: 0; transform: translateY(30px) rotateX(-20deg) rotateY(10deg); }\n            100% { opacity: 1; transform: translateY(0) rotateX(0) rotateY(0); }\n        }\n        .tea-info-wrapper { \n            display: flex; flex-wrap: wrap; align-items: flex-start; margin: 50px auto 30px auto; \n            max-width: 450px; font-family: ct_font_contax-regular, sans-serif;\n            perspective: 1200px;\n        }\n        .tea-params-column { \n            flex: 1; min-width: 280px; padding: 0 25px 0 0; box-sizing: border-box; \n            animation: teaSpinIn 0.8s cubic-bezier(0.2, 0.8, 0.2, 1) forwards;\n        }\n        .tea-chart-column { \n            flex: 0 0 350px; max-width: 350px; padding: 0; box-sizing: border-box; \n            margin-top: -40px; margin-left: 20px; \n            animation: teaSpinIn 1s cubic-bezier(0.2, 0.8, 0.2, 1) 0.2s forwards; opacity: 0;\n        }\n        .tea-top-divider { width: 100%; height: 1px; background-color: #eeeeee; margin-bottom: 25px; }\n        .tea-divider { width: 1px; align-self: stretch; background-color: #eeeeee; margin: 0 0 20px 0; flex-shrink: 0; }\n        .brewing-row { display: flex; justify-content: space-between; align-items: center; padding: 12px 0; border-bottom: 1px solid #eeeeee; }\n        .brewing-label { color: #333333; font-weight: 500; display: flex; align-items: center; font-size: 0.92em; }\n        .brewing-value { font-weight: normal; color: #000000; font-size: 0.92em; text-align: right; margin-left: 15px; text-transform: none !important; }\n        .infusion-text-box { margin-top: 20px; background-color: #f9f9f9; padding: 22px 0; border-radius: 4px; width: 100%; }\n        .dropcap-wrapper { padding: 0; line-height: 1.6; }\n        .dropcap { float: left; font-size: 3.2em; line-height: 0.8; margin-right: 12px; color: #333; font-family: 'Cinzel Decorative', Georgia, serif; }\n        @media (max-width: 768px) { \n            .tea-info-wrapper { flex-direction: column; align-items: center; max-width: 100%; margin-top: 30px; } \n            .tea-params-column { width: 100%; padding: 0; order: 1; animation-delay: 0s; } \n            .tea-divider { display: none; } \n            .tea-chart-column { width: 100%; max-width: 320px; padding: 30px 0 0 0; order: 3; margin: 0 auto; animation-delay: 0.1s; } \n        }\n    <\/style>\n\n    <div class=\"tea-info-wrapper\">\n        <div class=\"tea-top-divider\"><\/div>\n        <div class=\"tea-params-column\">\n            <div class=\"brewing-method\">\n                                <div class=\"brewing-row\">\n                    <span class=\"brewing-label\">\n                        <img decoding=\"async\" src=\"\/wp-content\/uploads\/2026\/02\/leaf-solid-full.svg\" width=\"19\" height=\"19\" style=\"margin-right: 10px;\" alt=\"\" title=\"\">\n                        Dosering \/ 250 ml                    <\/span>\n                    <span class=\"brewing-value\">2,5-3 g<\/span>\n                <\/div>\n                                                <div class=\"brewing-row\">\n                    <span class=\"brewing-label\">\n                        <img decoding=\"async\" src=\"\/wp-content\/uploads\/2026\/02\/temperature-low-solid-full.svg\" width=\"19\" height=\"19\" style=\"margin-right: 10px;\" alt=\"\" title=\"\">\n                        temp\u00e9rature                    <\/span>\n                    <span class=\"brewing-value\">70-80\u00b0C<\/span>\n                <\/div>\n                                                <div class=\"brewing-row\">\n                    <span class=\"brewing-label\">\n                        <img decoding=\"async\" src=\"\/wp-content\/uploads\/2026\/02\/bell-solid-full.svg\" width=\"19\" height=\"19\" style=\"margin-right: 10px;\" alt=\"\" title=\"\">\n                        Perfusion                    <\/span>\n                    <span class=\"brewing-value\">2-3 minutes<\/span>\n                <\/div>\n                                            <\/div>\n\n                        <div class=\"infusion-text-box\">\n                <div class=\"dropcap-wrapper\">\n                    <span class=\"dropcap\">H<\/span>\n                    <span style=\"color: #444444; font-size: 0.92em; display: block;\">\n                        L'imalayan Evergreen se pr\u00eate bien \u00e0 des infusions multiples. La deuxi\u00e8me infusion doit \u00eatre courte, car les feuilles ont d\u00e9j\u00e0 commenc\u00e9 \u00e0 s'ouvrir et \u00e0 lib\u00e9rer leurs ar\u00f4mes.                    <\/span>\n                <\/div>\n            <\/div>\n                    <\/div>\n\n            <\/div>\n    <\/p>","protected":false},"excerpt":{"rendered":"<p>Himalayan Evergreen \u00e4r ett exceptionellt exempel p\u00e5 mikroproduktion och tillverkas av en uts\u00f6kt first flush fr\u00e5n Jun Chiyabari-teg\u00e5rden i Nepal. Denna teg\u00e5rd \u00e4r bel\u00e4gen i en terroir (omr\u00e5de) som delar likheter med Darjeeling, och ligger p\u00e5 samma h\u00f6jd som de h\u00f6gsta g\u00e5rdarna i denna ber\u00f6mda region. Detta ger teet en distinkt karakt\u00e4r och en komplex [&hellip;]<\/p>\n","protected":false},"featured_media":5263,"template":"","meta":[],"product_brand":[],"product_cat":[141,138,154],"product_tag":[],"class_list":{"0":"post-5261","1":"product","2":"type-product","3":"status-publish","4":"has-post-thumbnail","6":"product_cat-ekologiskt-te","7":"product_cat-gront-te","8":"product_cat-te-fran-nepal","9":"_wholesalex wsx-wholesalex-product","11":"first","12":"instock","13":"taxable","14":"shipping-taxable","15":"purchasable","16":"product-type-variable"},"_links":{"self":[{"href":"https:\/\/www.inthemoodfortea.se\/fr\/wp-json\/wp\/v2\/product\/5261","targetHints":{"allow":["GET"]}}],"collection":[{"href":"https:\/\/www.inthemoodfortea.se\/fr\/wp-json\/wp\/v2\/product"}],"about":[{"href":"https:\/\/www.inthemoodfortea.se\/fr\/wp-json\/wp\/v2\/types\/product"}],"wp:featuredmedia":[{"embeddable":true,"href":"https:\/\/www.inthemoodfortea.se\/fr\/wp-json\/wp\/v2\/media\/5263"}],"wp:attachment":[{"href":"https:\/\/www.inthemoodfortea.se\/fr\/wp-json\/wp\/v2\/media?parent=5261"}],"wp:term":[{"taxonomy":"product_brand","embeddable":true,"href":"https:\/\/www.inthemoodfortea.se\/fr\/wp-json\/wp\/v2\/product_brand?post=5261"},{"taxonomy":"product_cat","embeddable":true,"href":"https:\/\/www.inthemoodfortea.se\/fr\/wp-json\/wp\/v2\/product_cat?post=5261"},{"taxonomy":"product_tag","embeddable":true,"href":"https:\/\/www.inthemoodfortea.se\/fr\/wp-json\/wp\/v2\/product_tag?post=5261"}],"curies":[{"name":"wp","href":"https:\/\/api.w.org\/{rel}","templated":true}]}}