{"id":5291,"date":"2018-03-13T08:25:44","date_gmt":"2018-03-13T08:25:44","guid":{"rendered":"https:\/\/itmft.flywheelsites.com\/?post_type=product&#038;p=5291"},"modified":"2026-05-13T22:57:20","modified_gmt":"2026-05-13T22:57:20","slug":"jasmine-pearls-teji","status":"publish","type":"product","link":"https:\/\/www.inthemoodfortea.se\/fr\/jasmine-pearls-teji\/","title":{"rendered":"Jasmine Pearls Teji"},"content":{"rendered":"<p>Les perles de jasmin de qualit\u00e9 exceptionnelle sont tr\u00e8s diff\u00e9rentes des formes habituelles de th\u00e9 au jasmin. Nos perles sont cr\u00e9\u00e9es \u00e0 partir de feuilles particuli\u00e8rement jeunes et fines, ce qui leur conf\u00e8re \u00e0 la fois une taille plus petite et un profil de go\u00fbt doux et rond, avec des nuances de jasmin \u00e9l\u00e9gamment \u00e9quilibr\u00e9es. Au d\u00e9but du printemps, les feuilles sont soigneusement cueillies \u00e0 la main, et la r\u00e9colte d\u00e9licate consiste principalement en bourgeons argent\u00e9s d\u00e9sirables couverts de fines \u00e9cailles. Les feuilles sont ensuite d\u00e9licatement roul\u00e9es \u00e0 la main et laiss\u00e9es au repos jusqu'\u00e0 ce que les fleurs de jasmin commencent \u00e0 \u00e9clore. Commence alors un processus de parfumage sophistiqu\u00e9, au cours duquel le th\u00e9 est d\u00e9licatement m\u00e9lang\u00e9 \u00e0 des fleurs de jasmin fra\u00eechement cueillies. Cette \u00e9tape est r\u00e9p\u00e9t\u00e9e sept fois avec de nouvelles fleurs \u00e0 chaque fois, ce qui donne un th\u00e9 \u00e0 l'ar\u00f4me de jasmin envo\u00fbtant et authentique, qui peut \u00e9galement \u00eatre d\u00e9gust\u00e9 en plusieurs infusions.<br \/>\n    <style>\n        @keyframes teaSpinIn {\n            0% { opacity: 0; transform: translateY(30px) rotateX(-20deg) rotateY(10deg); }\n            100% { opacity: 1; transform: translateY(0) rotateX(0) rotateY(0); }\n        }\n        .tea-info-wrapper { \n            display: flex; flex-wrap: wrap; align-items: flex-start; margin: 50px auto 30px auto; \n            max-width: 450px; font-family: ct_font_contax-regular, sans-serif;\n            perspective: 1200px;\n        }\n        .tea-params-column { \n            flex: 1; min-width: 280px; padding: 0 25px 0 0; box-sizing: border-box; \n            animation: teaSpinIn 0.8s cubic-bezier(0.2, 0.8, 0.2, 1) forwards;\n        }\n        .tea-chart-column { \n            flex: 0 0 350px; max-width: 350px; padding: 0; box-sizing: border-box; \n            margin-top: -40px; margin-left: 20px; \n            animation: teaSpinIn 1s cubic-bezier(0.2, 0.8, 0.2, 1) 0.2s forwards; opacity: 0;\n        }\n        .tea-top-divider { width: 100%; height: 1px; background-color: #eeeeee; margin-bottom: 25px; }\n        .tea-divider { width: 1px; align-self: stretch; background-color: #eeeeee; margin: 0 0 20px 0; flex-shrink: 0; }\n        .brewing-row { display: flex; justify-content: space-between; align-items: center; padding: 12px 0; border-bottom: 1px solid #eeeeee; }\n        .brewing-label { color: #333333; font-weight: 500; display: flex; align-items: center; font-size: 0.92em; }\n        .brewing-value { font-weight: normal; color: #000000; font-size: 0.92em; text-align: right; margin-left: 15px; text-transform: none !important; }\n        .infusion-text-box { margin-top: 20px; background-color: #f9f9f9; padding: 22px 0; border-radius: 4px; width: 100%; }\n        .dropcap-wrapper { padding: 0; line-height: 1.6; }\n        .dropcap { float: left; font-size: 3.2em; line-height: 0.8; margin-right: 12px; color: #333; font-family: 'Cinzel Decorative', Georgia, serif; }\n        @media (max-width: 768px) { \n            .tea-info-wrapper { flex-direction: column; align-items: center; max-width: 100%; margin-top: 30px; } \n            .tea-params-column { width: 100%; padding: 0; order: 1; animation-delay: 0s; } \n            .tea-divider { display: none; } \n            .tea-chart-column { width: 100%; max-width: 320px; padding: 30px 0 0 0; order: 3; margin: 0 auto; animation-delay: 0.1s; } \n        }\n    <\/style>\n\n    <div class=\"tea-info-wrapper\">\n        <div class=\"tea-top-divider\"><\/div>\n        <div class=\"tea-params-column\">\n            <div class=\"brewing-method\">\n                                <div class=\"brewing-row\">\n                    <span class=\"brewing-label\">\n                        <img decoding=\"async\" src=\"\/wp-content\/uploads\/2026\/02\/leaf-solid-full.svg\" width=\"19\" height=\"19\" style=\"margin-right: 10px;\" alt=\"\" title=\"\">\n                        Dosage \/ 250 ml                    <\/span>\n                    <span class=\"brewing-value\">2,5-3 g<\/span>\n                <\/div>\n                                                <div class=\"brewing-row\">\n                    <span class=\"brewing-label\">\n                        <img decoding=\"async\" src=\"\/wp-content\/uploads\/2026\/02\/temperature-low-solid-full.svg\" width=\"19\" height=\"19\" style=\"margin-right: 10px;\" alt=\"\" title=\"\">\n                        temp\u00e9rature                    <\/span>\n                    <span class=\"brewing-value\">70-80\u00b0C<\/span>\n                <\/div>\n                                                <div class=\"brewing-row\">\n                    <span class=\"brewing-label\">\n                        <img decoding=\"async\" src=\"\/wp-content\/uploads\/2026\/02\/bell-solid-full.svg\" width=\"19\" height=\"19\" style=\"margin-right: 10px;\" alt=\"\" title=\"\">\n                        Perfusion                    <\/span>\n                    <span class=\"brewing-value\">2-3 minutes<\/span>\n                <\/div>\n                                            <\/div>\n\n                    <\/div>\n\n            <\/div>\n    <\/p>","protected":false},"excerpt":{"rendered":"<p>Jasminp\u00e4rlor av exceptionell kvalitet skiljer sig v\u00e4sentligt fr\u00e5n de vanliga formerna av jasminte. V\u00e5ra p\u00e4rlor \u00e4r skapade av s\u00e4rskilt unga och fina blad, vilket ger dem b\u00e5de en mindre storlek och en mjuk, rund smakprofil med elegant balanserade nyanser av jasmin. Under tidig v\u00e5r handplockas bladen noggrant, och den varsamma sk\u00f6rden best\u00e5r till stor del [&hellip;]<\/p>\n","protected":false},"featured_media":49799,"template":"","meta":[],"product_brand":[],"product_cat":[138,143,153,135],"product_tag":[],"class_list":{"0":"post-5291","1":"product","2":"type-product","3":"status-publish","4":"has-post-thumbnail","6":"product_cat-gront-te","7":"product_cat-jasminte","8":"product_cat-kinesiskt-te","9":"product_cat-smaksatt-te","10":"_wholesalex wsx-wholesalex-product","12":"first","13":"instock","14":"taxable","15":"shipping-taxable","16":"purchasable","17":"product-type-variable"},"_links":{"self":[{"href":"https:\/\/www.inthemoodfortea.se\/fr\/wp-json\/wp\/v2\/product\/5291","targetHints":{"allow":["GET"]}}],"collection":[{"href":"https:\/\/www.inthemoodfortea.se\/fr\/wp-json\/wp\/v2\/product"}],"about":[{"href":"https:\/\/www.inthemoodfortea.se\/fr\/wp-json\/wp\/v2\/types\/product"}],"wp:featuredmedia":[{"embeddable":true,"href":"https:\/\/www.inthemoodfortea.se\/fr\/wp-json\/wp\/v2\/media\/49799"}],"wp:attachment":[{"href":"https:\/\/www.inthemoodfortea.se\/fr\/wp-json\/wp\/v2\/media?parent=5291"}],"wp:term":[{"taxonomy":"product_brand","embeddable":true,"href":"https:\/\/www.inthemoodfortea.se\/fr\/wp-json\/wp\/v2\/product_brand?post=5291"},{"taxonomy":"product_cat","embeddable":true,"href":"https:\/\/www.inthemoodfortea.se\/fr\/wp-json\/wp\/v2\/product_cat?post=5291"},{"taxonomy":"product_tag","embeddable":true,"href":"https:\/\/www.inthemoodfortea.se\/fr\/wp-json\/wp\/v2\/product_tag?post=5291"}],"curies":[{"name":"wp","href":"https:\/\/api.w.org\/{rel}","templated":true}]}}