{"id":5301,"date":"2018-03-13T08:40:28","date_gmt":"2018-03-13T08:40:28","guid":{"rendered":"https:\/\/itmft.flywheelsites.com\/?post_type=product&#038;p=5301"},"modified":"2026-05-11T12:28:32","modified_gmt":"2026-05-11T12:28:32","slug":"jasmine-silver-tips","status":"publish","type":"product","link":"https:\/\/www.inthemoodfortea.se\/fr\/jasmine-silver-tips\/","title":{"rendered":"Jasmine Silver Tips"},"content":{"rendered":"<p>Jasmine Silver Tips est un th\u00e9 vert qui associe la saveur d\u00e9licate et l\u00e9g\u00e8rement herbac\u00e9e du th\u00e9 au parfum subtil et sucr\u00e9 des fleurs de jasmin. Ce m\u00e9lange d\u00e9licat est le fruit d'un processus minutieux au cours duquel les bourgeons et les feuilles argent\u00e9s et plumeux sont laiss\u00e9s au repos avec des fleurs de jasmin fra\u00eeches. En r\u00e9p\u00e9tant ce processus plusieurs fois, \u00e0 chaque fois avec un nouveau lot de fleurs fra\u00eechement cueillies, le th\u00e9 est satur\u00e9 d'un riche ar\u00f4me naturel de jasmin qui p\u00e9n\u00e8tre profond\u00e9ment dans les feuilles. Cette m\u00e9thode garantit que chaque tasse est remplie du parfum authentique et s\u00e9duisant du jasmin, sans pour autant l'\u00e9craser.<br \/>\nLa saveur du Jasmine Silver Tips est \u00e0 la fois d\u00e9licate et \u00e9l\u00e9gante, la fra\u00eecheur naturelle et la l\u00e9g\u00e8ret\u00e9 verte du th\u00e9 \u00e9tant compl\u00e9t\u00e9es par un ar\u00f4me floral doux et clair. L'arri\u00e8re-go\u00fbt est long et agr\u00e9able, permettant aux d\u00e9licieux ar\u00f4mes de jasmin d'\u00eatre conserv\u00e9s pendant plusieurs infusions, ce qui permet de profiter de la m\u00eame exp\u00e9rience gustative d\u00e9licieuse \u00e0 plusieurs reprises. C'est donc un excellent choix pour ceux qui recherchent un th\u00e9 \u00e0 la fois aromatique et rafra\u00eechissant, mais pas trop lourd.<br \/>\n    <style>\n        @keyframes teaSpinIn {\n            0% { opacity: 0; transform: translateY(30px) rotateX(-20deg) rotateY(10deg); }\n            100% { opacity: 1; transform: translateY(0) rotateX(0) rotateY(0); }\n        }\n        .tea-info-wrapper { \n            display: flex; flex-wrap: wrap; align-items: flex-start; margin: 50px auto 30px auto; \n            max-width: 450px; font-family: ct_font_contax-regular, sans-serif;\n            perspective: 1200px;\n        }\n        .tea-params-column { \n            flex: 1; min-width: 280px; padding: 0 25px 0 0; box-sizing: border-box; \n            animation: teaSpinIn 0.8s cubic-bezier(0.2, 0.8, 0.2, 1) forwards;\n        }\n        .tea-chart-column { \n            flex: 0 0 350px; max-width: 350px; padding: 0; box-sizing: border-box; \n            margin-top: -40px; margin-left: 20px; \n            animation: teaSpinIn 1s cubic-bezier(0.2, 0.8, 0.2, 1) 0.2s forwards; opacity: 0;\n        }\n        .tea-top-divider { width: 100%; height: 1px; background-color: #eeeeee; margin-bottom: 25px; }\n        .tea-divider { width: 1px; align-self: stretch; background-color: #eeeeee; margin: 0 0 20px 0; flex-shrink: 0; }\n        .brewing-row { display: flex; justify-content: space-between; align-items: center; padding: 12px 0; border-bottom: 1px solid #eeeeee; }\n        .brewing-label { color: #333333; font-weight: 500; display: flex; align-items: center; font-size: 0.92em; }\n        .brewing-value { font-weight: normal; color: #000000; font-size: 0.92em; text-align: right; margin-left: 15px; text-transform: none !important; }\n        .infusion-text-box { margin-top: 20px; background-color: #f9f9f9; padding: 22px 0; border-radius: 4px; width: 100%; }\n        .dropcap-wrapper { padding: 0; line-height: 1.6; }\n        .dropcap { float: left; font-size: 3.2em; line-height: 0.8; margin-right: 12px; color: #333; font-family: 'Cinzel Decorative', Georgia, serif; }\n        @media (max-width: 768px) { \n            .tea-info-wrapper { flex-direction: column; align-items: center; max-width: 100%; margin-top: 30px; } \n            .tea-params-column { width: 100%; padding: 0; order: 1; animation-delay: 0s; } \n            .tea-divider { display: none; } \n            .tea-chart-column { width: 100%; max-width: 320px; padding: 30px 0 0 0; order: 3; margin: 0 auto; animation-delay: 0.1s; } \n        }\n    <\/style>\n\n    <div class=\"tea-info-wrapper\">\n        <div class=\"tea-top-divider\"><\/div>\n        <div class=\"tea-params-column\">\n            <div class=\"brewing-method\">\n                                <div class=\"brewing-row\">\n                    <span class=\"brewing-label\">\n                        <img decoding=\"async\" src=\"\/wp-content\/uploads\/2026\/02\/leaf-solid-full.svg\" width=\"19\" height=\"19\" style=\"margin-right: 10px;\" alt=\"\" title=\"\">\n                        Dosage \/ 250 ml                    <\/span>\n                    <span class=\"brewing-value\">2,5-3 g<\/span>\n                <\/div>\n                                                <div class=\"brewing-row\">\n                    <span class=\"brewing-label\">\n                        <img decoding=\"async\" src=\"\/wp-content\/uploads\/2026\/02\/temperature-low-solid-full.svg\" width=\"19\" height=\"19\" style=\"margin-right: 10px;\" alt=\"\" title=\"\">\n                        temp\u00e9rature                    <\/span>\n                    <span class=\"brewing-value\">70-80\u00b0C<\/span>\n                <\/div>\n                                                <div class=\"brewing-row\">\n                    <span class=\"brewing-label\">\n                        <img decoding=\"async\" src=\"\/wp-content\/uploads\/2026\/02\/bell-solid-full.svg\" width=\"19\" height=\"19\" style=\"margin-right: 10px;\" alt=\"\" title=\"\">\n                        Perfusion                    <\/span>\n                    <span class=\"brewing-value\">2-3 minutes<\/span>\n                <\/div>\n                                            <\/div>\n\n                    <\/div>\n\n            <\/div>\n    <\/p>","protected":false},"excerpt":{"rendered":"<p>Jasmine Silver Tips \u00e4r ett gr\u00f6nt te som f\u00f6renar det fina, l\u00e4tt gr\u00e4siga teet med den subtila, ljuvliga doften av jasminblommor. Denna delikata blandning skapas genom en noggrann process d\u00e4r de silvriga, fjuniga knopparna och bladen f\u00e5r vila tillsammans med f\u00e4rska jasminblommor. Genom att upprepa denna process flera g\u00e5nger, varje g\u00e5ng med en ny omg\u00e5ng [&hellip;]<\/p>\n","protected":false},"featured_media":5303,"template":"","meta":[],"product_brand":[],"product_cat":[138,143,153,135],"product_tag":[],"class_list":{"0":"post-5301","1":"product","2":"type-product","3":"status-publish","4":"has-post-thumbnail","6":"product_cat-gront-te","7":"product_cat-jasminte","8":"product_cat-kinesiskt-te","9":"product_cat-smaksatt-te","10":"_wholesalex wsx-wholesalex-product","12":"first","13":"outofstock","14":"taxable","15":"shipping-taxable","16":"purchasable","17":"product-type-variable"},"_links":{"self":[{"href":"https:\/\/www.inthemoodfortea.se\/fr\/wp-json\/wp\/v2\/product\/5301","targetHints":{"allow":["GET"]}}],"collection":[{"href":"https:\/\/www.inthemoodfortea.se\/fr\/wp-json\/wp\/v2\/product"}],"about":[{"href":"https:\/\/www.inthemoodfortea.se\/fr\/wp-json\/wp\/v2\/types\/product"}],"wp:featuredmedia":[{"embeddable":true,"href":"https:\/\/www.inthemoodfortea.se\/fr\/wp-json\/wp\/v2\/media\/5303"}],"wp:attachment":[{"href":"https:\/\/www.inthemoodfortea.se\/fr\/wp-json\/wp\/v2\/media?parent=5301"}],"wp:term":[{"taxonomy":"product_brand","embeddable":true,"href":"https:\/\/www.inthemoodfortea.se\/fr\/wp-json\/wp\/v2\/product_brand?post=5301"},{"taxonomy":"product_cat","embeddable":true,"href":"https:\/\/www.inthemoodfortea.se\/fr\/wp-json\/wp\/v2\/product_cat?post=5301"},{"taxonomy":"product_tag","embeddable":true,"href":"https:\/\/www.inthemoodfortea.se\/fr\/wp-json\/wp\/v2\/product_tag?post=5301"}],"curies":[{"name":"wp","href":"https:\/\/api.w.org\/{rel}","templated":true}]}}