{"id":5320,"date":"2018-03-13T15:44:03","date_gmt":"2018-03-13T15:44:03","guid":{"rendered":"https:\/\/itmft.flywheelsites.com\/?post_type=product&#038;p=5320"},"modified":"2026-04-17T04:42:28","modified_gmt":"2026-04-17T04:42:28","slug":"kabusecha-yabukita","status":"publish","type":"product","link":"https:\/\/www.inthemoodfortea.se\/fr\/kabusecha-yabukita\/","title":{"rendered":"Kabusecha Yabukita"},"content":{"rendered":"<p><em>Kabusecha Yabukita<\/em> \u00e4r en typ av sencha, men det skiljer sig fr\u00e5n andra sencha-teer genom den unika metoden d\u00e4r tebuskarna skuggas under en kort period innan sk\u00f6rd \u2013 i det h\u00e4r fallet i tio dagar. Denna skuggning ger teet en s\u00e4rskild smakprofil och g\u00f6r att det klassificeras som <em>kabusecha<\/em>, vilket betyder &#8220;skuggodlat sencha&#8221; p\u00e5 japanska. Skuggningen innan sk\u00f6rd \u00f6kar m\u00e4ngden klorofyll i bladen, vilket resulterar i en gr\u00f6nare f\u00e4rg och en rikare, mer umami-laddad smak.<br \/>\nTeet odlas i det bergiga Kirishima-omr\u00e5det p\u00e5 Kyushu, och det som g\u00f6r detta te extra speciellt \u00e4r att det best\u00e5r av den f\u00f6rsta plockningen av bladen under v\u00e5ren \u2013 n\u00e4r teet \u00e4r som mest n\u00e4ringsrikt och fullt av smak. De fina, unga bladen hanteras med st\u00f6rsta omsorg f\u00f6r att bevara den h\u00f6ga kvaliteten. Efter sk\u00f6rd behandlas bladen varsamt och \u00e5ngas i en medelgrad, vilket kallas <em>chumushi<\/em> (medel\u00e5ngat). Denna process ger teet en ren och klar smak, utan att f\u00f6rlora den naturliga friskheten.<br \/>\n<em>Kabusecha Yabukita<\/em> har en mjuk och balanserad smak med en frisk gr\u00f6nska som \u00e4r b\u00e5de livlig och uppfriskande. Smaken \u00e4r f\u00f6rfinad med en l\u00e4tt n\u00f6tighet, och en subtil antydan till blommiga toner som ger ett elegant och harmoniskt intryck. Detta h\u00f6gkvalitativa sencha bjuder p\u00e5 en komplex men \u00e4nd\u00e5 l\u00e4ttdrucken smakupplevelse<br \/>\nDet ekologiska och h\u00e5llbara odlingss\u00e4ttet, i kombination med den noggrant utf\u00f6rda bearbetningen, g\u00f6r detta te till ett utm\u00e4rkt val f\u00f6r dem som s\u00f6ker en autentisk och h\u00f6gklassig japansk teupplevelse.<br \/>\nUrsprung: Uji, Japan, V\u00e5r 2025. <\/p>\n    \n    <style>\n        @media (max-width: 768px) {\n            .infusion-guide ul {\n                text-align: left !important;\n                margin-left: 20px !important;\n                padding-left: 0 !important;\n            }\n            \n            .infusion-guide li {\n                text-align: left !important;\n            }\n        }\n        \n        .dropcap-wrapper {\n            overflow: hidden;\n        }\n        \n        .dropcap {\n            float: left;\n            font-size: 3.0em;\n            line-height: 0.8;\n            margin-right: 6px;\n            font-weight: 400;\n            color: #333333;\n            font-family: 'Cinzel Decorative', Georgia, serif;\n        }\n        \n        \/* Mobil - \u00f6kad marginal till kanterna *\/\n        @media (max-width: 768px) {\n            .brewing-container {\n                max-width: calc(100% - 30px) !important; \/* \u00d6kad marginal *\/\n                margin-left: 15px !important;\n                margin-right: 15px !important;\n                padding: 12px !important;\n                width: calc(100% - 30px) !important;\n                border: 1px solid #cccccc; \/* Beh\u00e5ller ramen *\/\n            }\n            \n            .brewing-header {\n                margin-bottom: 8px;\n                padding-bottom: 4px;\n            }\n            \n            .brewing-title {\n                font-size: 20px;\n            }\n            \n            .brewing-measurement,\n            .brewing-temperature,\n            .brewing-time {\n                padding: 3px 0;\n            }\n            \n            .brewing-label img {\n                width: 16px;\n                height: 16px;\n                margin-right: 5px !important;\n            }\n            \n            .dropcap {\n                font-size: 3em;\n                margin-right: 3px;\n            }\n            \n            [style*=\"background-color: #f9f9f9\"] {\n                padding: 8px 10px !important;\n                margin-top: 8px !important;\n            }\n            \n            [style*=\"border-top: 1px solid #dddddd\"] {\n                margin-top: 12px !important;\n                padding-top: 6px !important;\n            }\n        }\n        \n        \/* Desktop - lite mindre marginal *\/\n        @media (min-width: 769px) {\n            .brewing-container {\n                padding: 14px 16px;\n            }\n            \n            [style*=\"background-color: #f9f9f9\"] {\n                padding: 12px !important;\n            }\n        }\n    <\/style>\n    \n    <div style=\"width: 100%; margin-top: 60px;\">\n        <div class=\"brewing-container\" style=\"margin-left: auto; margin-right: auto;\">\n            <div class=\"brewing-header\">\n                <h2 class=\"brewing-title\">Infusion<\/h2>\n            <\/div>\n            \n            <div class=\"brewing-method\">\n                                <div class=\"brewing-measurement\">\n                    <span class=\"brewing-label\">\n                        <img decoding=\"async\" src=\"https:\/\/www.inthemoodfortea.se\/wp-content\/uploads\/2026\/02\/leaf-solid-full.svg\" alt=\"Dosering\" width=\"20\" height=\"20\" style=\"margin-right: 8px; display: inline-block; vertical-align: middle;\" title=\"\">\n                        M\u00e4ngd \/ 250 ml                    <\/span>\n                    <span class=\"brewing-value\">2,5-3 g<\/span>\n                <\/div>\n                                \n                                <div class=\"brewing-temperature\">\n                    <span class=\"brewing-label\">\n                        <img decoding=\"async\" src=\"https:\/\/www.inthemoodfortea.se\/wp-content\/uploads\/2026\/02\/temperature-low-solid-full.svg\" alt=\"Temperatur\" width=\"20\" height=\"20\" style=\"margin-right: 8px; display: inline-block; vertical-align: middle;\" title=\"\">\n                        Temperatur                    <\/span>\n                    <span class=\"brewing-value\">65-70\u00b0C<\/span>\n                <\/div>\n                                \n                                <div class=\"brewing-time\">\n                    <span class=\"brewing-label\">\n                        <img decoding=\"async\" src=\"https:\/\/www.inthemoodfortea.se\/wp-content\/uploads\/2026\/02\/bell-solid-full.svg\" alt=\"Infusion 1\" width=\"20\" height=\"20\" style=\"margin-right: 8px; display: inline-block; vertical-align: middle;\" title=\"\">\n                        Infusion                    <\/span>\n                    <span class=\"brewing-value\">2-3 minuter<\/span>\n                <\/div>\n                            <\/div>\n            \n                        <div style=\"margin-top: 16px; padding-top: 10px; border-top: 1px solid #dddddd;\">\n                <div style=\"background-color: #f9f9f9; padding: 12px; border-radius: 6px;\">\n                    <div class=\"dropcap-wrapper\">\n                        <span class=\"dropcap\">K<\/span>\n                        <span style=\"line-height: 1.5; color: #444444; font-size: 0.95em;\">abusecha Yabukita l\u00e4mpar sig v\u00e4l f\u00f6r flera infusioner. Den andra bryggningen h\u00e5lls med f\u00f6rdel kort, d\u00e5 bladen redan har b\u00f6rjat \u00f6ppna sig och frig\u00f6ra sina aromer. De f\u00f6ljande infusionerna f\u00e5r d\u00e4remot g\u00e4rna vila n\u00e5got l\u00e4ngre, s\u00e5 att smakerna f\u00f6rdjupas och nyanserna tr\u00e4der fram. F\u00f6r m\u00e5nga teer r\u00e4cker tv\u00e5 till tre infusioner med ovan n\u00e4mnda parametrar, men vissa forts\u00e4tter att ge, kopp efter kopp.<\/span>\n                    <\/div>\n                <\/div>\n            <\/div>\n                    <\/div>\n    <\/div>\n    \n    <style>\n        .brewing-container {\n            max-width: 500px;\n            border: 1px solid #cccccc;\n            border-radius: 8px;\n            padding: 16px 18px;\n            font-family: ct_font_contax-regular, sans-serif;\n            background-color: transparent;\n            margin-bottom: 20px;\n        }\n        \n        .brewing-header {\n            margin-bottom: 12px;\n            padding-bottom: 6px;\n            border-bottom: 1px solid #dddddd;\n        }\n        \n        .brewing-title {\n            margin: 0;\n            font-size: 24px;\n            color: #333333;\n            text-align: center;\n            letter-spacing: 0.4px;\n            font-weight: 400;\n            line-height: 1.3;\n            word-wrap: break-word;\n        }\n        \n        .brewing-measurement,\n        .brewing-temperature,\n        .brewing-time {\n            display: flex;\n            justify-content: space-between;\n            align-items: center;\n            padding: 5px 0;\n            border-bottom: 1px solid #dddddd;\n        }\n        \n        .brewing-time:last-child {\n            border-bottom: none;\n        }\n        \n        .brewing-label {\n            color: #333333;\n            font-weight: 500;\n            display: flex;\n            align-items: center;\n        }\n        \n        .brewing-value {\n            font-weight: normal;\n            color: #000000;\n        }\n    <\/style>\n    \n    \n","protected":false},"excerpt":{"rendered":"<p>Kabusecha Yabukita \u00e4r en typ av sencha, men det skiljer sig fr\u00e5n andra sencha-teer genom den unika metoden d\u00e4r tebuskarna skuggas under en kort period innan sk\u00f6rd \u2013 i det h\u00e4r fallet i tio dagar. Denna skuggning ger teet en s\u00e4rskild smakprofil och g\u00f6r att det klassificeras som kabusecha, vilket betyder &#8220;skuggodlat sencha&#8221; p\u00e5 japanska. [&hellip;]<\/p>\n","protected":false},"featured_media":5322,"template":"","meta":[],"product_brand":[],"product_cat":[141,138,152],"product_tag":[],"class_list":{"0":"post-5320","1":"product","2":"type-product","3":"status-publish","4":"has-post-thumbnail","6":"product_cat-ekologiskt-te","7":"product_cat-gront-te","8":"product_cat-japanskt-te","9":"_wholesalex wsx-wholesalex-product","11":"first","12":"outofstock","13":"taxable","14":"shipping-taxable","15":"purchasable","16":"product-type-variable"},"_links":{"self":[{"href":"https:\/\/www.inthemoodfortea.se\/fr\/wp-json\/wp\/v2\/product\/5320","targetHints":{"allow":["GET"]}}],"collection":[{"href":"https:\/\/www.inthemoodfortea.se\/fr\/wp-json\/wp\/v2\/product"}],"about":[{"href":"https:\/\/www.inthemoodfortea.se\/fr\/wp-json\/wp\/v2\/types\/product"}],"wp:featuredmedia":[{"embeddable":true,"href":"https:\/\/www.inthemoodfortea.se\/fr\/wp-json\/wp\/v2\/media\/5322"}],"wp:attachment":[{"href":"https:\/\/www.inthemoodfortea.se\/fr\/wp-json\/wp\/v2\/media?parent=5320"}],"wp:term":[{"taxonomy":"product_brand","embeddable":true,"href":"https:\/\/www.inthemoodfortea.se\/fr\/wp-json\/wp\/v2\/product_brand?post=5320"},{"taxonomy":"product_cat","embeddable":true,"href":"https:\/\/www.inthemoodfortea.se\/fr\/wp-json\/wp\/v2\/product_cat?post=5320"},{"taxonomy":"product_tag","embeddable":true,"href":"https:\/\/www.inthemoodfortea.se\/fr\/wp-json\/wp\/v2\/product_tag?post=5320"}],"curies":[{"name":"wp","href":"https:\/\/api.w.org\/{rel}","templated":true}]}}