{"id":5325,"date":"2018-03-13T16:45:45","date_gmt":"2018-03-13T16:45:45","guid":{"rendered":"https:\/\/itmft.flywheelsites.com\/?post_type=product&#038;p=5325"},"modified":"2026-05-12T12:13:10","modified_gmt":"2026-05-12T12:13:10","slug":"keemun-gong-fu","status":"publish","type":"product","link":"https:\/\/www.inthemoodfortea.se\/fr\/keemun-gong-fu\/","title":{"rendered":"Keemun Gong Fu"},"content":{"rendered":"<p>Le Keemun est l'un des th\u00e9s noirs les plus r\u00e9put\u00e9s de Chine et du monde, appr\u00e9ci\u00e9 pour son profil de saveur \u00e9l\u00e9gant et son histoire profonde. Ce th\u00e9 noir biologique provient de la province d'Anhui, une r\u00e9gion o\u00f9 la culture du th\u00e9, en particulier du th\u00e9 vert, est une tradition longue et bien pr\u00e9serv\u00e9e. Le Keemun Gong Fu est cultiv\u00e9 \u00e0 Qimen, l'endroit o\u00f9 le th\u00e9 Keemun a \u00e9t\u00e9 cr\u00e9\u00e9 \u00e0 l'origine, et il est fabriqu\u00e9 de mani\u00e8re classique, avec une cueillette soigneusement s\u00e9lectionn\u00e9e d'un bourgeon et d'une ou deux feuilles. Les feuilles sont d'un brun chocolat fonc\u00e9 et ont un lustre fin, refl\u00e9tant le soin et l'expertise apport\u00e9s au processus de fabrication du th\u00e9.<br \/>\nAu fur et \u00e0 mesure que les feuilles sont brass\u00e9es, le Keemun d\u00e9veloppe une infusion aromatique et sophistiqu\u00e9e, caract\u00e9ris\u00e9e par des notes de chocolat noir, de bois noble et une subtile qualit\u00e9 florale. Ce profil aromatique, \u00e0 la fois complexe et harmonieux, est le r\u00e9sultat d'un processus de fabrication minutieux, o\u00f9 les ar\u00f4mes naturels des feuilles sont mis en valeur par une lente oxydation. La combinaison unique de notes chocolat\u00e9es et d'un ar\u00f4me floral subtil fait que le Keemun est souvent consid\u00e9r\u00e9 comme un th\u00e9 \u00e0 la saveur \u00e0 la fois profonde et raffin\u00e9e.<br \/>\nAutres noms : Qimen. Origine : Qimen, Anhui, Chine. Cultivar : Zhu Ye Zhong.<br \/>\n    <style>\n        @keyframes teaSpinIn {\n            0% { opacity: 0; transform: translateY(30px) rotateX(-20deg) rotateY(10deg); }\n            100% { opacity: 1; transform: translateY(0) rotateX(0) rotateY(0); }\n        }\n        .tea-info-wrapper { \n            display: flex; flex-wrap: wrap; align-items: flex-start; margin: 50px auto 30px auto; \n            max-width: 450px; font-family: ct_font_contax-regular, sans-serif;\n            perspective: 1200px;\n        }\n        .tea-params-column { \n            flex: 1; min-width: 280px; padding: 0 25px 0 0; box-sizing: border-box; \n            animation: teaSpinIn 0.8s cubic-bezier(0.2, 0.8, 0.2, 1) forwards;\n        }\n        .tea-chart-column { \n            flex: 0 0 350px; max-width: 350px; padding: 0; box-sizing: border-box; \n            margin-top: -40px; margin-left: 20px; \n            animation: teaSpinIn 1s cubic-bezier(0.2, 0.8, 0.2, 1) 0.2s forwards; opacity: 0;\n        }\n        .tea-top-divider { width: 100%; height: 1px; background-color: #eeeeee; margin-bottom: 25px; }\n        .tea-divider { width: 1px; align-self: stretch; background-color: #eeeeee; margin: 0 0 20px 0; flex-shrink: 0; }\n        .brewing-row { display: flex; justify-content: space-between; align-items: center; padding: 12px 0; border-bottom: 1px solid #eeeeee; }\n        .brewing-label { color: #333333; font-weight: 500; display: flex; align-items: center; font-size: 0.92em; }\n        .brewing-value { font-weight: normal; color: #000000; font-size: 0.92em; text-align: right; margin-left: 15px; text-transform: none !important; }\n        .infusion-text-box { margin-top: 20px; background-color: #f9f9f9; padding: 22px 0; border-radius: 4px; width: 100%; }\n        .dropcap-wrapper { padding: 0; line-height: 1.6; }\n        .dropcap { float: left; font-size: 3.2em; line-height: 0.8; margin-right: 12px; color: #333; font-family: 'Cinzel Decorative', Georgia, serif; }\n        @media (max-width: 768px) { \n            .tea-info-wrapper { flex-direction: column; align-items: center; max-width: 100%; margin-top: 30px; } \n            .tea-params-column { width: 100%; padding: 0; order: 1; animation-delay: 0s; } \n            .tea-divider { display: none; } \n            .tea-chart-column { width: 100%; max-width: 320px; padding: 30px 0 0 0; order: 3; margin: 0 auto; animation-delay: 0.1s; } \n        }\n    <\/style>\n\n    <div class=\"tea-info-wrapper\">\n        <div class=\"tea-top-divider\"><\/div>\n        <div class=\"tea-params-column\">\n            <div class=\"brewing-method\">\n                                <div class=\"brewing-row\">\n                    <span class=\"brewing-label\">\n                        <img decoding=\"async\" src=\"\/wp-content\/uploads\/2026\/02\/leaf-solid-full.svg\" width=\"19\" height=\"19\" style=\"margin-right: 10px;\" alt=\"\" title=\"\">\n                        Dosage \/ 250 ml                    <\/span>\n                    <span class=\"brewing-value\">2,5-3 g<\/span>\n                <\/div>\n                                                <div class=\"brewing-row\">\n                    <span class=\"brewing-label\">\n                        <img decoding=\"async\" src=\"\/wp-content\/uploads\/2026\/02\/temperature-low-solid-full.svg\" width=\"19\" height=\"19\" style=\"margin-right: 10px;\" alt=\"\" title=\"\">\n                        temp\u00e9rature                    <\/span>\n                    <span class=\"brewing-value\">90-95\u00b0C<\/span>\n                <\/div>\n                                                <div class=\"brewing-row\">\n                    <span class=\"brewing-label\">\n                        <img decoding=\"async\" src=\"\/wp-content\/uploads\/2026\/02\/bell-solid-full.svg\" width=\"19\" height=\"19\" style=\"margin-right: 10px;\" alt=\"\" title=\"\">\n                        Perfusion                    <\/span>\n                    <span class=\"brewing-value\">3-5 minutes<\/span>\n                <\/div>\n                                            <\/div>\n\n                        <div class=\"infusion-text-box\">\n                <div class=\"dropcap-wrapper\">\n                    <span class=\"dropcap\">K<\/span>\n                    <span style=\"color: #444444; font-size: 0.92em; display: block;\">\n                        L'eemun Gong Fu se pr\u00eate bien \u00e0 des infusions multiples. La deuxi\u00e8me infusion doit \u00eatre courte, car les feuilles ont d\u00e9j\u00e0 commenc\u00e9 \u00e0 s'ouvrir et \u00e0 lib\u00e9rer leurs ar\u00f4mes.                    <\/span>\n                <\/div>\n            <\/div>\n                    <\/div>\n\n            <\/div>\n    <\/p>","protected":false},"excerpt":{"rendered":"<p>Keemun \u00e4r ett av Kinas och v\u00e4rldens mest ansedda svarta teer, uppskattat f\u00f6r sin eleganta smakprofil och djupa historia. Detta ekologiska svarta te kommer fr\u00e5n provinsen Anhui, ett omr\u00e5de med en l\u00e5ng och v\u00e4lbevarad tradition av teodling, s\u00e4rskilt f\u00f6r gr\u00f6nt te. Keemun Gong Fu odlas i Qimen, den plats d\u00e4r Keemun-teet ursprungligen skapades, och det [&hellip;]<\/p>\n","protected":false},"featured_media":5327,"template":"","meta":[],"product_brand":[],"product_cat":[141,153,133,131],"product_tag":[],"class_list":{"0":"post-5325","1":"product","2":"type-product","3":"status-publish","4":"has-post-thumbnail","6":"product_cat-ekologiskt-te","7":"product_cat-kinesiskt-te","8":"product_cat-kombucha","9":"product_cat-svart-te","10":"_wholesalex wsx-wholesalex-product","12":"first","13":"instock","14":"taxable","15":"shipping-taxable","16":"purchasable","17":"product-type-variable"},"_links":{"self":[{"href":"https:\/\/www.inthemoodfortea.se\/fr\/wp-json\/wp\/v2\/product\/5325","targetHints":{"allow":["GET"]}}],"collection":[{"href":"https:\/\/www.inthemoodfortea.se\/fr\/wp-json\/wp\/v2\/product"}],"about":[{"href":"https:\/\/www.inthemoodfortea.se\/fr\/wp-json\/wp\/v2\/types\/product"}],"wp:featuredmedia":[{"embeddable":true,"href":"https:\/\/www.inthemoodfortea.se\/fr\/wp-json\/wp\/v2\/media\/5327"}],"wp:attachment":[{"href":"https:\/\/www.inthemoodfortea.se\/fr\/wp-json\/wp\/v2\/media?parent=5325"}],"wp:term":[{"taxonomy":"product_brand","embeddable":true,"href":"https:\/\/www.inthemoodfortea.se\/fr\/wp-json\/wp\/v2\/product_brand?post=5325"},{"taxonomy":"product_cat","embeddable":true,"href":"https:\/\/www.inthemoodfortea.se\/fr\/wp-json\/wp\/v2\/product_cat?post=5325"},{"taxonomy":"product_tag","embeddable":true,"href":"https:\/\/www.inthemoodfortea.se\/fr\/wp-json\/wp\/v2\/product_tag?post=5325"}],"curies":[{"name":"wp","href":"https:\/\/api.w.org\/{rel}","templated":true}]}}