{"id":5349,"date":"2018-03-13T17:10:00","date_gmt":"2018-03-13T17:10:00","guid":{"rendered":"https:\/\/itmft.flywheelsites.com\/?post_type=product&#038;p=5349"},"modified":"2026-05-09T17:02:10","modified_gmt":"2026-05-09T17:02:10","slug":"lychee-black-tea","status":"publish","type":"product","link":"https:\/\/www.inthemoodfortea.se\/fr\/lychee-black-tea\/","title":{"rendered":"Litchi noir"},"content":{"rendered":"<p>Notre Lychee Black est un th\u00e9 noir aromatis\u00e9 selon une m\u00e9thode traditionnelle chinoise, o\u00f9 les feuilles de th\u00e9 s\u00e9ch\u00e9es sont d\u00e9licatement m\u00e9lang\u00e9es \u00e0 du jus de litchi fra\u00eechement press\u00e9. Cette m\u00e9thode, qui impr\u00e8gne d\u00e9licatement les feuilles de la douceur et du parfum frais du fruit, est utilis\u00e9e depuis des si\u00e8cles pour cr\u00e9er un ar\u00f4me subtil et naturel sans ajouter d'ar\u00f4mes artificiels. Fruit appr\u00e9ci\u00e9 dans une grande partie de l'Asie, le litchi a une peau rouge et \u00e9pineuse et une chair blanche et juteuse. Il est originaire de Chine et y est cultiv\u00e9 depuis environ 2000 ans, ce qui t\u00e9moigne de l'importance historique et culturelle du fruit dans la r\u00e9gion.<br \/>\nLe Lychee Black offre une exp\u00e9rience de notes douces, fruit\u00e9es et tropicales, le caract\u00e8re du litchi \u00e9quilibrant le malt fonc\u00e9 et le profil de saveur riche du th\u00e9 noir. La saveur est bien \u00e9quilibr\u00e9e, avec un go\u00fbt sucr\u00e9 qui n'est pas dominant mais qui rehausse les saveurs naturelles du th\u00e9, et un arri\u00e8re-go\u00fbt qui offre \u00e0 la fois fra\u00eecheur et profondeur. L'association du th\u00e9 noir et du litchi cr\u00e9e une fusion de saveurs asiatiques traditionnelles et fait ressortir le caract\u00e8re exotique, l\u00e9g\u00e8rement floral et tropical du litchi.<br \/>\n    <style>\n        @keyframes teaSpinIn {\n            0% { opacity: 0; transform: translateY(30px) rotateX(-20deg) rotateY(10deg); }\n            100% { opacity: 1; transform: translateY(0) rotateX(0) rotateY(0); }\n        }\n        .tea-info-wrapper { \n            display: flex; flex-wrap: wrap; align-items: flex-start; margin: 50px auto 30px auto; \n            max-width: 450px; font-family: ct_font_contax-regular, sans-serif;\n            perspective: 1200px;\n        }\n        .tea-params-column { \n            flex: 1; min-width: 280px; padding: 0 25px 0 0; box-sizing: border-box; \n            animation: teaSpinIn 0.8s cubic-bezier(0.2, 0.8, 0.2, 1) forwards;\n        }\n        .tea-chart-column { \n            flex: 0 0 350px; max-width: 350px; padding: 0; box-sizing: border-box; \n            margin-top: -40px; margin-left: 20px; \n            animation: teaSpinIn 1s cubic-bezier(0.2, 0.8, 0.2, 1) 0.2s forwards; opacity: 0;\n        }\n        .tea-top-divider { width: 100%; height: 1px; background-color: #eeeeee; margin-bottom: 25px; }\n        .tea-divider { width: 1px; align-self: stretch; background-color: #eeeeee; margin: 0 0 20px 0; flex-shrink: 0; }\n        .brewing-row { display: flex; justify-content: space-between; align-items: center; padding: 12px 0; border-bottom: 1px solid #eeeeee; }\n        .brewing-label { color: #333333; font-weight: 500; display: flex; align-items: center; font-size: 0.92em; }\n        .brewing-value { font-weight: normal; color: #000000; font-size: 0.92em; text-align: right; margin-left: 15px; text-transform: none !important; }\n        .infusion-text-box { margin-top: 20px; background-color: #f9f9f9; padding: 22px 0; border-radius: 4px; width: 100%; }\n        .dropcap-wrapper { padding: 0; line-height: 1.6; }\n        .dropcap { float: left; font-size: 3.2em; line-height: 0.8; margin-right: 12px; color: #333; font-family: 'Cinzel Decorative', Georgia, serif; }\n        @media (max-width: 768px) { \n            .tea-info-wrapper { flex-direction: column; align-items: center; max-width: 100%; margin-top: 30px; } \n            .tea-params-column { width: 100%; padding: 0; order: 1; animation-delay: 0s; } \n            .tea-divider { display: none; } \n            .tea-chart-column { width: 100%; max-width: 320px; padding: 30px 0 0 0; order: 3; margin: 0 auto; animation-delay: 0.1s; } \n        }\n    <\/style>\n\n    <div class=\"tea-info-wrapper\">\n        <div class=\"tea-top-divider\"><\/div>\n        <div class=\"tea-params-column\">\n            <div class=\"brewing-method\">\n                                <div class=\"brewing-row\">\n                    <span class=\"brewing-label\">\n                        <img decoding=\"async\" src=\"\/wp-content\/uploads\/2026\/02\/leaf-solid-full.svg\" width=\"19\" height=\"19\" style=\"margin-right: 10px;\" alt=\"\" title=\"\">\n                        Dosage \/ 250 ml                    <\/span>\n                    <span class=\"brewing-value\">2,5-3 g<\/span>\n                <\/div>\n                                                <div class=\"brewing-row\">\n                    <span class=\"brewing-label\">\n                        <img decoding=\"async\" src=\"\/wp-content\/uploads\/2026\/02\/temperature-low-solid-full.svg\" width=\"19\" height=\"19\" style=\"margin-right: 10px;\" alt=\"\" title=\"\">\n                        temp\u00e9rature                    <\/span>\n                    <span class=\"brewing-value\">90-95\u00b0C<\/span>\n                <\/div>\n                                                <div class=\"brewing-row\">\n                    <span class=\"brewing-label\">\n                        <img decoding=\"async\" src=\"\/wp-content\/uploads\/2026\/02\/bell-solid-full.svg\" width=\"19\" height=\"19\" style=\"margin-right: 10px;\" alt=\"\" title=\"\">\n                        Perfusion                    <\/span>\n                    <span class=\"brewing-value\">3-5 minutes<\/span>\n                <\/div>\n                                            <\/div>\n\n                    <\/div>\n\n            <\/div>\n    <\/p>","protected":false},"excerpt":{"rendered":"<p>V\u00e5rt Lychee Black \u00e4r ett svart te som doftsatts enligt en traditionell kinesisk metod, d\u00e4r de torkade tebladen f\u00f6rsiktigt blandas med f\u00e4rskpressad juice fr\u00e5n lychee. Denna metod, som varsamt infuserar bladen med fruktens s\u00f6tma och friska doft, har anv\u00e4nts i \u00e5rhundraden f\u00f6r att skapa en subtil och naturlig arom utan att tills\u00e4tta artificiella smak\u00e4mnen. Lychee, [&hellip;]<\/p>\n","protected":false},"featured_media":46495,"template":"","meta":[],"product_brand":[],"product_cat":[135,153,131],"product_tag":[],"class_list":{"0":"post-5349","1":"product","2":"type-product","3":"status-publish","4":"has-post-thumbnail","6":"product_cat-smaksatt-te","7":"product_cat-kinesiskt-te","8":"product_cat-svart-te","9":"_wholesalex wsx-wholesalex-product","11":"first","12":"instock","13":"taxable","14":"shipping-taxable","15":"purchasable","16":"product-type-variable"},"_links":{"self":[{"href":"https:\/\/www.inthemoodfortea.se\/fr\/wp-json\/wp\/v2\/product\/5349","targetHints":{"allow":["GET"]}}],"collection":[{"href":"https:\/\/www.inthemoodfortea.se\/fr\/wp-json\/wp\/v2\/product"}],"about":[{"href":"https:\/\/www.inthemoodfortea.se\/fr\/wp-json\/wp\/v2\/types\/product"}],"wp:featuredmedia":[{"embeddable":true,"href":"https:\/\/www.inthemoodfortea.se\/fr\/wp-json\/wp\/v2\/media\/46495"}],"wp:attachment":[{"href":"https:\/\/www.inthemoodfortea.se\/fr\/wp-json\/wp\/v2\/media?parent=5349"}],"wp:term":[{"taxonomy":"product_brand","embeddable":true,"href":"https:\/\/www.inthemoodfortea.se\/fr\/wp-json\/wp\/v2\/product_brand?post=5349"},{"taxonomy":"product_cat","embeddable":true,"href":"https:\/\/www.inthemoodfortea.se\/fr\/wp-json\/wp\/v2\/product_cat?post=5349"},{"taxonomy":"product_tag","embeddable":true,"href":"https:\/\/www.inthemoodfortea.se\/fr\/wp-json\/wp\/v2\/product_tag?post=5349"}],"curies":[{"name":"wp","href":"https:\/\/api.w.org\/{rel}","templated":true}]}}