{"id":5367,"date":"2018-03-14T07:09:36","date_gmt":"2018-03-14T07:09:36","guid":{"rendered":"https:\/\/itmft.flywheelsites.com\/?post_type=product&#038;p=5367"},"modified":"2026-04-01T20:34:35","modified_gmt":"2026-04-01T20:34:35","slug":"sencha-asanoka","status":"publish","type":"product","link":"https:\/\/www.inthemoodfortea.se\/fr\/sencha-asanoka\/","title":{"rendered":"Sencha Asanoka"},"content":{"rendered":"<p>Detta ekologiska gr\u00f6na te kommer fr\u00e5n Kirishima, en vacker region i s\u00f6dra Japan, som \u00e4r k\u00e4nd f\u00f6r sina rika jordar och det milda klimatet \u2013 perfekta f\u00f6r att odla h\u00f6gkvalitativt te. Teet \u00e4r en sencha, som \u00e4r en av de mest popul\u00e4ra tevarianterna i Japan. Precis som m\u00e5nga andra japanska teer \u00e5ngas det snabbt efter sk\u00f6rd f\u00f6r att bevara b\u00e5de f\u00e4rg och n\u00e4rings\u00e4mnen. Det h\u00e4r teet klassificeras som <em>chu-mushi<\/em>, vilket inneb\u00e4r att det \u00e4r medel-\u00e5ngat, en metod som ger en balanserad smakprofil mellan det l\u00e4ttare, mer vegetabiliska <em>asami-mushi<\/em> (l\u00e4tt \u00e5ngat) och det kraftigare, djupare <em>fukamushi<\/em> (djup-\u00e5ngat).<br \/>\nDe n\u00e5lformade bladen, som \u00e4r typiska f\u00f6r sencha, ger en klar och frisk infusion med en f\u00f6rtrollande smak av gr\u00f6nska. Smaken \u00e4r fyllig, men \u00e4nd\u00e5 mjuk och harmonisk, med subtila gr\u00e4siga toner och en s\u00f6taktig, n\u00e4stan blommig underton. Detta ger teet en rik, umamirik karakt\u00e4r som inte \u00e4r f\u00f6r p\u00e5tr\u00e4ngande, vilket g\u00f6r det b\u00e5de uppfriskande och behagligt att dricka under hela dagen. Eftersmaken \u00e4r l\u00e5ngvarig och l\u00e4tt s\u00f6t, vilket l\u00e4mnar en ren och fr\u00e4sch k\u00e4nsla i munnen.<br \/>\n    \n    <style>\n        @media (max-width: 768px) {\n            .infusion-guide ul {\n                text-align: left !important;\n                margin-left: 20px !important;\n                padding-left: 0 !important;\n            }\n            \n            .infusion-guide li {\n                text-align: left !important;\n            }\n        }\n        \n        .dropcap-wrapper {\n            overflow: hidden;\n        }\n        \n        .dropcap {\n            float: left;\n            font-size: 3.0em;\n            line-height: 0.8;\n            margin-right: 6px;\n            font-weight: 400;\n            color: #333333;\n            font-family: 'Cinzel Decorative', Georgia, serif;\n        }\n        \n        \/* Mobil - \u00f6kad marginal till kanterna *\/\n        @media (max-width: 768px) {\n            .brewing-container {\n                max-width: calc(100% - 30px) !important; \/* \u00d6kad marginal *\/\n                margin-left: 15px !important;\n                margin-right: 15px !important;\n                padding: 12px !important;\n                width: calc(100% - 30px) !important;\n                border: 1px solid #cccccc; \/* Beh\u00e5ller ramen *\/\n            }\n            \n            .brewing-header {\n                margin-bottom: 8px;\n                padding-bottom: 4px;\n            }\n            \n            .brewing-title {\n                font-size: 20px;\n            }\n            \n            .brewing-measurement,\n            .brewing-temperature,\n            .brewing-time {\n                padding: 3px 0;\n            }\n            \n            .brewing-label img {\n                width: 16px;\n                height: 16px;\n                margin-right: 5px !important;\n            }\n            \n            .dropcap {\n                font-size: 3em;\n                margin-right: 3px;\n            }\n            \n            [style*=\"background-color: #f9f9f9\"] {\n                padding: 8px 10px !important;\n                margin-top: 8px !important;\n            }\n            \n            [style*=\"border-top: 1px solid #dddddd\"] {\n                margin-top: 12px !important;\n                padding-top: 6px !important;\n            }\n        }\n        \n        \/* Desktop - lite mindre marginal *\/\n        @media (min-width: 769px) {\n            .brewing-container {\n                padding: 14px 16px;\n            }\n            \n            [style*=\"background-color: #f9f9f9\"] {\n                padding: 12px !important;\n            }\n        }\n    <\/style>\n    \n    <div style=\"width: 100%; margin-top: 60px;\">\n        <div class=\"brewing-container\" style=\"margin-left: auto; margin-right: auto;\">\n            <div class=\"brewing-header\">\n                <h2 class=\"brewing-title\">Infusion<\/h2>\n            <\/div>\n            \n            <div class=\"brewing-method\">\n                                <div class=\"brewing-measurement\">\n                    <span class=\"brewing-label\">\n                        <img decoding=\"async\" src=\"https:\/\/www.inthemoodfortea.se\/wp-content\/uploads\/2026\/02\/leaf-solid-full.svg\" alt=\"Dosering\" width=\"20\" height=\"20\" style=\"margin-right: 8px; display: inline-block; vertical-align: middle;\" title=\"\">\n                        M\u00e4ngd \/ 250 ml                    <\/span>\n                    <span class=\"brewing-value\">2,5-3 g<\/span>\n                <\/div>\n                                \n                                <div class=\"brewing-temperature\">\n                    <span class=\"brewing-label\">\n                        <img decoding=\"async\" src=\"https:\/\/www.inthemoodfortea.se\/wp-content\/uploads\/2026\/02\/temperature-low-solid-full.svg\" alt=\"Temperatur\" width=\"20\" height=\"20\" style=\"margin-right: 8px; display: inline-block; vertical-align: middle;\" title=\"\">\n                        Temperatur                    <\/span>\n                    <span class=\"brewing-value\">70-75\u00b0C<\/span>\n                <\/div>\n                                \n                                <div class=\"brewing-time\">\n                    <span class=\"brewing-label\">\n                        <img decoding=\"async\" src=\"https:\/\/www.inthemoodfortea.se\/wp-content\/uploads\/2026\/02\/bell-solid-full.svg\" alt=\"Infusion 1\" width=\"20\" height=\"20\" style=\"margin-right: 8px; display: inline-block; vertical-align: middle;\" title=\"\">\n                        Infusion                    <\/span>\n                    <span class=\"brewing-value\">2-3 minuter<\/span>\n                <\/div>\n                            <\/div>\n            \n                        <div style=\"margin-top: 16px; padding-top: 10px; border-top: 1px solid #dddddd;\">\n                <div style=\"background-color: #f9f9f9; padding: 12px; border-radius: 6px;\">\n                    <div class=\"dropcap-wrapper\">\n                        <span class=\"dropcap\">S<\/span>\n                        <span style=\"line-height: 1.5; color: #444444; font-size: 0.95em;\">encha Asanoka l\u00e4mpar sig v\u00e4l f\u00f6r flera infusioner. Den andra bryggningen h\u00e5lls med f\u00f6rdel kort, d\u00e5 bladen redan har b\u00f6rjat \u00f6ppna sig och frig\u00f6ra sina aromer. De f\u00f6ljande infusionerna f\u00e5r d\u00e4remot g\u00e4rna vila n\u00e5got l\u00e4ngre, s\u00e5 att smakerna f\u00f6rdjupas och nyanserna tr\u00e4der fram. F\u00f6r m\u00e5nga teer r\u00e4cker tv\u00e5 till tre infusioner med ovan n\u00e4mnda parametrar, men vissa forts\u00e4tter att ge, kopp efter kopp.<\/span>\n                    <\/div>\n                <\/div>\n            <\/div>\n                    <\/div>\n    <\/div>\n    \n    <style>\n        .brewing-container {\n            max-width: 500px;\n            border: 1px solid #cccccc;\n            border-radius: 8px;\n            padding: 16px 18px;\n            font-family: ct_font_contax-regular, sans-serif;\n            background-color: transparent;\n            margin-bottom: 20px;\n        }\n        \n        .brewing-header {\n            margin-bottom: 12px;\n            padding-bottom: 6px;\n            border-bottom: 1px solid #dddddd;\n        }\n        \n        .brewing-title {\n            margin: 0;\n            font-size: 24px;\n            color: #333333;\n            text-align: center;\n            letter-spacing: 0.4px;\n            font-weight: 400;\n            line-height: 1.3;\n            word-wrap: break-word;\n        }\n        \n        .brewing-measurement,\n        .brewing-temperature,\n        .brewing-time {\n            display: flex;\n            justify-content: space-between;\n            align-items: center;\n            padding: 5px 0;\n            border-bottom: 1px solid #dddddd;\n        }\n        \n        .brewing-time:last-child {\n            border-bottom: none;\n        }\n        \n        .brewing-label {\n            color: #333333;\n            font-weight: 500;\n            display: flex;\n            align-items: center;\n        }\n        \n        .brewing-value {\n            font-weight: normal;\n            color: #000000;\n        }\n    <\/style>\n    \n    <\/p>\n","protected":false},"excerpt":{"rendered":"<p>Detta ekologiska gr\u00f6na te kommer fr\u00e5n Kirishima, en vacker region i s\u00f6dra Japan, som \u00e4r k\u00e4nd f\u00f6r sina rika jordar och det milda klimatet \u2013 perfekta f\u00f6r att odla h\u00f6gkvalitativt te. Teet \u00e4r en sencha, som \u00e4r en av de mest popul\u00e4ra tevarianterna i Japan. Precis som m\u00e5nga andra japanska teer \u00e5ngas det snabbt efter [&hellip;]<\/p>\n","protected":false},"featured_media":5369,"template":"","meta":[],"product_brand":[],"product_cat":[141,138,152,133],"product_tag":[],"class_list":{"0":"post-5367","1":"product","2":"type-product","3":"status-publish","4":"has-post-thumbnail","6":"product_cat-ekologiskt-te","7":"product_cat-gront-te","8":"product_cat-japanskt-te","9":"product_cat-kombucha","10":"_wholesalex wsx-wholesalex-product","12":"first","13":"instock","14":"taxable","15":"shipping-taxable","16":"product-type-variable"},"_links":{"self":[{"href":"https:\/\/www.inthemoodfortea.se\/fr\/wp-json\/wp\/v2\/product\/5367","targetHints":{"allow":["GET"]}}],"collection":[{"href":"https:\/\/www.inthemoodfortea.se\/fr\/wp-json\/wp\/v2\/product"}],"about":[{"href":"https:\/\/www.inthemoodfortea.se\/fr\/wp-json\/wp\/v2\/types\/product"}],"wp:featuredmedia":[{"embeddable":true,"href":"https:\/\/www.inthemoodfortea.se\/fr\/wp-json\/wp\/v2\/media\/5369"}],"wp:attachment":[{"href":"https:\/\/www.inthemoodfortea.se\/fr\/wp-json\/wp\/v2\/media?parent=5367"}],"wp:term":[{"taxonomy":"product_brand","embeddable":true,"href":"https:\/\/www.inthemoodfortea.se\/fr\/wp-json\/wp\/v2\/product_brand?post=5367"},{"taxonomy":"product_cat","embeddable":true,"href":"https:\/\/www.inthemoodfortea.se\/fr\/wp-json\/wp\/v2\/product_cat?post=5367"},{"taxonomy":"product_tag","embeddable":true,"href":"https:\/\/www.inthemoodfortea.se\/fr\/wp-json\/wp\/v2\/product_tag?post=5367"}],"curies":[{"name":"wp","href":"https:\/\/api.w.org\/{rel}","templated":true}]}}