{"id":5414,"date":"2018-03-14T08:00:06","date_gmt":"2018-03-14T08:00:06","guid":{"rendered":"https:\/\/itmft.flywheelsites.com\/?post_type=product&#038;p=5414"},"modified":"2026-03-14T19:29:38","modified_gmt":"2026-03-14T19:29:38","slug":"ujeon","status":"publish","type":"product","link":"https:\/\/www.inthemoodfortea.se\/fr\/ujeon\/","title":{"rendered":"Ujeon 20g"},"content":{"rendered":"<p>Vi har valt att\u00a0 ta v\u00e5rt Ujeon fr\u00e5n en liten familjeg\u00e5rd i Hwagae i Hadong som \u00e4r det omr\u00e5de som tillverkar de mest traditionella teerna i Korea. G\u00e5rdens teer har vunnit det mycket prestigefyllda f\u00f6rstapriset i omr\u00e5dets tefestival och familjen har ett eget best\u00e5nd av semi-vilda buskar (lokalt ben\u00e4mns denna typ av te som yaseang-cha: vilt te). Deras teer \u00e4r handplockade och tillverkade helt f\u00f6r hand. I Korea delas teer in i fyra kategorier vilka motsvarar sk\u00f6rdeperioderna: ujeon, sejak, jungjak och daejak (daejak betecknar alla sk\u00f6rdar som sker efter jungjak-sk\u00f6rden och omfattar d\u00e4rf\u00f6r enklare kvaliteer). Dessa \u00e4r indelade efter m\u00e5nkalendern, vilken ocks\u00e5 ligger till grund f\u00f6r Kinas sk\u00f6rdeperioder. Ujeon betecknar allts\u00e5 den f\u00f6rsta plockningen p\u00e5 v\u00e5ren och sk\u00f6rdas f\u00f6re Gogu, som infaller den 20 april. Gogu \u00e4r detsamma som &#8220;Guyu&#8221; i Kina &#8211; b\u00e5da betyder &#8220;f\u00f6re regnen&#8221; och utg\u00f6r ett viktigt datum vad g\u00e4ller avgr\u00e4nsning av tesk\u00f6rdar. D\u00e5 Koreas klimat \u00e4r kallare \u00e4n Kinas \u00e4r denna f\u00f6rsta sk\u00f6rd senare i Korea \u00e4n i Kina.<br \/>\nKoreanskt te \u00e4r relativt ok\u00e4nt i v\u00e4st, och det som vanligast exporteras \u00e4r massproducerade teer av varierande kvalitet. Dessa teer \u00e4r oftast \u00e5ngade vilket beror till stor del p\u00e5 att \u00e5ngning \u00e4r l\u00e4tt att g\u00f6ra i stor skala. Kommersiellt tillverkade koreanska teer kan vara handplockade, men de \u00e4r i regel aldrig tillverkade f\u00f6r hand. Dessutom anv\u00e4nder man kommersiellt anpassade underarter.<br \/>\nSamtidigt finns i Korea teer som produceras sm\u00e5skaligt av sm\u00e5 familjeg\u00e5rdar. Dessa sm\u00e5 familjeodlingar \u00e5terfinns i Hadong, det omr\u00e5de d\u00e4r man f\u00f6rst b\u00f6rjade odla te i Korea. Teerna sk\u00f6rdas fr\u00e5n semi-vilda buskar och b\u00e5de plockning och tillverkning sker f\u00f6r hand varf\u00f6r dessa hantverksteer betingar mycket h\u00f6ga priser och endast en mycket liten andels s\u00e4ljs utanf\u00f6r Korea. Som exempel kan n\u00e4mnas att vi \u00e4r de f\u00f6rsta fr\u00e5n Europa som bes\u00f6kt denna prisvinnande g\u00e5rd. Teg\u00e5rden bedriver h\u00e5llbart jordbruk och anv\u00e4nder varken bek\u00e4mpningsmedel eller konstg\u00f6dsel.<br \/>\nUrsprung: Hwagae, Hadong, Sydkorea. Sk\u00f6rd: Ujeon 2025.<br \/>\n    \n    <style>\n        @media (max-width: 768px) {\n            .infusion-guide ul {\n                text-align: left !important;\n                margin-left: 20px !important;\n                padding-left: 0 !important;\n            }\n            \n            .infusion-guide li {\n                text-align: left !important;\n            }\n        }\n        \n        .dropcap-wrapper {\n            overflow: hidden;\n        }\n        \n        .dropcap {\n            float: left;\n            font-size: 3.0em;\n            line-height: 0.8;\n            margin-right: 6px;\n            font-weight: 400;\n            color: #333333;\n            font-family: 'Cinzel Decorative', Georgia, serif;\n        }\n        \n        \/* Mobil - \u00f6kad marginal till kanterna *\/\n        @media (max-width: 768px) {\n            .brewing-container {\n                max-width: calc(100% - 30px) !important; \/* \u00d6kad marginal *\/\n                margin-left: 15px !important;\n                margin-right: 15px !important;\n                padding: 12px !important;\n                width: calc(100% - 30px) !important;\n                border: 1px solid #cccccc; \/* Beh\u00e5ller ramen *\/\n            }\n            \n            .brewing-header {\n                margin-bottom: 8px;\n                padding-bottom: 4px;\n            }\n            \n            .brewing-title {\n                font-size: 20px;\n            }\n            \n            .brewing-measurement,\n            .brewing-temperature,\n            .brewing-time {\n                padding: 3px 0;\n            }\n            \n            .brewing-label img {\n                width: 16px;\n                height: 16px;\n                margin-right: 5px !important;\n            }\n            \n            .dropcap {\n                font-size: 3em;\n                margin-right: 3px;\n            }\n            \n            [style*=\"background-color: #f9f9f9\"] {\n                padding: 8px 10px !important;\n                margin-top: 8px !important;\n            }\n            \n            [style*=\"border-top: 1px solid #dddddd\"] {\n                margin-top: 12px !important;\n                padding-top: 6px !important;\n            }\n        }\n        \n        \/* Desktop - lite mindre marginal *\/\n        @media (min-width: 769px) {\n            .brewing-container {\n                padding: 14px 16px;\n            }\n            \n            [style*=\"background-color: #f9f9f9\"] {\n                padding: 12px !important;\n            }\n        }\n    <\/style>\n    \n    <div style=\"width: 100%; margin-top: 60px;\">\n        <div class=\"brewing-container\" style=\"margin-left: auto; margin-right: auto;\">\n            <div class=\"brewing-header\">\n                <h2 class=\"brewing-title\">Infusion<\/h2>\n            <\/div>\n            \n            <div class=\"brewing-method\">\n                                <div class=\"brewing-measurement\">\n                    <span class=\"brewing-label\">\n                        <img decoding=\"async\" src=\"https:\/\/www.inthemoodfortea.se\/wp-content\/uploads\/2026\/02\/leaf-solid-full.svg\" alt=\"Dosering\" width=\"20\" height=\"20\" style=\"margin-right: 8px; display: inline-block; vertical-align: middle;\" title=\"\">\n                        M\u00e4ngd \/ 250 ml                    <\/span>\n                    <span class=\"brewing-value\">2,5-3 g<\/span>\n                <\/div>\n                                \n                                <div class=\"brewing-temperature\">\n                    <span class=\"brewing-label\">\n                        <img decoding=\"async\" src=\"https:\/\/www.inthemoodfortea.se\/wp-content\/uploads\/2026\/02\/temperature-low-solid-full.svg\" alt=\"Temperatur\" width=\"20\" height=\"20\" style=\"margin-right: 8px; display: inline-block; vertical-align: middle;\" title=\"\">\n                        Temperatur                    <\/span>\n                    <span class=\"brewing-value\">70-80\u00b0C<\/span>\n                <\/div>\n                                \n                                <div class=\"brewing-time\">\n                    <span class=\"brewing-label\">\n                        <img decoding=\"async\" src=\"https:\/\/www.inthemoodfortea.se\/wp-content\/uploads\/2026\/02\/bell-solid-full.svg\" alt=\"Infusion 1\" width=\"20\" height=\"20\" style=\"margin-right: 8px; display: inline-block; vertical-align: middle;\" title=\"\">\n                        Infusion                    <\/span>\n                    <span class=\"brewing-value\">2-3 minuter<\/span>\n                <\/div>\n                            <\/div>\n            \n                        <div style=\"margin-top: 16px; padding-top: 10px; border-top: 1px solid #dddddd;\">\n                <div style=\"background-color: #f9f9f9; padding: 12px; border-radius: 6px;\">\n                    <div class=\"dropcap-wrapper\">\n                        <span class=\"dropcap\">U<\/span>\n                        <span style=\"line-height: 1.5; color: #444444; font-size: 0.95em;\">jeon 20g l\u00e4mpar sig v\u00e4l f\u00f6r flera infusioner. Den andra bryggningen h\u00e5lls med f\u00f6rdel kort, d\u00e5 bladen redan har b\u00f6rjat \u00f6ppna sig och frig\u00f6ra sina aromer. De f\u00f6ljande infusionerna f\u00e5r d\u00e4remot g\u00e4rna vila n\u00e5got l\u00e4ngre, s\u00e5 att smakerna f\u00f6rdjupas och nyanserna tr\u00e4der fram. F\u00f6r m\u00e5nga teer r\u00e4cker tv\u00e5 till tre infusioner med ovan n\u00e4mnda parametrar, men vissa forts\u00e4tter att ge, kopp efter kopp.<\/span>\n                    <\/div>\n                <\/div>\n            <\/div>\n                    <\/div>\n    <\/div>\n    \n    <style>\n        .brewing-container {\n            max-width: 500px;\n            border: 1px solid #cccccc;\n            border-radius: 8px;\n            padding: 16px 18px;\n            font-family: ct_font_contax-regular, sans-serif;\n            background-color: transparent;\n            margin-bottom: 20px;\n        }\n        \n        .brewing-header {\n            margin-bottom: 12px;\n            padding-bottom: 6px;\n            border-bottom: 1px solid #dddddd;\n        }\n        \n        .brewing-title {\n            margin: 0;\n            font-size: 24px;\n            color: #333333;\n            text-align: center;\n            letter-spacing: 0.4px;\n            font-weight: 400;\n            line-height: 1.3;\n            word-wrap: break-word;\n        }\n        \n        .brewing-measurement,\n        .brewing-temperature,\n        .brewing-time {\n            display: flex;\n            justify-content: space-between;\n            align-items: center;\n            padding: 5px 0;\n            border-bottom: 1px solid #dddddd;\n        }\n        \n        .brewing-time:last-child {\n            border-bottom: none;\n        }\n        \n        .brewing-label {\n            color: #333333;\n            font-weight: 500;\n            display: flex;\n            align-items: center;\n        }\n        \n        .brewing-value {\n            font-weight: normal;\n            color: #000000;\n        }\n    <\/style>\n    \n    <\/p>\n","protected":false},"excerpt":{"rendered":"<p>Vi har valt att\u00a0 ta v\u00e5rt Ujeon fr\u00e5n en liten familjeg\u00e5rd i Hwagae i Hadong som \u00e4r det omr\u00e5de som tillverkar de mest traditionella teerna i Korea. G\u00e5rdens teer har vunnit det mycket prestigefyllda f\u00f6rstapriset i omr\u00e5dets tefestival och familjen har ett eget best\u00e5nd av semi-vilda buskar (lokalt ben\u00e4mns denna typ av te som yaseang-cha: [&hellip;]<\/p>\n","protected":false},"featured_media":5416,"template":"","meta":[],"product_brand":[],"product_cat":[138,156],"product_tag":[],"class_list":{"0":"post-5414","1":"product","2":"type-product","3":"status-publish","4":"has-post-thumbnail","6":"product_cat-gront-te","7":"product_cat-sydkoreanskt-te","8":"_wholesalex wsx-wholesalex-product","10":"first","11":"outofstock","12":"featured","13":"taxable","14":"shipping-taxable","15":"purchasable","16":"product-type-simple"},"_links":{"self":[{"href":"https:\/\/www.inthemoodfortea.se\/fr\/wp-json\/wp\/v2\/product\/5414","targetHints":{"allow":["GET"]}}],"collection":[{"href":"https:\/\/www.inthemoodfortea.se\/fr\/wp-json\/wp\/v2\/product"}],"about":[{"href":"https:\/\/www.inthemoodfortea.se\/fr\/wp-json\/wp\/v2\/types\/product"}],"wp:featuredmedia":[{"embeddable":true,"href":"https:\/\/www.inthemoodfortea.se\/fr\/wp-json\/wp\/v2\/media\/5416"}],"wp:attachment":[{"href":"https:\/\/www.inthemoodfortea.se\/fr\/wp-json\/wp\/v2\/media?parent=5414"}],"wp:term":[{"taxonomy":"product_brand","embeddable":true,"href":"https:\/\/www.inthemoodfortea.se\/fr\/wp-json\/wp\/v2\/product_brand?post=5414"},{"taxonomy":"product_cat","embeddable":true,"href":"https:\/\/www.inthemoodfortea.se\/fr\/wp-json\/wp\/v2\/product_cat?post=5414"},{"taxonomy":"product_tag","embeddable":true,"href":"https:\/\/www.inthemoodfortea.se\/fr\/wp-json\/wp\/v2\/product_tag?post=5414"}],"curies":[{"name":"wp","href":"https:\/\/api.w.org\/{rel}","templated":true}]}}