{"id":5423,"date":"2018-03-14T08:15:59","date_gmt":"2018-03-14T08:15:59","guid":{"rendered":"https:\/\/itmft.flywheelsites.com\/?post_type=product&#038;p=5423"},"modified":"2026-04-01T04:31:15","modified_gmt":"2026-04-01T04:31:15","slug":"wild-rooibos","status":"publish","type":"product","link":"https:\/\/www.inthemoodfortea.se\/fr\/wild-rooibos\/","title":{"rendered":"Rooibos sauvage"},"content":{"rendered":"<p>Detta \u00e4r ett vildv\u00e4xande, ekologiskt rooibos fr\u00e5n Cederbergen i Sydafrika, norr om Kapstaden. Sk\u00f6rden sker f\u00f6r hand fr\u00e5n vildv\u00e4xande buskar, n\u00e5got som \u00e4r ovanligt idag n\u00e4r det mesta av den rooibos som s\u00e4ljs \u00e4r kommersiellt odlad. Kooperativet vi samarbetar med har b\u00e5de odlad och vild rooibos, och vi valde den vilda eftersom den uppvisar ett helt annat djup och l\u00e4ngd i smaken. Rooibos inneh\u00e5ller precis som te en ansenlig dos antioxidanter, men till skillnad fr\u00e5n te har det inget koffein \u00f6verhuvudtaget, n\u00e5got som g\u00f6r att det passar utm\u00e4rkt som kv\u00e4llste. Smaken \u00e4r rund och mjuk med varma toner av nypon, \u00e4pple och honung.<br \/>\nAndra namn: r\u00f6tt te, Redbush Tea. Ursprung: Cederbergen , Sydafrika<br \/>\n&nbsp;<br \/>\n    \n    <style>\n        @media (max-width: 768px) {\n            .infusion-guide ul {\n                text-align: left !important;\n                margin-left: 20px !important;\n                padding-left: 0 !important;\n            }\n            \n            .infusion-guide li {\n                text-align: left !important;\n            }\n        }\n        \n        .dropcap-wrapper {\n            overflow: hidden;\n        }\n        \n        .dropcap {\n            float: left;\n            font-size: 3.0em;\n            line-height: 0.8;\n            margin-right: 6px;\n            font-weight: 400;\n            color: #333333;\n            font-family: 'Cinzel Decorative', Georgia, serif;\n        }\n        \n        \/* Mobil - \u00f6kad marginal till kanterna *\/\n        @media (max-width: 768px) {\n            .brewing-container {\n                max-width: calc(100% - 30px) !important; \/* \u00d6kad marginal *\/\n                margin-left: 15px !important;\n                margin-right: 15px !important;\n                padding: 12px !important;\n                width: calc(100% - 30px) !important;\n                border: 1px solid #cccccc; \/* Beh\u00e5ller ramen *\/\n            }\n            \n            .brewing-header {\n                margin-bottom: 8px;\n                padding-bottom: 4px;\n            }\n            \n            .brewing-title {\n                font-size: 20px;\n            }\n            \n            .brewing-measurement,\n            .brewing-temperature,\n            .brewing-time {\n                padding: 3px 0;\n            }\n            \n            .brewing-label img {\n                width: 16px;\n                height: 16px;\n                margin-right: 5px !important;\n            }\n            \n            .dropcap {\n                font-size: 3em;\n                margin-right: 3px;\n            }\n            \n            [style*=\"background-color: #f9f9f9\"] {\n                padding: 8px 10px !important;\n                margin-top: 8px !important;\n            }\n            \n            [style*=\"border-top: 1px solid #dddddd\"] {\n                margin-top: 12px !important;\n                padding-top: 6px !important;\n            }\n        }\n        \n        \/* Desktop - lite mindre marginal *\/\n        @media (min-width: 769px) {\n            .brewing-container {\n                padding: 14px 16px;\n            }\n            \n            [style*=\"background-color: #f9f9f9\"] {\n                padding: 12px !important;\n            }\n        }\n    <\/style>\n    \n    <div style=\"width: 100%; margin-top: 60px;\">\n        <div class=\"brewing-container\" style=\"margin-left: auto; margin-right: auto;\">\n            <div class=\"brewing-header\">\n                <h2 class=\"brewing-title\">Infusion<\/h2>\n            <\/div>\n            \n            <div class=\"brewing-method\">\n                                <div class=\"brewing-measurement\">\n                    <span class=\"brewing-label\">\n                        <img decoding=\"async\" src=\"https:\/\/www.inthemoodfortea.se\/wp-content\/uploads\/2026\/02\/leaf-solid-full.svg\" alt=\"Dosering\" width=\"20\" height=\"20\" style=\"margin-right: 8px; display: inline-block; vertical-align: middle;\" title=\"\">\n                        M\u00e4ngd \/ 250 ml                    <\/span>\n                    <span class=\"brewing-value\">2,5-3 g<\/span>\n                <\/div>\n                                \n                                <div class=\"brewing-temperature\">\n                    <span class=\"brewing-label\">\n                        <img decoding=\"async\" src=\"https:\/\/www.inthemoodfortea.se\/wp-content\/uploads\/2026\/02\/temperature-low-solid-full.svg\" alt=\"Temperatur\" width=\"20\" height=\"20\" style=\"margin-right: 8px; display: inline-block; vertical-align: middle;\" title=\"\">\n                        Temperatur                    <\/span>\n                    <span class=\"brewing-value\">100\u00b0C<\/span>\n                <\/div>\n                                \n                                <div class=\"brewing-time\">\n                    <span class=\"brewing-label\">\n                        <img decoding=\"async\" src=\"https:\/\/www.inthemoodfortea.se\/wp-content\/uploads\/2026\/02\/bell-solid-full.svg\" alt=\"Infusion 1\" width=\"20\" height=\"20\" style=\"margin-right: 8px; display: inline-block; vertical-align: middle;\" title=\"\">\n                        Infusion                    <\/span>\n                    <span class=\"brewing-value\">3-5 minuter<\/span>\n                <\/div>\n                            <\/div>\n            \n                    <\/div>\n    <\/div>\n    \n    <style>\n        .brewing-container {\n            max-width: 500px;\n            border: 1px solid #cccccc;\n            border-radius: 8px;\n            padding: 16px 18px;\n            font-family: ct_font_contax-regular, sans-serif;\n            background-color: transparent;\n            margin-bottom: 20px;\n        }\n        \n        .brewing-header {\n            margin-bottom: 12px;\n            padding-bottom: 6px;\n            border-bottom: 1px solid #dddddd;\n        }\n        \n        .brewing-title {\n            margin: 0;\n            font-size: 24px;\n            color: #333333;\n            text-align: center;\n            letter-spacing: 0.4px;\n            font-weight: 400;\n            line-height: 1.3;\n            word-wrap: break-word;\n        }\n        \n        .brewing-measurement,\n        .brewing-temperature,\n        .brewing-time {\n            display: flex;\n            justify-content: space-between;\n            align-items: center;\n            padding: 5px 0;\n            border-bottom: 1px solid #dddddd;\n        }\n        \n        .brewing-time:last-child {\n            border-bottom: none;\n        }\n        \n        .brewing-label {\n            color: #333333;\n            font-weight: 500;\n            display: flex;\n            align-items: center;\n        }\n        \n        .brewing-value {\n            font-weight: normal;\n            color: #000000;\n        }\n    <\/style>\n    \n    <\/p>\n","protected":false},"excerpt":{"rendered":"<p>Detta \u00e4r ett vildv\u00e4xande, ekologiskt rooibos fr\u00e5n Cederbergen i Sydafrika, norr om Kapstaden. Sk\u00f6rden sker f\u00f6r hand fr\u00e5n vildv\u00e4xande buskar, n\u00e5got som \u00e4r ovanligt idag n\u00e4r det mesta av den rooibos som s\u00e4ljs \u00e4r kommersiellt odlad. Kooperativet vi samarbetar med har b\u00e5de odlad och vild rooibos, och vi valde den vilda eftersom den uppvisar ett [&hellip;]<\/p>\n","protected":false},"featured_media":5425,"template":"","meta":[],"product_brand":[],"product_cat":[141,142,139,155],"product_tag":[],"class_list":{"0":"post-5423","1":"product","2":"type-product","3":"status-publish","4":"has-post-thumbnail","6":"product_cat-ekologiskt-te","7":"product_cat-koffeinfritt-te","8":"product_cat-rooibos","9":"product_cat-rooibos-te-sydafrika","10":"_wholesalex wsx-wholesalex-product","12":"first","13":"instock","14":"taxable","15":"shipping-taxable","16":"product-type-variable"},"_links":{"self":[{"href":"https:\/\/www.inthemoodfortea.se\/fr\/wp-json\/wp\/v2\/product\/5423","targetHints":{"allow":["GET"]}}],"collection":[{"href":"https:\/\/www.inthemoodfortea.se\/fr\/wp-json\/wp\/v2\/product"}],"about":[{"href":"https:\/\/www.inthemoodfortea.se\/fr\/wp-json\/wp\/v2\/types\/product"}],"wp:featuredmedia":[{"embeddable":true,"href":"https:\/\/www.inthemoodfortea.se\/fr\/wp-json\/wp\/v2\/media\/5425"}],"wp:attachment":[{"href":"https:\/\/www.inthemoodfortea.se\/fr\/wp-json\/wp\/v2\/media?parent=5423"}],"wp:term":[{"taxonomy":"product_brand","embeddable":true,"href":"https:\/\/www.inthemoodfortea.se\/fr\/wp-json\/wp\/v2\/product_brand?post=5423"},{"taxonomy":"product_cat","embeddable":true,"href":"https:\/\/www.inthemoodfortea.se\/fr\/wp-json\/wp\/v2\/product_cat?post=5423"},{"taxonomy":"product_tag","embeddable":true,"href":"https:\/\/www.inthemoodfortea.se\/fr\/wp-json\/wp\/v2\/product_tag?post=5423"}],"curies":[{"name":"wp","href":"https:\/\/api.w.org\/{rel}","templated":true}]}}