{"id":5574,"date":"2019-02-22T22:15:26","date_gmt":"2019-02-22T22:15:26","guid":{"rendered":"https:\/\/itmft.flywheelsites.com\/?post_type=product&#038;p=5574"},"modified":"2026-03-14T19:29:24","modified_gmt":"2026-03-14T19:29:24","slug":"long-jing-reserve","status":"publish","type":"product","link":"https:\/\/www.inthemoodfortea.se\/fr\/long-jing-reserve\/","title":{"rendered":"R\u00e9serve de Long Jing"},"content":{"rendered":"<p>Ce Long Jing (Lung Ching) est un th\u00e9 vert de la pr\u00e9fecture de Hangzhou, dans le Zhejiang. Cueilli \u00e0 la main au d\u00e9but du printemps, ce th\u00e9 est d'un vert frais, avec des notes d'agrumes enivrantes et un doux go\u00fbt de noisette. Long Jing est le th\u00e9 vert le plus c\u00e9l\u00e8bre de Chine et l'un des meilleurs th\u00e9s verts au monde.<br \/>\nTeg\u00e5rden pratique une agriculture durable et n'utilise ni pesticides ni engrais artificiels.<br \/>\nAutres noms\u00a0: Puits du Dragon, Lung Ching. Origine\u00a0: Pr\u00e9fecture de Hangzhou, Zhejiang. R\u00e9colte\u00a0: Printemps 2025.<br \/>\n    <style>\n        .tea-section-header { width: 100%; margin-bottom: 15px; text-align: center; }\n        .tea-section-header h2 { font-family: 'Cinzel', serif; font-size: 1.3em; margin: 0; color: #333; text-transform: uppercase; letter-spacing: 2px; }\n        .tea-section-header::after { content: \"\"; display: block; width: 80%; height: 1px; background-color: #eeeeee; margin: 8px auto 0 auto; }\n        \n        .tea-info-wrapper { display: flex; flex-wrap: wrap; align-items: flex-start; margin: 0 auto 30px auto; max-width: 500px; font-family: ct_font_contax-regular, sans-serif; }\n        .tea-params-column { flex: 1; min-width: 300px; padding: 0 30px 20px 0; box-sizing: border-box; }\n        .tea-divider { width: 1px; align-self: stretch; background-color: #eeeeee; margin: 0 0 20px 0; flex-shrink: 0; }\n        \n        .tea-chart-column { \n            flex: 0 0 340px; \n            max-width: 340px; \n            padding: 0; \n            box-sizing: border-box; \n            margin-top: -25px; \n            margin-left: 25px; \n        }\n        \n        .brewing-measurement, .brewing-temperature, .brewing-time { display: flex; justify-content: space-between; align-items: center; padding: 12px 0; border-bottom: 1px solid #eeeeee; }\n        .brewing-label { color: #333333; font-weight: 500; display: flex; align-items: center; }\n        .brewing-value { font-weight: normal; color: #000000; }\n        .infusion-text-box { margin-top: 20px; background-color: #f9f9f9; padding: 20px 0; border-radius: 4px; }\n        .dropcap-wrapper { padding: 0 2px; line-height: 1.6; }\n        .dropcap { float: left; font-size: 3.0em; line-height: 0.8; margin-right: 10px; color: #333; font-family: 'Cinzel Decorative', Georgia, serif; }\n        \n        @media (max-width: 768px) { \n            .tea-info-wrapper { flex-direction: column; align-items: center; } \n            .tea-params-column { width: 100%; padding: 15px; order: 1; } \n            .tea-divider { display: none; } \/* Tar bort linjen helt i mobill\u00e4ge *\/\n            .tea-chart-column { \n                width: 100%; \n                max-width: 340px; \n                flex: 0 0 auto;\n                padding: 0; \n                order: 3; \n                margin: 0 auto; \/* Centrerar horisontellt *\/\n                display: flex;\n                justify-content: center;\n                align-items: center;\n            } \n            canvas { max-width: 100% !important; height: auto !important; margin: 0 auto; }\n        }\n    <\/style>\n    \n    <div class=\"tea-section-header\">\n        <h2>Bryggning<\/h2>\n    <\/div>\n\n    <div class=\"tea-info-wrapper\">\n        <div class=\"tea-params-column\">\n            <div class=\"brewing-method\">\n                                <div class=\"brewing-measurement\">\n                    <span class=\"brewing-label\">\n                        <img decoding=\"async\" src=\"https:\/\/www.inthemoodfortea.se\/wp-content\/uploads\/2026\/02\/leaf-solid-full.svg\" width=\"20\" height=\"20\" style=\"margin-right: 10px;\" alt=\"\" title=\"\">\n                        Quantit\u00e9 \/ 250 ml                    <\/span>\n                    <span class=\"brewing-value\">2,5-3 g<\/span>\n                <\/div>\n                                \n                                <div class=\"brewing-temperature\">\n                    <span class=\"brewing-label\">\n                        <img decoding=\"async\" src=\"https:\/\/www.inthemoodfortea.se\/wp-content\/uploads\/2026\/02\/temperature-low-solid-full.svg\" width=\"20\" height=\"20\" style=\"margin-right: 10px;\" alt=\"\" title=\"\">\n                        temp\u00e9rature                    <\/span>\n                    <span class=\"brewing-value\">70-80\u00b0C<\/span>\n                <\/div>\n                                \n                                <div class=\"brewing-time\">\n                    <span class=\"brewing-label\">\n                        <img decoding=\"async\" src=\"https:\/\/www.inthemoodfortea.se\/wp-content\/uploads\/2026\/02\/bell-solid-full.svg\" width=\"20\" height=\"20\" style=\"margin-right: 10px;\" alt=\"\" title=\"\">\n                        Temps de brassage                    <\/span>\n                    <span class=\"brewing-value\">2-3 minutes<\/span>\n                <\/div>\n                            <\/div>\n\n                        <div class=\"infusion-text-box\">\n                <div class=\"dropcap-wrapper\">\n                    <span class=\"dropcap\">L<\/span>\n                    <span style=\"color: #444444; font-size: 0.95em; display: block;\">\n                        ong Jing Reserve se pr\u00eate bien \u00e0 des infusions multiples. La deuxi\u00e8me infusion doit \u00eatre courte, car les feuilles ont d\u00e9j\u00e0 commenc\u00e9 \u00e0 s'ouvrir et \u00e0 lib\u00e9rer leurs ar\u00f4mes.                    <\/span>\n                <\/div>\n            <\/div>\n                    <\/div>\n\n            <\/div>\n    <\/p>","protected":false},"excerpt":{"rendered":"<p>Detta Long Jing (Lung Ching) \u00e4r ett gr\u00f6nt te fr\u00e5n prefekturen Hangzhou i Zhejiang. Teet, som handplockas under tidig v\u00e5r, har en frisk gr\u00f6nska med toner av upplyftande citrus och en mjuk n\u00f6tighet. Long Jing \u00e4r Kinas mest ber\u00f6mda gr\u00f6na te och ett av v\u00e4rldens fr\u00e4msta gr\u00f6na teer. Teg\u00e5rden bedriver h\u00e5llbart jordbruk och anv\u00e4nder varken [&hellip;]<\/p>\n","protected":false},"featured_media":14253,"template":"","meta":[],"product_brand":[],"product_cat":[138,153],"product_tag":[],"class_list":{"0":"post-5574","1":"product","2":"type-product","3":"status-publish","4":"has-post-thumbnail","6":"product_cat-gront-te","7":"product_cat-kinesiskt-te","8":"_wholesalex wsx-wholesalex-product","10":"first","11":"outofstock","12":"taxable","13":"shipping-taxable","14":"purchasable","15":"product-type-variable"},"_links":{"self":[{"href":"https:\/\/www.inthemoodfortea.se\/fr\/wp-json\/wp\/v2\/product\/5574","targetHints":{"allow":["GET"]}}],"collection":[{"href":"https:\/\/www.inthemoodfortea.se\/fr\/wp-json\/wp\/v2\/product"}],"about":[{"href":"https:\/\/www.inthemoodfortea.se\/fr\/wp-json\/wp\/v2\/types\/product"}],"wp:featuredmedia":[{"embeddable":true,"href":"https:\/\/www.inthemoodfortea.se\/fr\/wp-json\/wp\/v2\/media\/14253"}],"wp:attachment":[{"href":"https:\/\/www.inthemoodfortea.se\/fr\/wp-json\/wp\/v2\/media?parent=5574"}],"wp:term":[{"taxonomy":"product_brand","embeddable":true,"href":"https:\/\/www.inthemoodfortea.se\/fr\/wp-json\/wp\/v2\/product_brand?post=5574"},{"taxonomy":"product_cat","embeddable":true,"href":"https:\/\/www.inthemoodfortea.se\/fr\/wp-json\/wp\/v2\/product_cat?post=5574"},{"taxonomy":"product_tag","embeddable":true,"href":"https:\/\/www.inthemoodfortea.se\/fr\/wp-json\/wp\/v2\/product_tag?post=5574"}],"curies":[{"name":"wp","href":"https:\/\/api.w.org\/{rel}","templated":true}]}}